{"id":1914,"date":"2025-11-29T21:03:05","date_gmt":"2025-11-29T21:03:05","guid":{"rendered":"https:\/\/avmax.pl\/sklep\/?page_id=1914"},"modified":"2025-12-23T15:08:20","modified_gmt":"2025-12-23T15:08:20","slug":"kontakt","status":"publish","type":"page","link":"https:\/\/avmax.pl\/sklep\/kontakt\/","title":{"rendered":"Kontakt"},"content":{"rendered":"\t\t<div data-elementor-type=\"wp-page\" data-elementor-id=\"1914\" class=\"elementor elementor-1914\" data-elementor-post-type=\"page\">\n\t\t\t\t<div class=\"elementor-element elementor-element-59dd7b8 entry-hero-container-inner e-flex e-con-boxed e-con e-parent\" data-id=\"59dd7b8\" data-element_type=\"container\" data-e-type=\"container\" data-settings=\"{&quot;background_background&quot;:&quot;classic&quot;}\">\n\t\t\t\t\t<div class=\"e-con-inner\">\n\t\t\t\t<div class=\"elementor-element elementor-element-86d8bbb elementor-align-center elementor-widget elementor-widget-breadcrumbs\" data-id=\"86d8bbb\" data-element_type=\"widget\" data-e-type=\"widget\" data-widget_type=\"breadcrumbs.default\">\n\t\t\t\t\t<p id=\"breadcrumbs\"><span><span><a href=\"https:\/\/avmax.pl\/sklep\/\">Strona g\u0142\u00f3wna<\/a><\/span><\/span><\/p>\t\t\t\t<\/div>\n\t\t\t\t<div class=\"elementor-element elementor-element-61f4ad8 elementor-widget elementor-widget-heading\" data-id=\"61f4ad8\" data-element_type=\"widget\" data-e-type=\"widget\" data-widget_type=\"heading.default\">\n\t\t\t\t\t<h2 class=\"elementor-heading-title elementor-size-default\">Kontakt<\/h2>\t\t\t\t<\/div>\n\t\t\t\t\t<\/div>\n\t\t\t\t<\/div>\n\t\t<div class=\"elementor-element elementor-element-3774514 e-flex e-con-boxed e-con e-parent\" data-id=\"3774514\" data-element_type=\"container\" data-e-type=\"container\" data-settings=\"{&quot;background_background&quot;:&quot;classic&quot;}\">\n\t\t\t\t\t<div class=\"e-con-inner\">\n\t\t<div class=\"elementor-element elementor-element-21f8c7b e-con-full e-flex e-con e-child\" data-id=\"21f8c7b\" data-element_type=\"container\" data-e-type=\"container\" data-settings=\"{&quot;background_background&quot;:&quot;classic&quot;}\">\n\t\t\t\t<div class=\"elementor-element elementor-element-81ac032 elementor-widget elementor-widget-text-editor\" data-id=\"81ac032\" data-element_type=\"widget\" data-e-type=\"widget\" data-widget_type=\"text-editor.default\">\n\t\t\t\t\t\t\t\t\t<h2 data-start=\"229\" data-end=\"253\">Skontaktuj si\u0119 z nami<\/h2><p data-start=\"255\" data-end=\"489\">Masz pytania dotycz\u0105ce sprz\u0119tu, dost\u0119pno\u015bci produkt\u00f3w, wyceny dla szko\u0142y lub firmy albo realizacji wi\u0119kszego projektu audio-wideo?<br data-start=\"385\" data-end=\"388\" \/>Jeste\u015bmy do Twojej dyspozycji \u2013 ch\u0119tnie doradzimy w wyborze rozwi\u0105za\u0144 dopasowanych do Twoich potrzeb.<\/p>\t\t\t\t\t\t\t\t<\/div>\n\t\t\t\t<div class=\"elementor-element elementor-element-1e0f723 elementor-widget-divider--view-line elementor-widget elementor-widget-divider\" data-id=\"1e0f723\" data-element_type=\"widget\" data-e-type=\"widget\" data-widget_type=\"divider.default\">\n\t\t\t\t\t\t\t<div class=\"elementor-divider\">\n\t\t\t<span class=\"elementor-divider-separator\">\n\t\t\t\t\t\t<\/span>\n\t\t<\/div>\n\t\t\t\t\t\t<\/div>\n\t\t<div class=\"elementor-element elementor-element-0578a6b e-con-full e-flex e-con e-child\" data-id=\"0578a6b\" data-element_type=\"container\" data-e-type=\"container\">\n\t\t<div class=\"elementor-element elementor-element-98638e6 e-con-full e-flex e-con e-child\" data-id=\"98638e6\" data-element_type=\"container\" data-e-type=\"container\">\n\t\t\t\t<div class=\"elementor-element elementor-element-ad48faa elementor-widget elementor-widget-text-editor\" data-id=\"ad48faa\" data-element_type=\"widget\" data-e-type=\"widget\" data-widget_type=\"text-editor.default\">\n\t\t\t\t\t\t\t\t\t<h2 data-start=\"496\" data-end=\"514\">Dane kontaktowe<\/h2><p data-start=\"516\" data-end=\"584\"><strong data-start=\"516\" data-end=\"536\">AVMAX Sp. z o.o.<\/strong><br data-start=\"536\" data-end=\"539\" \/>ul. Brygady Po\u015bcigowej 1<br data-start=\"563\" data-end=\"566\" \/>05-124 Skrzeszew<\/p><p data-start=\"516\" data-end=\"584\">NIP: 5361968406<br \/>REGON: 524280821<br \/>KRS: 0001015716<\/p><p data-start=\"586\" data-end=\"722\"><strong data-start=\"586\" data-end=\"616\">E-mail (zapytania og\u00f3lne):<\/strong> <a class=\"decorated-link cursor-pointer\" rel=\"noopener\" data-start=\"617\" data-end=\"633\">kontakt@avmax.pl<\/a><br data-start=\"633\" data-end=\"636\" \/><strong data-start=\"636\" data-end=\"669\">E-mail (reklamacje i serwis):<\/strong> <a class=\"decorated-link cursor-pointer\" rel=\"noopener\" data-start=\"670\" data-end=\"689\">reklamacje@avmax.pl<\/a><br data-start=\"689\" data-end=\"692\" \/><strong data-start=\"692\" data-end=\"704\">Telefon:<\/strong> +48 512 478 039<\/p><p data-start=\"724\" data-end=\"807\"><strong data-start=\"724\" data-end=\"764\">Godziny pracy biura obs\u0142ugi klienta:<\/strong><br data-start=\"764\" data-end=\"767\" \/>poniedzia\u0142ek \u2013 pi\u0105tek: <strong data-start=\"790\" data-end=\"807\">10:00 \u2013 18:00<\/strong><\/p><p data-start=\"809\" data-end=\"1004\">W tych godzinach mo\u017cesz liczy\u0107 na najszybsz\u0105 odpowied\u017a telefoniczn\u0105 i mailow\u0105. Poza godzinami pracy mo\u017cesz zostawi\u0107 wiadomo\u015b\u0107 \u2013 odezwiemy si\u0119 najszybciej, jak to mo\u017cliwe w kolejnym dniu roboczym.<\/p>\t\t\t\t\t\t\t\t<\/div>\n\t\t\t\t<\/div>\n\t\t<div class=\"elementor-element elementor-element-f495f23 e-con-full e-flex e-con e-child\" data-id=\"f495f23\" data-element_type=\"container\" data-e-type=\"container\" data-settings=\"{&quot;background_background&quot;:&quot;classic&quot;}\">\n\t\t\t\t<div class=\"elementor-element elementor-element-e86c1df elementor-button-align-stretch elementor-widget elementor-widget-form\" data-id=\"e86c1df\" data-element_type=\"widget\" data-e-type=\"widget\" data-settings=\"{&quot;step_next_label&quot;:&quot;Nast\\u0119pny&quot;,&quot;step_previous_label&quot;:&quot;Poprzedni&quot;,&quot;button_width&quot;:&quot;100&quot;,&quot;step_type&quot;:&quot;number_text&quot;,&quot;step_icon_shape&quot;:&quot;circle&quot;}\" data-widget_type=\"form.default\">\n\t\t\t\t\t\t\t<form class=\"elementor-form\" method=\"post\" name=\"Nowy formularz\" aria-label=\"Nowy formularz\">\n\t\t\t<input type=\"hidden\" name=\"post_id\" value=\"1914\"\/>\n\t\t\t<input type=\"hidden\" name=\"form_id\" value=\"e86c1df\"\/>\n\t\t\t<input type=\"hidden\" name=\"referer_title\" value=\"Kontakt - AVMAX - Sklep\" \/>\n\n\t\t\t\t\t\t\t<input type=\"hidden\" name=\"queried_id\" value=\"1914\"\/>\n\t\t\t\n\t\t\t<div class=\"elementor-form-fields-wrapper elementor-labels-\">\n\t\t\t\t\t\t\t\t<div class=\"elementor-field-type-text elementor-field-group elementor-column elementor-field-group-name elementor-col-100 elementor-field-required\">\n\t\t\t\t\t\t\t\t\t\t\t\t<label for=\"form-field-name\" class=\"elementor-field-label elementor-screen-only\">\n\t\t\t\t\t\t\t\tImi\u0119 i Nazwisko \/ Firma\t\t\t\t\t\t\t<\/label>\n\t\t\t\t\t\t\t\t\t\t\t\t\t\t<input size=\"1\" type=\"text\" name=\"form_fields[name]\" id=\"form-field-name\" class=\"elementor-field elementor-size-md  elementor-field-textual\" placeholder=\"Imi\u0119 i Nazwisko \/ Firma (wymagany)\" required=\"required\">\n\t\t\t\t\t\t\t\t\t\t\t<\/div>\n\t\t\t\t\t\t\t\t<div class=\"elementor-field-type-email elementor-field-group elementor-column elementor-field-group-email elementor-col-100 elementor-field-required\">\n\t\t\t\t\t\t\t\t\t\t\t\t<label for=\"form-field-email\" class=\"elementor-field-label elementor-screen-only\">\n\t\t\t\t\t\t\t\tE-mail\t\t\t\t\t\t\t<\/label>\n\t\t\t\t\t\t\t\t\t\t\t\t\t\t<input size=\"1\" type=\"email\" name=\"form_fields[email]\" id=\"form-field-email\" class=\"elementor-field elementor-size-md  elementor-field-textual\" placeholder=\"E-mail (wymagany)\" required=\"required\">\n\t\t\t\t\t\t\t\t\t\t\t<\/div>\n\t\t\t\t\t\t\t\t<div class=\"elementor-field-type-tel elementor-field-group elementor-column elementor-field-group-telefon elementor-col-100\">\n\t\t\t\t\t\t\t\t\t\t\t\t<label for=\"form-field-telefon\" class=\"elementor-field-label elementor-screen-only\">\n\t\t\t\t\t\t\t\tTelefon\t\t\t\t\t\t\t<\/label>\n\t\t\t\t\t\t\t\t<input size=\"1\" type=\"tel\" name=\"form_fields[telefon]\" id=\"form-field-telefon\" class=\"elementor-field elementor-size-md  elementor-field-textual\" placeholder=\"Telefon\" pattern=\"[0-9()#&amp;+*-=.]+\" title=\"Akceptowane s\u0105 jedynie cyfry i znaki telefoniczne (#,-,*).\">\n\n\t\t\t\t\t\t<\/div>\n\t\t\t\t\t\t\t\t<div class=\"elementor-field-type-select elementor-field-group elementor-column elementor-field-group-temat elementor-col-100\">\n\t\t\t\t\t\t\t\t\t\t\t\t<label for=\"form-field-temat\" class=\"elementor-field-label elementor-screen-only\">\n\t\t\t\t\t\t\t\tTemat widomo\u015bci \t\t\t\t\t\t\t<\/label>\n\t\t\t\t\t\t\t\t<div class=\"elementor-field elementor-select-wrapper remove-before \">\n\t\t\t<div class=\"select-caret-down-wrapper\">\n\t\t\t\t<svg aria-hidden=\"true\" class=\"e-font-icon-svg e-eicon-caret-down\" viewBox=\"0 0 571.4 571.4\" xmlns=\"http:\/\/www.w3.org\/2000\/svg\"><path d=\"M571 393Q571 407 561 418L311 668Q300 679 286 679T261 668L11 418Q0 407 0 393T11 368 36 357H536Q550 357 561 368T571 393Z\"><\/path><\/svg>\t\t\t<\/div>\n\t\t\t<select name=\"form_fields[temat]\" id=\"form-field-temat\" class=\"elementor-field-textual elementor-size-md\">\n\t\t\t\t\t\t\t\t\t<option value=\"Reklamacja\">Reklamacja<\/option>\n\t\t\t\t\t\t\t\t\t<option value=\"Zapytanie ofertowe\">Zapytanie ofertowe<\/option>\n\t\t\t\t\t\t\t\t\t<option value=\"Instalacja \">Instalacja <\/option>\n\t\t\t\t\t\t\t\t\t<option value=\"Pomoc techniczna - sklep\">Pomoc techniczna - sklep<\/option>\n\t\t\t\t\t\t\t\t\t<option value=\"Inny temat\">Inny temat<\/option>\n\t\t\t\t\t\t\t<\/select>\n\t\t<\/div>\n\t\t\t\t\t\t<\/div>\n\t\t\t\t\t\t\t\t<div class=\"elementor-field-type-textarea elementor-field-group elementor-column elementor-field-group-wiadomosc elementor-col-100\">\n\t\t\t\t\t\t\t\t\t\t\t\t<label for=\"form-field-wiadomosc\" class=\"elementor-field-label elementor-screen-only\">\n\t\t\t\t\t\t\t\tWiadomo\u015b\u0107\t\t\t\t\t\t\t<\/label>\n\t\t\t\t\t\t<textarea class=\"elementor-field-textual elementor-field  elementor-size-md\" name=\"form_fields[wiadomosc]\" id=\"form-field-wiadomosc\" rows=\"4\" placeholder=\"Wiadomo\u015b\u0107\"><\/textarea>\t\t\t\t<\/div>\n\t\t\t\t\t\t\t\t<div class=\"elementor-field-group elementor-column elementor-field-type-submit elementor-col-100 e-form__buttons\">\n\t\t\t\t\t<button class=\"elementor-button elementor-size-sm\" type=\"submit\">\n\t\t\t\t\t\t<span class=\"elementor-button-content-wrapper\">\n\t\t\t\t\t\t\t\t\t\t\t\t\t\t\t\t\t\t\t\t\t\t<span class=\"elementor-button-text\">Wy\u015blij wiadomo\u015b\u0107<\/span>\n\t\t\t\t\t\t\t\t\t\t\t\t\t<\/span>\n\t\t\t\t\t<\/button>\n\t\t\t\t<\/div>\n\t\t\t<\/div>\n\t\t<\/form>\n\t\t\t\t\t\t<\/div>\n\t\t\t\t<\/div>\n\t\t\t\t<\/div>\n\t\t\t\t<div class=\"elementor-element elementor-element-098a5e6 elementor-widget-divider--view-line elementor-widget elementor-widget-divider\" data-id=\"098a5e6\" data-element_type=\"widget\" data-e-type=\"widget\" data-widget_type=\"divider.default\">\n\t\t\t\t\t\t\t<div class=\"elementor-divider\">\n\t\t\t<span class=\"elementor-divider-separator\">\n\t\t\t\t\t\t<\/span>\n\t\t<\/div>\n\t\t\t\t\t\t<\/div>\n\t\t\t\t<div class=\"elementor-element elementor-element-1fc111d elementor-widget elementor-widget-google_maps\" data-id=\"1fc111d\" data-element_type=\"widget\" data-e-type=\"widget\" data-widget_type=\"google_maps.default\">\n\t\t\t\t\t\t\t<div class=\"elementor-custom-embed\">\n\t\t\t<iframe loading=\"lazy\"\n\t\t\t\t\tsrc=\"https:\/\/maps.google.com\/maps?q=AVMAX%20Sp.%20z%20o.o.%20ul.%20Brygady%20Po%C5%9Bcigowej%201%2005-124%20Skrzeszew&#038;t=m&#038;z=10&#038;output=embed&#038;iwloc=near\"\n\t\t\t\t\ttitle=\"AVMAX Sp. z o.o. ul. Brygady Po\u015bcigowej 1 05-124 Skrzeszew\"\n\t\t\t\t\taria-label=\"AVMAX Sp. z o.o. ul. Brygady Po\u015bcigowej 1 05-124 Skrzeszew\"\n\t\t\t><\/iframe>\n\t\t<\/div>\n\t\t\t\t\t\t<\/div>\n\t\t\t\t<\/div>\n\t\t\t\t\t<\/div>\n\t\t\t\t<\/div>\n\t\t\t\t<\/div>\n\t\t","protected":false},"excerpt":{"rendered":"<p>Skontaktuj si\u0119 z nami Masz pytania dotycz\u0105ce sprz\u0119tu, dost\u0119pno\u015bci produkt\u00f3w, wyceny dla szko\u0142y lub firmy albo realizacji wi\u0119kszego projektu audio-wideo?Jeste\u015bmy do Twojej dyspozycji \u2013 ch\u0119tnie doradzimy w wyborze rozwi\u0105za\u0144 dopasowanych do Twoich potrzeb. Dane kontaktowe AVMAX Sp. z o.o.ul. Brygady Po\u015bcigowej 105-124 Skrzeszew NIP: 5361968406REGON: 524280821KRS: 0001015716 E-mail (zapytania og\u00f3lne): kontakt@avmax.plE-mail (reklamacje i serwis): reklamacje@avmax.plTelefon:&#8230;<\/p>\n","protected":false},"author":1,"featured_media":0,"parent":0,"menu_order":0,"comment_status":"closed","ping_status":"closed","template":"","meta":{"_bst_post_transparent":"","_bst_post_title":"hide","_bst_post_layout":"fullwidth","_bst_post_sidebar_id":"","_bst_post_content_style":"unboxed","_bst_post_vertical_padding":"hide","_bst_post_feature":"hide","_bst_post_feature_position":"","_bst_post_header":false,"_bst_post_footer":false,"footnotes":""},"class_list":["post-1914","page","type-page","status-publish","hentry"],"yoast_head":"<!-- This site is optimized with the Yoast SEO plugin v27.3 - https:\/\/yoast.com\/product\/yoast-seo-wordpress\/ -->\n<title>Kontakt - AVMAX - Sklep<\/title>\n<meta name=\"robots\" content=\"index, follow, max-snippet:-1, max-image-preview:large, max-video-preview:-1\" \/>\n<link rel=\"canonical\" href=\"https:\/\/avmax.pl\/sklep\/kontakt\/\" \/>\n<meta property=\"og:locale\" content=\"pl_PL\" \/>\n<meta property=\"og:type\" content=\"article\" \/>\n<meta property=\"og:title\" content=\"Kontakt - AVMAX - Sklep\" \/>\n<meta property=\"og:description\" content=\"Skontaktuj si\u0119 z nami Masz pytania dotycz\u0105ce sprz\u0119tu, dost\u0119pno\u015bci produkt\u00f3w, wyceny dla szko\u0142y lub firmy albo realizacji wi\u0119kszego projektu audio-wideo?Jeste\u015bmy do Twojej dyspozycji \u2013 ch\u0119tnie doradzimy w wyborze rozwi\u0105za\u0144 dopasowanych do Twoich potrzeb. Dane kontaktowe AVMAX Sp. z o.o.ul. Brygady Po\u015bcigowej 105-124 Skrzeszew NIP: 5361968406REGON: 524280821KRS: 0001015716 E-mail (zapytania og\u00f3lne): kontakt@avmax.plE-mail (reklamacje i serwis): reklamacje@avmax.plTelefon:...\" \/>\n<meta property=\"og:url\" content=\"https:\/\/avmax.pl\/sklep\/kontakt\/\" \/>\n<meta property=\"og:site_name\" content=\"AVMAX - Sklep\" \/>\n<meta property=\"article:modified_time\" content=\"2025-12-23T15:08:20+00:00\" \/>\n<meta name=\"twitter:card\" content=\"summary_large_image\" \/>\n<meta name=\"twitter:label1\" content=\"Szacowany czas czytania\" \/>\n\t<meta name=\"twitter:data1\" content=\"1 minuta\" \/>\n<script type=\"application\/ld+json\" class=\"yoast-schema-graph\">{\"@context\":\"https:\\\/\\\/schema.org\",\"@graph\":[{\"@type\":\"WebPage\",\"@id\":\"https:\\\/\\\/avmax.pl\\\/sklep\\\/kontakt\\\/\",\"url\":\"https:\\\/\\\/avmax.pl\\\/sklep\\\/kontakt\\\/\",\"name\":\"Kontakt - AVMAX - Sklep\",\"isPartOf\":{\"@id\":\"https:\\\/\\\/avmax.pl\\\/sklep\\\/#website\"},\"datePublished\":\"2025-11-29T21:03:05+00:00\",\"dateModified\":\"2025-12-23T15:08:20+00:00\",\"breadcrumb\":{\"@id\":\"https:\\\/\\\/avmax.pl\\\/sklep\\\/kontakt\\\/#breadcrumb\"},\"inLanguage\":\"pl-PL\",\"potentialAction\":[{\"@type\":\"ReadAction\",\"target\":[\"https:\\\/\\\/avmax.pl\\\/sklep\\\/kontakt\\\/\"]}]},{\"@type\":\"BreadcrumbList\",\"@id\":\"https:\\\/\\\/avmax.pl\\\/sklep\\\/kontakt\\\/#breadcrumb\",\"itemListElement\":[{\"@type\":\"ListItem\",\"position\":1,\"name\":\"Strona g\u0142\u00f3wna\",\"item\":\"https:\\\/\\\/avmax.pl\\\/sklep\\\/\"},{\"@type\":\"ListItem\",\"position\":2,\"name\":\"Kontakt\"}]},{\"@type\":\"WebSite\",\"@id\":\"https:\\\/\\\/avmax.pl\\\/sklep\\\/#website\",\"url\":\"https:\\\/\\\/avmax.pl\\\/sklep\\\/\",\"name\":\"AVMAX - Sklep\",\"description\":\"\",\"publisher\":{\"@id\":\"https:\\\/\\\/avmax.pl\\\/sklep\\\/#organization\"},\"potentialAction\":[{\"@type\":\"SearchAction\",\"target\":{\"@type\":\"EntryPoint\",\"urlTemplate\":\"https:\\\/\\\/avmax.pl\\\/sklep\\\/?s={search_term_string}\"},\"query-input\":{\"@type\":\"PropertyValueSpecification\",\"valueRequired\":true,\"valueName\":\"search_term_string\"}}],\"inLanguage\":\"pl-PL\"},{\"@type\":\"Organization\",\"@id\":\"https:\\\/\\\/avmax.pl\\\/sklep\\\/#organization\",\"name\":\"AVMAX - Sklep\",\"url\":\"https:\\\/\\\/avmax.pl\\\/sklep\\\/\",\"logo\":{\"@type\":\"ImageObject\",\"inLanguage\":\"pl-PL\",\"@id\":\"https:\\\/\\\/avmax.pl\\\/sklep\\\/#\\\/schema\\\/logo\\\/image\\\/\",\"url\":\"https:\\\/\\\/avmax.pl\\\/sklep\\\/wp-content\\\/uploads\\\/2025\\\/11\\\/cropped-logo-avmax-2-3.webp\",\"contentUrl\":\"https:\\\/\\\/avmax.pl\\\/sklep\\\/wp-content\\\/uploads\\\/2025\\\/11\\\/cropped-logo-avmax-2-3.webp\",\"width\":1500,\"height\":600,\"caption\":\"AVMAX - Sklep\"},\"image\":{\"@id\":\"https:\\\/\\\/avmax.pl\\\/sklep\\\/#\\\/schema\\\/logo\\\/image\\\/\"}}]}<\/script>\n<!-- \/ Yoast SEO plugin. -->","yoast_head_json":{"title":"Kontakt - AVMAX - Sklep","robots":{"index":"index","follow":"follow","max-snippet":"max-snippet:-1","max-image-preview":"max-image-preview:large","max-video-preview":"max-video-preview:-1"},"canonical":"https:\/\/avmax.pl\/sklep\/kontakt\/","og_locale":"pl_PL","og_type":"article","og_title":"Kontakt - AVMAX - Sklep","og_description":"Skontaktuj si\u0119 z nami Masz pytania dotycz\u0105ce sprz\u0119tu, dost\u0119pno\u015bci produkt\u00f3w, wyceny dla szko\u0142y lub firmy albo realizacji wi\u0119kszego projektu audio-wideo?Jeste\u015bmy do Twojej dyspozycji \u2013 ch\u0119tnie doradzimy w wyborze rozwi\u0105za\u0144 dopasowanych do Twoich potrzeb. Dane kontaktowe AVMAX Sp. z o.o.ul. Brygady Po\u015bcigowej 105-124 Skrzeszew NIP: 5361968406REGON: 524280821KRS: 0001015716 E-mail (zapytania og\u00f3lne): kontakt@avmax.plE-mail (reklamacje i serwis): reklamacje@avmax.plTelefon:...","og_url":"https:\/\/avmax.pl\/sklep\/kontakt\/","og_site_name":"AVMAX - Sklep","article_modified_time":"2025-12-23T15:08:20+00:00","twitter_card":"summary_large_image","twitter_misc":{"Szacowany czas czytania":"1 minuta"},"schema":{"@context":"https:\/\/schema.org","@graph":[{"@type":"WebPage","@id":"https:\/\/avmax.pl\/sklep\/kontakt\/","url":"https:\/\/avmax.pl\/sklep\/kontakt\/","name":"Kontakt - AVMAX - Sklep","isPartOf":{"@id":"https:\/\/avmax.pl\/sklep\/#website"},"datePublished":"2025-11-29T21:03:05+00:00","dateModified":"2025-12-23T15:08:20+00:00","breadcrumb":{"@id":"https:\/\/avmax.pl\/sklep\/kontakt\/#breadcrumb"},"inLanguage":"pl-PL","potentialAction":[{"@type":"ReadAction","target":["https:\/\/avmax.pl\/sklep\/kontakt\/"]}]},{"@type":"BreadcrumbList","@id":"https:\/\/avmax.pl\/sklep\/kontakt\/#breadcrumb","itemListElement":[{"@type":"ListItem","position":1,"name":"Strona g\u0142\u00f3wna","item":"https:\/\/avmax.pl\/sklep\/"},{"@type":"ListItem","position":2,"name":"Kontakt"}]},{"@type":"WebSite","@id":"https:\/\/avmax.pl\/sklep\/#website","url":"https:\/\/avmax.pl\/sklep\/","name":"AVMAX - Sklep","description":"","publisher":{"@id":"https:\/\/avmax.pl\/sklep\/#organization"},"potentialAction":[{"@type":"SearchAction","target":{"@type":"EntryPoint","urlTemplate":"https:\/\/avmax.pl\/sklep\/?s={search_term_string}"},"query-input":{"@type":"PropertyValueSpecification","valueRequired":true,"valueName":"search_term_string"}}],"inLanguage":"pl-PL"},{"@type":"Organization","@id":"https:\/\/avmax.pl\/sklep\/#organization","name":"AVMAX - Sklep","url":"https:\/\/avmax.pl\/sklep\/","logo":{"@type":"ImageObject","inLanguage":"pl-PL","@id":"https:\/\/avmax.pl\/sklep\/#\/schema\/logo\/image\/","url":"https:\/\/avmax.pl\/sklep\/wp-content\/uploads\/2025\/11\/cropped-logo-avmax-2-3.webp","contentUrl":"https:\/\/avmax.pl\/sklep\/wp-content\/uploads\/2025\/11\/cropped-logo-avmax-2-3.webp","width":1500,"height":600,"caption":"AVMAX - Sklep"},"image":{"@id":"https:\/\/avmax.pl\/sklep\/#\/schema\/logo\/image\/"}}]}},"_links":{"self":[{"href":"https:\/\/avmax.pl\/sklep\/wp-json\/wp\/v2\/pages\/1914","targetHints":{"allow":["GET"]}}],"collection":[{"href":"https:\/\/avmax.pl\/sklep\/wp-json\/wp\/v2\/pages"}],"about":[{"href":"https:\/\/avmax.pl\/sklep\/wp-json\/wp\/v2\/types\/page"}],"author":[{"embeddable":true,"href":"https:\/\/avmax.pl\/sklep\/wp-json\/wp\/v2\/users\/1"}],"replies":[{"embeddable":true,"href":"https:\/\/avmax.pl\/sklep\/wp-json\/wp\/v2\/comments?post=1914"}],"version-history":[{"count":37,"href":"https:\/\/avmax.pl\/sklep\/wp-json\/wp\/v2\/pages\/1914\/revisions"}],"predecessor-version":[{"id":3264,"href":"https:\/\/avmax.pl\/sklep\/wp-json\/wp\/v2\/pages\/1914\/revisions\/3264"}],"wp:attachment":[{"href":"https:\/\/avmax.pl\/sklep\/wp-json\/wp\/v2\/media?parent=1914"}],"curies":[{"name":"wp","href":"https:\/\/api.w.org\/{rel}","templated":true}]}}