{"id":3167,"date":"2025-12-22T17:44:24","date_gmt":"2025-12-22T17:44:24","guid":{"rendered":"https:\/\/avmax.pl\/sklep\/?page_id=3167"},"modified":"2025-12-22T19:12:03","modified_gmt":"2025-12-22T19:12:03","slug":"cookies-i-podobne-technologie","status":"publish","type":"page","link":"https:\/\/avmax.pl\/sklep\/cookies-i-podobne-technologie\/","title":{"rendered":"Cookies i podobne technologie"},"content":{"rendered":"\t\t<div data-elementor-type=\"wp-page\" data-elementor-id=\"3167\" class=\"elementor elementor-3167\" data-elementor-post-type=\"page\">\n\t\t\t\t<div class=\"elementor-element elementor-element-985d2a5 e-flex e-con-boxed e-con e-parent\" data-id=\"985d2a5\" data-element_type=\"container\" data-e-type=\"container\" data-settings=\"{&quot;background_background&quot;:&quot;classic&quot;}\">\n\t\t\t\t\t<div class=\"e-con-inner\">\n\t\t\t\t<div class=\"elementor-element elementor-element-10d7833 elementor-align-center elementor-widget elementor-widget-breadcrumbs\" data-id=\"10d7833\" data-element_type=\"widget\" data-e-type=\"widget\" data-widget_type=\"breadcrumbs.default\">\n\t\t\t\t\t<p id=\"breadcrumbs\"><span><span><a href=\"https:\/\/avmax.pl\/sklep\/\">Strona g\u0142\u00f3wna<\/a><\/span><\/span><\/p>\t\t\t\t<\/div>\n\t\t\t\t<div class=\"elementor-element elementor-element-6611888 elementor-widget elementor-widget-heading\" data-id=\"6611888\" data-element_type=\"widget\" data-e-type=\"widget\" data-widget_type=\"heading.default\">\n\t\t\t\t\t<h2 class=\"elementor-heading-title elementor-size-default\">Cookies i podobne technologie<\/h2>\t\t\t\t<\/div>\n\t\t\t\t\t<\/div>\n\t\t\t\t<\/div>\n\t\t<div class=\"elementor-element elementor-element-9f71b03 e-flex e-con-boxed e-con e-parent\" data-id=\"9f71b03\" data-element_type=\"container\" data-e-type=\"container\" data-settings=\"{&quot;background_background&quot;:&quot;classic&quot;}\">\n\t\t\t\t\t<div class=\"e-con-inner\">\n\t\t<div class=\"elementor-element elementor-element-c469441 e-con-full e-flex e-con e-child\" data-id=\"c469441\" data-element_type=\"container\" data-e-type=\"container\" data-settings=\"{&quot;background_background&quot;:&quot;classic&quot;}\">\n\t\t\t\t<div class=\"elementor-element elementor-element-409ade2 elementor-widget elementor-widget-text-editor\" data-id=\"409ade2\" data-element_type=\"widget\" data-e-type=\"widget\" data-widget_type=\"text-editor.default\">\n\t\t\t\t\t\t\t\t\t<ol><li><h6>Czym s\u0105 cookies?<\/h6><ol><li>Sklep korzysta z plik\u00f3w cookies (ciasteczek), czyli niewielkich informacji tekstowych zapisywanych na Twoim urz\u0105dzeniu (komputerze, telefonie, tablecie) przez przegl\u0105dark\u0119. Pliki te mog\u0105 by\u0107 p\u00f3\u017aniej odczytywane przez Sklep lub podmioty trzecie, z kt\u00f3rych us\u0142ug korzystamy (np. dostawcy narz\u0119dzi analitycznych).<\/li><li>Cookies nie s\u0142u\u017c\u0105 do identyfikowania u\u017cytkownika jako osoby fizycznej, jednak mog\u0105 stanowi\u0107 dane osobowe, je\u017celi powi\u0105\u017cemy je z innymi danymi.<\/li><\/ol><\/li><li><h6>Jakie rodzaje cookies stosujemy?<\/h6><p>W Sklepie mog\u0105 by\u0107 wykorzystywane nast\u0119puj\u0105ce kategorie plik\u00f3w cookies:<\/p><ol><li><strong>Niezb\u0119dne (techniczne)<br \/><\/strong>Umo\u017cliwiaj\u0105 prawid\u0142owe dzia\u0142anie Sklepu, w tym:<ul><li>utrzymanie sesji u\u017cytkownika (logowanie, koszyk, proces sk\u0142adania zam\u00f3wienia),<\/li><li>wy\u015bwietlanie tre\u015bci i nawigacj\u0119.<\/li><\/ul><\/li><li><strong>Funkcjonalne<br \/><\/strong>Pozwalaj\u0105 zapami\u0119ta\u0107 Twoje preferencje, np. wybrany j\u0119zyk, uk\u0142ad strony.<\/li><li><strong>Analityczne \/ statystyczne<br \/><\/strong>S\u0142u\u017c\u0105 do zbierania anonimowych informacji o sposobie korzystania ze Sklepu (np. ilu u\u017cytkownik\u00f3w odwiedza poszczeg\u00f3lne podstrony), co pomaga ulepsza\u0107 jego dzia\u0142anie. Je\u017celi do tego celu u\u017cyjemy narz\u0119dzi zewn\u0119trznych (np. system\u00f3w analitycznych), informacje o tym zostan\u0105 wskazane w zaktualizowanej wersji Polityki.<\/li><li><strong>Marketingowe<br \/><\/strong>Mog\u0105 s\u0142u\u017cy\u0107 do wy\u015bwietlania dopasowanych tre\u015bci marketingowych (np. remarketing), je\u017celi takie rozwi\u0105zania zostan\u0105 wdro\u017cone \u2013 w\u00f3wczas ich u\u017cycie mo\u017ce wymaga\u0107 Twojej zgody.<\/li><\/ol><\/li><li><h6>Zarz\u0105dzanie cookies<\/h6><ol><li>Przy pierwszej wizycie w Sklepie mo\u017cesz zosta\u0107 poproszony o wyra\u017cenie zgody na u\u017cywanie wybranych kategorii cookies (np. analitycznych czy marketingowych).<\/li><li>Mo\u017cesz w ka\u017cdej chwili zmieni\u0107 ustawienia dotycz\u0105ce cookies:<ul><li>za pomoc\u0105 odpowiedniej funkcji dost\u0119pnej na stronie (baner \/ panel zg\u00f3d \u2013 je\u017celi jest wdro\u017cony),<\/li><\/ul><ul><li>poprzez zmian\u0119 ustawie\u0144 przegl\u0105darki internetowej (blokowanie lub usuwanie plik\u00f3w cookies).<\/li><\/ul><\/li><li>Ograniczenie stosowania plik\u00f3w cookies (zw\u0142aszcza technicznych) mo\u017ce utrudni\u0107 lub uniemo\u017cliwi\u0107 korzystanie z niekt\u00f3rych funkcji Sklepu (np. zalogowanie si\u0119, z\u0142o\u017cenie zam\u00f3wienia).<\/li><\/ol><\/li><\/ol>\t\t\t\t\t\t\t\t<\/div>\n\t\t\t\t<div class=\"elementor-element elementor-element-6e214ad elementor-widget-divider--view-line elementor-widget elementor-widget-divider\" data-id=\"6e214ad\" data-element_type=\"widget\" data-e-type=\"widget\" data-widget_type=\"divider.default\">\n\t\t\t\t\t\t\t<div class=\"elementor-divider\">\n\t\t\t<span class=\"elementor-divider-separator\">\n\t\t\t\t\t\t<\/span>\n\t\t<\/div>\n\t\t\t\t\t\t<\/div>\n\t\t\t\t<\/div>\n\t\t\t\t\t<\/div>\n\t\t\t\t<\/div>\n\t\t\t\t<\/div>\n\t\t","protected":false},"excerpt":{"rendered":"<p>Czym s\u0105 cookies? Sklep korzysta z plik\u00f3w cookies (ciasteczek), czyli niewielkich informacji tekstowych zapisywanych na Twoim urz\u0105dzeniu (komputerze, telefonie, tablecie) przez przegl\u0105dark\u0119. Pliki te mog\u0105 by\u0107 p\u00f3\u017aniej odczytywane przez Sklep lub podmioty trzecie, z kt\u00f3rych us\u0142ug korzystamy (np. dostawcy narz\u0119dzi analitycznych). Cookies nie s\u0142u\u017c\u0105 do identyfikowania u\u017cytkownika jako osoby fizycznej, jednak mog\u0105 stanowi\u0107 dane osobowe,&#8230;<\/p>\n","protected":false},"author":1,"featured_media":0,"parent":0,"menu_order":0,"comment_status":"closed","ping_status":"closed","template":"","meta":{"_bst_post_transparent":"","_bst_post_title":"hide","_bst_post_layout":"fullwidth","_bst_post_sidebar_id":"","_bst_post_content_style":"unboxed","_bst_post_vertical_padding":"hide","_bst_post_feature":"hide","_bst_post_feature_position":"","_bst_post_header":false,"_bst_post_footer":false,"footnotes":""},"class_list":["post-3167","page","type-page","status-publish","hentry"],"yoast_head":"<!-- This site is optimized with the Yoast SEO plugin v27.3 - https:\/\/yoast.com\/product\/yoast-seo-wordpress\/ -->\n<title>Cookies i podobne technologie - AVMAX - Sklep<\/title>\n<meta name=\"robots\" content=\"index, follow, max-snippet:-1, max-image-preview:large, max-video-preview:-1\" \/>\n<link rel=\"canonical\" href=\"https:\/\/avmax.pl\/sklep\/cookies-i-podobne-technologie\/\" \/>\n<meta property=\"og:locale\" content=\"pl_PL\" \/>\n<meta property=\"og:type\" content=\"article\" \/>\n<meta property=\"og:title\" content=\"Cookies i podobne technologie - AVMAX - Sklep\" \/>\n<meta property=\"og:description\" content=\"Czym s\u0105 cookies? Sklep korzysta z plik\u00f3w cookies (ciasteczek), czyli niewielkich informacji tekstowych zapisywanych na Twoim urz\u0105dzeniu (komputerze, telefonie, tablecie) przez przegl\u0105dark\u0119. Pliki te mog\u0105 by\u0107 p\u00f3\u017aniej odczytywane przez Sklep lub podmioty trzecie, z kt\u00f3rych us\u0142ug korzystamy (np. dostawcy narz\u0119dzi analitycznych). Cookies nie s\u0142u\u017c\u0105 do identyfikowania u\u017cytkownika jako osoby fizycznej, jednak mog\u0105 stanowi\u0107 dane osobowe,...\" \/>\n<meta property=\"og:url\" content=\"https:\/\/avmax.pl\/sklep\/cookies-i-podobne-technologie\/\" \/>\n<meta property=\"og:site_name\" content=\"AVMAX - Sklep\" \/>\n<meta property=\"article:modified_time\" content=\"2025-12-22T19:12:03+00:00\" \/>\n<meta name=\"twitter:card\" content=\"summary_large_image\" \/>\n<meta name=\"twitter:label1\" content=\"Szacowany czas czytania\" \/>\n\t<meta name=\"twitter:data1\" content=\"2 minuty\" \/>\n<script type=\"application\/ld+json\" class=\"yoast-schema-graph\">{\"@context\":\"https:\\\/\\\/schema.org\",\"@graph\":[{\"@type\":\"WebPage\",\"@id\":\"https:\\\/\\\/avmax.pl\\\/sklep\\\/cookies-i-podobne-technologie\\\/\",\"url\":\"https:\\\/\\\/avmax.pl\\\/sklep\\\/cookies-i-podobne-technologie\\\/\",\"name\":\"Cookies i podobne technologie - AVMAX - Sklep\",\"isPartOf\":{\"@id\":\"https:\\\/\\\/avmax.pl\\\/sklep\\\/#website\"},\"datePublished\":\"2025-12-22T17:44:24+00:00\",\"dateModified\":\"2025-12-22T19:12:03+00:00\",\"breadcrumb\":{\"@id\":\"https:\\\/\\\/avmax.pl\\\/sklep\\\/cookies-i-podobne-technologie\\\/#breadcrumb\"},\"inLanguage\":\"pl-PL\",\"potentialAction\":[{\"@type\":\"ReadAction\",\"target\":[\"https:\\\/\\\/avmax.pl\\\/sklep\\\/cookies-i-podobne-technologie\\\/\"]}]},{\"@type\":\"BreadcrumbList\",\"@id\":\"https:\\\/\\\/avmax.pl\\\/sklep\\\/cookies-i-podobne-technologie\\\/#breadcrumb\",\"itemListElement\":[{\"@type\":\"ListItem\",\"position\":1,\"name\":\"Strona g\u0142\u00f3wna\",\"item\":\"https:\\\/\\\/avmax.pl\\\/sklep\\\/\"},{\"@type\":\"ListItem\",\"position\":2,\"name\":\"Cookies i podobne technologie\"}]},{\"@type\":\"WebSite\",\"@id\":\"https:\\\/\\\/avmax.pl\\\/sklep\\\/#website\",\"url\":\"https:\\\/\\\/avmax.pl\\\/sklep\\\/\",\"name\":\"AVMAX - Sklep\",\"description\":\"\",\"publisher\":{\"@id\":\"https:\\\/\\\/avmax.pl\\\/sklep\\\/#organization\"},\"potentialAction\":[{\"@type\":\"SearchAction\",\"target\":{\"@type\":\"EntryPoint\",\"urlTemplate\":\"https:\\\/\\\/avmax.pl\\\/sklep\\\/?s={search_term_string}\"},\"query-input\":{\"@type\":\"PropertyValueSpecification\",\"valueRequired\":true,\"valueName\":\"search_term_string\"}}],\"inLanguage\":\"pl-PL\"},{\"@type\":\"Organization\",\"@id\":\"https:\\\/\\\/avmax.pl\\\/sklep\\\/#organization\",\"name\":\"AVMAX - Sklep\",\"url\":\"https:\\\/\\\/avmax.pl\\\/sklep\\\/\",\"logo\":{\"@type\":\"ImageObject\",\"inLanguage\":\"pl-PL\",\"@id\":\"https:\\\/\\\/avmax.pl\\\/sklep\\\/#\\\/schema\\\/logo\\\/image\\\/\",\"url\":\"https:\\\/\\\/avmax.pl\\\/sklep\\\/wp-content\\\/uploads\\\/2025\\\/11\\\/cropped-logo-avmax-2-3.webp\",\"contentUrl\":\"https:\\\/\\\/avmax.pl\\\/sklep\\\/wp-content\\\/uploads\\\/2025\\\/11\\\/cropped-logo-avmax-2-3.webp\",\"width\":1500,\"height\":600,\"caption\":\"AVMAX - Sklep\"},\"image\":{\"@id\":\"https:\\\/\\\/avmax.pl\\\/sklep\\\/#\\\/schema\\\/logo\\\/image\\\/\"}}]}<\/script>\n<!-- \/ Yoast SEO plugin. -->","yoast_head_json":{"title":"Cookies i podobne technologie - AVMAX - Sklep","robots":{"index":"index","follow":"follow","max-snippet":"max-snippet:-1","max-image-preview":"max-image-preview:large","max-video-preview":"max-video-preview:-1"},"canonical":"https:\/\/avmax.pl\/sklep\/cookies-i-podobne-technologie\/","og_locale":"pl_PL","og_type":"article","og_title":"Cookies i podobne technologie - AVMAX - Sklep","og_description":"Czym s\u0105 cookies? Sklep korzysta z plik\u00f3w cookies (ciasteczek), czyli niewielkich informacji tekstowych zapisywanych na Twoim urz\u0105dzeniu (komputerze, telefonie, tablecie) przez przegl\u0105dark\u0119. Pliki te mog\u0105 by\u0107 p\u00f3\u017aniej odczytywane przez Sklep lub podmioty trzecie, z kt\u00f3rych us\u0142ug korzystamy (np. dostawcy narz\u0119dzi analitycznych). Cookies nie s\u0142u\u017c\u0105 do identyfikowania u\u017cytkownika jako osoby fizycznej, jednak mog\u0105 stanowi\u0107 dane osobowe,...","og_url":"https:\/\/avmax.pl\/sklep\/cookies-i-podobne-technologie\/","og_site_name":"AVMAX - Sklep","article_modified_time":"2025-12-22T19:12:03+00:00","twitter_card":"summary_large_image","twitter_misc":{"Szacowany czas czytania":"2 minuty"},"schema":{"@context":"https:\/\/schema.org","@graph":[{"@type":"WebPage","@id":"https:\/\/avmax.pl\/sklep\/cookies-i-podobne-technologie\/","url":"https:\/\/avmax.pl\/sklep\/cookies-i-podobne-technologie\/","name":"Cookies i podobne technologie - AVMAX - Sklep","isPartOf":{"@id":"https:\/\/avmax.pl\/sklep\/#website"},"datePublished":"2025-12-22T17:44:24+00:00","dateModified":"2025-12-22T19:12:03+00:00","breadcrumb":{"@id":"https:\/\/avmax.pl\/sklep\/cookies-i-podobne-technologie\/#breadcrumb"},"inLanguage":"pl-PL","potentialAction":[{"@type":"ReadAction","target":["https:\/\/avmax.pl\/sklep\/cookies-i-podobne-technologie\/"]}]},{"@type":"BreadcrumbList","@id":"https:\/\/avmax.pl\/sklep\/cookies-i-podobne-technologie\/#breadcrumb","itemListElement":[{"@type":"ListItem","position":1,"name":"Strona g\u0142\u00f3wna","item":"https:\/\/avmax.pl\/sklep\/"},{"@type":"ListItem","position":2,"name":"Cookies i podobne technologie"}]},{"@type":"WebSite","@id":"https:\/\/avmax.pl\/sklep\/#website","url":"https:\/\/avmax.pl\/sklep\/","name":"AVMAX - Sklep","description":"","publisher":{"@id":"https:\/\/avmax.pl\/sklep\/#organization"},"potentialAction":[{"@type":"SearchAction","target":{"@type":"EntryPoint","urlTemplate":"https:\/\/avmax.pl\/sklep\/?s={search_term_string}"},"query-input":{"@type":"PropertyValueSpecification","valueRequired":true,"valueName":"search_term_string"}}],"inLanguage":"pl-PL"},{"@type":"Organization","@id":"https:\/\/avmax.pl\/sklep\/#organization","name":"AVMAX - Sklep","url":"https:\/\/avmax.pl\/sklep\/","logo":{"@type":"ImageObject","inLanguage":"pl-PL","@id":"https:\/\/avmax.pl\/sklep\/#\/schema\/logo\/image\/","url":"https:\/\/avmax.pl\/sklep\/wp-content\/uploads\/2025\/11\/cropped-logo-avmax-2-3.webp","contentUrl":"https:\/\/avmax.pl\/sklep\/wp-content\/uploads\/2025\/11\/cropped-logo-avmax-2-3.webp","width":1500,"height":600,"caption":"AVMAX - Sklep"},"image":{"@id":"https:\/\/avmax.pl\/sklep\/#\/schema\/logo\/image\/"}}]}},"_links":{"self":[{"href":"https:\/\/avmax.pl\/sklep\/wp-json\/wp\/v2\/pages\/3167","targetHints":{"allow":["GET"]}}],"collection":[{"href":"https:\/\/avmax.pl\/sklep\/wp-json\/wp\/v2\/pages"}],"about":[{"href":"https:\/\/avmax.pl\/sklep\/wp-json\/wp\/v2\/types\/page"}],"author":[{"embeddable":true,"href":"https:\/\/avmax.pl\/sklep\/wp-json\/wp\/v2\/users\/1"}],"replies":[{"embeddable":true,"href":"https:\/\/avmax.pl\/sklep\/wp-json\/wp\/v2\/comments?post=3167"}],"version-history":[{"count":7,"href":"https:\/\/avmax.pl\/sklep\/wp-json\/wp\/v2\/pages\/3167\/revisions"}],"predecessor-version":[{"id":3230,"href":"https:\/\/avmax.pl\/sklep\/wp-json\/wp\/v2\/pages\/3167\/revisions\/3230"}],"wp:attachment":[{"href":"https:\/\/avmax.pl\/sklep\/wp-json\/wp\/v2\/media?parent=3167"}],"curies":[{"name":"wp","href":"https:\/\/api.w.org\/{rel}","templated":true}]}}