{"id":2045,"date":"2025-12-01T12:15:01","date_gmt":"2025-12-01T12:15:01","guid":{"rendered":"https:\/\/avmax.pl\/sklep\/?post_type=product&#038;p=2045"},"modified":"2026-01-12T13:44:52","modified_gmt":"2026-01-12T13:44:52","slug":"eb-1795f-v11h796040","status":"publish","type":"product","link":"https:\/\/avmax.pl\/sklep\/produkt\/eb-1795f-v11h796040\/","title":{"rendered":"EB-1795F"},"content":{"rendered":"<p><strong>Niepowtarzalna jako\u015b\u0107 obrazu<\/strong><br \/>\nJednakowo wysokie nat\u0119\u017cenie \u015bwiat\u0142a bia\u0142ego i barwnego wynosz\u0105ce 3200 lumen\u00f3w oraz technologia 3LCD firmy Epson gwarantuj\u0105 doskona\u0142\u0105 jako\u015b\u0107 obrazu i naturalne kolory. Technologia True Colours zapewnia wierne odwzorowanie kolor\u00f3w, a wsp\u00f3\u0142czynnik kontrastu 10 000:1 sprawia, \u017ce obraz jest ostry i wyrazisty.<\/p>\n<p><strong>\u0141atwa konfiguracja<\/strong><br \/>\nAutomatyczna korekcja geometrii obrazu w poziomie i pionie oraz funkcja dopasowania do wielko\u015bci ekranu u\u0142atwiaj\u0105 przygotowanie projektora do pracy niemal w ka\u017cdym miejscu. Ultrakr\u00f3tki rzut umo\u017cliwia wy\u015bwietlanie du\u017cego obrazu z kr\u00f3tkiej odleg\u0142o\u015bci, a wylot powietrza skierowany jest do przodu, tak aby wszyscy uczestnicy spotkania mogli siedzie\u0107 bezpo\u015brednio za projektorem. Po wykryciu sygna\u0142u wej\u015bciowego projektor automatycznie si\u0119 uruchamia, a funkcja NFC u\u0142atwia \u0142\u0105czno\u015b\u0107 z urz\u0105dzeniami mobilnymi dzi\u0119ki wbudowanemu modu\u0142owi Wi-Fi.<\/p>\n<p><strong>Bogatsze prezentacje<\/strong><br \/>\nGesture Presenter umo\u017cliwia sterowanie prezentacj\u0105 za pomoc\u0105 gest\u00f3w wykonywanych r\u0119kami. Funkcja dzielonego ekranu pozwala wy\u015bwietla\u0107 obraz z dw\u00f3ch \u017ar\u00f3de\u0142 obok siebie, a lustrzane odbicie ekranu u\u0142atwia udost\u0119pnianie tre\u015bci z urz\u0105dze\u0144 mobilnych. Za pomoc\u0105 z\u0142\u0105cza MHL mo\u017cna wy\u015bwietla\u0107 wysokiej jako\u015bci filmy i odtwarza\u0107 d\u017awi\u0119k z urz\u0105dze\u0144 mobilnych, jednocze\u015bnie je \u0142aduj\u0105c.<\/p>\n<p><strong>Prawdziwa przeno\u015bno\u015b\u0107<\/strong><br \/>\nKompaktowa budowa i niewielka waga projektora sprawiaj\u0105, \u017ce jest on idealnym rozwi\u0105zaniem dla os\u00f3b, kt\u00f3re cz\u0119sto si\u0119 przemieszczaj\u0105. Projektor jest sprzedawany w zestawie z torb\u0105, z \u0142atwo\u015bci\u0105 zmie\u015bci si\u0119 te\u017c w standardowej torbie na laptopa.<\/p>\n","protected":false},"excerpt":{"rendered":"<p>Inteligentny i ultramobilny projektor Full HD 1080p dla klient\u00f3w biznesowych, \u0142\u0105cz\u0105cy \u015bwietn\u0105 jako\u015b\u0107 obrazu, \u0142atw\u0105 konfiguracj\u0119 i prawdziw\u0105 przeno\u015bno\u015b\u0107.<\/p>\n<ul>\n<li><strong>Niepowtarzalna jako\u015b\u0107 obrazu<\/strong><br \/>\nJednakowo wysokie nat\u0119\u017cenie \u015bwiat\u0142a bia\u0142ego i barwnego (3200 lumen\u00f3w)<\/li>\n<li><strong>Gesture Presenter<\/strong><br \/>\nMo\u017cliwo\u015b\u0107 sterowania prezentacj\u0105 za pomoc\u0105 gest\u00f3w wykonywanych r\u0119kami<\/li>\n<li><strong>Korekcja geometrii obrazu w poziomie i pionie<\/strong><br \/>\nWyr\u00f3wnywanie slajd\u00f3w i obraz\u00f3w oraz korekcja zniekszta\u0142ce\u0144<\/li>\n<li><strong>\u0141\u0105czno\u015b\u0107 bezprzewodowa<\/strong><br \/>\n\u0141atwe po\u0142\u0105czenie bezprzewodowe dzi\u0119ki funkcji NFC<\/li>\n<li><strong>Wyj\u0105tkowo ma\u0142e rozmiary i lekka obudowa<\/strong><br \/>\nMie\u015bci si\u0119 w jednej torbie z laptopem<\/li>\n<\/ul>\n","protected":false},"featured_media":2583,"comment_status":"open","ping_status":"closed","template":"","meta":{"_bst_post_transparent":"default","_bst_post_title":"","_bst_post_layout":"default","_bst_post_sidebar_id":"","_bst_post_content_style":"default","_bst_post_vertical_padding":"default","_bst_post_feature":"","_bst_post_feature_position":"","_bst_post_header":false,"_bst_post_footer":false},"product_brand":[156],"product_cat":[161],"product_tag":[],"product_brands":[1010],"class_list":{"0":"post-2045","1":"product","2":"type-product","3":"status-publish","4":"has-post-thumbnail","6":"product_brand-epson","7":"product_cat-projektory-przenosne","8":"product_brands-epson","10":"first","11":"instock","12":"taxable","13":"shipping-taxable","14":"purchasable","15":"product-type-simple","16":"entry","17":"content-bg","18":"loop-entry"},"yoast_head":"<!-- This site is optimized with the Yoast SEO plugin v27.3 - https:\/\/yoast.com\/product\/yoast-seo-wordpress\/ -->\n<title>EB-1795F - AVMAX - Sklep<\/title>\n<meta name=\"robots\" content=\"index, follow, max-snippet:-1, max-image-preview:large, max-video-preview:-1\" \/>\n<link rel=\"canonical\" href=\"https:\/\/avmax.pl\/sklep\/produkt\/eb-1795f-v11h796040\/\" \/>\n<meta property=\"og:locale\" content=\"pl_PL\" \/>\n<meta property=\"og:type\" content=\"article\" \/>\n<meta property=\"og:title\" content=\"EB-1795F - AVMAX - Sklep\" \/>\n<meta property=\"og:description\" content=\"Inteligentny i ultramobilny projektor Full HD 1080p dla klient\u00f3w biznesowych, \u0142\u0105cz\u0105cy \u015bwietn\u0105 jako\u015b\u0107 obrazu, \u0142atw\u0105 konfiguracj\u0119 i prawdziw\u0105 przeno\u015bno\u015b\u0107.   Niepowtarzalna jako\u015b\u0107 obrazu Jednakowo wysokie nat\u0119\u017cenie \u015bwiat\u0142a bia\u0142ego i barwnego (3200 lumen\u00f3w)  Gesture Presenter Mo\u017cliwo\u015b\u0107 sterowania prezentacj\u0105 za pomoc\u0105 gest\u00f3w wykonywanych r\u0119kami  Korekcja geometrii obrazu w poziomie i pionie Wyr\u00f3wnywanie slajd\u00f3w i obraz\u00f3w oraz korekcja zniekszta\u0142ce\u0144  \u0141\u0105czno\u015b\u0107 bezprzewodowa \u0141atwe po\u0142\u0105czenie bezprzewodowe dzi\u0119ki funkcji NFC  Wyj\u0105tkowo ma\u0142e rozmiary i lekka obudowa Mie\u015bci si\u0119 w jednej torbie z laptopem\" \/>\n<meta property=\"og:url\" content=\"https:\/\/avmax.pl\/sklep\/produkt\/eb-1795f-v11h796040\/\" \/>\n<meta property=\"og:site_name\" content=\"AVMAX - Sklep\" \/>\n<meta property=\"article:modified_time\" content=\"2026-01-12T13:44:52+00:00\" \/>\n<meta property=\"og:image\" content=\"https:\/\/avmax.pl\/sklep\/wp-content\/uploads\/2025\/12\/EB-1795F-1.webp\" \/>\n\t<meta property=\"og:image:width\" content=\"1000\" \/>\n\t<meta property=\"og:image:height\" content=\"1000\" \/>\n\t<meta property=\"og:image:type\" content=\"image\/webp\" \/>\n<meta name=\"twitter:card\" content=\"summary_large_image\" \/>\n<meta name=\"twitter:label1\" content=\"Szacowany czas czytania\" \/>\n\t<meta name=\"twitter:data1\" content=\"2 minuty\" \/>\n<script type=\"application\/ld+json\" class=\"yoast-schema-graph\">{\"@context\":\"https:\\\/\\\/schema.org\",\"@graph\":[{\"@type\":\"WebPage\",\"@id\":\"https:\\\/\\\/avmax.pl\\\/sklep\\\/produkt\\\/eb-1795f-v11h796040\\\/\",\"url\":\"https:\\\/\\\/avmax.pl\\\/sklep\\\/produkt\\\/eb-1795f-v11h796040\\\/\",\"name\":\"EB-1795F - AVMAX - Sklep\",\"isPartOf\":{\"@id\":\"https:\\\/\\\/avmax.pl\\\/sklep\\\/#website\"},\"primaryImageOfPage\":{\"@id\":\"https:\\\/\\\/avmax.pl\\\/sklep\\\/produkt\\\/eb-1795f-v11h796040\\\/#primaryimage\"},\"image\":{\"@id\":\"https:\\\/\\\/avmax.pl\\\/sklep\\\/produkt\\\/eb-1795f-v11h796040\\\/#primaryimage\"},\"thumbnailUrl\":\"https:\\\/\\\/avmax.pl\\\/sklep\\\/wp-content\\\/uploads\\\/2025\\\/12\\\/EB-1795F-1.webp\",\"datePublished\":\"2025-12-01T12:15:01+00:00\",\"dateModified\":\"2026-01-12T13:44:52+00:00\",\"breadcrumb\":{\"@id\":\"https:\\\/\\\/avmax.pl\\\/sklep\\\/produkt\\\/eb-1795f-v11h796040\\\/#breadcrumb\"},\"inLanguage\":\"pl-PL\",\"potentialAction\":[{\"@type\":\"ReadAction\",\"target\":[\"https:\\\/\\\/avmax.pl\\\/sklep\\\/produkt\\\/eb-1795f-v11h796040\\\/\"]}]},{\"@type\":\"ImageObject\",\"inLanguage\":\"pl-PL\",\"@id\":\"https:\\\/\\\/avmax.pl\\\/sklep\\\/produkt\\\/eb-1795f-v11h796040\\\/#primaryimage\",\"url\":\"https:\\\/\\\/avmax.pl\\\/sklep\\\/wp-content\\\/uploads\\\/2025\\\/12\\\/EB-1795F-1.webp\",\"contentUrl\":\"https:\\\/\\\/avmax.pl\\\/sklep\\\/wp-content\\\/uploads\\\/2025\\\/12\\\/EB-1795F-1.webp\",\"width\":1000,\"height\":1000},{\"@type\":\"BreadcrumbList\",\"@id\":\"https:\\\/\\\/avmax.pl\\\/sklep\\\/produkt\\\/eb-1795f-v11h796040\\\/#breadcrumb\",\"itemListElement\":[{\"@type\":\"ListItem\",\"position\":1,\"name\":\"Strona g\u0142\u00f3wna\",\"item\":\"https:\\\/\\\/avmax.pl\\\/sklep\\\/\"},{\"@type\":\"ListItem\",\"position\":2,\"name\":\"Sklep\",\"item\":\"https:\\\/\\\/avmax.pl\\\/sklep\\\/shop\\\/\"},{\"@type\":\"ListItem\",\"position\":3,\"name\":\"EB-1795F\"}]},{\"@type\":\"WebSite\",\"@id\":\"https:\\\/\\\/avmax.pl\\\/sklep\\\/#website\",\"url\":\"https:\\\/\\\/avmax.pl\\\/sklep\\\/\",\"name\":\"AVMAX - Sklep\",\"description\":\"\",\"publisher\":{\"@id\":\"https:\\\/\\\/avmax.pl\\\/sklep\\\/#organization\"},\"potentialAction\":[{\"@type\":\"SearchAction\",\"target\":{\"@type\":\"EntryPoint\",\"urlTemplate\":\"https:\\\/\\\/avmax.pl\\\/sklep\\\/?s={search_term_string}\"},\"query-input\":{\"@type\":\"PropertyValueSpecification\",\"valueRequired\":true,\"valueName\":\"search_term_string\"}}],\"inLanguage\":\"pl-PL\"},{\"@type\":\"Organization\",\"@id\":\"https:\\\/\\\/avmax.pl\\\/sklep\\\/#organization\",\"name\":\"AVMAX - Sklep\",\"url\":\"https:\\\/\\\/avmax.pl\\\/sklep\\\/\",\"logo\":{\"@type\":\"ImageObject\",\"inLanguage\":\"pl-PL\",\"@id\":\"https:\\\/\\\/avmax.pl\\\/sklep\\\/#\\\/schema\\\/logo\\\/image\\\/\",\"url\":\"https:\\\/\\\/avmax.pl\\\/sklep\\\/wp-content\\\/uploads\\\/2025\\\/11\\\/cropped-logo-avmax-2-3.webp\",\"contentUrl\":\"https:\\\/\\\/avmax.pl\\\/sklep\\\/wp-content\\\/uploads\\\/2025\\\/11\\\/cropped-logo-avmax-2-3.webp\",\"width\":1500,\"height\":600,\"caption\":\"AVMAX - Sklep\"},\"image\":{\"@id\":\"https:\\\/\\\/avmax.pl\\\/sklep\\\/#\\\/schema\\\/logo\\\/image\\\/\"}}]}<\/script>\n<!-- \/ Yoast SEO plugin. -->","yoast_head_json":{"title":"EB-1795F - AVMAX - Sklep","robots":{"index":"index","follow":"follow","max-snippet":"max-snippet:-1","max-image-preview":"max-image-preview:large","max-video-preview":"max-video-preview:-1"},"canonical":"https:\/\/avmax.pl\/sklep\/produkt\/eb-1795f-v11h796040\/","og_locale":"pl_PL","og_type":"article","og_title":"EB-1795F - AVMAX - Sklep","og_description":"Inteligentny i ultramobilny projektor Full HD 1080p dla klient\u00f3w biznesowych, \u0142\u0105cz\u0105cy \u015bwietn\u0105 jako\u015b\u0107 obrazu, \u0142atw\u0105 konfiguracj\u0119 i prawdziw\u0105 przeno\u015bno\u015b\u0107.   Niepowtarzalna jako\u015b\u0107 obrazu Jednakowo wysokie nat\u0119\u017cenie \u015bwiat\u0142a bia\u0142ego i barwnego (3200 lumen\u00f3w)  Gesture Presenter Mo\u017cliwo\u015b\u0107 sterowania prezentacj\u0105 za pomoc\u0105 gest\u00f3w wykonywanych r\u0119kami  Korekcja geometrii obrazu w poziomie i pionie Wyr\u00f3wnywanie slajd\u00f3w i obraz\u00f3w oraz korekcja zniekszta\u0142ce\u0144  \u0141\u0105czno\u015b\u0107 bezprzewodowa \u0141atwe po\u0142\u0105czenie bezprzewodowe dzi\u0119ki funkcji NFC  Wyj\u0105tkowo ma\u0142e rozmiary i lekka obudowa Mie\u015bci si\u0119 w jednej torbie z laptopem","og_url":"https:\/\/avmax.pl\/sklep\/produkt\/eb-1795f-v11h796040\/","og_site_name":"AVMAX - Sklep","article_modified_time":"2026-01-12T13:44:52+00:00","og_image":[{"width":1000,"height":1000,"url":"https:\/\/avmax.pl\/sklep\/wp-content\/uploads\/2025\/12\/EB-1795F-1.webp","type":"image\/webp"}],"twitter_card":"summary_large_image","twitter_misc":{"Szacowany czas czytania":"2 minuty"},"schema":{"@context":"https:\/\/schema.org","@graph":[{"@type":"WebPage","@id":"https:\/\/avmax.pl\/sklep\/produkt\/eb-1795f-v11h796040\/","url":"https:\/\/avmax.pl\/sklep\/produkt\/eb-1795f-v11h796040\/","name":"EB-1795F - AVMAX - Sklep","isPartOf":{"@id":"https:\/\/avmax.pl\/sklep\/#website"},"primaryImageOfPage":{"@id":"https:\/\/avmax.pl\/sklep\/produkt\/eb-1795f-v11h796040\/#primaryimage"},"image":{"@id":"https:\/\/avmax.pl\/sklep\/produkt\/eb-1795f-v11h796040\/#primaryimage"},"thumbnailUrl":"https:\/\/avmax.pl\/sklep\/wp-content\/uploads\/2025\/12\/EB-1795F-1.webp","datePublished":"2025-12-01T12:15:01+00:00","dateModified":"2026-01-12T13:44:52+00:00","breadcrumb":{"@id":"https:\/\/avmax.pl\/sklep\/produkt\/eb-1795f-v11h796040\/#breadcrumb"},"inLanguage":"pl-PL","potentialAction":[{"@type":"ReadAction","target":["https:\/\/avmax.pl\/sklep\/produkt\/eb-1795f-v11h796040\/"]}]},{"@type":"ImageObject","inLanguage":"pl-PL","@id":"https:\/\/avmax.pl\/sklep\/produkt\/eb-1795f-v11h796040\/#primaryimage","url":"https:\/\/avmax.pl\/sklep\/wp-content\/uploads\/2025\/12\/EB-1795F-1.webp","contentUrl":"https:\/\/avmax.pl\/sklep\/wp-content\/uploads\/2025\/12\/EB-1795F-1.webp","width":1000,"height":1000},{"@type":"BreadcrumbList","@id":"https:\/\/avmax.pl\/sklep\/produkt\/eb-1795f-v11h796040\/#breadcrumb","itemListElement":[{"@type":"ListItem","position":1,"name":"Strona g\u0142\u00f3wna","item":"https:\/\/avmax.pl\/sklep\/"},{"@type":"ListItem","position":2,"name":"Sklep","item":"https:\/\/avmax.pl\/sklep\/shop\/"},{"@type":"ListItem","position":3,"name":"EB-1795F"}]},{"@type":"WebSite","@id":"https:\/\/avmax.pl\/sklep\/#website","url":"https:\/\/avmax.pl\/sklep\/","name":"AVMAX - Sklep","description":"","publisher":{"@id":"https:\/\/avmax.pl\/sklep\/#organization"},"potentialAction":[{"@type":"SearchAction","target":{"@type":"EntryPoint","urlTemplate":"https:\/\/avmax.pl\/sklep\/?s={search_term_string}"},"query-input":{"@type":"PropertyValueSpecification","valueRequired":true,"valueName":"search_term_string"}}],"inLanguage":"pl-PL"},{"@type":"Organization","@id":"https:\/\/avmax.pl\/sklep\/#organization","name":"AVMAX - Sklep","url":"https:\/\/avmax.pl\/sklep\/","logo":{"@type":"ImageObject","inLanguage":"pl-PL","@id":"https:\/\/avmax.pl\/sklep\/#\/schema\/logo\/image\/","url":"https:\/\/avmax.pl\/sklep\/wp-content\/uploads\/2025\/11\/cropped-logo-avmax-2-3.webp","contentUrl":"https:\/\/avmax.pl\/sklep\/wp-content\/uploads\/2025\/11\/cropped-logo-avmax-2-3.webp","width":1500,"height":600,"caption":"AVMAX - Sklep"},"image":{"@id":"https:\/\/avmax.pl\/sklep\/#\/schema\/logo\/image\/"}}]}},"_links":{"self":[{"href":"https:\/\/avmax.pl\/sklep\/wp-json\/wp\/v2\/product\/2045","targetHints":{"allow":["GET"]}}],"collection":[{"href":"https:\/\/avmax.pl\/sklep\/wp-json\/wp\/v2\/product"}],"about":[{"href":"https:\/\/avmax.pl\/sklep\/wp-json\/wp\/v2\/types\/product"}],"replies":[{"embeddable":true,"href":"https:\/\/avmax.pl\/sklep\/wp-json\/wp\/v2\/comments?post=2045"}],"version-history":[{"count":7,"href":"https:\/\/avmax.pl\/sklep\/wp-json\/wp\/v2\/product\/2045\/revisions"}],"predecessor-version":[{"id":2364,"href":"https:\/\/avmax.pl\/sklep\/wp-json\/wp\/v2\/product\/2045\/revisions\/2364"}],"wp:featuredmedia":[{"embeddable":true,"href":"https:\/\/avmax.pl\/sklep\/wp-json\/wp\/v2\/media\/2583"}],"wp:attachment":[{"href":"https:\/\/avmax.pl\/sklep\/wp-json\/wp\/v2\/media?parent=2045"}],"wp:term":[{"taxonomy":"product_brand","embeddable":true,"href":"https:\/\/avmax.pl\/sklep\/wp-json\/wp\/v2\/product_brand?post=2045"},{"taxonomy":"product_cat","embeddable":true,"href":"https:\/\/avmax.pl\/sklep\/wp-json\/wp\/v2\/product_cat?post=2045"},{"taxonomy":"product_tag","embeddable":true,"href":"https:\/\/avmax.pl\/sklep\/wp-json\/wp\/v2\/product_tag?post=2045"},{"taxonomy":"product_brands","embeddable":true,"href":"https:\/\/avmax.pl\/sklep\/wp-json\/wp\/v2\/product_brands?post=2045"}],"curies":[{"name":"wp","href":"https:\/\/api.w.org\/{rel}","templated":true}]}}