{"id":2048,"date":"2025-12-01T12:19:45","date_gmt":"2025-12-01T12:19:45","guid":{"rendered":"https:\/\/avmax.pl\/sklep\/?post_type=product&#038;p=2048"},"modified":"2026-01-12T13:44:52","modified_gmt":"2026-01-12T13:44:52","slug":"eb-2250u-v11h871040","status":"publish","type":"product","link":"https:\/\/avmax.pl\/sklep\/produkt\/eb-2250u-v11h871040\/","title":{"rendered":"EB-2250U"},"content":{"rendered":"<p><strong>Obraz wyj\u0105tkowej jako\u015bci o przek\u0105tnej do 300 cali<\/strong><br \/>\nRozdzielczo\u015b\u0107 Full HD w po\u0142\u0105czeniu z technologi\u0105 3LCD firmy Epson gwarantuje bardziej \u017cywe kolory i ja\u015bniejsze obrazy. Z\u0142\u0105cze HDMI pozwala wy\u015bwietla\u0107 ostrzejsze i wyra\u017aniejsze prezentacje na skalowalnym obrazie w rozmiarze do 300 cali.<\/p>\n<p><strong>Prosta konfiguracja i pod\u0142\u0105czanie<\/strong><br \/>\nModel EB-2250U oferuje szeroki wyb\u00f3r mo\u017cliwo\u015bci pod\u0142\u0105czenia, w tym funkcj\u0119 przekazywania obrazu, obs\u0142ug\u0119 bezprzewodowych sieci LAN (opcjonalnie) i dwa porty HDMI. Dzi\u0119ki funkcjom takim jak automatyczne w\u0142\u0105czanie zasilania, pomoc przy ustawianiu ostro\u015bci, korekcja geometrii obrazu i dopasowywanie do ekranu konfiguracja jest wyj\u0105tkowo prosta, co pozwala wy\u015bwietla\u0107 prezentacje szybko i skutecznie.<\/p>\n<p><strong>Niskie koszty<\/strong><br \/>\nWi\u0119ksza niezawodno\u015b\u0107 i czas eksploatacji lampy nawet do 10 000 godzin w trybie ekonomicznym oznaczaj\u0105, \u017ce projektor mo\u017ce dzia\u0142a\u0107 d\u0142u\u017cej.<\/p>\n<p><strong>Wy\u015bwietlacz<\/strong><br \/>\nWy\u015bwietlacz zapewnia prosty i szybki dost\u0119p do wielu przydatnych funkcji, takich jak \u017ar\u00f3d\u0142a sygna\u0142u. Za pomoc\u0105 informacji na ekranie mo\u017cna tak\u017ce \u0142atwo nawi\u0105za\u0107 po\u0142\u0105czenie bezprzewodowe.<\/p>\n<p><strong>Gesture Presenter<\/strong><br \/>\nMo\u017cliwo\u015b\u0107 zmieniania slajd\u00f3w za pomoc\u0105 ruchu d\u0142oni zwi\u0119ksza swobod\u0119 u\u017cytkownika, kt\u00f3ry nie musi polega\u0107 na pilocie lub myszce.<\/p>\n<p><strong>Warto\u015bciowa wszechstronno\u015b\u0107<\/strong><br \/>\nDo\u0142\u0105czone do modelu EB-2250U oprogramowanie do projekcji z kilku komputer\u00f3w pozwala pod\u0142\u0105czy\u0107 do 50 urz\u0105dze\u0144 i podzieli\u0107 ekran, aby wy\u015bwietla\u0107 jednocze\u015bnie r\u00f3\u017cne materia\u0142y. Dzi\u0119ki temu projektor jest znacznie bardziej ekonomiczny i wszechstronny od monitora z p\u0142askim ekranem.<\/p>\n","protected":false},"excerpt":{"rendered":"<p>Wy\u015bwietlaj idealne prezentacje dzi\u0119ki doskona\u0142ej jasno\u015bci, Gesture Presenter i intuicyjnym, \u0142atwym w obs\u0142udze funkcjom.<\/p>\n<ul>\n<li><strong>Doskona\u0142ej jako\u015bci obraz o przek\u0105tnej do 300 cali<\/strong><br \/>\nRozdzielczo\u015b\u0107 Full HD i technologia 3LCD firmy Epson<\/li>\n<li><strong>Efektowne prezentacje<\/strong><br \/>\nWyj\u0105tkowa jasno\u015b\u0107 5000 lumen\u00f3w<\/li>\n<li><strong>Wszechstronne opcje pod\u0142\u0105czania<\/strong><br \/>\nW tym dwa porty HDMI i opcjonalne z\u0142\u0105cze bezprzewodowe<\/li>\n<li><strong>Swoboda interakcji<\/strong><br \/>\nDzielenie obrazu i wy\u015bwietlanie z wielu komputer\u00f3w<\/li>\n<li><strong>Gesture Presenter<\/strong><br \/>\nSterowanie projektorem za pomoc\u0105 intuicyjnych gest\u00f3w<\/li>\n<\/ul>\n","protected":false},"featured_media":2587,"comment_status":"open","ping_status":"closed","template":"","meta":{"_bst_post_transparent":"default","_bst_post_title":"","_bst_post_layout":"default","_bst_post_sidebar_id":"","_bst_post_content_style":"default","_bst_post_vertical_padding":"default","_bst_post_feature":"","_bst_post_feature_position":"","_bst_post_header":false,"_bst_post_footer":false},"product_brand":[156],"product_cat":[161],"product_tag":[],"product_brands":[1010],"class_list":{"0":"post-2048","1":"product","2":"type-product","3":"status-publish","4":"has-post-thumbnail","6":"product_brand-epson","7":"product_cat-projektory-przenosne","8":"product_brands-epson","10":"first","11":"instock","12":"taxable","13":"shipping-taxable","14":"purchasable","15":"product-type-simple","16":"entry","17":"content-bg","18":"loop-entry"},"yoast_head":"<!-- This site is optimized with the Yoast SEO plugin v27.3 - https:\/\/yoast.com\/product\/yoast-seo-wordpress\/ -->\n<title>EB-2250U - AVMAX - Sklep<\/title>\n<meta name=\"robots\" content=\"index, follow, max-snippet:-1, max-image-preview:large, max-video-preview:-1\" \/>\n<link rel=\"canonical\" href=\"https:\/\/avmax.pl\/sklep\/produkt\/eb-2250u-v11h871040\/\" \/>\n<meta property=\"og:locale\" content=\"pl_PL\" \/>\n<meta property=\"og:type\" content=\"article\" \/>\n<meta property=\"og:title\" content=\"EB-2250U - AVMAX - Sklep\" \/>\n<meta property=\"og:description\" content=\"Wy\u015bwietlaj idealne prezentacje dzi\u0119ki doskona\u0142ej jasno\u015bci, Gesture Presenter i intuicyjnym, \u0142atwym w obs\u0142udze funkcjom.   Doskona\u0142ej jako\u015bci obraz o przek\u0105tnej do 300 cali Rozdzielczo\u015b\u0107 Full HD i technologia 3LCD firmy Epson  Efektowne prezentacje Wyj\u0105tkowa jasno\u015b\u0107 5000 lumen\u00f3w  Wszechstronne opcje pod\u0142\u0105czania W tym dwa porty HDMI i opcjonalne z\u0142\u0105cze bezprzewodowe  Swoboda interakcji Dzielenie obrazu i wy\u015bwietlanie z wielu komputer\u00f3w  Gesture Presenter Sterowanie projektorem za pomoc\u0105 intuicyjnych gest\u00f3w\" \/>\n<meta property=\"og:url\" content=\"https:\/\/avmax.pl\/sklep\/produkt\/eb-2250u-v11h871040\/\" \/>\n<meta property=\"og:site_name\" content=\"AVMAX - Sklep\" \/>\n<meta property=\"article:modified_time\" content=\"2026-01-12T13:44:52+00:00\" \/>\n<meta property=\"og:image\" content=\"https:\/\/avmax.pl\/sklep\/wp-content\/uploads\/2025\/12\/EB-2250U-1.webp\" \/>\n\t<meta property=\"og:image:width\" content=\"1000\" \/>\n\t<meta property=\"og:image:height\" content=\"1000\" \/>\n\t<meta property=\"og:image:type\" content=\"image\/webp\" \/>\n<meta name=\"twitter:card\" content=\"summary_large_image\" \/>\n<meta name=\"twitter:label1\" content=\"Szacowany czas czytania\" \/>\n\t<meta name=\"twitter:data1\" content=\"2 minuty\" \/>\n<script type=\"application\/ld+json\" class=\"yoast-schema-graph\">{\"@context\":\"https:\\\/\\\/schema.org\",\"@graph\":[{\"@type\":\"WebPage\",\"@id\":\"https:\\\/\\\/avmax.pl\\\/sklep\\\/produkt\\\/eb-2250u-v11h871040\\\/\",\"url\":\"https:\\\/\\\/avmax.pl\\\/sklep\\\/produkt\\\/eb-2250u-v11h871040\\\/\",\"name\":\"EB-2250U - AVMAX - Sklep\",\"isPartOf\":{\"@id\":\"https:\\\/\\\/avmax.pl\\\/sklep\\\/#website\"},\"primaryImageOfPage\":{\"@id\":\"https:\\\/\\\/avmax.pl\\\/sklep\\\/produkt\\\/eb-2250u-v11h871040\\\/#primaryimage\"},\"image\":{\"@id\":\"https:\\\/\\\/avmax.pl\\\/sklep\\\/produkt\\\/eb-2250u-v11h871040\\\/#primaryimage\"},\"thumbnailUrl\":\"https:\\\/\\\/avmax.pl\\\/sklep\\\/wp-content\\\/uploads\\\/2025\\\/12\\\/EB-2250U-1.webp\",\"datePublished\":\"2025-12-01T12:19:45+00:00\",\"dateModified\":\"2026-01-12T13:44:52+00:00\",\"breadcrumb\":{\"@id\":\"https:\\\/\\\/avmax.pl\\\/sklep\\\/produkt\\\/eb-2250u-v11h871040\\\/#breadcrumb\"},\"inLanguage\":\"pl-PL\",\"potentialAction\":[{\"@type\":\"ReadAction\",\"target\":[\"https:\\\/\\\/avmax.pl\\\/sklep\\\/produkt\\\/eb-2250u-v11h871040\\\/\"]}]},{\"@type\":\"ImageObject\",\"inLanguage\":\"pl-PL\",\"@id\":\"https:\\\/\\\/avmax.pl\\\/sklep\\\/produkt\\\/eb-2250u-v11h871040\\\/#primaryimage\",\"url\":\"https:\\\/\\\/avmax.pl\\\/sklep\\\/wp-content\\\/uploads\\\/2025\\\/12\\\/EB-2250U-1.webp\",\"contentUrl\":\"https:\\\/\\\/avmax.pl\\\/sklep\\\/wp-content\\\/uploads\\\/2025\\\/12\\\/EB-2250U-1.webp\",\"width\":1000,\"height\":1000},{\"@type\":\"BreadcrumbList\",\"@id\":\"https:\\\/\\\/avmax.pl\\\/sklep\\\/produkt\\\/eb-2250u-v11h871040\\\/#breadcrumb\",\"itemListElement\":[{\"@type\":\"ListItem\",\"position\":1,\"name\":\"Strona g\u0142\u00f3wna\",\"item\":\"https:\\\/\\\/avmax.pl\\\/sklep\\\/\"},{\"@type\":\"ListItem\",\"position\":2,\"name\":\"Sklep\",\"item\":\"https:\\\/\\\/avmax.pl\\\/sklep\\\/shop\\\/\"},{\"@type\":\"ListItem\",\"position\":3,\"name\":\"EB-2250U\"}]},{\"@type\":\"WebSite\",\"@id\":\"https:\\\/\\\/avmax.pl\\\/sklep\\\/#website\",\"url\":\"https:\\\/\\\/avmax.pl\\\/sklep\\\/\",\"name\":\"AVMAX - Sklep\",\"description\":\"\",\"publisher\":{\"@id\":\"https:\\\/\\\/avmax.pl\\\/sklep\\\/#organization\"},\"potentialAction\":[{\"@type\":\"SearchAction\",\"target\":{\"@type\":\"EntryPoint\",\"urlTemplate\":\"https:\\\/\\\/avmax.pl\\\/sklep\\\/?s={search_term_string}\"},\"query-input\":{\"@type\":\"PropertyValueSpecification\",\"valueRequired\":true,\"valueName\":\"search_term_string\"}}],\"inLanguage\":\"pl-PL\"},{\"@type\":\"Organization\",\"@id\":\"https:\\\/\\\/avmax.pl\\\/sklep\\\/#organization\",\"name\":\"AVMAX - Sklep\",\"url\":\"https:\\\/\\\/avmax.pl\\\/sklep\\\/\",\"logo\":{\"@type\":\"ImageObject\",\"inLanguage\":\"pl-PL\",\"@id\":\"https:\\\/\\\/avmax.pl\\\/sklep\\\/#\\\/schema\\\/logo\\\/image\\\/\",\"url\":\"https:\\\/\\\/avmax.pl\\\/sklep\\\/wp-content\\\/uploads\\\/2025\\\/11\\\/cropped-logo-avmax-2-3.webp\",\"contentUrl\":\"https:\\\/\\\/avmax.pl\\\/sklep\\\/wp-content\\\/uploads\\\/2025\\\/11\\\/cropped-logo-avmax-2-3.webp\",\"width\":1500,\"height\":600,\"caption\":\"AVMAX - Sklep\"},\"image\":{\"@id\":\"https:\\\/\\\/avmax.pl\\\/sklep\\\/#\\\/schema\\\/logo\\\/image\\\/\"}}]}<\/script>\n<!-- \/ Yoast SEO plugin. -->","yoast_head_json":{"title":"EB-2250U - AVMAX - Sklep","robots":{"index":"index","follow":"follow","max-snippet":"max-snippet:-1","max-image-preview":"max-image-preview:large","max-video-preview":"max-video-preview:-1"},"canonical":"https:\/\/avmax.pl\/sklep\/produkt\/eb-2250u-v11h871040\/","og_locale":"pl_PL","og_type":"article","og_title":"EB-2250U - AVMAX - Sklep","og_description":"Wy\u015bwietlaj idealne prezentacje dzi\u0119ki doskona\u0142ej jasno\u015bci, Gesture Presenter i intuicyjnym, \u0142atwym w obs\u0142udze funkcjom.   Doskona\u0142ej jako\u015bci obraz o przek\u0105tnej do 300 cali Rozdzielczo\u015b\u0107 Full HD i technologia 3LCD firmy Epson  Efektowne prezentacje Wyj\u0105tkowa jasno\u015b\u0107 5000 lumen\u00f3w  Wszechstronne opcje pod\u0142\u0105czania W tym dwa porty HDMI i opcjonalne z\u0142\u0105cze bezprzewodowe  Swoboda interakcji Dzielenie obrazu i wy\u015bwietlanie z wielu komputer\u00f3w  Gesture Presenter Sterowanie projektorem za pomoc\u0105 intuicyjnych gest\u00f3w","og_url":"https:\/\/avmax.pl\/sklep\/produkt\/eb-2250u-v11h871040\/","og_site_name":"AVMAX - Sklep","article_modified_time":"2026-01-12T13:44:52+00:00","og_image":[{"width":1000,"height":1000,"url":"https:\/\/avmax.pl\/sklep\/wp-content\/uploads\/2025\/12\/EB-2250U-1.webp","type":"image\/webp"}],"twitter_card":"summary_large_image","twitter_misc":{"Szacowany czas czytania":"2 minuty"},"schema":{"@context":"https:\/\/schema.org","@graph":[{"@type":"WebPage","@id":"https:\/\/avmax.pl\/sklep\/produkt\/eb-2250u-v11h871040\/","url":"https:\/\/avmax.pl\/sklep\/produkt\/eb-2250u-v11h871040\/","name":"EB-2250U - AVMAX - Sklep","isPartOf":{"@id":"https:\/\/avmax.pl\/sklep\/#website"},"primaryImageOfPage":{"@id":"https:\/\/avmax.pl\/sklep\/produkt\/eb-2250u-v11h871040\/#primaryimage"},"image":{"@id":"https:\/\/avmax.pl\/sklep\/produkt\/eb-2250u-v11h871040\/#primaryimage"},"thumbnailUrl":"https:\/\/avmax.pl\/sklep\/wp-content\/uploads\/2025\/12\/EB-2250U-1.webp","datePublished":"2025-12-01T12:19:45+00:00","dateModified":"2026-01-12T13:44:52+00:00","breadcrumb":{"@id":"https:\/\/avmax.pl\/sklep\/produkt\/eb-2250u-v11h871040\/#breadcrumb"},"inLanguage":"pl-PL","potentialAction":[{"@type":"ReadAction","target":["https:\/\/avmax.pl\/sklep\/produkt\/eb-2250u-v11h871040\/"]}]},{"@type":"ImageObject","inLanguage":"pl-PL","@id":"https:\/\/avmax.pl\/sklep\/produkt\/eb-2250u-v11h871040\/#primaryimage","url":"https:\/\/avmax.pl\/sklep\/wp-content\/uploads\/2025\/12\/EB-2250U-1.webp","contentUrl":"https:\/\/avmax.pl\/sklep\/wp-content\/uploads\/2025\/12\/EB-2250U-1.webp","width":1000,"height":1000},{"@type":"BreadcrumbList","@id":"https:\/\/avmax.pl\/sklep\/produkt\/eb-2250u-v11h871040\/#breadcrumb","itemListElement":[{"@type":"ListItem","position":1,"name":"Strona g\u0142\u00f3wna","item":"https:\/\/avmax.pl\/sklep\/"},{"@type":"ListItem","position":2,"name":"Sklep","item":"https:\/\/avmax.pl\/sklep\/shop\/"},{"@type":"ListItem","position":3,"name":"EB-2250U"}]},{"@type":"WebSite","@id":"https:\/\/avmax.pl\/sklep\/#website","url":"https:\/\/avmax.pl\/sklep\/","name":"AVMAX - Sklep","description":"","publisher":{"@id":"https:\/\/avmax.pl\/sklep\/#organization"},"potentialAction":[{"@type":"SearchAction","target":{"@type":"EntryPoint","urlTemplate":"https:\/\/avmax.pl\/sklep\/?s={search_term_string}"},"query-input":{"@type":"PropertyValueSpecification","valueRequired":true,"valueName":"search_term_string"}}],"inLanguage":"pl-PL"},{"@type":"Organization","@id":"https:\/\/avmax.pl\/sklep\/#organization","name":"AVMAX - Sklep","url":"https:\/\/avmax.pl\/sklep\/","logo":{"@type":"ImageObject","inLanguage":"pl-PL","@id":"https:\/\/avmax.pl\/sklep\/#\/schema\/logo\/image\/","url":"https:\/\/avmax.pl\/sklep\/wp-content\/uploads\/2025\/11\/cropped-logo-avmax-2-3.webp","contentUrl":"https:\/\/avmax.pl\/sklep\/wp-content\/uploads\/2025\/11\/cropped-logo-avmax-2-3.webp","width":1500,"height":600,"caption":"AVMAX - Sklep"},"image":{"@id":"https:\/\/avmax.pl\/sklep\/#\/schema\/logo\/image\/"}}]}},"_links":{"self":[{"href":"https:\/\/avmax.pl\/sklep\/wp-json\/wp\/v2\/product\/2048","targetHints":{"allow":["GET"]}}],"collection":[{"href":"https:\/\/avmax.pl\/sklep\/wp-json\/wp\/v2\/product"}],"about":[{"href":"https:\/\/avmax.pl\/sklep\/wp-json\/wp\/v2\/types\/product"}],"replies":[{"embeddable":true,"href":"https:\/\/avmax.pl\/sklep\/wp-json\/wp\/v2\/comments?post=2048"}],"version-history":[{"count":6,"href":"https:\/\/avmax.pl\/sklep\/wp-json\/wp\/v2\/product\/2048\/revisions"}],"predecessor-version":[{"id":2367,"href":"https:\/\/avmax.pl\/sklep\/wp-json\/wp\/v2\/product\/2048\/revisions\/2367"}],"wp:featuredmedia":[{"embeddable":true,"href":"https:\/\/avmax.pl\/sklep\/wp-json\/wp\/v2\/media\/2587"}],"wp:attachment":[{"href":"https:\/\/avmax.pl\/sklep\/wp-json\/wp\/v2\/media?parent=2048"}],"wp:term":[{"taxonomy":"product_brand","embeddable":true,"href":"https:\/\/avmax.pl\/sklep\/wp-json\/wp\/v2\/product_brand?post=2048"},{"taxonomy":"product_cat","embeddable":true,"href":"https:\/\/avmax.pl\/sklep\/wp-json\/wp\/v2\/product_cat?post=2048"},{"taxonomy":"product_tag","embeddable":true,"href":"https:\/\/avmax.pl\/sklep\/wp-json\/wp\/v2\/product_tag?post=2048"},{"taxonomy":"product_brands","embeddable":true,"href":"https:\/\/avmax.pl\/sklep\/wp-json\/wp\/v2\/product_brands?post=2048"}],"curies":[{"name":"wp","href":"https:\/\/api.w.org\/{rel}","templated":true}]}}