{"id":2050,"date":"2025-12-01T12:47:21","date_gmt":"2025-12-01T12:47:21","guid":{"rendered":"https:\/\/avmax.pl\/sklep\/?post_type=product&#038;p=2050"},"modified":"2026-01-12T13:44:52","modified_gmt":"2026-01-12T13:44:52","slug":"eb-e24-v11hb51040","status":"publish","type":"product","link":"https:\/\/avmax.pl\/sklep\/produkt\/eb-e24-v11hb51040\/","title":{"rendered":"EB-E24"},"content":{"rendered":"<p>Projektory przeno\u015bne z lamp\u0105 oferuj\u0105 jasne obrazy dzi\u0119ki technologii 3LCD i por\u00f3wnywalnej jasno\u015bci kolor\u00f3w i \u015bwiat\u0142a bia\u0142ego. Modele te charakteryzuj\u0105 si\u0119 kompaktow\u0105 konstrukcj\u0105 i \u0142atw\u0105 konfiguracj\u0105, zapewniaj\u0105c du\u017c\u0105 przek\u0105tn\u0105 obrazu do 300&#8243;. Wyposa\u017cone s\u0105 w lampy UHE o \u017cywotno\u015bci si\u0119gaj\u0105cej 12\u202f000\u202fh w trybie Eco oraz bogate z\u0142\u0105cza (HDMI, VGA, USB).Jasne, \u017cywe prezentacje w ka\u017cdej przestrzeni i o ka\u017cdej porze<br \/>\n\u0141atwo przedstawiaj jasne, \u017cywe prezentacje o ka\u017cdej porze dnia dzi\u0119ki jasno\u015bci 3 600 lumen\u00f3w. Ten dost\u0119pny cenowo projektor zapewnia wyj\u0105tkowe parametry pracy zar\u00f3wno w ma\u0142ych, jak i du\u017cych pomieszczeniach. Przekszta\u0142\u0107 dowolne pomieszczenie w przestrze\u0144 \u017cywych obraz\u00f3w dzi\u0119ki rozmiarom wy\u015bwietlacza do 350\u02dd.<\/p>\n<p><strong>Bezproblemowa \u0142\u0105czno\u015b\u0107<\/strong><br \/>\n\u0141atwe pod\u0142\u0105czenie za po\u015brednictwem wielu wej\u015b\u0107, w tym wej\u015b\u0107 HDMI, VGA, wej\u015bciu kompozytowemu oraz wej\u015bciu i wyj\u015bciu audio. Funkcja dzielenia ekranu umo\u017cliwia jednoczesne wy\u015bwietlanie dw\u00f3ch obraz\u00f3w, co czyni j\u0105 doskona\u0142ym rozwi\u0105zaniem w przypadku system\u00f3w wideokonferencyjnych. Brak obaw o bezpo\u015brednie wy\u0142\u0105czanie lub natychmiastowe wy\u0142\u0105czanie po\u0142\u0105czony z wbudowan\u0105 przes\u0142on\u0105 obiektywu umo\u017cliwiaj\u0105c\u0105 \u0142atwe pakowanie i przenoszenie urz\u0105dzenia.<\/p>\n<p><strong>Przeno\u015bno\u015b\u0107 i elastyczno\u015b\u0107<\/strong><br \/>\nTen lekki i kompaktowy, elastyczny i wysoce wszechstronny projektor mo\u017cna \u0142atwo przenosi\u0107 mi\u0119dzy pomieszczeniami. Dzi\u0119ki wbudowanemu g\u0142o\u015bnikowi o mocy 5 W, kt\u00f3ry zapewnia wyra\u017any i mocny d\u017awi\u0119k, nie trzeba pod\u0142\u0105cza\u0107 zewn\u0119trznych system\u00f3w d\u017awi\u0119kowych w mniejszych pomieszczeniach, a szybkie ustawienia, takie jak korekcja geometrii w poziomie, pozwalaj\u0105 na jego konfiguracj\u0119 i u\u017cytkowanie w dowolnym miejscu przy minimalnym nak\u0142adzie pracy.<\/p>\n<p><strong>Wysoka niezawodno\u015b\u0107 i minimalna konserwacja<\/strong><br \/>\nZaprojektowany z my\u015bl\u0105 o d\u0142ugotrwa\u0142ej pracy projektor EB-E24 wyposa\u017cony jest w lamp\u0119 o czasie eksploatacji si\u0119gaj\u0105cym 12 000 godzin w trybie ekonomicznym, zmniejszaj\u0105c potrzeb\u0119 cz\u0119stej wymiany i obni\u017caj\u0105c koszty konserwacji. Dzi\u0119ki 3-letniej gwarancji zapewnia pewno\u015b\u0107 u\u017cytkowania.<\/p>\n<p><strong>Nieustaj\u0105ce dzia\u0142ania na rzecz zr\u00f3wnowa\u017conego rozwoju<\/strong><br \/>\nProjektory firmy Epson s\u0105 stale rozwijane, produkowane i pakowane z my\u015bl\u0105 o zr\u00f3wnowa\u017conym rozwoju, co \u015bwiadczy o nieustannym d\u0105\u017ceniu firmy Epson do neutralno\u015bci pod wzgl\u0119dem emisji dwutlenku w\u0119gla i zmniejszenia wp\u0142ywu na \u015brodowisko.<\/p>\n","protected":false},"excerpt":{"rendered":"<p>Jasny, wszechstronny i niedrogi projektor o wysokiej niezawodno\u015bci, wy\u015bwietlaj\u0105cy obrazy o przek\u0105tnej do 350\u02dd, z wbudowanymi g\u0142o\u015bnikami.<\/p>\n<ul>\n<li><strong>Wysoka jako\u015b\u0107, jasny obraz<\/strong><br \/>\nJasne, wyra\u017ane obrazy na ekranie o skalowalnym rozmiarze do przek\u0105tnej 350\u02dd i jasno\u015bci 3 600 lumen\u00f3w, z technologi\u0105 3LCD.<\/li>\n<li><strong>Proste pod\u0142\u0105czanie<\/strong><br \/>\n\u0141atwe pod\u0142\u0105czanie za po\u015brednictwem wej\u015b\u0107 HDMI, VGA, audio i nie tylko. Nie trzeba bezpo\u015brednio wy\u0142\u0105cza\u0107 zasilania, a wbudowana przes\u0142ona obiektywu umo\u017cliwia szybkie pakowanie i przenoszenie.<\/li>\n<li><strong>Szybka regulacja wy\u015bwietlacza dzi\u0119ki technologii korekcji geometrii Slide Keystone firmy Epson<\/strong><br \/>\nSzybka regulacja rozmiaru wy\u015bwietlacza dzi\u0119ki wyj\u0105tkowej technologii Slide Keystone firmy Epson. Korekcja geometrii \u00b130\u00b0 w poziomie u\u0142atwia i przyspiesza konfiguracj\u0119.<\/li>\n<li><strong>Przeno\u015bna i wszechstronna konstrukcja<\/strong><br \/>\nTen lekki i kompaktowy wy\u015bwietlacz jest idealny do r\u00f3\u017cnych przestrzeni i ma wbudowany g\u0142o\u015bnik u\u0142atwiaj\u0105cy konfiguracj\u0119.<\/li>\n<li><strong>Niezawodno\u015b\u0107 i trwa\u0142o\u015b\u0107<\/strong><br \/>\nCharakteryzuj\u0105cy si\u0119 wysok\u0105 niezawodno\u015bci\u0105 i czasem eksploatacji lampy si\u0119gaj\u0105cym 12 000 godzin w trybie ekonomicznym model EB-E24 jest obj\u0119ty 3-letni\u0105 gwarancj\u0105.<\/li>\n<\/ul>\n","protected":false},"featured_media":2589,"comment_status":"open","ping_status":"closed","template":"","meta":{"_bst_post_transparent":"default","_bst_post_title":"","_bst_post_layout":"default","_bst_post_sidebar_id":"","_bst_post_content_style":"default","_bst_post_vertical_padding":"default","_bst_post_feature":"","_bst_post_feature_position":"","_bst_post_header":false,"_bst_post_footer":false},"product_brand":[156],"product_cat":[161],"product_tag":[],"product_brands":[1010],"class_list":{"0":"post-2050","1":"product","2":"type-product","3":"status-publish","4":"has-post-thumbnail","6":"product_brand-epson","7":"product_cat-projektory-przenosne","8":"product_brands-epson","10":"first","11":"instock","12":"taxable","13":"shipping-taxable","14":"purchasable","15":"product-type-simple","16":"entry","17":"content-bg","18":"loop-entry"},"yoast_head":"<!-- This site is optimized with the Yoast SEO plugin v27.3 - https:\/\/yoast.com\/product\/yoast-seo-wordpress\/ -->\n<title>EB-E24 - AVMAX - Sklep<\/title>\n<meta name=\"robots\" content=\"index, follow, max-snippet:-1, max-image-preview:large, max-video-preview:-1\" \/>\n<link rel=\"canonical\" href=\"https:\/\/avmax.pl\/sklep\/produkt\/eb-e24-v11hb51040\/\" \/>\n<meta property=\"og:locale\" content=\"pl_PL\" \/>\n<meta property=\"og:type\" content=\"article\" \/>\n<meta property=\"og:title\" content=\"EB-E24 - AVMAX - Sklep\" \/>\n<meta property=\"og:description\" content=\"Jasny, wszechstronny i niedrogi projektor o wysokiej niezawodno\u015bci, wy\u015bwietlaj\u0105cy obrazy o przek\u0105tnej do 350\u02dd, z wbudowanymi g\u0142o\u015bnikami.   Wysoka jako\u015b\u0107, jasny obraz Jasne, wyra\u017ane obrazy na ekranie o skalowalnym rozmiarze do przek\u0105tnej 350\u02dd i jasno\u015bci 3 600 lumen\u00f3w, z technologi\u0105 3LCD.  Proste pod\u0142\u0105czanie \u0141atwe pod\u0142\u0105czanie za po\u015brednictwem wej\u015b\u0107 HDMI, VGA, audio i nie tylko. Nie trzeba bezpo\u015brednio wy\u0142\u0105cza\u0107 zasilania, a wbudowana przes\u0142ona obiektywu umo\u017cliwia szybkie pakowanie i przenoszenie.  Szybka regulacja wy\u015bwietlacza dzi\u0119ki technologii korekcji geometrii Slide Keystone firmy Epson Szybka regulacja rozmiaru wy\u015bwietlacza dzi\u0119ki wyj\u0105tkowej technologii Slide Keystone firmy Epson. Korekcja geometrii \u00b130\u00b0 w poziomie u\u0142atwia i przyspiesza konfiguracj\u0119.  Przeno\u015bna i wszechstronna konstrukcja Ten lekki i kompaktowy wy\u015bwietlacz jest idealny do r\u00f3\u017cnych przestrzeni i ma wbudowany g\u0142o\u015bnik u\u0142atwiaj\u0105cy konfiguracj\u0119.  Niezawodno\u015b\u0107 i trwa\u0142o\u015b\u0107 Charakteryzuj\u0105cy si\u0119 wysok\u0105 niezawodno\u015bci\u0105 i czasem eksploatacji lampy si\u0119gaj\u0105cym 12 000 godzin w trybie ekonomicznym model EB-E24 jest obj\u0119ty 3-letni\u0105 gwarancj\u0105.\" \/>\n<meta property=\"og:url\" content=\"https:\/\/avmax.pl\/sklep\/produkt\/eb-e24-v11hb51040\/\" \/>\n<meta property=\"og:site_name\" content=\"AVMAX - Sklep\" \/>\n<meta property=\"article:modified_time\" content=\"2026-01-12T13:44:52+00:00\" \/>\n<meta property=\"og:image\" content=\"https:\/\/avmax.pl\/sklep\/wp-content\/uploads\/2025\/12\/EB-E24-1.webp\" \/>\n\t<meta property=\"og:image:width\" content=\"1000\" \/>\n\t<meta property=\"og:image:height\" content=\"1000\" \/>\n\t<meta property=\"og:image:type\" content=\"image\/webp\" \/>\n<meta name=\"twitter:card\" content=\"summary_large_image\" \/>\n<meta name=\"twitter:label1\" content=\"Szacowany czas czytania\" \/>\n\t<meta name=\"twitter:data1\" content=\"3 minuty\" \/>\n<script type=\"application\/ld+json\" class=\"yoast-schema-graph\">{\"@context\":\"https:\\\/\\\/schema.org\",\"@graph\":[{\"@type\":\"WebPage\",\"@id\":\"https:\\\/\\\/avmax.pl\\\/sklep\\\/produkt\\\/eb-e24-v11hb51040\\\/\",\"url\":\"https:\\\/\\\/avmax.pl\\\/sklep\\\/produkt\\\/eb-e24-v11hb51040\\\/\",\"name\":\"EB-E24 - AVMAX - Sklep\",\"isPartOf\":{\"@id\":\"https:\\\/\\\/avmax.pl\\\/sklep\\\/#website\"},\"primaryImageOfPage\":{\"@id\":\"https:\\\/\\\/avmax.pl\\\/sklep\\\/produkt\\\/eb-e24-v11hb51040\\\/#primaryimage\"},\"image\":{\"@id\":\"https:\\\/\\\/avmax.pl\\\/sklep\\\/produkt\\\/eb-e24-v11hb51040\\\/#primaryimage\"},\"thumbnailUrl\":\"https:\\\/\\\/avmax.pl\\\/sklep\\\/wp-content\\\/uploads\\\/2025\\\/12\\\/EB-E24-1.webp\",\"datePublished\":\"2025-12-01T12:47:21+00:00\",\"dateModified\":\"2026-01-12T13:44:52+00:00\",\"breadcrumb\":{\"@id\":\"https:\\\/\\\/avmax.pl\\\/sklep\\\/produkt\\\/eb-e24-v11hb51040\\\/#breadcrumb\"},\"inLanguage\":\"pl-PL\",\"potentialAction\":[{\"@type\":\"ReadAction\",\"target\":[\"https:\\\/\\\/avmax.pl\\\/sklep\\\/produkt\\\/eb-e24-v11hb51040\\\/\"]}]},{\"@type\":\"ImageObject\",\"inLanguage\":\"pl-PL\",\"@id\":\"https:\\\/\\\/avmax.pl\\\/sklep\\\/produkt\\\/eb-e24-v11hb51040\\\/#primaryimage\",\"url\":\"https:\\\/\\\/avmax.pl\\\/sklep\\\/wp-content\\\/uploads\\\/2025\\\/12\\\/EB-E24-1.webp\",\"contentUrl\":\"https:\\\/\\\/avmax.pl\\\/sklep\\\/wp-content\\\/uploads\\\/2025\\\/12\\\/EB-E24-1.webp\",\"width\":1000,\"height\":1000},{\"@type\":\"BreadcrumbList\",\"@id\":\"https:\\\/\\\/avmax.pl\\\/sklep\\\/produkt\\\/eb-e24-v11hb51040\\\/#breadcrumb\",\"itemListElement\":[{\"@type\":\"ListItem\",\"position\":1,\"name\":\"Strona g\u0142\u00f3wna\",\"item\":\"https:\\\/\\\/avmax.pl\\\/sklep\\\/\"},{\"@type\":\"ListItem\",\"position\":2,\"name\":\"Sklep\",\"item\":\"https:\\\/\\\/avmax.pl\\\/sklep\\\/shop\\\/\"},{\"@type\":\"ListItem\",\"position\":3,\"name\":\"EB-E24\"}]},{\"@type\":\"WebSite\",\"@id\":\"https:\\\/\\\/avmax.pl\\\/sklep\\\/#website\",\"url\":\"https:\\\/\\\/avmax.pl\\\/sklep\\\/\",\"name\":\"AVMAX - Sklep\",\"description\":\"\",\"publisher\":{\"@id\":\"https:\\\/\\\/avmax.pl\\\/sklep\\\/#organization\"},\"potentialAction\":[{\"@type\":\"SearchAction\",\"target\":{\"@type\":\"EntryPoint\",\"urlTemplate\":\"https:\\\/\\\/avmax.pl\\\/sklep\\\/?s={search_term_string}\"},\"query-input\":{\"@type\":\"PropertyValueSpecification\",\"valueRequired\":true,\"valueName\":\"search_term_string\"}}],\"inLanguage\":\"pl-PL\"},{\"@type\":\"Organization\",\"@id\":\"https:\\\/\\\/avmax.pl\\\/sklep\\\/#organization\",\"name\":\"AVMAX - Sklep\",\"url\":\"https:\\\/\\\/avmax.pl\\\/sklep\\\/\",\"logo\":{\"@type\":\"ImageObject\",\"inLanguage\":\"pl-PL\",\"@id\":\"https:\\\/\\\/avmax.pl\\\/sklep\\\/#\\\/schema\\\/logo\\\/image\\\/\",\"url\":\"https:\\\/\\\/avmax.pl\\\/sklep\\\/wp-content\\\/uploads\\\/2025\\\/11\\\/cropped-logo-avmax-2-3.webp\",\"contentUrl\":\"https:\\\/\\\/avmax.pl\\\/sklep\\\/wp-content\\\/uploads\\\/2025\\\/11\\\/cropped-logo-avmax-2-3.webp\",\"width\":1500,\"height\":600,\"caption\":\"AVMAX - Sklep\"},\"image\":{\"@id\":\"https:\\\/\\\/avmax.pl\\\/sklep\\\/#\\\/schema\\\/logo\\\/image\\\/\"}}]}<\/script>\n<!-- \/ Yoast SEO plugin. -->","yoast_head_json":{"title":"EB-E24 - AVMAX - Sklep","robots":{"index":"index","follow":"follow","max-snippet":"max-snippet:-1","max-image-preview":"max-image-preview:large","max-video-preview":"max-video-preview:-1"},"canonical":"https:\/\/avmax.pl\/sklep\/produkt\/eb-e24-v11hb51040\/","og_locale":"pl_PL","og_type":"article","og_title":"EB-E24 - AVMAX - Sklep","og_description":"Jasny, wszechstronny i niedrogi projektor o wysokiej niezawodno\u015bci, wy\u015bwietlaj\u0105cy obrazy o przek\u0105tnej do 350\u02dd, z wbudowanymi g\u0142o\u015bnikami.   Wysoka jako\u015b\u0107, jasny obraz Jasne, wyra\u017ane obrazy na ekranie o skalowalnym rozmiarze do przek\u0105tnej 350\u02dd i jasno\u015bci 3 600 lumen\u00f3w, z technologi\u0105 3LCD.  Proste pod\u0142\u0105czanie \u0141atwe pod\u0142\u0105czanie za po\u015brednictwem wej\u015b\u0107 HDMI, VGA, audio i nie tylko. Nie trzeba bezpo\u015brednio wy\u0142\u0105cza\u0107 zasilania, a wbudowana przes\u0142ona obiektywu umo\u017cliwia szybkie pakowanie i przenoszenie.  Szybka regulacja wy\u015bwietlacza dzi\u0119ki technologii korekcji geometrii Slide Keystone firmy Epson Szybka regulacja rozmiaru wy\u015bwietlacza dzi\u0119ki wyj\u0105tkowej technologii Slide Keystone firmy Epson. Korekcja geometrii \u00b130\u00b0 w poziomie u\u0142atwia i przyspiesza konfiguracj\u0119.  Przeno\u015bna i wszechstronna konstrukcja Ten lekki i kompaktowy wy\u015bwietlacz jest idealny do r\u00f3\u017cnych przestrzeni i ma wbudowany g\u0142o\u015bnik u\u0142atwiaj\u0105cy konfiguracj\u0119.  Niezawodno\u015b\u0107 i trwa\u0142o\u015b\u0107 Charakteryzuj\u0105cy si\u0119 wysok\u0105 niezawodno\u015bci\u0105 i czasem eksploatacji lampy si\u0119gaj\u0105cym 12 000 godzin w trybie ekonomicznym model EB-E24 jest obj\u0119ty 3-letni\u0105 gwarancj\u0105.","og_url":"https:\/\/avmax.pl\/sklep\/produkt\/eb-e24-v11hb51040\/","og_site_name":"AVMAX - Sklep","article_modified_time":"2026-01-12T13:44:52+00:00","og_image":[{"width":1000,"height":1000,"url":"https:\/\/avmax.pl\/sklep\/wp-content\/uploads\/2025\/12\/EB-E24-1.webp","type":"image\/webp"}],"twitter_card":"summary_large_image","twitter_misc":{"Szacowany czas czytania":"3 minuty"},"schema":{"@context":"https:\/\/schema.org","@graph":[{"@type":"WebPage","@id":"https:\/\/avmax.pl\/sklep\/produkt\/eb-e24-v11hb51040\/","url":"https:\/\/avmax.pl\/sklep\/produkt\/eb-e24-v11hb51040\/","name":"EB-E24 - AVMAX - Sklep","isPartOf":{"@id":"https:\/\/avmax.pl\/sklep\/#website"},"primaryImageOfPage":{"@id":"https:\/\/avmax.pl\/sklep\/produkt\/eb-e24-v11hb51040\/#primaryimage"},"image":{"@id":"https:\/\/avmax.pl\/sklep\/produkt\/eb-e24-v11hb51040\/#primaryimage"},"thumbnailUrl":"https:\/\/avmax.pl\/sklep\/wp-content\/uploads\/2025\/12\/EB-E24-1.webp","datePublished":"2025-12-01T12:47:21+00:00","dateModified":"2026-01-12T13:44:52+00:00","breadcrumb":{"@id":"https:\/\/avmax.pl\/sklep\/produkt\/eb-e24-v11hb51040\/#breadcrumb"},"inLanguage":"pl-PL","potentialAction":[{"@type":"ReadAction","target":["https:\/\/avmax.pl\/sklep\/produkt\/eb-e24-v11hb51040\/"]}]},{"@type":"ImageObject","inLanguage":"pl-PL","@id":"https:\/\/avmax.pl\/sklep\/produkt\/eb-e24-v11hb51040\/#primaryimage","url":"https:\/\/avmax.pl\/sklep\/wp-content\/uploads\/2025\/12\/EB-E24-1.webp","contentUrl":"https:\/\/avmax.pl\/sklep\/wp-content\/uploads\/2025\/12\/EB-E24-1.webp","width":1000,"height":1000},{"@type":"BreadcrumbList","@id":"https:\/\/avmax.pl\/sklep\/produkt\/eb-e24-v11hb51040\/#breadcrumb","itemListElement":[{"@type":"ListItem","position":1,"name":"Strona g\u0142\u00f3wna","item":"https:\/\/avmax.pl\/sklep\/"},{"@type":"ListItem","position":2,"name":"Sklep","item":"https:\/\/avmax.pl\/sklep\/shop\/"},{"@type":"ListItem","position":3,"name":"EB-E24"}]},{"@type":"WebSite","@id":"https:\/\/avmax.pl\/sklep\/#website","url":"https:\/\/avmax.pl\/sklep\/","name":"AVMAX - Sklep","description":"","publisher":{"@id":"https:\/\/avmax.pl\/sklep\/#organization"},"potentialAction":[{"@type":"SearchAction","target":{"@type":"EntryPoint","urlTemplate":"https:\/\/avmax.pl\/sklep\/?s={search_term_string}"},"query-input":{"@type":"PropertyValueSpecification","valueRequired":true,"valueName":"search_term_string"}}],"inLanguage":"pl-PL"},{"@type":"Organization","@id":"https:\/\/avmax.pl\/sklep\/#organization","name":"AVMAX - Sklep","url":"https:\/\/avmax.pl\/sklep\/","logo":{"@type":"ImageObject","inLanguage":"pl-PL","@id":"https:\/\/avmax.pl\/sklep\/#\/schema\/logo\/image\/","url":"https:\/\/avmax.pl\/sklep\/wp-content\/uploads\/2025\/11\/cropped-logo-avmax-2-3.webp","contentUrl":"https:\/\/avmax.pl\/sklep\/wp-content\/uploads\/2025\/11\/cropped-logo-avmax-2-3.webp","width":1500,"height":600,"caption":"AVMAX - Sklep"},"image":{"@id":"https:\/\/avmax.pl\/sklep\/#\/schema\/logo\/image\/"}}]}},"_links":{"self":[{"href":"https:\/\/avmax.pl\/sklep\/wp-json\/wp\/v2\/product\/2050","targetHints":{"allow":["GET"]}}],"collection":[{"href":"https:\/\/avmax.pl\/sklep\/wp-json\/wp\/v2\/product"}],"about":[{"href":"https:\/\/avmax.pl\/sklep\/wp-json\/wp\/v2\/types\/product"}],"replies":[{"embeddable":true,"href":"https:\/\/avmax.pl\/sklep\/wp-json\/wp\/v2\/comments?post=2050"}],"version-history":[{"count":5,"href":"https:\/\/avmax.pl\/sklep\/wp-json\/wp\/v2\/product\/2050\/revisions"}],"predecessor-version":[{"id":2371,"href":"https:\/\/avmax.pl\/sklep\/wp-json\/wp\/v2\/product\/2050\/revisions\/2371"}],"wp:featuredmedia":[{"embeddable":true,"href":"https:\/\/avmax.pl\/sklep\/wp-json\/wp\/v2\/media\/2589"}],"wp:attachment":[{"href":"https:\/\/avmax.pl\/sklep\/wp-json\/wp\/v2\/media?parent=2050"}],"wp:term":[{"taxonomy":"product_brand","embeddable":true,"href":"https:\/\/avmax.pl\/sklep\/wp-json\/wp\/v2\/product_brand?post=2050"},{"taxonomy":"product_cat","embeddable":true,"href":"https:\/\/avmax.pl\/sklep\/wp-json\/wp\/v2\/product_cat?post=2050"},{"taxonomy":"product_tag","embeddable":true,"href":"https:\/\/avmax.pl\/sklep\/wp-json\/wp\/v2\/product_tag?post=2050"},{"taxonomy":"product_brands","embeddable":true,"href":"https:\/\/avmax.pl\/sklep\/wp-json\/wp\/v2\/product_brands?post=2050"}],"curies":[{"name":"wp","href":"https:\/\/api.w.org\/{rel}","templated":true}]}}