{"id":2057,"date":"2025-12-01T13:26:21","date_gmt":"2025-12-01T13:26:21","guid":{"rendered":"https:\/\/avmax.pl\/sklep\/?post_type=product&#038;p=2057"},"modified":"2026-01-12T13:44:52","modified_gmt":"2026-01-12T13:44:52","slug":"eb-w49-v11h983040","status":"publish","type":"product","link":"https:\/\/avmax.pl\/sklep\/produkt\/eb-w49-v11h983040\/","title":{"rendered":"EB-W49"},"content":{"rendered":"<p><strong>Jasne, \u017cywe tre\u015bci na du\u017cym, skalowalnym ekranie<\/strong><br \/>\nWy\u015bwietlaj prezentacje na du\u017cym, skalowalnym ekranie, przyci\u0105gaj\u0105c uwag\u0119 s\u0142uchaczy wyra\u017anym tekstem oraz atrakcyjnymi grafikami i filmami na ekranie o przek\u0105tnej do 320 cali. Dzi\u0119ki nat\u0119\u017ceniu \u015bwiat\u0142a na poziomie 3800 lumen\u00f3w i wsp\u00f3\u0142czynnikowi kontrastu 16 000 : 1 przedstawiane materia\u0142y b\u0119d\u0105 doskonale widoczne nawet w dobrze o\u015bwietlonych pomieszczeniach.<\/p>\n<p><strong>Lata niezak\u0142\u00f3conych spotka\u0144<\/strong><br \/>\nDzi\u0119ki lampie o trwa\u0142o\u015bci do 17 000 godzin w trybie ekonomicznym.<br \/>\nKomunikacja sieciowa i bezprzewodowa (opcjonalnie)<br \/>\nObs\u0142uga sieci (przez z\u0142\u0105cze RJ45) i opcjonalna \u0142\u0105czno\u015b\u0107 bezprzewodowa oznaczaj\u0105, \u017ce projektor EB-W49 mo\u017cna na p\u00f3\u017aniejszym etapie doda\u0107 do sieci firmowej lub przystosowa\u0107 na potrzeby dost\u0119pu przy u\u017cyciu urz\u0105dze\u0144 bezprzewodowych (wymaga opcjonalnego wyposa\u017cenia).<\/p>\n<p><strong>Elastyczne mo\u017cliwo\u015bci instalacji i ustawiania<\/strong><br \/>\nDzi\u0119ki automatycznej pionowej i poziomej korekcji geometrii obrazu projektor mo\u017cna bez trudu ustawi\u0107 tak, aby unikn\u0105\u0107 zniekszta\u0142ce\u0144, a uniwersalno\u015b\u0107 urz\u0105dzenia dodatkowo zwi\u0119ksza szerokok\u0105tny zoom optyczny.<\/p>\n<p><strong>Wysoka jako\u015b\u0107 d\u017awi\u0119ku<\/strong><br \/>\nProjektor ma wbudowany g\u0142o\u015bnik 5 W, dzi\u0119ki kt\u00f3remu tre\u015bci audio s\u0105 dobrze s\u0142yszalne bez pod\u0142\u0105czania dodatkowych g\u0142o\u015bnik\u00f3w zewn\u0119trznych.<\/p>\n","protected":false},"excerpt":{"rendered":"<p>Dzi\u0119ki precyzyjnej rozdzielczo\u015bci WXGA i elastycznym mo\u017cliwo\u015bciom instalacji ten niezwykle trwa\u0142y projektor b\u0119dzie Ci s\u0142u\u017cy\u0142 przez wiele lat.<\/p>\n<ul>\n<li><strong>Jasne obrazy w jako\u015bci HD Ready<\/strong><br \/>\nTechnologia 3LCD daj\u0105ca r\u00f3wnie wysok\u0105 moc \u015bwiat\u0142a bia\u0142ego i barwnego<\/li>\n<li><strong>Wsp\u00f3\u0142czynnik kontrastu do 16 000 : 1<\/strong><br \/>\nG\u0142\u0119boka, intensywna czer\u0144 i mocne cieniowanie<\/li>\n<li><strong>Szeroki wyb\u00f3r z\u0142\u0105czy<\/strong><br \/>\nObs\u0142uga sieciowa i bezprzewodowa<\/li>\n<li><strong>Niski ca\u0142kowity koszt posiadania (TCO)<\/strong><br \/>\nCzas eksploatacji lampy do 17 000 godz. w trybie ekonomicznym<\/li>\n<li><strong>Wygodne funkcje obs\u0142ugi<\/strong><br \/>\nWej\u015bcie HDMI oraz \u0142\u0105czno\u015b\u0107 mobilna umo\u017cliwiaj\u0105 projekcj\u0119 z r\u00f3\u017cnych \u017ar\u00f3de\u0142<\/li>\n<\/ul>\n","protected":false},"featured_media":2652,"comment_status":"open","ping_status":"closed","template":"","meta":{"_bst_post_transparent":"default","_bst_post_title":"","_bst_post_layout":"default","_bst_post_sidebar_id":"","_bst_post_content_style":"default","_bst_post_vertical_padding":"default","_bst_post_feature":"","_bst_post_feature_position":"","_bst_post_header":false,"_bst_post_footer":false},"product_brand":[156],"product_cat":[161],"product_tag":[],"product_brands":[1010],"class_list":{"0":"post-2057","1":"product","2":"type-product","3":"status-publish","4":"has-post-thumbnail","6":"product_brand-epson","7":"product_cat-projektory-przenosne","8":"product_brands-epson","10":"first","11":"instock","12":"taxable","13":"shipping-taxable","14":"purchasable","15":"product-type-simple","16":"entry","17":"content-bg","18":"loop-entry"},"yoast_head":"<!-- This site is optimized with the Yoast SEO plugin v27.3 - https:\/\/yoast.com\/product\/yoast-seo-wordpress\/ -->\n<title>EB-W49 - AVMAX - Sklep<\/title>\n<meta name=\"robots\" content=\"index, follow, max-snippet:-1, max-image-preview:large, max-video-preview:-1\" \/>\n<link rel=\"canonical\" href=\"https:\/\/avmax.pl\/sklep\/produkt\/eb-w49-v11h983040\/\" \/>\n<meta property=\"og:locale\" content=\"pl_PL\" \/>\n<meta property=\"og:type\" content=\"article\" \/>\n<meta property=\"og:title\" content=\"EB-W49 - AVMAX - Sklep\" \/>\n<meta property=\"og:description\" content=\"Dzi\u0119ki precyzyjnej rozdzielczo\u015bci WXGA i elastycznym mo\u017cliwo\u015bciom instalacji ten niezwykle trwa\u0142y projektor b\u0119dzie Ci s\u0142u\u017cy\u0142 przez wiele lat.   Jasne obrazy w jako\u015bci HD Ready Technologia 3LCD daj\u0105ca r\u00f3wnie wysok\u0105 moc \u015bwiat\u0142a bia\u0142ego i barwnego  Wsp\u00f3\u0142czynnik kontrastu do 16 000 : 1 G\u0142\u0119boka, intensywna czer\u0144 i mocne cieniowanie  Szeroki wyb\u00f3r z\u0142\u0105czy Obs\u0142uga sieciowa i bezprzewodowa  Niski ca\u0142kowity koszt posiadania (TCO) Czas eksploatacji lampy do 17 000 godz. w trybie ekonomicznym  Wygodne funkcje obs\u0142ugi Wej\u015bcie HDMI oraz \u0142\u0105czno\u015b\u0107 mobilna umo\u017cliwiaj\u0105 projekcj\u0119 z r\u00f3\u017cnych \u017ar\u00f3de\u0142\" \/>\n<meta property=\"og:url\" content=\"https:\/\/avmax.pl\/sklep\/produkt\/eb-w49-v11h983040\/\" \/>\n<meta property=\"og:site_name\" content=\"AVMAX - Sklep\" \/>\n<meta property=\"article:modified_time\" content=\"2026-01-12T13:44:52+00:00\" \/>\n<meta property=\"og:image\" content=\"https:\/\/avmax.pl\/sklep\/wp-content\/uploads\/2025\/12\/EB-W49-1.webp\" \/>\n\t<meta property=\"og:image:width\" content=\"1000\" \/>\n\t<meta property=\"og:image:height\" content=\"1000\" \/>\n\t<meta property=\"og:image:type\" content=\"image\/webp\" \/>\n<meta name=\"twitter:card\" content=\"summary_large_image\" \/>\n<meta name=\"twitter:label1\" content=\"Szacowany czas czytania\" \/>\n\t<meta name=\"twitter:data1\" content=\"2 minuty\" \/>\n<script type=\"application\/ld+json\" class=\"yoast-schema-graph\">{\"@context\":\"https:\\\/\\\/schema.org\",\"@graph\":[{\"@type\":\"WebPage\",\"@id\":\"https:\\\/\\\/avmax.pl\\\/sklep\\\/produkt\\\/eb-w49-v11h983040\\\/\",\"url\":\"https:\\\/\\\/avmax.pl\\\/sklep\\\/produkt\\\/eb-w49-v11h983040\\\/\",\"name\":\"EB-W49 - AVMAX - Sklep\",\"isPartOf\":{\"@id\":\"https:\\\/\\\/avmax.pl\\\/sklep\\\/#website\"},\"primaryImageOfPage\":{\"@id\":\"https:\\\/\\\/avmax.pl\\\/sklep\\\/produkt\\\/eb-w49-v11h983040\\\/#primaryimage\"},\"image\":{\"@id\":\"https:\\\/\\\/avmax.pl\\\/sklep\\\/produkt\\\/eb-w49-v11h983040\\\/#primaryimage\"},\"thumbnailUrl\":\"https:\\\/\\\/avmax.pl\\\/sklep\\\/wp-content\\\/uploads\\\/2025\\\/12\\\/EB-W49-1.webp\",\"datePublished\":\"2025-12-01T13:26:21+00:00\",\"dateModified\":\"2026-01-12T13:44:52+00:00\",\"breadcrumb\":{\"@id\":\"https:\\\/\\\/avmax.pl\\\/sklep\\\/produkt\\\/eb-w49-v11h983040\\\/#breadcrumb\"},\"inLanguage\":\"pl-PL\",\"potentialAction\":[{\"@type\":\"ReadAction\",\"target\":[\"https:\\\/\\\/avmax.pl\\\/sklep\\\/produkt\\\/eb-w49-v11h983040\\\/\"]}]},{\"@type\":\"ImageObject\",\"inLanguage\":\"pl-PL\",\"@id\":\"https:\\\/\\\/avmax.pl\\\/sklep\\\/produkt\\\/eb-w49-v11h983040\\\/#primaryimage\",\"url\":\"https:\\\/\\\/avmax.pl\\\/sklep\\\/wp-content\\\/uploads\\\/2025\\\/12\\\/EB-W49-1.webp\",\"contentUrl\":\"https:\\\/\\\/avmax.pl\\\/sklep\\\/wp-content\\\/uploads\\\/2025\\\/12\\\/EB-W49-1.webp\",\"width\":1000,\"height\":1000},{\"@type\":\"BreadcrumbList\",\"@id\":\"https:\\\/\\\/avmax.pl\\\/sklep\\\/produkt\\\/eb-w49-v11h983040\\\/#breadcrumb\",\"itemListElement\":[{\"@type\":\"ListItem\",\"position\":1,\"name\":\"Strona g\u0142\u00f3wna\",\"item\":\"https:\\\/\\\/avmax.pl\\\/sklep\\\/\"},{\"@type\":\"ListItem\",\"position\":2,\"name\":\"Sklep\",\"item\":\"https:\\\/\\\/avmax.pl\\\/sklep\\\/shop\\\/\"},{\"@type\":\"ListItem\",\"position\":3,\"name\":\"EB-W49\"}]},{\"@type\":\"WebSite\",\"@id\":\"https:\\\/\\\/avmax.pl\\\/sklep\\\/#website\",\"url\":\"https:\\\/\\\/avmax.pl\\\/sklep\\\/\",\"name\":\"AVMAX - Sklep\",\"description\":\"\",\"publisher\":{\"@id\":\"https:\\\/\\\/avmax.pl\\\/sklep\\\/#organization\"},\"potentialAction\":[{\"@type\":\"SearchAction\",\"target\":{\"@type\":\"EntryPoint\",\"urlTemplate\":\"https:\\\/\\\/avmax.pl\\\/sklep\\\/?s={search_term_string}\"},\"query-input\":{\"@type\":\"PropertyValueSpecification\",\"valueRequired\":true,\"valueName\":\"search_term_string\"}}],\"inLanguage\":\"pl-PL\"},{\"@type\":\"Organization\",\"@id\":\"https:\\\/\\\/avmax.pl\\\/sklep\\\/#organization\",\"name\":\"AVMAX - Sklep\",\"url\":\"https:\\\/\\\/avmax.pl\\\/sklep\\\/\",\"logo\":{\"@type\":\"ImageObject\",\"inLanguage\":\"pl-PL\",\"@id\":\"https:\\\/\\\/avmax.pl\\\/sklep\\\/#\\\/schema\\\/logo\\\/image\\\/\",\"url\":\"https:\\\/\\\/avmax.pl\\\/sklep\\\/wp-content\\\/uploads\\\/2025\\\/11\\\/cropped-logo-avmax-2-3.webp\",\"contentUrl\":\"https:\\\/\\\/avmax.pl\\\/sklep\\\/wp-content\\\/uploads\\\/2025\\\/11\\\/cropped-logo-avmax-2-3.webp\",\"width\":1500,\"height\":600,\"caption\":\"AVMAX - Sklep\"},\"image\":{\"@id\":\"https:\\\/\\\/avmax.pl\\\/sklep\\\/#\\\/schema\\\/logo\\\/image\\\/\"}}]}<\/script>\n<!-- \/ Yoast SEO plugin. -->","yoast_head_json":{"title":"EB-W49 - AVMAX - Sklep","robots":{"index":"index","follow":"follow","max-snippet":"max-snippet:-1","max-image-preview":"max-image-preview:large","max-video-preview":"max-video-preview:-1"},"canonical":"https:\/\/avmax.pl\/sklep\/produkt\/eb-w49-v11h983040\/","og_locale":"pl_PL","og_type":"article","og_title":"EB-W49 - AVMAX - Sklep","og_description":"Dzi\u0119ki precyzyjnej rozdzielczo\u015bci WXGA i elastycznym mo\u017cliwo\u015bciom instalacji ten niezwykle trwa\u0142y projektor b\u0119dzie Ci s\u0142u\u017cy\u0142 przez wiele lat.   Jasne obrazy w jako\u015bci HD Ready Technologia 3LCD daj\u0105ca r\u00f3wnie wysok\u0105 moc \u015bwiat\u0142a bia\u0142ego i barwnego  Wsp\u00f3\u0142czynnik kontrastu do 16 000 : 1 G\u0142\u0119boka, intensywna czer\u0144 i mocne cieniowanie  Szeroki wyb\u00f3r z\u0142\u0105czy Obs\u0142uga sieciowa i bezprzewodowa  Niski ca\u0142kowity koszt posiadania (TCO) Czas eksploatacji lampy do 17 000 godz. w trybie ekonomicznym  Wygodne funkcje obs\u0142ugi Wej\u015bcie HDMI oraz \u0142\u0105czno\u015b\u0107 mobilna umo\u017cliwiaj\u0105 projekcj\u0119 z r\u00f3\u017cnych \u017ar\u00f3de\u0142","og_url":"https:\/\/avmax.pl\/sklep\/produkt\/eb-w49-v11h983040\/","og_site_name":"AVMAX - Sklep","article_modified_time":"2026-01-12T13:44:52+00:00","og_image":[{"width":1000,"height":1000,"url":"https:\/\/avmax.pl\/sklep\/wp-content\/uploads\/2025\/12\/EB-W49-1.webp","type":"image\/webp"}],"twitter_card":"summary_large_image","twitter_misc":{"Szacowany czas czytania":"2 minuty"},"schema":{"@context":"https:\/\/schema.org","@graph":[{"@type":"WebPage","@id":"https:\/\/avmax.pl\/sklep\/produkt\/eb-w49-v11h983040\/","url":"https:\/\/avmax.pl\/sklep\/produkt\/eb-w49-v11h983040\/","name":"EB-W49 - AVMAX - Sklep","isPartOf":{"@id":"https:\/\/avmax.pl\/sklep\/#website"},"primaryImageOfPage":{"@id":"https:\/\/avmax.pl\/sklep\/produkt\/eb-w49-v11h983040\/#primaryimage"},"image":{"@id":"https:\/\/avmax.pl\/sklep\/produkt\/eb-w49-v11h983040\/#primaryimage"},"thumbnailUrl":"https:\/\/avmax.pl\/sklep\/wp-content\/uploads\/2025\/12\/EB-W49-1.webp","datePublished":"2025-12-01T13:26:21+00:00","dateModified":"2026-01-12T13:44:52+00:00","breadcrumb":{"@id":"https:\/\/avmax.pl\/sklep\/produkt\/eb-w49-v11h983040\/#breadcrumb"},"inLanguage":"pl-PL","potentialAction":[{"@type":"ReadAction","target":["https:\/\/avmax.pl\/sklep\/produkt\/eb-w49-v11h983040\/"]}]},{"@type":"ImageObject","inLanguage":"pl-PL","@id":"https:\/\/avmax.pl\/sklep\/produkt\/eb-w49-v11h983040\/#primaryimage","url":"https:\/\/avmax.pl\/sklep\/wp-content\/uploads\/2025\/12\/EB-W49-1.webp","contentUrl":"https:\/\/avmax.pl\/sklep\/wp-content\/uploads\/2025\/12\/EB-W49-1.webp","width":1000,"height":1000},{"@type":"BreadcrumbList","@id":"https:\/\/avmax.pl\/sklep\/produkt\/eb-w49-v11h983040\/#breadcrumb","itemListElement":[{"@type":"ListItem","position":1,"name":"Strona g\u0142\u00f3wna","item":"https:\/\/avmax.pl\/sklep\/"},{"@type":"ListItem","position":2,"name":"Sklep","item":"https:\/\/avmax.pl\/sklep\/shop\/"},{"@type":"ListItem","position":3,"name":"EB-W49"}]},{"@type":"WebSite","@id":"https:\/\/avmax.pl\/sklep\/#website","url":"https:\/\/avmax.pl\/sklep\/","name":"AVMAX - Sklep","description":"","publisher":{"@id":"https:\/\/avmax.pl\/sklep\/#organization"},"potentialAction":[{"@type":"SearchAction","target":{"@type":"EntryPoint","urlTemplate":"https:\/\/avmax.pl\/sklep\/?s={search_term_string}"},"query-input":{"@type":"PropertyValueSpecification","valueRequired":true,"valueName":"search_term_string"}}],"inLanguage":"pl-PL"},{"@type":"Organization","@id":"https:\/\/avmax.pl\/sklep\/#organization","name":"AVMAX - Sklep","url":"https:\/\/avmax.pl\/sklep\/","logo":{"@type":"ImageObject","inLanguage":"pl-PL","@id":"https:\/\/avmax.pl\/sklep\/#\/schema\/logo\/image\/","url":"https:\/\/avmax.pl\/sklep\/wp-content\/uploads\/2025\/11\/cropped-logo-avmax-2-3.webp","contentUrl":"https:\/\/avmax.pl\/sklep\/wp-content\/uploads\/2025\/11\/cropped-logo-avmax-2-3.webp","width":1500,"height":600,"caption":"AVMAX - Sklep"},"image":{"@id":"https:\/\/avmax.pl\/sklep\/#\/schema\/logo\/image\/"}}]}},"_links":{"self":[{"href":"https:\/\/avmax.pl\/sklep\/wp-json\/wp\/v2\/product\/2057","targetHints":{"allow":["GET"]}}],"collection":[{"href":"https:\/\/avmax.pl\/sklep\/wp-json\/wp\/v2\/product"}],"about":[{"href":"https:\/\/avmax.pl\/sklep\/wp-json\/wp\/v2\/types\/product"}],"replies":[{"embeddable":true,"href":"https:\/\/avmax.pl\/sklep\/wp-json\/wp\/v2\/comments?post=2057"}],"version-history":[{"count":5,"href":"https:\/\/avmax.pl\/sklep\/wp-json\/wp\/v2\/product\/2057\/revisions"}],"predecessor-version":[{"id":2377,"href":"https:\/\/avmax.pl\/sklep\/wp-json\/wp\/v2\/product\/2057\/revisions\/2377"}],"wp:featuredmedia":[{"embeddable":true,"href":"https:\/\/avmax.pl\/sklep\/wp-json\/wp\/v2\/media\/2652"}],"wp:attachment":[{"href":"https:\/\/avmax.pl\/sklep\/wp-json\/wp\/v2\/media?parent=2057"}],"wp:term":[{"taxonomy":"product_brand","embeddable":true,"href":"https:\/\/avmax.pl\/sklep\/wp-json\/wp\/v2\/product_brand?post=2057"},{"taxonomy":"product_cat","embeddable":true,"href":"https:\/\/avmax.pl\/sklep\/wp-json\/wp\/v2\/product_cat?post=2057"},{"taxonomy":"product_tag","embeddable":true,"href":"https:\/\/avmax.pl\/sklep\/wp-json\/wp\/v2\/product_tag?post=2057"},{"taxonomy":"product_brands","embeddable":true,"href":"https:\/\/avmax.pl\/sklep\/wp-json\/wp\/v2\/product_brands?post=2057"}],"curies":[{"name":"wp","href":"https:\/\/api.w.org\/{rel}","templated":true}]}}