{"id":2063,"date":"2025-12-01T14:11:51","date_gmt":"2025-12-01T14:11:51","guid":{"rendered":"https:\/\/avmax.pl\/sklep\/?post_type=product&#038;p=2063"},"modified":"2026-01-12T13:44:52","modified_gmt":"2026-01-12T13:44:52","slug":"eb-1485fi-v11h919040-2","status":"publish","type":"product","link":"https:\/\/avmax.pl\/sklep\/produkt\/eb-1485fi-v11h919040-2\/","title":{"rendered":"EB-1485Fi"},"content":{"rendered":"<p><strong>Elastyczne opcje wy\u015bwietlania i rozmiaru<\/strong><br \/>\nZapewniaj efektowne prezentacje dzi\u0119ki wielodotykowemu wy\u015bwietlaczowi o przek\u0105tnej do 100 cali (16:9 autonomiczny), 120 cali (16:6 autonomiczny) lub 155 cali, korzystaj\u0105c z funkcji Epson DuoLink, kt\u00f3ra \u0142\u0105czy dwa interaktywne wy\u015bwietlacze za pomoc\u0105 wbudowanego edge blendingu (\u0142\u0105czenia projekcji).<\/p>\n<p><strong>Wsp\u00f3\u0142praca i komunikacja<\/strong><br \/>\nIntuicyjny i \u0142atwy w u\u017cyciu interfejs u\u017cytkownika, dotykowy ekran g\u0142\u00f3wny oraz interaktywne menu ekranowe u\u0142atwiaj\u0105 konfiguracj\u0119 i nawigacj\u0119 mi\u0119dzy funkcjami. Wyposa\u017cony w wielodotykowe funkcje pi\u00f3ra i palc\u00f3w, bezprzewodow\u0105 \u0142\u0105czno\u015b\u0107 BYOD i screen mirroring (Miracast). Wyposa\u017cony r\u00f3wnie\u017c w narz\u0119dzia umo\u017cliwiaj\u0105ce bezpieczn\u0105 wsp\u00f3\u0142prac\u0119 oraz szeroki wachlarz opcji po\u0142\u0105cze\u0144, zar\u00f3wno bezprzewodowych, jak i przewodowych, w tym wyj\u015bcie HDBaseT* oraz HDMI. Bezp\u0142atna aplikacja Epson iProjection zapewnia p\u0142ynn\u0105 \u0142\u0105czno\u015b\u0107 bezprzewodow\u0105 oraz kontrol\u0119 nad wsp\u00f3\u0142prac\u0105 z wielu urz\u0105dze\u0144 i platform. Jest kompatybilna z systemami Windows, Office 365 i iOS, umo\u017cliwiaj\u0105c korzystanie z aplikacji na komputerach PC i tabletach.<\/p>\n<p><strong>Dzielony i przesuwany ekran<\/strong><br \/>\nW celu optymalizowania interakcji podczas spotka\u0144 mo\u017cna korzysta\u0107 nawet z czterech \u017ar\u00f3de\u0142, takich jak systemy wideokonferencyjne z r\u00f3\u017cnymi \u017ar\u00f3d\u0142ami wideo oraz prezentacje.<\/p>\n<p><strong>Technologia zapewniaj\u0105ca wysok\u0105 niezawodno\u015b\u0107<\/strong><br \/>\nOferuje czas pracy do 20 000 godzin bez konserwacji i jest obj\u0119ty pi\u0119cioletni\u0105 gwarancj\u0105. Te rozwi\u0105zania obni\u017caj\u0105 koszty eksploatacji, a brak konieczno\u015bci serwisowania oznacza, \u017ce mo\u017cesz skupi\u0107 si\u0119 na bie\u017c\u0105cych zadaniach.<br \/>\n* HDBaseT kompatybilny TYLKO z controlPad.<\/p>\n","protected":false},"excerpt":{"rendered":"<p>Elastyczna praca dzi\u0119ki udost\u0119pnianiu tre\u015bci i elastycznym po\u0142\u0105czeniom za pomoc\u0105 tego laserowego wy\u015bwietlacza Full HD.<\/p>\n<ul>\n<li><strong>Elastyczne opcje wy\u015bwietlania i rozmiaru<\/strong><br \/>\nZaspokajaj potrzeby u\u017cytkownik\u00f3w w ka\u017cdym \u015brodowisku pracy<\/li>\n<li><strong>Interaktywny wy\u015bwietlacz konferencyjny typu \u201ewszystko w jednym\u201d<\/strong><br \/>\n\u0141\u0105czy kilka narz\u0119dzi w jednym, interakcyjnym urz\u0105dzeniu u\u0142atwiaj\u0105cym wsp\u00f3\u0142prac\u0119<\/li>\n<li><strong>Wy\u017csza produktywno\u015b\u0107 i elastyczno\u015b\u0107 pracy<\/strong><br \/>\nUdost\u0119pnianie i wy\u015bwietlanie tre\u015bci z kilku urz\u0105dze\u0144 jednocze\u015bnie<\/li>\n<li><strong>Dzielony i przesuwany ekran<\/strong><br \/>\nMo\u017cliwo\u015b\u0107 wy\u015bwietlania do czterech obraz\u00f3w jednocze\u015bnie \u2013 projekcja obraz\u00f3w z r\u00f3\u017cnych \u017ar\u00f3de\u0142<\/li>\n<li><strong>\u0141atwy monta\u017c<\/strong><br \/>\nSzybka konfiguracja dzi\u0119ki funkcji automatycznej kalibracji<\/li>\n<\/ul>\n","protected":false},"featured_media":2660,"comment_status":"open","ping_status":"closed","template":"","meta":{"_bst_post_transparent":"default","_bst_post_title":"","_bst_post_layout":"default","_bst_post_sidebar_id":"","_bst_post_content_style":"default","_bst_post_vertical_padding":"default","_bst_post_feature":"","_bst_post_feature_position":"","_bst_post_header":false,"_bst_post_footer":false},"product_brand":[156],"product_cat":[177],"product_tag":[],"product_brands":[1010],"class_list":{"0":"post-2063","1":"product","2":"type-product","3":"status-publish","4":"has-post-thumbnail","6":"product_brand-epson","7":"product_cat-interaktywne-projektory","8":"product_brands-epson","10":"first","11":"instock","12":"taxable","13":"shipping-taxable","14":"purchasable","15":"product-type-simple","16":"entry","17":"content-bg","18":"loop-entry"},"yoast_head":"<!-- This site is optimized with the Yoast SEO plugin v27.3 - https:\/\/yoast.com\/product\/yoast-seo-wordpress\/ -->\n<title>EB-1485Fi - AVMAX - Sklep<\/title>\n<meta name=\"robots\" content=\"index, follow, max-snippet:-1, max-image-preview:large, max-video-preview:-1\" \/>\n<link rel=\"canonical\" href=\"https:\/\/avmax.pl\/sklep\/produkt\/eb-1485fi-v11h919040-2\/\" \/>\n<meta property=\"og:locale\" content=\"pl_PL\" \/>\n<meta property=\"og:type\" content=\"article\" \/>\n<meta property=\"og:title\" content=\"EB-1485Fi - AVMAX - Sklep\" \/>\n<meta property=\"og:description\" content=\"Elastyczna praca dzi\u0119ki udost\u0119pnianiu tre\u015bci i elastycznym po\u0142\u0105czeniom za pomoc\u0105 tego laserowego wy\u015bwietlacza Full HD.   Elastyczne opcje wy\u015bwietlania i rozmiaru Zaspokajaj potrzeby u\u017cytkownik\u00f3w w ka\u017cdym \u015brodowisku pracy  Interaktywny wy\u015bwietlacz konferencyjny typu \u201ewszystko w jednym\u201d \u0141\u0105czy kilka narz\u0119dzi w jednym, interakcyjnym urz\u0105dzeniu u\u0142atwiaj\u0105cym wsp\u00f3\u0142prac\u0119  Wy\u017csza produktywno\u015b\u0107 i elastyczno\u015b\u0107 pracy Udost\u0119pnianie i wy\u015bwietlanie tre\u015bci z kilku urz\u0105dze\u0144 jednocze\u015bnie  Dzielony i przesuwany ekran Mo\u017cliwo\u015b\u0107 wy\u015bwietlania do czterech obraz\u00f3w jednocze\u015bnie \u2013 projekcja obraz\u00f3w z r\u00f3\u017cnych \u017ar\u00f3de\u0142  \u0141atwy monta\u017c Szybka konfiguracja dzi\u0119ki funkcji automatycznej kalibracji\" \/>\n<meta property=\"og:url\" content=\"https:\/\/avmax.pl\/sklep\/produkt\/eb-1485fi-v11h919040-2\/\" \/>\n<meta property=\"og:site_name\" content=\"AVMAX - Sklep\" \/>\n<meta property=\"article:modified_time\" content=\"2026-01-12T13:44:52+00:00\" \/>\n<meta property=\"og:image\" content=\"https:\/\/avmax.pl\/sklep\/wp-content\/uploads\/2025\/12\/EB-1485Fi-1.webp\" \/>\n\t<meta property=\"og:image:width\" content=\"1000\" \/>\n\t<meta property=\"og:image:height\" content=\"1000\" \/>\n\t<meta property=\"og:image:type\" content=\"image\/webp\" \/>\n<meta name=\"twitter:card\" content=\"summary_large_image\" \/>\n<meta name=\"twitter:label1\" content=\"Szacowany czas czytania\" \/>\n\t<meta name=\"twitter:data1\" content=\"2 minuty\" \/>\n<script type=\"application\/ld+json\" class=\"yoast-schema-graph\">{\"@context\":\"https:\\\/\\\/schema.org\",\"@graph\":[{\"@type\":\"WebPage\",\"@id\":\"https:\\\/\\\/avmax.pl\\\/sklep\\\/produkt\\\/eb-1485fi-v11h919040-2\\\/\",\"url\":\"https:\\\/\\\/avmax.pl\\\/sklep\\\/produkt\\\/eb-1485fi-v11h919040-2\\\/\",\"name\":\"EB-1485Fi - AVMAX - Sklep\",\"isPartOf\":{\"@id\":\"https:\\\/\\\/avmax.pl\\\/sklep\\\/#website\"},\"primaryImageOfPage\":{\"@id\":\"https:\\\/\\\/avmax.pl\\\/sklep\\\/produkt\\\/eb-1485fi-v11h919040-2\\\/#primaryimage\"},\"image\":{\"@id\":\"https:\\\/\\\/avmax.pl\\\/sklep\\\/produkt\\\/eb-1485fi-v11h919040-2\\\/#primaryimage\"},\"thumbnailUrl\":\"https:\\\/\\\/avmax.pl\\\/sklep\\\/wp-content\\\/uploads\\\/2025\\\/12\\\/EB-1485Fi-1.webp\",\"datePublished\":\"2025-12-01T14:11:51+00:00\",\"dateModified\":\"2026-01-12T13:44:52+00:00\",\"breadcrumb\":{\"@id\":\"https:\\\/\\\/avmax.pl\\\/sklep\\\/produkt\\\/eb-1485fi-v11h919040-2\\\/#breadcrumb\"},\"inLanguage\":\"pl-PL\",\"potentialAction\":[{\"@type\":\"ReadAction\",\"target\":[\"https:\\\/\\\/avmax.pl\\\/sklep\\\/produkt\\\/eb-1485fi-v11h919040-2\\\/\"]}]},{\"@type\":\"ImageObject\",\"inLanguage\":\"pl-PL\",\"@id\":\"https:\\\/\\\/avmax.pl\\\/sklep\\\/produkt\\\/eb-1485fi-v11h919040-2\\\/#primaryimage\",\"url\":\"https:\\\/\\\/avmax.pl\\\/sklep\\\/wp-content\\\/uploads\\\/2025\\\/12\\\/EB-1485Fi-1.webp\",\"contentUrl\":\"https:\\\/\\\/avmax.pl\\\/sklep\\\/wp-content\\\/uploads\\\/2025\\\/12\\\/EB-1485Fi-1.webp\",\"width\":1000,\"height\":1000},{\"@type\":\"BreadcrumbList\",\"@id\":\"https:\\\/\\\/avmax.pl\\\/sklep\\\/produkt\\\/eb-1485fi-v11h919040-2\\\/#breadcrumb\",\"itemListElement\":[{\"@type\":\"ListItem\",\"position\":1,\"name\":\"Strona g\u0142\u00f3wna\",\"item\":\"https:\\\/\\\/avmax.pl\\\/sklep\\\/\"},{\"@type\":\"ListItem\",\"position\":2,\"name\":\"Sklep\",\"item\":\"https:\\\/\\\/avmax.pl\\\/sklep\\\/shop\\\/\"},{\"@type\":\"ListItem\",\"position\":3,\"name\":\"EB-1485Fi\"}]},{\"@type\":\"WebSite\",\"@id\":\"https:\\\/\\\/avmax.pl\\\/sklep\\\/#website\",\"url\":\"https:\\\/\\\/avmax.pl\\\/sklep\\\/\",\"name\":\"AVMAX - Sklep\",\"description\":\"\",\"publisher\":{\"@id\":\"https:\\\/\\\/avmax.pl\\\/sklep\\\/#organization\"},\"potentialAction\":[{\"@type\":\"SearchAction\",\"target\":{\"@type\":\"EntryPoint\",\"urlTemplate\":\"https:\\\/\\\/avmax.pl\\\/sklep\\\/?s={search_term_string}\"},\"query-input\":{\"@type\":\"PropertyValueSpecification\",\"valueRequired\":true,\"valueName\":\"search_term_string\"}}],\"inLanguage\":\"pl-PL\"},{\"@type\":\"Organization\",\"@id\":\"https:\\\/\\\/avmax.pl\\\/sklep\\\/#organization\",\"name\":\"AVMAX - Sklep\",\"url\":\"https:\\\/\\\/avmax.pl\\\/sklep\\\/\",\"logo\":{\"@type\":\"ImageObject\",\"inLanguage\":\"pl-PL\",\"@id\":\"https:\\\/\\\/avmax.pl\\\/sklep\\\/#\\\/schema\\\/logo\\\/image\\\/\",\"url\":\"https:\\\/\\\/avmax.pl\\\/sklep\\\/wp-content\\\/uploads\\\/2025\\\/11\\\/cropped-logo-avmax-2-3.webp\",\"contentUrl\":\"https:\\\/\\\/avmax.pl\\\/sklep\\\/wp-content\\\/uploads\\\/2025\\\/11\\\/cropped-logo-avmax-2-3.webp\",\"width\":1500,\"height\":600,\"caption\":\"AVMAX - Sklep\"},\"image\":{\"@id\":\"https:\\\/\\\/avmax.pl\\\/sklep\\\/#\\\/schema\\\/logo\\\/image\\\/\"}}]}<\/script>\n<!-- \/ Yoast SEO plugin. -->","yoast_head_json":{"title":"EB-1485Fi - AVMAX - Sklep","robots":{"index":"index","follow":"follow","max-snippet":"max-snippet:-1","max-image-preview":"max-image-preview:large","max-video-preview":"max-video-preview:-1"},"canonical":"https:\/\/avmax.pl\/sklep\/produkt\/eb-1485fi-v11h919040-2\/","og_locale":"pl_PL","og_type":"article","og_title":"EB-1485Fi - AVMAX - Sklep","og_description":"Elastyczna praca dzi\u0119ki udost\u0119pnianiu tre\u015bci i elastycznym po\u0142\u0105czeniom za pomoc\u0105 tego laserowego wy\u015bwietlacza Full HD.   Elastyczne opcje wy\u015bwietlania i rozmiaru Zaspokajaj potrzeby u\u017cytkownik\u00f3w w ka\u017cdym \u015brodowisku pracy  Interaktywny wy\u015bwietlacz konferencyjny typu \u201ewszystko w jednym\u201d \u0141\u0105czy kilka narz\u0119dzi w jednym, interakcyjnym urz\u0105dzeniu u\u0142atwiaj\u0105cym wsp\u00f3\u0142prac\u0119  Wy\u017csza produktywno\u015b\u0107 i elastyczno\u015b\u0107 pracy Udost\u0119pnianie i wy\u015bwietlanie tre\u015bci z kilku urz\u0105dze\u0144 jednocze\u015bnie  Dzielony i przesuwany ekran Mo\u017cliwo\u015b\u0107 wy\u015bwietlania do czterech obraz\u00f3w jednocze\u015bnie \u2013 projekcja obraz\u00f3w z r\u00f3\u017cnych \u017ar\u00f3de\u0142  \u0141atwy monta\u017c Szybka konfiguracja dzi\u0119ki funkcji automatycznej kalibracji","og_url":"https:\/\/avmax.pl\/sklep\/produkt\/eb-1485fi-v11h919040-2\/","og_site_name":"AVMAX - Sklep","article_modified_time":"2026-01-12T13:44:52+00:00","og_image":[{"width":1000,"height":1000,"url":"https:\/\/avmax.pl\/sklep\/wp-content\/uploads\/2025\/12\/EB-1485Fi-1.webp","type":"image\/webp"}],"twitter_card":"summary_large_image","twitter_misc":{"Szacowany czas czytania":"2 minuty"},"schema":{"@context":"https:\/\/schema.org","@graph":[{"@type":"WebPage","@id":"https:\/\/avmax.pl\/sklep\/produkt\/eb-1485fi-v11h919040-2\/","url":"https:\/\/avmax.pl\/sklep\/produkt\/eb-1485fi-v11h919040-2\/","name":"EB-1485Fi - AVMAX - Sklep","isPartOf":{"@id":"https:\/\/avmax.pl\/sklep\/#website"},"primaryImageOfPage":{"@id":"https:\/\/avmax.pl\/sklep\/produkt\/eb-1485fi-v11h919040-2\/#primaryimage"},"image":{"@id":"https:\/\/avmax.pl\/sklep\/produkt\/eb-1485fi-v11h919040-2\/#primaryimage"},"thumbnailUrl":"https:\/\/avmax.pl\/sklep\/wp-content\/uploads\/2025\/12\/EB-1485Fi-1.webp","datePublished":"2025-12-01T14:11:51+00:00","dateModified":"2026-01-12T13:44:52+00:00","breadcrumb":{"@id":"https:\/\/avmax.pl\/sklep\/produkt\/eb-1485fi-v11h919040-2\/#breadcrumb"},"inLanguage":"pl-PL","potentialAction":[{"@type":"ReadAction","target":["https:\/\/avmax.pl\/sklep\/produkt\/eb-1485fi-v11h919040-2\/"]}]},{"@type":"ImageObject","inLanguage":"pl-PL","@id":"https:\/\/avmax.pl\/sklep\/produkt\/eb-1485fi-v11h919040-2\/#primaryimage","url":"https:\/\/avmax.pl\/sklep\/wp-content\/uploads\/2025\/12\/EB-1485Fi-1.webp","contentUrl":"https:\/\/avmax.pl\/sklep\/wp-content\/uploads\/2025\/12\/EB-1485Fi-1.webp","width":1000,"height":1000},{"@type":"BreadcrumbList","@id":"https:\/\/avmax.pl\/sklep\/produkt\/eb-1485fi-v11h919040-2\/#breadcrumb","itemListElement":[{"@type":"ListItem","position":1,"name":"Strona g\u0142\u00f3wna","item":"https:\/\/avmax.pl\/sklep\/"},{"@type":"ListItem","position":2,"name":"Sklep","item":"https:\/\/avmax.pl\/sklep\/shop\/"},{"@type":"ListItem","position":3,"name":"EB-1485Fi"}]},{"@type":"WebSite","@id":"https:\/\/avmax.pl\/sklep\/#website","url":"https:\/\/avmax.pl\/sklep\/","name":"AVMAX - Sklep","description":"","publisher":{"@id":"https:\/\/avmax.pl\/sklep\/#organization"},"potentialAction":[{"@type":"SearchAction","target":{"@type":"EntryPoint","urlTemplate":"https:\/\/avmax.pl\/sklep\/?s={search_term_string}"},"query-input":{"@type":"PropertyValueSpecification","valueRequired":true,"valueName":"search_term_string"}}],"inLanguage":"pl-PL"},{"@type":"Organization","@id":"https:\/\/avmax.pl\/sklep\/#organization","name":"AVMAX - Sklep","url":"https:\/\/avmax.pl\/sklep\/","logo":{"@type":"ImageObject","inLanguage":"pl-PL","@id":"https:\/\/avmax.pl\/sklep\/#\/schema\/logo\/image\/","url":"https:\/\/avmax.pl\/sklep\/wp-content\/uploads\/2025\/11\/cropped-logo-avmax-2-3.webp","contentUrl":"https:\/\/avmax.pl\/sklep\/wp-content\/uploads\/2025\/11\/cropped-logo-avmax-2-3.webp","width":1500,"height":600,"caption":"AVMAX - Sklep"},"image":{"@id":"https:\/\/avmax.pl\/sklep\/#\/schema\/logo\/image\/"}}]}},"_links":{"self":[{"href":"https:\/\/avmax.pl\/sklep\/wp-json\/wp\/v2\/product\/2063","targetHints":{"allow":["GET"]}}],"collection":[{"href":"https:\/\/avmax.pl\/sklep\/wp-json\/wp\/v2\/product"}],"about":[{"href":"https:\/\/avmax.pl\/sklep\/wp-json\/wp\/v2\/types\/product"}],"replies":[{"embeddable":true,"href":"https:\/\/avmax.pl\/sklep\/wp-json\/wp\/v2\/comments?post=2063"}],"version-history":[{"count":5,"href":"https:\/\/avmax.pl\/sklep\/wp-json\/wp\/v2\/product\/2063\/revisions"}],"predecessor-version":[{"id":2381,"href":"https:\/\/avmax.pl\/sklep\/wp-json\/wp\/v2\/product\/2063\/revisions\/2381"}],"wp:featuredmedia":[{"embeddable":true,"href":"https:\/\/avmax.pl\/sklep\/wp-json\/wp\/v2\/media\/2660"}],"wp:attachment":[{"href":"https:\/\/avmax.pl\/sklep\/wp-json\/wp\/v2\/media?parent=2063"}],"wp:term":[{"taxonomy":"product_brand","embeddable":true,"href":"https:\/\/avmax.pl\/sklep\/wp-json\/wp\/v2\/product_brand?post=2063"},{"taxonomy":"product_cat","embeddable":true,"href":"https:\/\/avmax.pl\/sklep\/wp-json\/wp\/v2\/product_cat?post=2063"},{"taxonomy":"product_tag","embeddable":true,"href":"https:\/\/avmax.pl\/sklep\/wp-json\/wp\/v2\/product_tag?post=2063"},{"taxonomy":"product_brands","embeddable":true,"href":"https:\/\/avmax.pl\/sklep\/wp-json\/wp\/v2\/product_brands?post=2063"}],"curies":[{"name":"wp","href":"https:\/\/api.w.org\/{rel}","templated":true}]}}