{"id":2065,"date":"2025-12-01T14:19:25","date_gmt":"2025-12-01T14:19:25","guid":{"rendered":"https:\/\/avmax.pl\/sklep\/?post_type=product&#038;p=2065"},"modified":"2026-01-12T13:44:52","modified_gmt":"2026-01-12T13:44:52","slug":"eb-685w-v11h744040","status":"publish","type":"product","link":"https:\/\/avmax.pl\/sklep\/produkt\/eb-685w-v11h744040\/","title":{"rendered":"EB-685W"},"content":{"rendered":"<p><strong>Wysoka jako\u015b\u0107, jasny obraz<\/strong><br \/>\nTechnologia 3LCD firmy Epson gwarantuje wysokiej jako\u015bci obraz z \u017cywymi i dobrze nasyconymi kolorami, odpowiednie nat\u0119\u017cenie \u015bwiat\u0142a bia\u0142ego i barwnego, nawet w \u015bwietle dziennym, oraz trzykrotnie ja\u015bniejsze kolory ni\u017c w przypadku najlepszych projektor\u00f3w innych firm1.<\/p>\n<p><strong>Niskie koszty<\/strong><br \/>\nWi\u0119ksza niezawodno\u015b\u0107 i czas eksploatacji lampy wynosz\u0105cy nawet 10 000 godzin w trybie ekonomicznym oznaczaj\u0105, \u017ce projektor mo\u017ce dzia\u0142a\u0107 d\u0142u\u017cej.<\/p>\n<p><strong>Skuteczniejsza nauka<\/strong><br \/>\nFunkcja dzielenia ekranu pozwala wy\u015bwietla\u0107 jednocze\u015bnie dwa zestawy materia\u0142\u00f3w bez obni\u017cania jako\u015bci. Dzi\u0119ki funkcji moderatora nauczyciele mog\u0105 zachowa\u0107 przy tym pe\u0142n\u0105 kontrol\u0119 i decydowa\u0107, co ma zosta\u0107 wy\u015bwietlone.<\/p>\n<p><strong>Opcjonalna \u0142\u0105czno\u015b\u0107 bezprzewodowa<\/strong><br \/>\nWy\u015bwietlaj obraz przesy\u0142any bezprzewodowo z r\u00f3\u017cnych urz\u0105dze\u0144 mobilnych lub komputer\u00f3w Google Chromebook za pomoc\u0105 aplikacji iProjection2.<\/p>\n<p><strong>Zgodno\u015b\u0107 z wizualizerami<\/strong><br \/>\nPo pod\u0142\u0105czeniu opcjonalnego wizualizera firmy Epson mo\u017cna z \u0142atwo\u015bci\u0105 wy\u015bwietla\u0107 niezwykle szczeg\u00f3\u0142owe obrazy i obiekty 3D, kt\u00f3re zobacz\u0105 wszyscy uczniowie w klasie.<\/p>\n","protected":false},"excerpt":{"rendered":"<p>Nowatorskie rozwi\u0105zanie do nauczania pozwala uatrakcyjni\u0107 zaj\u0119cia, wy\u015bwietlaj\u0105c materia\u0142y w rozdzielczo\u015bci WXGA HD ready na du\u017cym, skalowalnym ekranie o rozmiarze do 100 cali.<\/p>\n<ul>\n<li><strong>Wyj\u0105tkowej jako\u015bci obraz o przek\u0105tnej do 100 cali<\/strong><br \/>\nRozdzielczo\u015b\u0107 WXGA HD ready dzi\u0119ki technologii 3LCD firmy Epson<\/li>\n<li><strong>Niezawodno\u015b\u0107<\/strong><br \/>\nZwi\u0119kszona niezawodno\u015b\u0107 i d\u0142u\u017cszy czas eksploatacji lampy<\/li>\n<li><strong>\u0141\u0105czno\u015b\u0107 bezprzewodowa (opcjonalnie)<\/strong><br \/>\n\u0141atwe wy\u015bwietlanie obrazu z wielu r\u00f3\u017cnych urz\u0105dze\u0144<\/li>\n<li><strong>D\u0142ugi czas eksploatacji lampy<\/strong><br \/>\nDo 10 000 godzin w trybie ekonomicznym<\/li>\n<li><strong>Ultrakr\u00f3tki rzut<\/strong><br \/>\nWyj\u0105tkowo szerokie mo\u017cliwo\u015bci instalacji<\/li>\n<\/ul>\n","protected":false},"featured_media":2664,"comment_status":"open","ping_status":"closed","template":"","meta":{"_bst_post_transparent":"default","_bst_post_title":"","_bst_post_layout":"default","_bst_post_sidebar_id":"","_bst_post_content_style":"default","_bst_post_vertical_padding":"default","_bst_post_feature":"","_bst_post_feature_position":"","_bst_post_header":false,"_bst_post_footer":false},"product_brand":[156],"product_cat":[161],"product_tag":[],"product_brands":[1010],"class_list":{"0":"post-2065","1":"product","2":"type-product","3":"status-publish","4":"has-post-thumbnail","6":"product_brand-epson","7":"product_cat-projektory-przenosne","8":"product_brands-epson","10":"first","11":"instock","12":"taxable","13":"shipping-taxable","14":"purchasable","15":"product-type-simple","16":"entry","17":"content-bg","18":"loop-entry"},"yoast_head":"<!-- This site is optimized with the Yoast SEO plugin v27.3 - https:\/\/yoast.com\/product\/yoast-seo-wordpress\/ -->\n<title>EB-685W - AVMAX - Sklep<\/title>\n<meta name=\"robots\" content=\"index, follow, max-snippet:-1, max-image-preview:large, max-video-preview:-1\" \/>\n<link rel=\"canonical\" href=\"https:\/\/avmax.pl\/sklep\/produkt\/eb-685w-v11h744040\/\" \/>\n<meta property=\"og:locale\" content=\"pl_PL\" \/>\n<meta property=\"og:type\" content=\"article\" \/>\n<meta property=\"og:title\" content=\"EB-685W - AVMAX - Sklep\" \/>\n<meta property=\"og:description\" content=\"Nowatorskie rozwi\u0105zanie do nauczania pozwala uatrakcyjni\u0107 zaj\u0119cia, wy\u015bwietlaj\u0105c materia\u0142y w rozdzielczo\u015bci WXGA HD ready na du\u017cym, skalowalnym ekranie o rozmiarze do 100 cali.   Wyj\u0105tkowej jako\u015bci obraz o przek\u0105tnej do 100 cali Rozdzielczo\u015b\u0107 WXGA HD ready dzi\u0119ki technologii 3LCD firmy Epson  Niezawodno\u015b\u0107 Zwi\u0119kszona niezawodno\u015b\u0107 i d\u0142u\u017cszy czas eksploatacji lampy  \u0141\u0105czno\u015b\u0107 bezprzewodowa (opcjonalnie) \u0141atwe wy\u015bwietlanie obrazu z wielu r\u00f3\u017cnych urz\u0105dze\u0144  D\u0142ugi czas eksploatacji lampy Do 10 000 godzin w trybie ekonomicznym  Ultrakr\u00f3tki rzut Wyj\u0105tkowo szerokie mo\u017cliwo\u015bci instalacji\" \/>\n<meta property=\"og:url\" content=\"https:\/\/avmax.pl\/sklep\/produkt\/eb-685w-v11h744040\/\" \/>\n<meta property=\"og:site_name\" content=\"AVMAX - Sklep\" \/>\n<meta property=\"article:modified_time\" content=\"2026-01-12T13:44:52+00:00\" \/>\n<meta property=\"og:image\" content=\"https:\/\/avmax.pl\/sklep\/wp-content\/uploads\/2025\/12\/EB-685W-1.webp\" \/>\n\t<meta property=\"og:image:width\" content=\"1000\" \/>\n\t<meta property=\"og:image:height\" content=\"1000\" \/>\n\t<meta property=\"og:image:type\" content=\"image\/webp\" \/>\n<meta name=\"twitter:card\" content=\"summary_large_image\" \/>\n<meta name=\"twitter:label1\" content=\"Szacowany czas czytania\" \/>\n\t<meta name=\"twitter:data1\" content=\"2 minuty\" \/>\n<script type=\"application\/ld+json\" class=\"yoast-schema-graph\">{\"@context\":\"https:\\\/\\\/schema.org\",\"@graph\":[{\"@type\":\"WebPage\",\"@id\":\"https:\\\/\\\/avmax.pl\\\/sklep\\\/produkt\\\/eb-685w-v11h744040\\\/\",\"url\":\"https:\\\/\\\/avmax.pl\\\/sklep\\\/produkt\\\/eb-685w-v11h744040\\\/\",\"name\":\"EB-685W - AVMAX - Sklep\",\"isPartOf\":{\"@id\":\"https:\\\/\\\/avmax.pl\\\/sklep\\\/#website\"},\"primaryImageOfPage\":{\"@id\":\"https:\\\/\\\/avmax.pl\\\/sklep\\\/produkt\\\/eb-685w-v11h744040\\\/#primaryimage\"},\"image\":{\"@id\":\"https:\\\/\\\/avmax.pl\\\/sklep\\\/produkt\\\/eb-685w-v11h744040\\\/#primaryimage\"},\"thumbnailUrl\":\"https:\\\/\\\/avmax.pl\\\/sklep\\\/wp-content\\\/uploads\\\/2025\\\/12\\\/EB-685W-1.webp\",\"datePublished\":\"2025-12-01T14:19:25+00:00\",\"dateModified\":\"2026-01-12T13:44:52+00:00\",\"breadcrumb\":{\"@id\":\"https:\\\/\\\/avmax.pl\\\/sklep\\\/produkt\\\/eb-685w-v11h744040\\\/#breadcrumb\"},\"inLanguage\":\"pl-PL\",\"potentialAction\":[{\"@type\":\"ReadAction\",\"target\":[\"https:\\\/\\\/avmax.pl\\\/sklep\\\/produkt\\\/eb-685w-v11h744040\\\/\"]}]},{\"@type\":\"ImageObject\",\"inLanguage\":\"pl-PL\",\"@id\":\"https:\\\/\\\/avmax.pl\\\/sklep\\\/produkt\\\/eb-685w-v11h744040\\\/#primaryimage\",\"url\":\"https:\\\/\\\/avmax.pl\\\/sklep\\\/wp-content\\\/uploads\\\/2025\\\/12\\\/EB-685W-1.webp\",\"contentUrl\":\"https:\\\/\\\/avmax.pl\\\/sklep\\\/wp-content\\\/uploads\\\/2025\\\/12\\\/EB-685W-1.webp\",\"width\":1000,\"height\":1000},{\"@type\":\"BreadcrumbList\",\"@id\":\"https:\\\/\\\/avmax.pl\\\/sklep\\\/produkt\\\/eb-685w-v11h744040\\\/#breadcrumb\",\"itemListElement\":[{\"@type\":\"ListItem\",\"position\":1,\"name\":\"Strona g\u0142\u00f3wna\",\"item\":\"https:\\\/\\\/avmax.pl\\\/sklep\\\/\"},{\"@type\":\"ListItem\",\"position\":2,\"name\":\"Sklep\",\"item\":\"https:\\\/\\\/avmax.pl\\\/sklep\\\/shop\\\/\"},{\"@type\":\"ListItem\",\"position\":3,\"name\":\"EB-685W\"}]},{\"@type\":\"WebSite\",\"@id\":\"https:\\\/\\\/avmax.pl\\\/sklep\\\/#website\",\"url\":\"https:\\\/\\\/avmax.pl\\\/sklep\\\/\",\"name\":\"AVMAX - Sklep\",\"description\":\"\",\"publisher\":{\"@id\":\"https:\\\/\\\/avmax.pl\\\/sklep\\\/#organization\"},\"potentialAction\":[{\"@type\":\"SearchAction\",\"target\":{\"@type\":\"EntryPoint\",\"urlTemplate\":\"https:\\\/\\\/avmax.pl\\\/sklep\\\/?s={search_term_string}\"},\"query-input\":{\"@type\":\"PropertyValueSpecification\",\"valueRequired\":true,\"valueName\":\"search_term_string\"}}],\"inLanguage\":\"pl-PL\"},{\"@type\":\"Organization\",\"@id\":\"https:\\\/\\\/avmax.pl\\\/sklep\\\/#organization\",\"name\":\"AVMAX - Sklep\",\"url\":\"https:\\\/\\\/avmax.pl\\\/sklep\\\/\",\"logo\":{\"@type\":\"ImageObject\",\"inLanguage\":\"pl-PL\",\"@id\":\"https:\\\/\\\/avmax.pl\\\/sklep\\\/#\\\/schema\\\/logo\\\/image\\\/\",\"url\":\"https:\\\/\\\/avmax.pl\\\/sklep\\\/wp-content\\\/uploads\\\/2025\\\/11\\\/cropped-logo-avmax-2-3.webp\",\"contentUrl\":\"https:\\\/\\\/avmax.pl\\\/sklep\\\/wp-content\\\/uploads\\\/2025\\\/11\\\/cropped-logo-avmax-2-3.webp\",\"width\":1500,\"height\":600,\"caption\":\"AVMAX - Sklep\"},\"image\":{\"@id\":\"https:\\\/\\\/avmax.pl\\\/sklep\\\/#\\\/schema\\\/logo\\\/image\\\/\"}}]}<\/script>\n<!-- \/ Yoast SEO plugin. -->","yoast_head_json":{"title":"EB-685W - AVMAX - Sklep","robots":{"index":"index","follow":"follow","max-snippet":"max-snippet:-1","max-image-preview":"max-image-preview:large","max-video-preview":"max-video-preview:-1"},"canonical":"https:\/\/avmax.pl\/sklep\/produkt\/eb-685w-v11h744040\/","og_locale":"pl_PL","og_type":"article","og_title":"EB-685W - AVMAX - Sklep","og_description":"Nowatorskie rozwi\u0105zanie do nauczania pozwala uatrakcyjni\u0107 zaj\u0119cia, wy\u015bwietlaj\u0105c materia\u0142y w rozdzielczo\u015bci WXGA HD ready na du\u017cym, skalowalnym ekranie o rozmiarze do 100 cali.   Wyj\u0105tkowej jako\u015bci obraz o przek\u0105tnej do 100 cali Rozdzielczo\u015b\u0107 WXGA HD ready dzi\u0119ki technologii 3LCD firmy Epson  Niezawodno\u015b\u0107 Zwi\u0119kszona niezawodno\u015b\u0107 i d\u0142u\u017cszy czas eksploatacji lampy  \u0141\u0105czno\u015b\u0107 bezprzewodowa (opcjonalnie) \u0141atwe wy\u015bwietlanie obrazu z wielu r\u00f3\u017cnych urz\u0105dze\u0144  D\u0142ugi czas eksploatacji lampy Do 10 000 godzin w trybie ekonomicznym  Ultrakr\u00f3tki rzut Wyj\u0105tkowo szerokie mo\u017cliwo\u015bci instalacji","og_url":"https:\/\/avmax.pl\/sklep\/produkt\/eb-685w-v11h744040\/","og_site_name":"AVMAX - Sklep","article_modified_time":"2026-01-12T13:44:52+00:00","og_image":[{"width":1000,"height":1000,"url":"https:\/\/avmax.pl\/sklep\/wp-content\/uploads\/2025\/12\/EB-685W-1.webp","type":"image\/webp"}],"twitter_card":"summary_large_image","twitter_misc":{"Szacowany czas czytania":"2 minuty"},"schema":{"@context":"https:\/\/schema.org","@graph":[{"@type":"WebPage","@id":"https:\/\/avmax.pl\/sklep\/produkt\/eb-685w-v11h744040\/","url":"https:\/\/avmax.pl\/sklep\/produkt\/eb-685w-v11h744040\/","name":"EB-685W - AVMAX - Sklep","isPartOf":{"@id":"https:\/\/avmax.pl\/sklep\/#website"},"primaryImageOfPage":{"@id":"https:\/\/avmax.pl\/sklep\/produkt\/eb-685w-v11h744040\/#primaryimage"},"image":{"@id":"https:\/\/avmax.pl\/sklep\/produkt\/eb-685w-v11h744040\/#primaryimage"},"thumbnailUrl":"https:\/\/avmax.pl\/sklep\/wp-content\/uploads\/2025\/12\/EB-685W-1.webp","datePublished":"2025-12-01T14:19:25+00:00","dateModified":"2026-01-12T13:44:52+00:00","breadcrumb":{"@id":"https:\/\/avmax.pl\/sklep\/produkt\/eb-685w-v11h744040\/#breadcrumb"},"inLanguage":"pl-PL","potentialAction":[{"@type":"ReadAction","target":["https:\/\/avmax.pl\/sklep\/produkt\/eb-685w-v11h744040\/"]}]},{"@type":"ImageObject","inLanguage":"pl-PL","@id":"https:\/\/avmax.pl\/sklep\/produkt\/eb-685w-v11h744040\/#primaryimage","url":"https:\/\/avmax.pl\/sklep\/wp-content\/uploads\/2025\/12\/EB-685W-1.webp","contentUrl":"https:\/\/avmax.pl\/sklep\/wp-content\/uploads\/2025\/12\/EB-685W-1.webp","width":1000,"height":1000},{"@type":"BreadcrumbList","@id":"https:\/\/avmax.pl\/sklep\/produkt\/eb-685w-v11h744040\/#breadcrumb","itemListElement":[{"@type":"ListItem","position":1,"name":"Strona g\u0142\u00f3wna","item":"https:\/\/avmax.pl\/sklep\/"},{"@type":"ListItem","position":2,"name":"Sklep","item":"https:\/\/avmax.pl\/sklep\/shop\/"},{"@type":"ListItem","position":3,"name":"EB-685W"}]},{"@type":"WebSite","@id":"https:\/\/avmax.pl\/sklep\/#website","url":"https:\/\/avmax.pl\/sklep\/","name":"AVMAX - Sklep","description":"","publisher":{"@id":"https:\/\/avmax.pl\/sklep\/#organization"},"potentialAction":[{"@type":"SearchAction","target":{"@type":"EntryPoint","urlTemplate":"https:\/\/avmax.pl\/sklep\/?s={search_term_string}"},"query-input":{"@type":"PropertyValueSpecification","valueRequired":true,"valueName":"search_term_string"}}],"inLanguage":"pl-PL"},{"@type":"Organization","@id":"https:\/\/avmax.pl\/sklep\/#organization","name":"AVMAX - Sklep","url":"https:\/\/avmax.pl\/sklep\/","logo":{"@type":"ImageObject","inLanguage":"pl-PL","@id":"https:\/\/avmax.pl\/sklep\/#\/schema\/logo\/image\/","url":"https:\/\/avmax.pl\/sklep\/wp-content\/uploads\/2025\/11\/cropped-logo-avmax-2-3.webp","contentUrl":"https:\/\/avmax.pl\/sklep\/wp-content\/uploads\/2025\/11\/cropped-logo-avmax-2-3.webp","width":1500,"height":600,"caption":"AVMAX - Sklep"},"image":{"@id":"https:\/\/avmax.pl\/sklep\/#\/schema\/logo\/image\/"}}]}},"_links":{"self":[{"href":"https:\/\/avmax.pl\/sklep\/wp-json\/wp\/v2\/product\/2065","targetHints":{"allow":["GET"]}}],"collection":[{"href":"https:\/\/avmax.pl\/sklep\/wp-json\/wp\/v2\/product"}],"about":[{"href":"https:\/\/avmax.pl\/sklep\/wp-json\/wp\/v2\/types\/product"}],"replies":[{"embeddable":true,"href":"https:\/\/avmax.pl\/sklep\/wp-json\/wp\/v2\/comments?post=2065"}],"version-history":[{"count":5,"href":"https:\/\/avmax.pl\/sklep\/wp-json\/wp\/v2\/product\/2065\/revisions"}],"predecessor-version":[{"id":2383,"href":"https:\/\/avmax.pl\/sklep\/wp-json\/wp\/v2\/product\/2065\/revisions\/2383"}],"wp:featuredmedia":[{"embeddable":true,"href":"https:\/\/avmax.pl\/sklep\/wp-json\/wp\/v2\/media\/2664"}],"wp:attachment":[{"href":"https:\/\/avmax.pl\/sklep\/wp-json\/wp\/v2\/media?parent=2065"}],"wp:term":[{"taxonomy":"product_brand","embeddable":true,"href":"https:\/\/avmax.pl\/sklep\/wp-json\/wp\/v2\/product_brand?post=2065"},{"taxonomy":"product_cat","embeddable":true,"href":"https:\/\/avmax.pl\/sklep\/wp-json\/wp\/v2\/product_cat?post=2065"},{"taxonomy":"product_tag","embeddable":true,"href":"https:\/\/avmax.pl\/sklep\/wp-json\/wp\/v2\/product_tag?post=2065"},{"taxonomy":"product_brands","embeddable":true,"href":"https:\/\/avmax.pl\/sklep\/wp-json\/wp\/v2\/product_brands?post=2065"}],"curies":[{"name":"wp","href":"https:\/\/api.w.org\/{rel}","templated":true}]}}