{"id":2069,"date":"2025-12-01T15:44:22","date_gmt":"2025-12-01T15:44:22","guid":{"rendered":"https:\/\/avmax.pl\/sklep\/?post_type=product&#038;p=2069"},"modified":"2026-01-12T13:44:51","modified_gmt":"2026-01-12T13:44:51","slug":"eb-760w-v11ha81080","status":"publish","type":"product","link":"https:\/\/avmax.pl\/sklep\/produkt\/eb-760w-v11ha81080\/","title":{"rendered":"EB-760W"},"content":{"rendered":"<p>Obiektyw o ultrakr\u00f3tkim rzucie projektora EB-760W umo\u017cliwia bezpieczne, dyskretne ustawienie w pobli\u017cu ekranu, zapewniaj\u0105c prezenterom swobod\u0119 dzia\u0142ania bez rzucania cienia.<br \/>\nDzi\u0119ki nat\u0119\u017ceniu \u015bwiat\u0142a barwnego 4100 lumen\u00f3w oraz technologii 3LCD firmy Epson obraz o przek\u0105tnej do 150 cali jest jasny i \u017cywy oraz wyra\u017anie widoczny pod ka\u017cdym k\u0105tem i z du\u017cej odleg\u0142o\u015bci. Immersyjne \u015brodowisko przyjazne dla u\u017cytkownika.<\/p>\n<p>Projektor umo\u017cliwia tak\u017ce elastyczne skalowanie obrazu w rozmiarze 49\u2013150 cali, co pozwala zoptymalizowa\u0107 go do rozmiaru pomieszczenia przy u\u017cyciu jednego, dobrze znanego produktu bez dodatkowych koszt\u00f3w<br \/>\nWszechstronne opcje po\u0142\u0105czenia bezprzewodowego i przewodowego, takie jak screen mirroring Miracast\u2122 umo\u017cliwiaj\u0105 uczestnikom \u0142atwe udost\u0119pnianie tre\u015bci z komputer\u00f3w lub urz\u0105dze\u0144 przeno\u015bnych. Dzi\u0119ki pod\u0142\u0105czeniu opcjonalnego wizualizera firmy Epson mo\u017cna ogl\u0105da\u0107 dokumenty, prezentacje i obiekty 3D z niesamowit\u0105 szczeg\u00f3\u0142owo\u015bci\u0105.<\/p>\n<p>W przeciwie\u0144stwie do p\u0142askich monitor\u00f3w nie wymaga u\u017cywania ci\u0119\u017ckiego szklanego panelu podatnego na z\u0142amanie, na kt\u00f3rym pojawiaj\u0105 si\u0119 martwe punkty i odbicia pod pewnym k\u0105tem. Ponadto na prezenter\u00f3w nie oddzia\u0142uje bezpo\u015brednie promieniowanie \u015bwiat\u0142a niebieskiego szkodliwe dla wzroku. W po\u0142\u0105czeniu z higieniczn\u0105, antybakteryjn\u0105 tablic\u0105 nauczyciele mog\u0105 wprowadza\u0107 adnotacje do prezentacji za pomoc\u0105 pisak\u00f3w sucho\u015bcieralnych lub po prostu u\u017cywa\u0107 tablicy z wy\u0142\u0105czonym projektorem, aby zaoszcz\u0119dzi\u0107 energi\u0119.<\/p>\n","protected":false},"excerpt":{"rendered":"<p>Zaprezentuj swoj\u0105 wizj\u0119 przy u\u017cyciu przyst\u0119pnego cenowo projektora wielkoformatowego o wielko\u015bci obrazu do 150 cali, kt\u00f3ry pozwala zwi\u0119kszy\u0107 zaanga\u017cowanie i produktywno\u015b\u0107 oraz u\u0142atwia nauk\u0119.<\/p>\n<ul>\n<li><strong>Skalowalny wy\u015bwietlacz HD do ka\u017cdego pomieszczenia<\/strong><br \/>\nProjektor 53-150\u201d UST do ogl\u0105dania bez zak\u0142\u00f3ce\u0144 (cieni\/odbi\u0107)<\/li>\n<li><strong>Jasny i energooszcz\u0119dny laser<\/strong><br \/>\nJasno\u015b\u0107 4100 lm CLO i technologia 3LCD zapewniaj\u0105 ja\u015bniejsze kolory przy poborze mocy zaledwie 205 W<\/li>\n<li><strong>Bezproblemowe opcje \u0142\u0105czno\u015bci<\/strong><br \/>\nAutomatyczne w\u0142\u0105czanie, projekcja przewodowa\/bezprzewodowa z wyj\u015bciem USB 2 A do inteligentnych modu\u0142\u00f3w<\/li>\n<li><strong>\u0141atwa obs\u0142uga i trwa\u0142a konstrukcja<\/strong><br \/>\nPraktycznie bezobs\u0142ugowe urz\u0105dzenie z gwarancja na 5 lat lub 12 000 godzin<\/li>\n<li><strong>Zgodno\u015b\u0107 wizualizera<\/strong><br \/>\nUtw\u00f3rz i nagraj na \u017cywo immersyjn\u0105 lekcj\u0119 lub prezentacj\u0119<\/li>\n<\/ul>\n","protected":false},"featured_media":2669,"comment_status":"open","ping_status":"closed","template":"","meta":{"_bst_post_transparent":"default","_bst_post_title":"","_bst_post_layout":"default","_bst_post_sidebar_id":"","_bst_post_content_style":"default","_bst_post_vertical_padding":"default","_bst_post_feature":"","_bst_post_feature_position":"","_bst_post_header":false,"_bst_post_footer":false},"product_brand":[156],"product_cat":[161],"product_tag":[],"product_brands":[1010],"class_list":{"0":"post-2069","1":"product","2":"type-product","3":"status-publish","4":"has-post-thumbnail","6":"product_brand-epson","7":"product_cat-projektory-przenosne","8":"product_brands-epson","10":"first","11":"instock","12":"taxable","13":"shipping-taxable","14":"purchasable","15":"product-type-simple","16":"entry","17":"content-bg","18":"loop-entry"},"yoast_head":"<!-- This site is optimized with the Yoast SEO plugin v27.3 - https:\/\/yoast.com\/product\/yoast-seo-wordpress\/ -->\n<title>EB-760W - AVMAX - Sklep<\/title>\n<meta name=\"robots\" content=\"index, follow, max-snippet:-1, max-image-preview:large, max-video-preview:-1\" \/>\n<link rel=\"canonical\" href=\"https:\/\/avmax.pl\/sklep\/produkt\/eb-760w-v11ha81080\/\" \/>\n<meta property=\"og:locale\" content=\"pl_PL\" \/>\n<meta property=\"og:type\" content=\"article\" \/>\n<meta property=\"og:title\" content=\"EB-760W - AVMAX - Sklep\" \/>\n<meta property=\"og:description\" content=\"Zaprezentuj swoj\u0105 wizj\u0119 przy u\u017cyciu przyst\u0119pnego cenowo projektora wielkoformatowego o wielko\u015bci obrazu do 150 cali, kt\u00f3ry pozwala zwi\u0119kszy\u0107 zaanga\u017cowanie i produktywno\u015b\u0107 oraz u\u0142atwia nauk\u0119.   Skalowalny wy\u015bwietlacz HD do ka\u017cdego pomieszczenia Projektor 53-150\u201d UST do ogl\u0105dania bez zak\u0142\u00f3ce\u0144 (cieni\/odbi\u0107)  Jasny i energooszcz\u0119dny laser Jasno\u015b\u0107 4100 lm CLO i technologia 3LCD zapewniaj\u0105 ja\u015bniejsze kolory przy poborze mocy zaledwie 205 W  Bezproblemowe opcje \u0142\u0105czno\u015bci Automatyczne w\u0142\u0105czanie, projekcja przewodowa\/bezprzewodowa z wyj\u015bciem USB 2 A do inteligentnych modu\u0142\u00f3w  \u0141atwa obs\u0142uga i trwa\u0142a konstrukcja Praktycznie bezobs\u0142ugowe urz\u0105dzenie z gwarancja na 5 lat lub 12 000 godzin  Zgodno\u015b\u0107 wizualizera Utw\u00f3rz i nagraj na \u017cywo immersyjn\u0105 lekcj\u0119 lub prezentacj\u0119\" \/>\n<meta property=\"og:url\" content=\"https:\/\/avmax.pl\/sklep\/produkt\/eb-760w-v11ha81080\/\" \/>\n<meta property=\"og:site_name\" content=\"AVMAX - Sklep\" \/>\n<meta property=\"article:modified_time\" content=\"2026-01-12T13:44:51+00:00\" \/>\n<meta property=\"og:image\" content=\"https:\/\/avmax.pl\/sklep\/wp-content\/uploads\/2025\/12\/EB-760W-1.webp\" \/>\n\t<meta property=\"og:image:width\" content=\"1000\" \/>\n\t<meta property=\"og:image:height\" content=\"1000\" \/>\n\t<meta property=\"og:image:type\" content=\"image\/webp\" \/>\n<meta name=\"twitter:card\" content=\"summary_large_image\" \/>\n<meta name=\"twitter:label1\" content=\"Szacowany czas czytania\" \/>\n\t<meta name=\"twitter:data1\" content=\"2 minuty\" \/>\n<script type=\"application\/ld+json\" class=\"yoast-schema-graph\">{\"@context\":\"https:\\\/\\\/schema.org\",\"@graph\":[{\"@type\":\"WebPage\",\"@id\":\"https:\\\/\\\/avmax.pl\\\/sklep\\\/produkt\\\/eb-760w-v11ha81080\\\/\",\"url\":\"https:\\\/\\\/avmax.pl\\\/sklep\\\/produkt\\\/eb-760w-v11ha81080\\\/\",\"name\":\"EB-760W - AVMAX - Sklep\",\"isPartOf\":{\"@id\":\"https:\\\/\\\/avmax.pl\\\/sklep\\\/#website\"},\"primaryImageOfPage\":{\"@id\":\"https:\\\/\\\/avmax.pl\\\/sklep\\\/produkt\\\/eb-760w-v11ha81080\\\/#primaryimage\"},\"image\":{\"@id\":\"https:\\\/\\\/avmax.pl\\\/sklep\\\/produkt\\\/eb-760w-v11ha81080\\\/#primaryimage\"},\"thumbnailUrl\":\"https:\\\/\\\/avmax.pl\\\/sklep\\\/wp-content\\\/uploads\\\/2025\\\/12\\\/EB-760W-1.webp\",\"datePublished\":\"2025-12-01T15:44:22+00:00\",\"dateModified\":\"2026-01-12T13:44:51+00:00\",\"breadcrumb\":{\"@id\":\"https:\\\/\\\/avmax.pl\\\/sklep\\\/produkt\\\/eb-760w-v11ha81080\\\/#breadcrumb\"},\"inLanguage\":\"pl-PL\",\"potentialAction\":[{\"@type\":\"ReadAction\",\"target\":[\"https:\\\/\\\/avmax.pl\\\/sklep\\\/produkt\\\/eb-760w-v11ha81080\\\/\"]}]},{\"@type\":\"ImageObject\",\"inLanguage\":\"pl-PL\",\"@id\":\"https:\\\/\\\/avmax.pl\\\/sklep\\\/produkt\\\/eb-760w-v11ha81080\\\/#primaryimage\",\"url\":\"https:\\\/\\\/avmax.pl\\\/sklep\\\/wp-content\\\/uploads\\\/2025\\\/12\\\/EB-760W-1.webp\",\"contentUrl\":\"https:\\\/\\\/avmax.pl\\\/sklep\\\/wp-content\\\/uploads\\\/2025\\\/12\\\/EB-760W-1.webp\",\"width\":1000,\"height\":1000},{\"@type\":\"BreadcrumbList\",\"@id\":\"https:\\\/\\\/avmax.pl\\\/sklep\\\/produkt\\\/eb-760w-v11ha81080\\\/#breadcrumb\",\"itemListElement\":[{\"@type\":\"ListItem\",\"position\":1,\"name\":\"Strona g\u0142\u00f3wna\",\"item\":\"https:\\\/\\\/avmax.pl\\\/sklep\\\/\"},{\"@type\":\"ListItem\",\"position\":2,\"name\":\"Sklep\",\"item\":\"https:\\\/\\\/avmax.pl\\\/sklep\\\/shop\\\/\"},{\"@type\":\"ListItem\",\"position\":3,\"name\":\"EB-760W\"}]},{\"@type\":\"WebSite\",\"@id\":\"https:\\\/\\\/avmax.pl\\\/sklep\\\/#website\",\"url\":\"https:\\\/\\\/avmax.pl\\\/sklep\\\/\",\"name\":\"AVMAX - Sklep\",\"description\":\"\",\"publisher\":{\"@id\":\"https:\\\/\\\/avmax.pl\\\/sklep\\\/#organization\"},\"potentialAction\":[{\"@type\":\"SearchAction\",\"target\":{\"@type\":\"EntryPoint\",\"urlTemplate\":\"https:\\\/\\\/avmax.pl\\\/sklep\\\/?s={search_term_string}\"},\"query-input\":{\"@type\":\"PropertyValueSpecification\",\"valueRequired\":true,\"valueName\":\"search_term_string\"}}],\"inLanguage\":\"pl-PL\"},{\"@type\":\"Organization\",\"@id\":\"https:\\\/\\\/avmax.pl\\\/sklep\\\/#organization\",\"name\":\"AVMAX - Sklep\",\"url\":\"https:\\\/\\\/avmax.pl\\\/sklep\\\/\",\"logo\":{\"@type\":\"ImageObject\",\"inLanguage\":\"pl-PL\",\"@id\":\"https:\\\/\\\/avmax.pl\\\/sklep\\\/#\\\/schema\\\/logo\\\/image\\\/\",\"url\":\"https:\\\/\\\/avmax.pl\\\/sklep\\\/wp-content\\\/uploads\\\/2025\\\/11\\\/cropped-logo-avmax-2-3.webp\",\"contentUrl\":\"https:\\\/\\\/avmax.pl\\\/sklep\\\/wp-content\\\/uploads\\\/2025\\\/11\\\/cropped-logo-avmax-2-3.webp\",\"width\":1500,\"height\":600,\"caption\":\"AVMAX - Sklep\"},\"image\":{\"@id\":\"https:\\\/\\\/avmax.pl\\\/sklep\\\/#\\\/schema\\\/logo\\\/image\\\/\"}}]}<\/script>\n<!-- \/ Yoast SEO plugin. -->","yoast_head_json":{"title":"EB-760W - AVMAX - Sklep","robots":{"index":"index","follow":"follow","max-snippet":"max-snippet:-1","max-image-preview":"max-image-preview:large","max-video-preview":"max-video-preview:-1"},"canonical":"https:\/\/avmax.pl\/sklep\/produkt\/eb-760w-v11ha81080\/","og_locale":"pl_PL","og_type":"article","og_title":"EB-760W - AVMAX - Sklep","og_description":"Zaprezentuj swoj\u0105 wizj\u0119 przy u\u017cyciu przyst\u0119pnego cenowo projektora wielkoformatowego o wielko\u015bci obrazu do 150 cali, kt\u00f3ry pozwala zwi\u0119kszy\u0107 zaanga\u017cowanie i produktywno\u015b\u0107 oraz u\u0142atwia nauk\u0119.   Skalowalny wy\u015bwietlacz HD do ka\u017cdego pomieszczenia Projektor 53-150\u201d UST do ogl\u0105dania bez zak\u0142\u00f3ce\u0144 (cieni\/odbi\u0107)  Jasny i energooszcz\u0119dny laser Jasno\u015b\u0107 4100 lm CLO i technologia 3LCD zapewniaj\u0105 ja\u015bniejsze kolory przy poborze mocy zaledwie 205 W  Bezproblemowe opcje \u0142\u0105czno\u015bci Automatyczne w\u0142\u0105czanie, projekcja przewodowa\/bezprzewodowa z wyj\u015bciem USB 2 A do inteligentnych modu\u0142\u00f3w  \u0141atwa obs\u0142uga i trwa\u0142a konstrukcja Praktycznie bezobs\u0142ugowe urz\u0105dzenie z gwarancja na 5 lat lub 12 000 godzin  Zgodno\u015b\u0107 wizualizera Utw\u00f3rz i nagraj na \u017cywo immersyjn\u0105 lekcj\u0119 lub prezentacj\u0119","og_url":"https:\/\/avmax.pl\/sklep\/produkt\/eb-760w-v11ha81080\/","og_site_name":"AVMAX - Sklep","article_modified_time":"2026-01-12T13:44:51+00:00","og_image":[{"width":1000,"height":1000,"url":"https:\/\/avmax.pl\/sklep\/wp-content\/uploads\/2025\/12\/EB-760W-1.webp","type":"image\/webp"}],"twitter_card":"summary_large_image","twitter_misc":{"Szacowany czas czytania":"2 minuty"},"schema":{"@context":"https:\/\/schema.org","@graph":[{"@type":"WebPage","@id":"https:\/\/avmax.pl\/sklep\/produkt\/eb-760w-v11ha81080\/","url":"https:\/\/avmax.pl\/sklep\/produkt\/eb-760w-v11ha81080\/","name":"EB-760W - AVMAX - Sklep","isPartOf":{"@id":"https:\/\/avmax.pl\/sklep\/#website"},"primaryImageOfPage":{"@id":"https:\/\/avmax.pl\/sklep\/produkt\/eb-760w-v11ha81080\/#primaryimage"},"image":{"@id":"https:\/\/avmax.pl\/sklep\/produkt\/eb-760w-v11ha81080\/#primaryimage"},"thumbnailUrl":"https:\/\/avmax.pl\/sklep\/wp-content\/uploads\/2025\/12\/EB-760W-1.webp","datePublished":"2025-12-01T15:44:22+00:00","dateModified":"2026-01-12T13:44:51+00:00","breadcrumb":{"@id":"https:\/\/avmax.pl\/sklep\/produkt\/eb-760w-v11ha81080\/#breadcrumb"},"inLanguage":"pl-PL","potentialAction":[{"@type":"ReadAction","target":["https:\/\/avmax.pl\/sklep\/produkt\/eb-760w-v11ha81080\/"]}]},{"@type":"ImageObject","inLanguage":"pl-PL","@id":"https:\/\/avmax.pl\/sklep\/produkt\/eb-760w-v11ha81080\/#primaryimage","url":"https:\/\/avmax.pl\/sklep\/wp-content\/uploads\/2025\/12\/EB-760W-1.webp","contentUrl":"https:\/\/avmax.pl\/sklep\/wp-content\/uploads\/2025\/12\/EB-760W-1.webp","width":1000,"height":1000},{"@type":"BreadcrumbList","@id":"https:\/\/avmax.pl\/sklep\/produkt\/eb-760w-v11ha81080\/#breadcrumb","itemListElement":[{"@type":"ListItem","position":1,"name":"Strona g\u0142\u00f3wna","item":"https:\/\/avmax.pl\/sklep\/"},{"@type":"ListItem","position":2,"name":"Sklep","item":"https:\/\/avmax.pl\/sklep\/shop\/"},{"@type":"ListItem","position":3,"name":"EB-760W"}]},{"@type":"WebSite","@id":"https:\/\/avmax.pl\/sklep\/#website","url":"https:\/\/avmax.pl\/sklep\/","name":"AVMAX - Sklep","description":"","publisher":{"@id":"https:\/\/avmax.pl\/sklep\/#organization"},"potentialAction":[{"@type":"SearchAction","target":{"@type":"EntryPoint","urlTemplate":"https:\/\/avmax.pl\/sklep\/?s={search_term_string}"},"query-input":{"@type":"PropertyValueSpecification","valueRequired":true,"valueName":"search_term_string"}}],"inLanguage":"pl-PL"},{"@type":"Organization","@id":"https:\/\/avmax.pl\/sklep\/#organization","name":"AVMAX - Sklep","url":"https:\/\/avmax.pl\/sklep\/","logo":{"@type":"ImageObject","inLanguage":"pl-PL","@id":"https:\/\/avmax.pl\/sklep\/#\/schema\/logo\/image\/","url":"https:\/\/avmax.pl\/sklep\/wp-content\/uploads\/2025\/11\/cropped-logo-avmax-2-3.webp","contentUrl":"https:\/\/avmax.pl\/sklep\/wp-content\/uploads\/2025\/11\/cropped-logo-avmax-2-3.webp","width":1500,"height":600,"caption":"AVMAX - Sklep"},"image":{"@id":"https:\/\/avmax.pl\/sklep\/#\/schema\/logo\/image\/"}}]}},"_links":{"self":[{"href":"https:\/\/avmax.pl\/sklep\/wp-json\/wp\/v2\/product\/2069","targetHints":{"allow":["GET"]}}],"collection":[{"href":"https:\/\/avmax.pl\/sklep\/wp-json\/wp\/v2\/product"}],"about":[{"href":"https:\/\/avmax.pl\/sklep\/wp-json\/wp\/v2\/types\/product"}],"replies":[{"embeddable":true,"href":"https:\/\/avmax.pl\/sklep\/wp-json\/wp\/v2\/comments?post=2069"}],"version-history":[{"count":5,"href":"https:\/\/avmax.pl\/sklep\/wp-json\/wp\/v2\/product\/2069\/revisions"}],"predecessor-version":[{"id":2387,"href":"https:\/\/avmax.pl\/sklep\/wp-json\/wp\/v2\/product\/2069\/revisions\/2387"}],"wp:featuredmedia":[{"embeddable":true,"href":"https:\/\/avmax.pl\/sklep\/wp-json\/wp\/v2\/media\/2669"}],"wp:attachment":[{"href":"https:\/\/avmax.pl\/sklep\/wp-json\/wp\/v2\/media?parent=2069"}],"wp:term":[{"taxonomy":"product_brand","embeddable":true,"href":"https:\/\/avmax.pl\/sklep\/wp-json\/wp\/v2\/product_brand?post=2069"},{"taxonomy":"product_cat","embeddable":true,"href":"https:\/\/avmax.pl\/sklep\/wp-json\/wp\/v2\/product_cat?post=2069"},{"taxonomy":"product_tag","embeddable":true,"href":"https:\/\/avmax.pl\/sklep\/wp-json\/wp\/v2\/product_tag?post=2069"},{"taxonomy":"product_brands","embeddable":true,"href":"https:\/\/avmax.pl\/sklep\/wp-json\/wp\/v2\/product_brands?post=2069"}],"curies":[{"name":"wp","href":"https:\/\/api.w.org\/{rel}","templated":true}]}}