{"id":2138,"date":"2025-12-01T15:57:00","date_gmt":"2025-12-01T15:57:00","guid":{"rendered":"https:\/\/avmax.pl\/sklep\/?post_type=product&#038;p=2138"},"modified":"2026-01-12T13:44:51","modified_gmt":"2026-01-12T13:44:51","slug":"eb-770fi-v11ha78080","status":"publish","type":"product","link":"https:\/\/avmax.pl\/sklep\/produkt\/eb-770fi-v11ha78080\/","title":{"rendered":"EB-770FI"},"content":{"rendered":"<p><strong>Interaktywny projektor<\/strong><br \/>\nProjektor EB-770Fi stanowi krok naprz\u00f3d w por\u00f3wnaniu do modelu EB-770F, dzi\u0119ki wprowadzeniu dodatkowych interaktywnych funkcji.<br \/>\nMo\u017cna r\u00f3wnocze\u015bnie korzysta\u0107 z dw\u00f3ch pi\u00f3r cyfrowych (obs\u0142uga dotykowa jest dost\u0119pna przy u\u017cyciu opcjonalnego akcesorium FT01). Prezentacje mo\u017cna kontrolowa\u0107 i wzbogaca\u0107 poprzez adnotacje na ekranie, natomiast r\u00f3\u017cne wygodne wbudowane narz\u0119dzia pozwalaj\u0105 zwi\u0119kszy\u0107 produktywno\u015b\u0107. Za pomoc\u0105 projektora mo\u017cna sterowa\u0107 opcjonaln\u0105 kamer\u0105 do wizualizera firmy Epson, wy\u015bwietlaj\u0105c dokumenty lub przedmioty z biurka, aby wszyscy w pomieszczeniu mogli zobaczy\u0107 je ze szczeg\u00f3\u0142ami w rozdzielczo\u015bci HD.<\/p>\n<p><strong>Jasny obraz do 100 cali<\/strong><br \/>\nLaserowe \u017ar\u00f3d\u0142o \u015bwiat\u0142a o jasno\u015bci 4100 lumen\u00f3w w po\u0142\u0105czeniu z technologi\u0105 3LCD zapewnia du\u017cy, jasny i \u017cywy obraz o przek\u0105tnej do 100 cali, kt\u00f3ry jest wyra\u017anie widoczny pod ka\u017cdym k\u0105tem oraz z du\u017cej odleg\u0142o\u015bci.<\/p>\n<p><strong>Bezproblemowa \u0142\u0105czno\u015b\u0107<\/strong><br \/>\nWszechstronne opcje po\u0142\u0105czenia bezprzewodowego i przewodowego, takie jak screen mirroring Miracast\u2122 umo\u017cliwiaj\u0105 uczestnikom \u0142atwe udost\u0119pnianie tre\u015bci z komputer\u00f3w lub urz\u0105dze\u0144 mobilnych.<\/p>\n<p><strong>Immersyjne \u015brodowisko przyjazne dla u\u017cytkownika<\/strong><br \/>\nObiektyw o ultrakr\u00f3tkim rzucie umo\u017cliwia bezpieczne i dogodne umiejscowienie nad wy\u015bwietlaczem, zapewniaj\u0105c prezenterom swobod\u0119 interakcji bez rzucania cienia.<br \/>\nW przeciwie\u0144stwie do p\u0142askich monitor\u00f3w nie wymaga u\u017cywania ci\u0119\u017ckiego szklanego panelu podatnego na z\u0142amanie, na kt\u00f3rym pojawiaj\u0105 si\u0119 martwe punkty i odbicia pod pewnym k\u0105tem. Ponadto na prezenter\u00f3w nie oddzia\u0142uje bezpo\u015brednie promieniowanie \u015bwiat\u0142a niebieskiego.<\/p>\n","protected":false},"excerpt":{"rendered":"<p>Zaprezentuj swoj\u0105 wizj\u0119 przy u\u017cyciu interaktywnego projektora Full HD z wielko\u015bci\u0105 obrazu do 100 cali, kt\u00f3ry pozwala zwi\u0119kszy\u0107 zaanga\u017cowanie i produktywno\u015b\u0107 oraz u\u0142atwia nauk\u0119.<\/p>\n<ul>\n<li><strong>Interaktywny obraz o rozdzielczo\u015bci Full HD<\/strong><br \/>\nProjektor 49\u2013100\u201d UST do ogl\u0105dania bez zak\u0142\u00f3ce\u0144 (cieni\/odbi\u0107)<\/li>\n<li><strong>Jasny i energooszcz\u0119dny laser<\/strong><br \/>\nJasno\u015b\u0107 4100 lm CLO i technologia 3LCD zapewniaj\u0105 ja\u015bniejsze kolory przy poborze mocy zaledwie 205 W<\/li>\n<li><strong>Bezproblemowe opcje \u0142\u0105czno\u015bci<\/strong><br \/>\nAutomatyczne w\u0142\u0105czanie, projekcja przewodowa\/bezprzewodowa z wyj\u015bciem USB 2 A do inteligentnych modu\u0142\u00f3w<\/li>\n<li><strong>\u0141atwa obs\u0142uga i trwa\u0142a konstrukcja<\/strong><br \/>\nPraktycznie bezobs\u0142ugowe urz\u0105dzenie z gwarancj\u0105 na 5 lat lub 12 000 godzin<\/li>\n<li><strong>Zgodno\u015b\u0107 wizualizera<\/strong><br \/>\nUtw\u00f3rz i nagraj na \u017cywo immersyjn\u0105 lekcj\u0119 lub prezentacj\u0119<\/li>\n<\/ul>\n","protected":false},"featured_media":2681,"comment_status":"open","ping_status":"closed","template":"","meta":{"_bst_post_transparent":"default","_bst_post_title":"","_bst_post_layout":"default","_bst_post_sidebar_id":"","_bst_post_content_style":"default","_bst_post_vertical_padding":"default","_bst_post_feature":"","_bst_post_feature_position":"","_bst_post_header":false,"_bst_post_footer":false},"product_brand":[156],"product_cat":[177],"product_tag":[],"product_brands":[1010],"class_list":{"0":"post-2138","1":"product","2":"type-product","3":"status-publish","4":"has-post-thumbnail","6":"product_brand-epson","7":"product_cat-interaktywne-projektory","8":"product_brands-epson","10":"first","11":"instock","12":"taxable","13":"shipping-taxable","14":"purchasable","15":"product-type-simple","16":"entry","17":"content-bg","18":"loop-entry"},"yoast_head":"<!-- This site is optimized with the Yoast SEO plugin v27.3 - https:\/\/yoast.com\/product\/yoast-seo-wordpress\/ -->\n<title>EB-770FI - AVMAX - Sklep<\/title>\n<meta name=\"robots\" content=\"index, follow, max-snippet:-1, max-image-preview:large, max-video-preview:-1\" \/>\n<link rel=\"canonical\" href=\"https:\/\/avmax.pl\/sklep\/produkt\/eb-770fi-v11ha78080\/\" \/>\n<meta property=\"og:locale\" content=\"pl_PL\" \/>\n<meta property=\"og:type\" content=\"article\" \/>\n<meta property=\"og:title\" content=\"EB-770FI - AVMAX - Sklep\" \/>\n<meta property=\"og:description\" content=\"Zaprezentuj swoj\u0105 wizj\u0119 przy u\u017cyciu interaktywnego projektora Full HD z wielko\u015bci\u0105 obrazu do 100 cali, kt\u00f3ry pozwala zwi\u0119kszy\u0107 zaanga\u017cowanie i produktywno\u015b\u0107 oraz u\u0142atwia nauk\u0119.   Interaktywny obraz o rozdzielczo\u015bci Full HD Projektor 49\u2013100\u201d UST do ogl\u0105dania bez zak\u0142\u00f3ce\u0144 (cieni\/odbi\u0107)  Jasny i energooszcz\u0119dny laser Jasno\u015b\u0107 4100 lm CLO i technologia 3LCD zapewniaj\u0105 ja\u015bniejsze kolory przy poborze mocy zaledwie 205 W  Bezproblemowe opcje \u0142\u0105czno\u015bci Automatyczne w\u0142\u0105czanie, projekcja przewodowa\/bezprzewodowa z wyj\u015bciem USB 2 A do inteligentnych modu\u0142\u00f3w  \u0141atwa obs\u0142uga i trwa\u0142a konstrukcja Praktycznie bezobs\u0142ugowe urz\u0105dzenie z gwarancj\u0105 na 5 lat lub 12 000 godzin  Zgodno\u015b\u0107 wizualizera Utw\u00f3rz i nagraj na \u017cywo immersyjn\u0105 lekcj\u0119 lub prezentacj\u0119\" \/>\n<meta property=\"og:url\" content=\"https:\/\/avmax.pl\/sklep\/produkt\/eb-770fi-v11ha78080\/\" \/>\n<meta property=\"og:site_name\" content=\"AVMAX - Sklep\" \/>\n<meta property=\"article:modified_time\" content=\"2026-01-12T13:44:51+00:00\" \/>\n<meta property=\"og:image\" content=\"https:\/\/avmax.pl\/sklep\/wp-content\/uploads\/2025\/12\/EB-770FI-1.webp\" \/>\n\t<meta property=\"og:image:width\" content=\"1000\" \/>\n\t<meta property=\"og:image:height\" content=\"1000\" \/>\n\t<meta property=\"og:image:type\" content=\"image\/webp\" \/>\n<meta name=\"twitter:card\" content=\"summary_large_image\" \/>\n<meta name=\"twitter:label1\" content=\"Szacowany czas czytania\" \/>\n\t<meta name=\"twitter:data1\" content=\"2 minuty\" \/>\n<script type=\"application\/ld+json\" class=\"yoast-schema-graph\">{\"@context\":\"https:\\\/\\\/schema.org\",\"@graph\":[{\"@type\":\"WebPage\",\"@id\":\"https:\\\/\\\/avmax.pl\\\/sklep\\\/produkt\\\/eb-770fi-v11ha78080\\\/\",\"url\":\"https:\\\/\\\/avmax.pl\\\/sklep\\\/produkt\\\/eb-770fi-v11ha78080\\\/\",\"name\":\"EB-770FI - AVMAX - Sklep\",\"isPartOf\":{\"@id\":\"https:\\\/\\\/avmax.pl\\\/sklep\\\/#website\"},\"primaryImageOfPage\":{\"@id\":\"https:\\\/\\\/avmax.pl\\\/sklep\\\/produkt\\\/eb-770fi-v11ha78080\\\/#primaryimage\"},\"image\":{\"@id\":\"https:\\\/\\\/avmax.pl\\\/sklep\\\/produkt\\\/eb-770fi-v11ha78080\\\/#primaryimage\"},\"thumbnailUrl\":\"https:\\\/\\\/avmax.pl\\\/sklep\\\/wp-content\\\/uploads\\\/2025\\\/12\\\/EB-770FI-1.webp\",\"datePublished\":\"2025-12-01T15:57:00+00:00\",\"dateModified\":\"2026-01-12T13:44:51+00:00\",\"breadcrumb\":{\"@id\":\"https:\\\/\\\/avmax.pl\\\/sklep\\\/produkt\\\/eb-770fi-v11ha78080\\\/#breadcrumb\"},\"inLanguage\":\"pl-PL\",\"potentialAction\":[{\"@type\":\"ReadAction\",\"target\":[\"https:\\\/\\\/avmax.pl\\\/sklep\\\/produkt\\\/eb-770fi-v11ha78080\\\/\"]}]},{\"@type\":\"ImageObject\",\"inLanguage\":\"pl-PL\",\"@id\":\"https:\\\/\\\/avmax.pl\\\/sklep\\\/produkt\\\/eb-770fi-v11ha78080\\\/#primaryimage\",\"url\":\"https:\\\/\\\/avmax.pl\\\/sklep\\\/wp-content\\\/uploads\\\/2025\\\/12\\\/EB-770FI-1.webp\",\"contentUrl\":\"https:\\\/\\\/avmax.pl\\\/sklep\\\/wp-content\\\/uploads\\\/2025\\\/12\\\/EB-770FI-1.webp\",\"width\":1000,\"height\":1000},{\"@type\":\"BreadcrumbList\",\"@id\":\"https:\\\/\\\/avmax.pl\\\/sklep\\\/produkt\\\/eb-770fi-v11ha78080\\\/#breadcrumb\",\"itemListElement\":[{\"@type\":\"ListItem\",\"position\":1,\"name\":\"Strona g\u0142\u00f3wna\",\"item\":\"https:\\\/\\\/avmax.pl\\\/sklep\\\/\"},{\"@type\":\"ListItem\",\"position\":2,\"name\":\"Sklep\",\"item\":\"https:\\\/\\\/avmax.pl\\\/sklep\\\/shop\\\/\"},{\"@type\":\"ListItem\",\"position\":3,\"name\":\"EB-770FI\"}]},{\"@type\":\"WebSite\",\"@id\":\"https:\\\/\\\/avmax.pl\\\/sklep\\\/#website\",\"url\":\"https:\\\/\\\/avmax.pl\\\/sklep\\\/\",\"name\":\"AVMAX - Sklep\",\"description\":\"\",\"publisher\":{\"@id\":\"https:\\\/\\\/avmax.pl\\\/sklep\\\/#organization\"},\"potentialAction\":[{\"@type\":\"SearchAction\",\"target\":{\"@type\":\"EntryPoint\",\"urlTemplate\":\"https:\\\/\\\/avmax.pl\\\/sklep\\\/?s={search_term_string}\"},\"query-input\":{\"@type\":\"PropertyValueSpecification\",\"valueRequired\":true,\"valueName\":\"search_term_string\"}}],\"inLanguage\":\"pl-PL\"},{\"@type\":\"Organization\",\"@id\":\"https:\\\/\\\/avmax.pl\\\/sklep\\\/#organization\",\"name\":\"AVMAX - Sklep\",\"url\":\"https:\\\/\\\/avmax.pl\\\/sklep\\\/\",\"logo\":{\"@type\":\"ImageObject\",\"inLanguage\":\"pl-PL\",\"@id\":\"https:\\\/\\\/avmax.pl\\\/sklep\\\/#\\\/schema\\\/logo\\\/image\\\/\",\"url\":\"https:\\\/\\\/avmax.pl\\\/sklep\\\/wp-content\\\/uploads\\\/2025\\\/11\\\/cropped-logo-avmax-2-3.webp\",\"contentUrl\":\"https:\\\/\\\/avmax.pl\\\/sklep\\\/wp-content\\\/uploads\\\/2025\\\/11\\\/cropped-logo-avmax-2-3.webp\",\"width\":1500,\"height\":600,\"caption\":\"AVMAX - Sklep\"},\"image\":{\"@id\":\"https:\\\/\\\/avmax.pl\\\/sklep\\\/#\\\/schema\\\/logo\\\/image\\\/\"}}]}<\/script>\n<!-- \/ Yoast SEO plugin. -->","yoast_head_json":{"title":"EB-770FI - AVMAX - Sklep","robots":{"index":"index","follow":"follow","max-snippet":"max-snippet:-1","max-image-preview":"max-image-preview:large","max-video-preview":"max-video-preview:-1"},"canonical":"https:\/\/avmax.pl\/sklep\/produkt\/eb-770fi-v11ha78080\/","og_locale":"pl_PL","og_type":"article","og_title":"EB-770FI - AVMAX - Sklep","og_description":"Zaprezentuj swoj\u0105 wizj\u0119 przy u\u017cyciu interaktywnego projektora Full HD z wielko\u015bci\u0105 obrazu do 100 cali, kt\u00f3ry pozwala zwi\u0119kszy\u0107 zaanga\u017cowanie i produktywno\u015b\u0107 oraz u\u0142atwia nauk\u0119.   Interaktywny obraz o rozdzielczo\u015bci Full HD Projektor 49\u2013100\u201d UST do ogl\u0105dania bez zak\u0142\u00f3ce\u0144 (cieni\/odbi\u0107)  Jasny i energooszcz\u0119dny laser Jasno\u015b\u0107 4100 lm CLO i technologia 3LCD zapewniaj\u0105 ja\u015bniejsze kolory przy poborze mocy zaledwie 205 W  Bezproblemowe opcje \u0142\u0105czno\u015bci Automatyczne w\u0142\u0105czanie, projekcja przewodowa\/bezprzewodowa z wyj\u015bciem USB 2 A do inteligentnych modu\u0142\u00f3w  \u0141atwa obs\u0142uga i trwa\u0142a konstrukcja Praktycznie bezobs\u0142ugowe urz\u0105dzenie z gwarancj\u0105 na 5 lat lub 12 000 godzin  Zgodno\u015b\u0107 wizualizera Utw\u00f3rz i nagraj na \u017cywo immersyjn\u0105 lekcj\u0119 lub prezentacj\u0119","og_url":"https:\/\/avmax.pl\/sklep\/produkt\/eb-770fi-v11ha78080\/","og_site_name":"AVMAX - Sklep","article_modified_time":"2026-01-12T13:44:51+00:00","og_image":[{"width":1000,"height":1000,"url":"https:\/\/avmax.pl\/sklep\/wp-content\/uploads\/2025\/12\/EB-770FI-1.webp","type":"image\/webp"}],"twitter_card":"summary_large_image","twitter_misc":{"Szacowany czas czytania":"2 minuty"},"schema":{"@context":"https:\/\/schema.org","@graph":[{"@type":"WebPage","@id":"https:\/\/avmax.pl\/sklep\/produkt\/eb-770fi-v11ha78080\/","url":"https:\/\/avmax.pl\/sklep\/produkt\/eb-770fi-v11ha78080\/","name":"EB-770FI - AVMAX - Sklep","isPartOf":{"@id":"https:\/\/avmax.pl\/sklep\/#website"},"primaryImageOfPage":{"@id":"https:\/\/avmax.pl\/sklep\/produkt\/eb-770fi-v11ha78080\/#primaryimage"},"image":{"@id":"https:\/\/avmax.pl\/sklep\/produkt\/eb-770fi-v11ha78080\/#primaryimage"},"thumbnailUrl":"https:\/\/avmax.pl\/sklep\/wp-content\/uploads\/2025\/12\/EB-770FI-1.webp","datePublished":"2025-12-01T15:57:00+00:00","dateModified":"2026-01-12T13:44:51+00:00","breadcrumb":{"@id":"https:\/\/avmax.pl\/sklep\/produkt\/eb-770fi-v11ha78080\/#breadcrumb"},"inLanguage":"pl-PL","potentialAction":[{"@type":"ReadAction","target":["https:\/\/avmax.pl\/sklep\/produkt\/eb-770fi-v11ha78080\/"]}]},{"@type":"ImageObject","inLanguage":"pl-PL","@id":"https:\/\/avmax.pl\/sklep\/produkt\/eb-770fi-v11ha78080\/#primaryimage","url":"https:\/\/avmax.pl\/sklep\/wp-content\/uploads\/2025\/12\/EB-770FI-1.webp","contentUrl":"https:\/\/avmax.pl\/sklep\/wp-content\/uploads\/2025\/12\/EB-770FI-1.webp","width":1000,"height":1000},{"@type":"BreadcrumbList","@id":"https:\/\/avmax.pl\/sklep\/produkt\/eb-770fi-v11ha78080\/#breadcrumb","itemListElement":[{"@type":"ListItem","position":1,"name":"Strona g\u0142\u00f3wna","item":"https:\/\/avmax.pl\/sklep\/"},{"@type":"ListItem","position":2,"name":"Sklep","item":"https:\/\/avmax.pl\/sklep\/shop\/"},{"@type":"ListItem","position":3,"name":"EB-770FI"}]},{"@type":"WebSite","@id":"https:\/\/avmax.pl\/sklep\/#website","url":"https:\/\/avmax.pl\/sklep\/","name":"AVMAX - Sklep","description":"","publisher":{"@id":"https:\/\/avmax.pl\/sklep\/#organization"},"potentialAction":[{"@type":"SearchAction","target":{"@type":"EntryPoint","urlTemplate":"https:\/\/avmax.pl\/sklep\/?s={search_term_string}"},"query-input":{"@type":"PropertyValueSpecification","valueRequired":true,"valueName":"search_term_string"}}],"inLanguage":"pl-PL"},{"@type":"Organization","@id":"https:\/\/avmax.pl\/sklep\/#organization","name":"AVMAX - Sklep","url":"https:\/\/avmax.pl\/sklep\/","logo":{"@type":"ImageObject","inLanguage":"pl-PL","@id":"https:\/\/avmax.pl\/sklep\/#\/schema\/logo\/image\/","url":"https:\/\/avmax.pl\/sklep\/wp-content\/uploads\/2025\/11\/cropped-logo-avmax-2-3.webp","contentUrl":"https:\/\/avmax.pl\/sklep\/wp-content\/uploads\/2025\/11\/cropped-logo-avmax-2-3.webp","width":1500,"height":600,"caption":"AVMAX - Sklep"},"image":{"@id":"https:\/\/avmax.pl\/sklep\/#\/schema\/logo\/image\/"}}]}},"_links":{"self":[{"href":"https:\/\/avmax.pl\/sklep\/wp-json\/wp\/v2\/product\/2138","targetHints":{"allow":["GET"]}}],"collection":[{"href":"https:\/\/avmax.pl\/sklep\/wp-json\/wp\/v2\/product"}],"about":[{"href":"https:\/\/avmax.pl\/sklep\/wp-json\/wp\/v2\/types\/product"}],"replies":[{"embeddable":true,"href":"https:\/\/avmax.pl\/sklep\/wp-json\/wp\/v2\/comments?post=2138"}],"version-history":[{"count":5,"href":"https:\/\/avmax.pl\/sklep\/wp-json\/wp\/v2\/product\/2138\/revisions"}],"predecessor-version":[{"id":2393,"href":"https:\/\/avmax.pl\/sklep\/wp-json\/wp\/v2\/product\/2138\/revisions\/2393"}],"wp:featuredmedia":[{"embeddable":true,"href":"https:\/\/avmax.pl\/sklep\/wp-json\/wp\/v2\/media\/2681"}],"wp:attachment":[{"href":"https:\/\/avmax.pl\/sklep\/wp-json\/wp\/v2\/media?parent=2138"}],"wp:term":[{"taxonomy":"product_brand","embeddable":true,"href":"https:\/\/avmax.pl\/sklep\/wp-json\/wp\/v2\/product_brand?post=2138"},{"taxonomy":"product_cat","embeddable":true,"href":"https:\/\/avmax.pl\/sklep\/wp-json\/wp\/v2\/product_cat?post=2138"},{"taxonomy":"product_tag","embeddable":true,"href":"https:\/\/avmax.pl\/sklep\/wp-json\/wp\/v2\/product_tag?post=2138"},{"taxonomy":"product_brands","embeddable":true,"href":"https:\/\/avmax.pl\/sklep\/wp-json\/wp\/v2\/product_brands?post=2138"}],"curies":[{"name":"wp","href":"https:\/\/api.w.org\/{rel}","templated":true}]}}