{"id":2165,"date":"2025-12-01T18:27:29","date_gmt":"2025-12-01T18:27:29","guid":{"rendered":"https:\/\/avmax.pl\/sklep\/?post_type=product&#038;p=2165"},"modified":"2026-01-12T13:44:51","modified_gmt":"2026-01-12T13:44:51","slug":"eb-805f-v11h923640","status":"publish","type":"product","link":"https:\/\/avmax.pl\/sklep\/produkt\/eb-805f-v11h923640\/","title":{"rendered":"EB-805F"},"content":{"rendered":"<p><strong>Innowacyjne i\u00a0efektywne kosztowo rozwi\u0105zanie<\/strong><br \/>\nZaawansowana technologia laserowa firmy Epson to solidne, niezawodne i proste w monta\u017cu rozwi\u0105zanie z zakresu digital signage. Oferuje jasne i\u00a0\u017cywe kolory, a\u00a0opr\u00f3cz tego jest w\u00a0stanie pokazywa\u0107 obrazy o\u00a0du\u017cych rozmiarach.<\/p>\n<p><strong>Du\u017ce projekcje z\u00a0mo\u017cliwo\u015bci\u0105 skalowania<\/strong><br \/>\nEB-805F umo\u017cliwia wy\u015bwietlanie projekcji z\u00a0mo\u017cliwo\u015bci\u0105 skalowania obrazu do 130 cali, w\u00a0rozdzielczo\u015bci Full\u00a0HD i\u00a0z jasno\u015bci\u0105 5000\u00a0lumen\u00f3w. Technologia 3LCD zapewnia jasne kolory i\u00a0wysok\u0105 jako\u015b\u0107 obrazu nawet w jasnych przestrzeniach.<\/p>\n<p><strong>Rozwi\u0105zanie wszechstronne i\u00a0\u0142atwe w\u00a0monta\u017cu<\/strong><br \/>\nTo eleganckie i starannie zaprojektowane urz\u0105dzenie do wy\u015bwietlania tre\u015bci zapewnia elastyczno\u015b\u0107, kt\u00f3ra sprosta najbardziej wymagaj\u0105cym oczekiwaniom , jak r\u00f3wnie\u017c umo\u017cliwia zastosowanie w\u00a0w\u0105skich przestrzeniach. Mo\u017cna go montowa\u0107 na \u015bcianie, suficie, pod\u0142odze albo nawet zabudowa\u0107 tak, aby prezentowany obraz mia\u0142 w\u00a0sobie nutk\u0119 tajemniczo\u015bci. Zastosowany uk\u0142ad optyczny ultrakr\u00f3tkiego rzutu pozwala na wy\u015bwietlanie du\u017cych obraz\u00f3w z\u00a0niewielkiej odleg\u0142o\u015bci. Dost\u0119pna jest r\u00f3wnie\u017c wersja w\u00a0kolorze bia\u0142ym.<\/p>\n<p><strong>Elastyczne mo\u017cliwo\u015bci odtwarzania<\/strong><br \/>\nMateria\u0142y mo\u017cna odtwarza\u0107 bezpo\u015brednio z\u00a0no\u015bnika USB, wykorzystuj\u0105c wbudowany player, oraz z wykorzystaniem oprogramowania Epson Projector Content Manager do tworzenia i obs\u0142ugi list odtwarzania. U\u017cytkownicy mog\u0105 korzysta\u0107 z obs\u0142ugi wielu projektor\u00f3w i po\u0142\u0105czonych szeregowo, o po\u0142\u0105czonych obrazach za pomoc\u0105 funkcji edge blending (\u0142\u0105czenie projekcji) lub o\u015bwietli\u0107 ca\u0142\u0105 \u015bcian\u0119 jednym du\u017cym obrazem. Funkcja dzielenia ekranu z\u00a0kolei umo\u017cliwia u\u017cytkownikom \u0142\u0105czenie wielu \u017ar\u00f3de\u0142 obrazu i\u00a0wy\u015bwietlanie zr\u00f3\u017cnicowanych tre\u015bci w ramach jednego urz\u0105dzenia jednocze\u015bnie.<\/p>\n","protected":false},"excerpt":{"rendered":"<p>EB-805F to jasny projektor o ultrakr\u00f3tkim rzucie, kt\u00f3ry pozwala na skalowanie obrazu. Urz\u0105dzenie wprowadza innowacyjne rozwi\u0105zania firmy Epson do digital signage.<\/p>\n<ul>\n<li><strong>Projektor do digital signage o ultrakr\u00f3tkim rzucie<\/strong><br \/>\nKompaktowa, dyskretna konstrukcja.<\/li>\n<li><strong>Projekcja tre\u015bci do 130 cali<\/strong><br \/>\nRozdzielczo\u015b\u0107 Full HD, jasno\u015b\u0107 5000 lumen\u00f3w oraz technologia 3LCD<\/li>\n<li><strong>Niezawodno\u015b\u0107 w dzia\u0142aniu bez serwisowania<\/strong><br \/>\nProjektor laserowy niewymagaj\u0105cy nak\u0142ad\u00f3w konserwacyjnych z 5-letni\u0105 gwarancj\u0105<\/li>\n<li><strong>\u0141atwy monta\u017c<\/strong><br \/>\nMo\u017cliwo\u015b\u0107 obrotu w zakresie 360 stopni, w tym projekcja pionowa<\/li>\n<li><strong>Wszechstronne mo\u017cliwo\u015bci odtwarzania<\/strong><br \/>\nTre\u015bci mo\u017cna odtwarza\u0107 bezpo\u015brednio z no\u015bnika USB<\/li>\n<\/ul>\n","protected":false},"featured_media":2693,"comment_status":"open","ping_status":"closed","template":"","meta":{"_bst_post_transparent":"default","_bst_post_title":"","_bst_post_layout":"default","_bst_post_sidebar_id":"","_bst_post_content_style":"default","_bst_post_vertical_padding":"default","_bst_post_feature":"","_bst_post_feature_position":"","_bst_post_header":false,"_bst_post_footer":false},"product_brand":[156],"product_cat":[161],"product_tag":[],"product_brands":[1010],"class_list":{"0":"post-2165","1":"product","2":"type-product","3":"status-publish","4":"has-post-thumbnail","6":"product_brand-epson","7":"product_cat-projektory-przenosne","8":"product_brands-epson","10":"first","11":"instock","12":"taxable","13":"shipping-taxable","14":"purchasable","15":"product-type-simple","16":"entry","17":"content-bg","18":"loop-entry"},"yoast_head":"<!-- This site is optimized with the Yoast SEO plugin v27.3 - https:\/\/yoast.com\/product\/yoast-seo-wordpress\/ -->\n<title>EB-805F - AVMAX - Sklep<\/title>\n<meta name=\"robots\" content=\"index, follow, max-snippet:-1, max-image-preview:large, max-video-preview:-1\" \/>\n<link rel=\"canonical\" href=\"https:\/\/avmax.pl\/sklep\/produkt\/eb-805f-v11h923640\/\" \/>\n<meta property=\"og:locale\" content=\"pl_PL\" \/>\n<meta property=\"og:type\" content=\"article\" \/>\n<meta property=\"og:title\" content=\"EB-805F - AVMAX - Sklep\" \/>\n<meta property=\"og:description\" content=\"EB-805F to jasny projektor o ultrakr\u00f3tkim rzucie, kt\u00f3ry pozwala na skalowanie obrazu. Urz\u0105dzenie wprowadza innowacyjne rozwi\u0105zania firmy Epson do digital signage.   Projektor do digital signage o ultrakr\u00f3tkim rzucie Kompaktowa, dyskretna konstrukcja.  Projekcja tre\u015bci do 130 cali Rozdzielczo\u015b\u0107 Full HD, jasno\u015b\u0107 5000 lumen\u00f3w oraz technologia 3LCD  Niezawodno\u015b\u0107 w dzia\u0142aniu bez serwisowania Projektor laserowy niewymagaj\u0105cy nak\u0142ad\u00f3w konserwacyjnych z 5-letni\u0105 gwarancj\u0105  \u0141atwy monta\u017c Mo\u017cliwo\u015b\u0107 obrotu w zakresie 360 stopni, w tym projekcja pionowa  Wszechstronne mo\u017cliwo\u015bci odtwarzania Tre\u015bci mo\u017cna odtwarza\u0107 bezpo\u015brednio z no\u015bnika USB\" \/>\n<meta property=\"og:url\" content=\"https:\/\/avmax.pl\/sklep\/produkt\/eb-805f-v11h923640\/\" \/>\n<meta property=\"og:site_name\" content=\"AVMAX - Sklep\" \/>\n<meta property=\"article:modified_time\" content=\"2026-01-12T13:44:51+00:00\" \/>\n<meta property=\"og:image\" content=\"https:\/\/avmax.pl\/sklep\/wp-content\/uploads\/2025\/12\/EB-805F-1.webp\" \/>\n\t<meta property=\"og:image:width\" content=\"1000\" \/>\n\t<meta property=\"og:image:height\" content=\"1000\" \/>\n\t<meta property=\"og:image:type\" content=\"image\/webp\" \/>\n<meta name=\"twitter:card\" content=\"summary_large_image\" \/>\n<meta name=\"twitter:label1\" content=\"Szacowany czas czytania\" \/>\n\t<meta name=\"twitter:data1\" content=\"2 minuty\" \/>\n<script type=\"application\/ld+json\" class=\"yoast-schema-graph\">{\"@context\":\"https:\\\/\\\/schema.org\",\"@graph\":[{\"@type\":\"WebPage\",\"@id\":\"https:\\\/\\\/avmax.pl\\\/sklep\\\/produkt\\\/eb-805f-v11h923640\\\/\",\"url\":\"https:\\\/\\\/avmax.pl\\\/sklep\\\/produkt\\\/eb-805f-v11h923640\\\/\",\"name\":\"EB-805F - AVMAX - Sklep\",\"isPartOf\":{\"@id\":\"https:\\\/\\\/avmax.pl\\\/sklep\\\/#website\"},\"primaryImageOfPage\":{\"@id\":\"https:\\\/\\\/avmax.pl\\\/sklep\\\/produkt\\\/eb-805f-v11h923640\\\/#primaryimage\"},\"image\":{\"@id\":\"https:\\\/\\\/avmax.pl\\\/sklep\\\/produkt\\\/eb-805f-v11h923640\\\/#primaryimage\"},\"thumbnailUrl\":\"https:\\\/\\\/avmax.pl\\\/sklep\\\/wp-content\\\/uploads\\\/2025\\\/12\\\/EB-805F-1.webp\",\"datePublished\":\"2025-12-01T18:27:29+00:00\",\"dateModified\":\"2026-01-12T13:44:51+00:00\",\"breadcrumb\":{\"@id\":\"https:\\\/\\\/avmax.pl\\\/sklep\\\/produkt\\\/eb-805f-v11h923640\\\/#breadcrumb\"},\"inLanguage\":\"pl-PL\",\"potentialAction\":[{\"@type\":\"ReadAction\",\"target\":[\"https:\\\/\\\/avmax.pl\\\/sklep\\\/produkt\\\/eb-805f-v11h923640\\\/\"]}]},{\"@type\":\"ImageObject\",\"inLanguage\":\"pl-PL\",\"@id\":\"https:\\\/\\\/avmax.pl\\\/sklep\\\/produkt\\\/eb-805f-v11h923640\\\/#primaryimage\",\"url\":\"https:\\\/\\\/avmax.pl\\\/sklep\\\/wp-content\\\/uploads\\\/2025\\\/12\\\/EB-805F-1.webp\",\"contentUrl\":\"https:\\\/\\\/avmax.pl\\\/sklep\\\/wp-content\\\/uploads\\\/2025\\\/12\\\/EB-805F-1.webp\",\"width\":1000,\"height\":1000},{\"@type\":\"BreadcrumbList\",\"@id\":\"https:\\\/\\\/avmax.pl\\\/sklep\\\/produkt\\\/eb-805f-v11h923640\\\/#breadcrumb\",\"itemListElement\":[{\"@type\":\"ListItem\",\"position\":1,\"name\":\"Strona g\u0142\u00f3wna\",\"item\":\"https:\\\/\\\/avmax.pl\\\/sklep\\\/\"},{\"@type\":\"ListItem\",\"position\":2,\"name\":\"Sklep\",\"item\":\"https:\\\/\\\/avmax.pl\\\/sklep\\\/shop\\\/\"},{\"@type\":\"ListItem\",\"position\":3,\"name\":\"EB-805F\"}]},{\"@type\":\"WebSite\",\"@id\":\"https:\\\/\\\/avmax.pl\\\/sklep\\\/#website\",\"url\":\"https:\\\/\\\/avmax.pl\\\/sklep\\\/\",\"name\":\"AVMAX - Sklep\",\"description\":\"\",\"publisher\":{\"@id\":\"https:\\\/\\\/avmax.pl\\\/sklep\\\/#organization\"},\"potentialAction\":[{\"@type\":\"SearchAction\",\"target\":{\"@type\":\"EntryPoint\",\"urlTemplate\":\"https:\\\/\\\/avmax.pl\\\/sklep\\\/?s={search_term_string}\"},\"query-input\":{\"@type\":\"PropertyValueSpecification\",\"valueRequired\":true,\"valueName\":\"search_term_string\"}}],\"inLanguage\":\"pl-PL\"},{\"@type\":\"Organization\",\"@id\":\"https:\\\/\\\/avmax.pl\\\/sklep\\\/#organization\",\"name\":\"AVMAX - Sklep\",\"url\":\"https:\\\/\\\/avmax.pl\\\/sklep\\\/\",\"logo\":{\"@type\":\"ImageObject\",\"inLanguage\":\"pl-PL\",\"@id\":\"https:\\\/\\\/avmax.pl\\\/sklep\\\/#\\\/schema\\\/logo\\\/image\\\/\",\"url\":\"https:\\\/\\\/avmax.pl\\\/sklep\\\/wp-content\\\/uploads\\\/2025\\\/11\\\/cropped-logo-avmax-2-3.webp\",\"contentUrl\":\"https:\\\/\\\/avmax.pl\\\/sklep\\\/wp-content\\\/uploads\\\/2025\\\/11\\\/cropped-logo-avmax-2-3.webp\",\"width\":1500,\"height\":600,\"caption\":\"AVMAX - Sklep\"},\"image\":{\"@id\":\"https:\\\/\\\/avmax.pl\\\/sklep\\\/#\\\/schema\\\/logo\\\/image\\\/\"}}]}<\/script>\n<!-- \/ Yoast SEO plugin. -->","yoast_head_json":{"title":"EB-805F - AVMAX - Sklep","robots":{"index":"index","follow":"follow","max-snippet":"max-snippet:-1","max-image-preview":"max-image-preview:large","max-video-preview":"max-video-preview:-1"},"canonical":"https:\/\/avmax.pl\/sklep\/produkt\/eb-805f-v11h923640\/","og_locale":"pl_PL","og_type":"article","og_title":"EB-805F - AVMAX - Sklep","og_description":"EB-805F to jasny projektor o ultrakr\u00f3tkim rzucie, kt\u00f3ry pozwala na skalowanie obrazu. Urz\u0105dzenie wprowadza innowacyjne rozwi\u0105zania firmy Epson do digital signage.   Projektor do digital signage o ultrakr\u00f3tkim rzucie Kompaktowa, dyskretna konstrukcja.  Projekcja tre\u015bci do 130 cali Rozdzielczo\u015b\u0107 Full HD, jasno\u015b\u0107 5000 lumen\u00f3w oraz technologia 3LCD  Niezawodno\u015b\u0107 w dzia\u0142aniu bez serwisowania Projektor laserowy niewymagaj\u0105cy nak\u0142ad\u00f3w konserwacyjnych z 5-letni\u0105 gwarancj\u0105  \u0141atwy monta\u017c Mo\u017cliwo\u015b\u0107 obrotu w zakresie 360 stopni, w tym projekcja pionowa  Wszechstronne mo\u017cliwo\u015bci odtwarzania Tre\u015bci mo\u017cna odtwarza\u0107 bezpo\u015brednio z no\u015bnika USB","og_url":"https:\/\/avmax.pl\/sklep\/produkt\/eb-805f-v11h923640\/","og_site_name":"AVMAX - Sklep","article_modified_time":"2026-01-12T13:44:51+00:00","og_image":[{"width":1000,"height":1000,"url":"https:\/\/avmax.pl\/sklep\/wp-content\/uploads\/2025\/12\/EB-805F-1.webp","type":"image\/webp"}],"twitter_card":"summary_large_image","twitter_misc":{"Szacowany czas czytania":"2 minuty"},"schema":{"@context":"https:\/\/schema.org","@graph":[{"@type":"WebPage","@id":"https:\/\/avmax.pl\/sklep\/produkt\/eb-805f-v11h923640\/","url":"https:\/\/avmax.pl\/sklep\/produkt\/eb-805f-v11h923640\/","name":"EB-805F - AVMAX - Sklep","isPartOf":{"@id":"https:\/\/avmax.pl\/sklep\/#website"},"primaryImageOfPage":{"@id":"https:\/\/avmax.pl\/sklep\/produkt\/eb-805f-v11h923640\/#primaryimage"},"image":{"@id":"https:\/\/avmax.pl\/sklep\/produkt\/eb-805f-v11h923640\/#primaryimage"},"thumbnailUrl":"https:\/\/avmax.pl\/sklep\/wp-content\/uploads\/2025\/12\/EB-805F-1.webp","datePublished":"2025-12-01T18:27:29+00:00","dateModified":"2026-01-12T13:44:51+00:00","breadcrumb":{"@id":"https:\/\/avmax.pl\/sklep\/produkt\/eb-805f-v11h923640\/#breadcrumb"},"inLanguage":"pl-PL","potentialAction":[{"@type":"ReadAction","target":["https:\/\/avmax.pl\/sklep\/produkt\/eb-805f-v11h923640\/"]}]},{"@type":"ImageObject","inLanguage":"pl-PL","@id":"https:\/\/avmax.pl\/sklep\/produkt\/eb-805f-v11h923640\/#primaryimage","url":"https:\/\/avmax.pl\/sklep\/wp-content\/uploads\/2025\/12\/EB-805F-1.webp","contentUrl":"https:\/\/avmax.pl\/sklep\/wp-content\/uploads\/2025\/12\/EB-805F-1.webp","width":1000,"height":1000},{"@type":"BreadcrumbList","@id":"https:\/\/avmax.pl\/sklep\/produkt\/eb-805f-v11h923640\/#breadcrumb","itemListElement":[{"@type":"ListItem","position":1,"name":"Strona g\u0142\u00f3wna","item":"https:\/\/avmax.pl\/sklep\/"},{"@type":"ListItem","position":2,"name":"Sklep","item":"https:\/\/avmax.pl\/sklep\/shop\/"},{"@type":"ListItem","position":3,"name":"EB-805F"}]},{"@type":"WebSite","@id":"https:\/\/avmax.pl\/sklep\/#website","url":"https:\/\/avmax.pl\/sklep\/","name":"AVMAX - Sklep","description":"","publisher":{"@id":"https:\/\/avmax.pl\/sklep\/#organization"},"potentialAction":[{"@type":"SearchAction","target":{"@type":"EntryPoint","urlTemplate":"https:\/\/avmax.pl\/sklep\/?s={search_term_string}"},"query-input":{"@type":"PropertyValueSpecification","valueRequired":true,"valueName":"search_term_string"}}],"inLanguage":"pl-PL"},{"@type":"Organization","@id":"https:\/\/avmax.pl\/sklep\/#organization","name":"AVMAX - Sklep","url":"https:\/\/avmax.pl\/sklep\/","logo":{"@type":"ImageObject","inLanguage":"pl-PL","@id":"https:\/\/avmax.pl\/sklep\/#\/schema\/logo\/image\/","url":"https:\/\/avmax.pl\/sklep\/wp-content\/uploads\/2025\/11\/cropped-logo-avmax-2-3.webp","contentUrl":"https:\/\/avmax.pl\/sklep\/wp-content\/uploads\/2025\/11\/cropped-logo-avmax-2-3.webp","width":1500,"height":600,"caption":"AVMAX - Sklep"},"image":{"@id":"https:\/\/avmax.pl\/sklep\/#\/schema\/logo\/image\/"}}]}},"_links":{"self":[{"href":"https:\/\/avmax.pl\/sklep\/wp-json\/wp\/v2\/product\/2165","targetHints":{"allow":["GET"]}}],"collection":[{"href":"https:\/\/avmax.pl\/sklep\/wp-json\/wp\/v2\/product"}],"about":[{"href":"https:\/\/avmax.pl\/sklep\/wp-json\/wp\/v2\/types\/product"}],"replies":[{"embeddable":true,"href":"https:\/\/avmax.pl\/sklep\/wp-json\/wp\/v2\/comments?post=2165"}],"version-history":[{"count":4,"href":"https:\/\/avmax.pl\/sklep\/wp-json\/wp\/v2\/product\/2165\/revisions"}],"predecessor-version":[{"id":2402,"href":"https:\/\/avmax.pl\/sklep\/wp-json\/wp\/v2\/product\/2165\/revisions\/2402"}],"wp:featuredmedia":[{"embeddable":true,"href":"https:\/\/avmax.pl\/sklep\/wp-json\/wp\/v2\/media\/2693"}],"wp:attachment":[{"href":"https:\/\/avmax.pl\/sklep\/wp-json\/wp\/v2\/media?parent=2165"}],"wp:term":[{"taxonomy":"product_brand","embeddable":true,"href":"https:\/\/avmax.pl\/sklep\/wp-json\/wp\/v2\/product_brand?post=2165"},{"taxonomy":"product_cat","embeddable":true,"href":"https:\/\/avmax.pl\/sklep\/wp-json\/wp\/v2\/product_cat?post=2165"},{"taxonomy":"product_tag","embeddable":true,"href":"https:\/\/avmax.pl\/sklep\/wp-json\/wp\/v2\/product_tag?post=2165"},{"taxonomy":"product_brands","embeddable":true,"href":"https:\/\/avmax.pl\/sklep\/wp-json\/wp\/v2\/product_brands?post=2165"}],"curies":[{"name":"wp","href":"https:\/\/api.w.org\/{rel}","templated":true}]}}