{"id":2167,"date":"2025-12-01T18:40:21","date_gmt":"2025-12-01T18:40:21","guid":{"rendered":"https:\/\/avmax.pl\/sklep\/?post_type=product&#038;p=2167"},"modified":"2026-01-12T13:44:51","modified_gmt":"2026-01-12T13:44:51","slug":"eb-810e-v11ha99080","status":"publish","type":"product","link":"https:\/\/avmax.pl\/sklep\/produkt\/eb-810e-v11ha99080\/","title":{"rendered":"EB-810E"},"content":{"rendered":"<p>Obiektyw o super ultrakr\u00f3tkim rzucie projektora EB-810E umo\u017cliwia dyskretne ustawienie w pobli\u017cu ekranu, umo\u017cliwiaj\u0105c prezenterom swobod\u0119 ruchu bez rzucania cienia.<br \/>\nTechnologia 3LCD oraz jasno\u015b\u0107 5000 lumen\u00f3w dla \u015bwiat\u0142a bia\u0142ego i barwnego sprawiaj\u0105, \u017ce obraz projektora EB-810E jest jasny i wyrazisty do wielko\u015bci 160\u201d oraz zapewnia doskona\u0142\u0105 widoczno\u015bci tre\u015bci pod ka\u017cdym k\u0105tem i z ka\u017cdej odleg\u0142o\u015bci. Zapewnia immersyjne wra\u017cenia oraz jest wyj\u0105tkowo \u0142atwy w obs\u0142udze.<\/p>\n<p>Wszechstronne opcje \u0142\u0105czno\u015bci przewodowej i bezprzewodowej, w tym klonowanie ekranu Miracast\u2122, zapewniaj\u0105 bezproblemowe udost\u0119pnianie tre\u015bci na wielu urz\u0105dzeniach.<br \/>\nWa\u017cy zaledwie 12,3 kg, jest bardzo przeno\u015bny, a aplikacja Epson Setting Assistant sprawia, \u017ce konfiguracja jest szybka i prosta. Idealne rozwi\u0105zanie do wy\u015bwietlania odpowiednie dla r\u00f3\u017cnych rozmiar\u00f3w pomieszcze\u0144, w po\u0142\u0105czeniu z elastycznymi opcjami instalacji.<\/p>\n<p>Projektor EB-810E obs\u0142uguje wiele proporcji obrazu oraz funkcj\u0119 edge blending (\u0142\u0105czenie projekcji z wielu projektor\u00f3w), dzi\u0119ki czemu jest to niedrogi, \u0142atwy w obs\u0142udze i energooszcz\u0119dny projektor zapewniaj\u0105cy ultra szeroki obraz, idealny do wideokonferencji.<br \/>\nW po\u0142\u0105czeniu z ekranem Epson Ambient Light Rejection Screen projektor EB-810E zapewnia tak wysok\u0105 jako\u015b\u0107 obrazu, \u017ce mo\u017cna go pomyli\u0107 ze \u015bcian\u0105 wideo lub wy\u015bwietlaczem LED, lecz zarazem jest zaskakuj\u0105co przyst\u0119pny cenowo oraz oferuje znacznie mniejsze zu\u017cycie energii.<\/p>\n","protected":false},"excerpt":{"rendered":"<p>EB-810E to pierwszy projektor laserowy o rozdzielczo\u015bci 4KE i super ultrakr\u00f3tkim rzucie firmy Epson, stworzony dla firm, do pracy hybrydowej i immersyjnych przestrzeni<\/p>\n<ul>\n<li><strong>Skalowalny obraz w rozdzielczo\u015bci 4KE do ka\u017cdego pomieszczenia<\/strong><br \/>\nObraz ultrakr\u00f3tkiego rzutu o przek\u0105tnej 80-160\u201d kt\u00f3ry nie jest ograniczony przez cienie lub odbicia.<\/li>\n<li><strong>Jasny i energooszcz\u0119dny laser<\/strong><br \/>\nJasno\u015b\u0107 5000 lm dla \u015bwiat\u0142a bia\u0142ego i barwnego oraz technologia 3LCD zapewniaj\u0105 bardziej jaskrawe kolory<\/li>\n<li><strong>Bezproblemowe opcje \u0142\u0105czno\u015bci<\/strong><br \/>\nAutomatyczne w\u0142\u0105czanie, projekcja przewodowa\/bezprzewodowa z wyj\u015bciem USB 2A dla odtwarzaczy multimedialnych.<\/li>\n<li><strong>\u0141atwa obs\u0142uga i trwa\u0142a konstrukcja<\/strong><br \/>\nPraktycznie bezobs\u0142ugowe urz\u0105dzenie z gwarancj\u0105 na 5 lat lub 12 000 godzin<\/li>\n<li><strong>Alternatywa dla \u015bcian LED\/wideo<\/strong><br \/>\nZaskakuj\u0105co przyst\u0119pne cenowo rozwi\u0105zanie o niskim zu\u017cyciu energii<\/li>\n<\/ul>\n","protected":false},"featured_media":2697,"comment_status":"open","ping_status":"closed","template":"","meta":{"_bst_post_transparent":"default","_bst_post_title":"","_bst_post_layout":"default","_bst_post_sidebar_id":"","_bst_post_content_style":"default","_bst_post_vertical_padding":"default","_bst_post_feature":"","_bst_post_feature_position":"","_bst_post_header":false,"_bst_post_footer":false},"product_brand":[156],"product_cat":[161],"product_tag":[],"product_brands":[1010],"class_list":{"0":"post-2167","1":"product","2":"type-product","3":"status-publish","4":"has-post-thumbnail","6":"product_brand-epson","7":"product_cat-projektory-przenosne","8":"product_brands-epson","10":"first","11":"instock","12":"taxable","13":"shipping-taxable","14":"purchasable","15":"product-type-simple","16":"entry","17":"content-bg","18":"loop-entry"},"yoast_head":"<!-- This site is optimized with the Yoast SEO plugin v27.3 - https:\/\/yoast.com\/product\/yoast-seo-wordpress\/ -->\n<title>EB-810E - AVMAX - Sklep<\/title>\n<meta name=\"robots\" content=\"index, follow, max-snippet:-1, max-image-preview:large, max-video-preview:-1\" \/>\n<link rel=\"canonical\" href=\"https:\/\/avmax.pl\/sklep\/produkt\/eb-810e-v11ha99080\/\" \/>\n<meta property=\"og:locale\" content=\"pl_PL\" \/>\n<meta property=\"og:type\" content=\"article\" \/>\n<meta property=\"og:title\" content=\"EB-810E - AVMAX - Sklep\" \/>\n<meta property=\"og:description\" content=\"EB-810E to pierwszy projektor laserowy o rozdzielczo\u015bci 4KE i super ultrakr\u00f3tkim rzucie firmy Epson, stworzony dla firm, do pracy hybrydowej i immersyjnych przestrzeni   Skalowalny obraz w rozdzielczo\u015bci 4KE do ka\u017cdego pomieszczenia Obraz ultrakr\u00f3tkiego rzutu o przek\u0105tnej 80-160\u201d kt\u00f3ry nie jest ograniczony przez cienie lub odbicia.  Jasny i energooszcz\u0119dny laser Jasno\u015b\u0107 5000 lm dla \u015bwiat\u0142a bia\u0142ego i barwnego oraz technologia 3LCD zapewniaj\u0105 bardziej jaskrawe kolory  Bezproblemowe opcje \u0142\u0105czno\u015bci Automatyczne w\u0142\u0105czanie, projekcja przewodowa\/bezprzewodowa z wyj\u015bciem USB 2A dla odtwarzaczy multimedialnych.  \u0141atwa obs\u0142uga i trwa\u0142a konstrukcja Praktycznie bezobs\u0142ugowe urz\u0105dzenie z gwarancj\u0105 na 5 lat lub 12 000 godzin  Alternatywa dla \u015bcian LED\/wideo Zaskakuj\u0105co przyst\u0119pne cenowo rozwi\u0105zanie o niskim zu\u017cyciu energii\" \/>\n<meta property=\"og:url\" content=\"https:\/\/avmax.pl\/sklep\/produkt\/eb-810e-v11ha99080\/\" \/>\n<meta property=\"og:site_name\" content=\"AVMAX - Sklep\" \/>\n<meta property=\"article:modified_time\" content=\"2026-01-12T13:44:51+00:00\" \/>\n<meta property=\"og:image\" content=\"https:\/\/avmax.pl\/sklep\/wp-content\/uploads\/2025\/12\/EB-810E-1.webp\" \/>\n\t<meta property=\"og:image:width\" content=\"1000\" \/>\n\t<meta property=\"og:image:height\" content=\"1000\" \/>\n\t<meta property=\"og:image:type\" content=\"image\/webp\" \/>\n<meta name=\"twitter:card\" content=\"summary_large_image\" \/>\n<meta name=\"twitter:label1\" content=\"Szacowany czas czytania\" \/>\n\t<meta name=\"twitter:data1\" content=\"2 minuty\" \/>\n<script type=\"application\/ld+json\" class=\"yoast-schema-graph\">{\"@context\":\"https:\\\/\\\/schema.org\",\"@graph\":[{\"@type\":\"WebPage\",\"@id\":\"https:\\\/\\\/avmax.pl\\\/sklep\\\/produkt\\\/eb-810e-v11ha99080\\\/\",\"url\":\"https:\\\/\\\/avmax.pl\\\/sklep\\\/produkt\\\/eb-810e-v11ha99080\\\/\",\"name\":\"EB-810E - AVMAX - Sklep\",\"isPartOf\":{\"@id\":\"https:\\\/\\\/avmax.pl\\\/sklep\\\/#website\"},\"primaryImageOfPage\":{\"@id\":\"https:\\\/\\\/avmax.pl\\\/sklep\\\/produkt\\\/eb-810e-v11ha99080\\\/#primaryimage\"},\"image\":{\"@id\":\"https:\\\/\\\/avmax.pl\\\/sklep\\\/produkt\\\/eb-810e-v11ha99080\\\/#primaryimage\"},\"thumbnailUrl\":\"https:\\\/\\\/avmax.pl\\\/sklep\\\/wp-content\\\/uploads\\\/2025\\\/12\\\/EB-810E-1.webp\",\"datePublished\":\"2025-12-01T18:40:21+00:00\",\"dateModified\":\"2026-01-12T13:44:51+00:00\",\"breadcrumb\":{\"@id\":\"https:\\\/\\\/avmax.pl\\\/sklep\\\/produkt\\\/eb-810e-v11ha99080\\\/#breadcrumb\"},\"inLanguage\":\"pl-PL\",\"potentialAction\":[{\"@type\":\"ReadAction\",\"target\":[\"https:\\\/\\\/avmax.pl\\\/sklep\\\/produkt\\\/eb-810e-v11ha99080\\\/\"]}]},{\"@type\":\"ImageObject\",\"inLanguage\":\"pl-PL\",\"@id\":\"https:\\\/\\\/avmax.pl\\\/sklep\\\/produkt\\\/eb-810e-v11ha99080\\\/#primaryimage\",\"url\":\"https:\\\/\\\/avmax.pl\\\/sklep\\\/wp-content\\\/uploads\\\/2025\\\/12\\\/EB-810E-1.webp\",\"contentUrl\":\"https:\\\/\\\/avmax.pl\\\/sklep\\\/wp-content\\\/uploads\\\/2025\\\/12\\\/EB-810E-1.webp\",\"width\":1000,\"height\":1000},{\"@type\":\"BreadcrumbList\",\"@id\":\"https:\\\/\\\/avmax.pl\\\/sklep\\\/produkt\\\/eb-810e-v11ha99080\\\/#breadcrumb\",\"itemListElement\":[{\"@type\":\"ListItem\",\"position\":1,\"name\":\"Strona g\u0142\u00f3wna\",\"item\":\"https:\\\/\\\/avmax.pl\\\/sklep\\\/\"},{\"@type\":\"ListItem\",\"position\":2,\"name\":\"Sklep\",\"item\":\"https:\\\/\\\/avmax.pl\\\/sklep\\\/shop\\\/\"},{\"@type\":\"ListItem\",\"position\":3,\"name\":\"EB-810E\"}]},{\"@type\":\"WebSite\",\"@id\":\"https:\\\/\\\/avmax.pl\\\/sklep\\\/#website\",\"url\":\"https:\\\/\\\/avmax.pl\\\/sklep\\\/\",\"name\":\"AVMAX - Sklep\",\"description\":\"\",\"publisher\":{\"@id\":\"https:\\\/\\\/avmax.pl\\\/sklep\\\/#organization\"},\"potentialAction\":[{\"@type\":\"SearchAction\",\"target\":{\"@type\":\"EntryPoint\",\"urlTemplate\":\"https:\\\/\\\/avmax.pl\\\/sklep\\\/?s={search_term_string}\"},\"query-input\":{\"@type\":\"PropertyValueSpecification\",\"valueRequired\":true,\"valueName\":\"search_term_string\"}}],\"inLanguage\":\"pl-PL\"},{\"@type\":\"Organization\",\"@id\":\"https:\\\/\\\/avmax.pl\\\/sklep\\\/#organization\",\"name\":\"AVMAX - Sklep\",\"url\":\"https:\\\/\\\/avmax.pl\\\/sklep\\\/\",\"logo\":{\"@type\":\"ImageObject\",\"inLanguage\":\"pl-PL\",\"@id\":\"https:\\\/\\\/avmax.pl\\\/sklep\\\/#\\\/schema\\\/logo\\\/image\\\/\",\"url\":\"https:\\\/\\\/avmax.pl\\\/sklep\\\/wp-content\\\/uploads\\\/2025\\\/11\\\/cropped-logo-avmax-2-3.webp\",\"contentUrl\":\"https:\\\/\\\/avmax.pl\\\/sklep\\\/wp-content\\\/uploads\\\/2025\\\/11\\\/cropped-logo-avmax-2-3.webp\",\"width\":1500,\"height\":600,\"caption\":\"AVMAX - Sklep\"},\"image\":{\"@id\":\"https:\\\/\\\/avmax.pl\\\/sklep\\\/#\\\/schema\\\/logo\\\/image\\\/\"}}]}<\/script>\n<!-- \/ Yoast SEO plugin. -->","yoast_head_json":{"title":"EB-810E - AVMAX - Sklep","robots":{"index":"index","follow":"follow","max-snippet":"max-snippet:-1","max-image-preview":"max-image-preview:large","max-video-preview":"max-video-preview:-1"},"canonical":"https:\/\/avmax.pl\/sklep\/produkt\/eb-810e-v11ha99080\/","og_locale":"pl_PL","og_type":"article","og_title":"EB-810E - AVMAX - Sklep","og_description":"EB-810E to pierwszy projektor laserowy o rozdzielczo\u015bci 4KE i super ultrakr\u00f3tkim rzucie firmy Epson, stworzony dla firm, do pracy hybrydowej i immersyjnych przestrzeni   Skalowalny obraz w rozdzielczo\u015bci 4KE do ka\u017cdego pomieszczenia Obraz ultrakr\u00f3tkiego rzutu o przek\u0105tnej 80-160\u201d kt\u00f3ry nie jest ograniczony przez cienie lub odbicia.  Jasny i energooszcz\u0119dny laser Jasno\u015b\u0107 5000 lm dla \u015bwiat\u0142a bia\u0142ego i barwnego oraz technologia 3LCD zapewniaj\u0105 bardziej jaskrawe kolory  Bezproblemowe opcje \u0142\u0105czno\u015bci Automatyczne w\u0142\u0105czanie, projekcja przewodowa\/bezprzewodowa z wyj\u015bciem USB 2A dla odtwarzaczy multimedialnych.  \u0141atwa obs\u0142uga i trwa\u0142a konstrukcja Praktycznie bezobs\u0142ugowe urz\u0105dzenie z gwarancj\u0105 na 5 lat lub 12 000 godzin  Alternatywa dla \u015bcian LED\/wideo Zaskakuj\u0105co przyst\u0119pne cenowo rozwi\u0105zanie o niskim zu\u017cyciu energii","og_url":"https:\/\/avmax.pl\/sklep\/produkt\/eb-810e-v11ha99080\/","og_site_name":"AVMAX - Sklep","article_modified_time":"2026-01-12T13:44:51+00:00","og_image":[{"width":1000,"height":1000,"url":"https:\/\/avmax.pl\/sklep\/wp-content\/uploads\/2025\/12\/EB-810E-1.webp","type":"image\/webp"}],"twitter_card":"summary_large_image","twitter_misc":{"Szacowany czas czytania":"2 minuty"},"schema":{"@context":"https:\/\/schema.org","@graph":[{"@type":"WebPage","@id":"https:\/\/avmax.pl\/sklep\/produkt\/eb-810e-v11ha99080\/","url":"https:\/\/avmax.pl\/sklep\/produkt\/eb-810e-v11ha99080\/","name":"EB-810E - AVMAX - Sklep","isPartOf":{"@id":"https:\/\/avmax.pl\/sklep\/#website"},"primaryImageOfPage":{"@id":"https:\/\/avmax.pl\/sklep\/produkt\/eb-810e-v11ha99080\/#primaryimage"},"image":{"@id":"https:\/\/avmax.pl\/sklep\/produkt\/eb-810e-v11ha99080\/#primaryimage"},"thumbnailUrl":"https:\/\/avmax.pl\/sklep\/wp-content\/uploads\/2025\/12\/EB-810E-1.webp","datePublished":"2025-12-01T18:40:21+00:00","dateModified":"2026-01-12T13:44:51+00:00","breadcrumb":{"@id":"https:\/\/avmax.pl\/sklep\/produkt\/eb-810e-v11ha99080\/#breadcrumb"},"inLanguage":"pl-PL","potentialAction":[{"@type":"ReadAction","target":["https:\/\/avmax.pl\/sklep\/produkt\/eb-810e-v11ha99080\/"]}]},{"@type":"ImageObject","inLanguage":"pl-PL","@id":"https:\/\/avmax.pl\/sklep\/produkt\/eb-810e-v11ha99080\/#primaryimage","url":"https:\/\/avmax.pl\/sklep\/wp-content\/uploads\/2025\/12\/EB-810E-1.webp","contentUrl":"https:\/\/avmax.pl\/sklep\/wp-content\/uploads\/2025\/12\/EB-810E-1.webp","width":1000,"height":1000},{"@type":"BreadcrumbList","@id":"https:\/\/avmax.pl\/sklep\/produkt\/eb-810e-v11ha99080\/#breadcrumb","itemListElement":[{"@type":"ListItem","position":1,"name":"Strona g\u0142\u00f3wna","item":"https:\/\/avmax.pl\/sklep\/"},{"@type":"ListItem","position":2,"name":"Sklep","item":"https:\/\/avmax.pl\/sklep\/shop\/"},{"@type":"ListItem","position":3,"name":"EB-810E"}]},{"@type":"WebSite","@id":"https:\/\/avmax.pl\/sklep\/#website","url":"https:\/\/avmax.pl\/sklep\/","name":"AVMAX - Sklep","description":"","publisher":{"@id":"https:\/\/avmax.pl\/sklep\/#organization"},"potentialAction":[{"@type":"SearchAction","target":{"@type":"EntryPoint","urlTemplate":"https:\/\/avmax.pl\/sklep\/?s={search_term_string}"},"query-input":{"@type":"PropertyValueSpecification","valueRequired":true,"valueName":"search_term_string"}}],"inLanguage":"pl-PL"},{"@type":"Organization","@id":"https:\/\/avmax.pl\/sklep\/#organization","name":"AVMAX - Sklep","url":"https:\/\/avmax.pl\/sklep\/","logo":{"@type":"ImageObject","inLanguage":"pl-PL","@id":"https:\/\/avmax.pl\/sklep\/#\/schema\/logo\/image\/","url":"https:\/\/avmax.pl\/sklep\/wp-content\/uploads\/2025\/11\/cropped-logo-avmax-2-3.webp","contentUrl":"https:\/\/avmax.pl\/sklep\/wp-content\/uploads\/2025\/11\/cropped-logo-avmax-2-3.webp","width":1500,"height":600,"caption":"AVMAX - Sklep"},"image":{"@id":"https:\/\/avmax.pl\/sklep\/#\/schema\/logo\/image\/"}}]}},"_links":{"self":[{"href":"https:\/\/avmax.pl\/sklep\/wp-json\/wp\/v2\/product\/2167","targetHints":{"allow":["GET"]}}],"collection":[{"href":"https:\/\/avmax.pl\/sklep\/wp-json\/wp\/v2\/product"}],"about":[{"href":"https:\/\/avmax.pl\/sklep\/wp-json\/wp\/v2\/types\/product"}],"replies":[{"embeddable":true,"href":"https:\/\/avmax.pl\/sklep\/wp-json\/wp\/v2\/comments?post=2167"}],"version-history":[{"count":4,"href":"https:\/\/avmax.pl\/sklep\/wp-json\/wp\/v2\/product\/2167\/revisions"}],"predecessor-version":[{"id":2405,"href":"https:\/\/avmax.pl\/sklep\/wp-json\/wp\/v2\/product\/2167\/revisions\/2405"}],"wp:featuredmedia":[{"embeddable":true,"href":"https:\/\/avmax.pl\/sklep\/wp-json\/wp\/v2\/media\/2697"}],"wp:attachment":[{"href":"https:\/\/avmax.pl\/sklep\/wp-json\/wp\/v2\/media?parent=2167"}],"wp:term":[{"taxonomy":"product_brand","embeddable":true,"href":"https:\/\/avmax.pl\/sklep\/wp-json\/wp\/v2\/product_brand?post=2167"},{"taxonomy":"product_cat","embeddable":true,"href":"https:\/\/avmax.pl\/sklep\/wp-json\/wp\/v2\/product_cat?post=2167"},{"taxonomy":"product_tag","embeddable":true,"href":"https:\/\/avmax.pl\/sklep\/wp-json\/wp\/v2\/product_tag?post=2167"},{"taxonomy":"product_brands","embeddable":true,"href":"https:\/\/avmax.pl\/sklep\/wp-json\/wp\/v2\/product_brands?post=2167"}],"curies":[{"name":"wp","href":"https:\/\/api.w.org\/{rel}","templated":true}]}}