{"id":2201,"date":"2025-12-01T20:44:49","date_gmt":"2025-12-01T20:44:49","guid":{"rendered":"https:\/\/avmax.pl\/sklep\/?post_type=product&#038;p=2201"},"modified":"2026-01-12T13:44:26","modified_gmt":"2026-01-12T13:44:26","slug":"eb-l720u-v11ha44040","status":"publish","type":"product","link":"https:\/\/avmax.pl\/sklep\/produkt\/eb-l720u-v11ha44040\/","title":{"rendered":"EB-L720U"},"content":{"rendered":"<p>Zapewnia u\u017cytkownikom ja\u015bniejsze i \u017cywsze obrazy o przek\u0105tnej do 500 cali, o jasno\u015bci 7000 lumen\u00f3w oraz rozdzielczo\u015bci Full HD i WUXGA oraz szerokok\u0105tnych proporcjach 16:6, z obs\u0142ug\u0105 wej\u015bcia 4K i technologi\u0105 optymalizacji szczeg\u00f3\u0142\u00f3w.<br \/>\nProjektor EB-L720U zapewnia wi\u0119cej funkcji premium, ni\u017c mo\u017cna si\u0119 spodziewa\u0107 w tej klasie projektor\u00f3w, na przyk\u0142ad edge blending (\u0142\u0105czenie projekcji) i korekcja geometryczna, kt\u00f3re pozwalaj\u0105 uzyska\u0107 p\u0142ynny obraz wielkoformatowy. Je\u015bli chodzi o tre\u015bci multimedialne, istnieje mo\u017cliwo\u015b\u0107 odtwarzania bez \u017cadnych op\u00f3\u017anie\u0144, a tak\u017ce tworzenia list odtwarzania i ustawiania harmonogram\u00f3w bezpo\u015brednio z pami\u0119ci USB dzi\u0119ki zaawansowanemu kodowaniu wideo H.264 i aplikacji Epson Content Manager.<\/p>\n<p>Kolejn\u0105 cech\u0105 projektora jest elastyczno\u015b\u0107 \u2013 funkcja dzielenia ekranu umo\u017cliwia wy\u015bwietlanie dw\u00f3ch lub czterech obraz\u00f3w z r\u00f3\u017cnych \u017ar\u00f3de\u0142 na jednym, du\u017cym ekranie, \u0142\u0105czno\u015b\u0107 przewodowa lub opcjonalna bezprzewodowa1 z obs\u0142ug\u0105 standardu Miracast1 u\u0142atwia po\u0142\u0105czenie, a ponadto istnieje mo\u017cliwo\u015b\u0107 udost\u0119pniania i dystrybucji tre\u015bci w oparciu o standard HDBaseT bez utraty jako\u015bci.<\/p>\n<p>Marka Epson jest znana z wiod\u0105cej niezawodno\u015bci2 swoich projektor\u00f3w \u2013 mo\u017cesz je zamontowa\u0107 i korzysta\u0107 z nich bez konieczno\u015bci regularnej konserwacji. Dodatkowo projektor EB-L720U jest obj\u0119ty standardow\u0105 3-letni\u0105 gwarancj\u0105, aby zapewni\u0107 poczucie bezpiecze\u0144stwa.<\/p>\n","protected":false},"excerpt":{"rendered":"<p>Wydajny projektor laserowy o wysokiej jasno\u015bci z wszechstronnymi opcjami \u0142\u0105czno\u015bci \u2013 EB-L720U to idealne rozwi\u0105zanie umo\u017cliwiaj\u0105ce efektywn\u0105 wsp\u00f3\u0142prac\u0119.<\/p>\n<ul>\n<li><strong>Wysoka jasno\u015b\u0107, skalowalny rozmiar<\/strong><br \/>\nZapewnia wyrazisty obraz o jasno\u015bci 7000 lumen\u00f3w i przek\u0105tnej do 500 cali<\/li>\n<li><strong>Funkcje projektor\u00f3w klasy premium<\/strong><br \/>\nRozdzielczo\u015b\u0107 Full HD, obs\u0142uga 4K, edge blending (\u0142\u0105czenie projekcji) i korekcja geometryczna<\/li>\n<li><strong>Nieograniczona widoczno\u015b\u0107<\/strong><br \/>\nBrak widocznych pikseli, odblask\u00f3w, odcisk\u00f3w palc\u00f3w oraz ramki w \u015brodku<\/li>\n<li><strong>Wsparcie zachowania dystansu spo\u0142ecznego<\/strong><br \/>\nMo\u017cliwo\u015b\u0107 skalowania projektora pozwala spe\u0142ni\u0107 potrzeby dowolnej widowni<\/li>\n<li><strong>Pod\u0142\u0105czenie i wsp\u00f3\u0142praca jednym klikni\u0119ciem<\/strong><br \/>\nWsp\u00f3\u0142praca z systemem do prezentacji bezprzewodowej ELPWP10<\/li>\n<\/ul>\n","protected":false},"featured_media":2762,"comment_status":"open","ping_status":"closed","template":"","meta":{"_bst_post_transparent":"default","_bst_post_title":"","_bst_post_layout":"default","_bst_post_sidebar_id":"","_bst_post_content_style":"default","_bst_post_vertical_padding":"default","_bst_post_feature":"","_bst_post_feature_position":"","_bst_post_header":false,"_bst_post_footer":false},"product_brand":[156],"product_cat":[177],"product_tag":[],"product_brands":[1010],"class_list":{"0":"post-2201","1":"product","2":"type-product","3":"status-publish","4":"has-post-thumbnail","6":"product_brand-epson","7":"product_cat-interaktywne-projektory","8":"product_brands-epson","10":"first","11":"instock","12":"taxable","13":"shipping-taxable","14":"purchasable","15":"product-type-simple","16":"entry","17":"content-bg","18":"loop-entry"},"yoast_head":"<!-- This site is optimized with the Yoast SEO plugin v27.3 - https:\/\/yoast.com\/product\/yoast-seo-wordpress\/ -->\n<title>EB-L720U - AVMAX - Sklep<\/title>\n<meta name=\"robots\" content=\"index, follow, max-snippet:-1, max-image-preview:large, max-video-preview:-1\" \/>\n<link rel=\"canonical\" href=\"https:\/\/avmax.pl\/sklep\/produkt\/eb-l720u-v11ha44040\/\" \/>\n<meta property=\"og:locale\" content=\"pl_PL\" \/>\n<meta property=\"og:type\" content=\"article\" \/>\n<meta property=\"og:title\" content=\"EB-L720U - AVMAX - Sklep\" \/>\n<meta property=\"og:description\" content=\"Wydajny projektor laserowy o wysokiej jasno\u015bci z wszechstronnymi opcjami \u0142\u0105czno\u015bci \u2013 EB-L720U to idealne rozwi\u0105zanie umo\u017cliwiaj\u0105ce efektywn\u0105 wsp\u00f3\u0142prac\u0119.   Wysoka jasno\u015b\u0107, skalowalny rozmiar Zapewnia wyrazisty obraz o jasno\u015bci 7000 lumen\u00f3w i przek\u0105tnej do 500 cali  Funkcje projektor\u00f3w klasy premium Rozdzielczo\u015b\u0107 Full HD, obs\u0142uga 4K, edge blending (\u0142\u0105czenie projekcji) i korekcja geometryczna  Nieograniczona widoczno\u015b\u0107 Brak widocznych pikseli, odblask\u00f3w, odcisk\u00f3w palc\u00f3w oraz ramki w \u015brodku  Wsparcie zachowania dystansu spo\u0142ecznego Mo\u017cliwo\u015b\u0107 skalowania projektora pozwala spe\u0142ni\u0107 potrzeby dowolnej widowni  Pod\u0142\u0105czenie i wsp\u00f3\u0142praca jednym klikni\u0119ciem Wsp\u00f3\u0142praca z systemem do prezentacji bezprzewodowej ELPWP10\" \/>\n<meta property=\"og:url\" content=\"https:\/\/avmax.pl\/sklep\/produkt\/eb-l720u-v11ha44040\/\" \/>\n<meta property=\"og:site_name\" content=\"AVMAX - Sklep\" \/>\n<meta property=\"article:modified_time\" content=\"2026-01-12T13:44:26+00:00\" \/>\n<meta property=\"og:image\" content=\"https:\/\/avmax.pl\/sklep\/wp-content\/uploads\/2025\/12\/EB-L720U-1.webp\" \/>\n\t<meta property=\"og:image:width\" content=\"1000\" \/>\n\t<meta property=\"og:image:height\" content=\"1000\" \/>\n\t<meta property=\"og:image:type\" content=\"image\/webp\" \/>\n<meta name=\"twitter:card\" content=\"summary_large_image\" \/>\n<meta name=\"twitter:label1\" content=\"Szacowany czas czytania\" \/>\n\t<meta name=\"twitter:data1\" content=\"2 minuty\" \/>\n<script type=\"application\/ld+json\" class=\"yoast-schema-graph\">{\"@context\":\"https:\\\/\\\/schema.org\",\"@graph\":[{\"@type\":\"WebPage\",\"@id\":\"https:\\\/\\\/avmax.pl\\\/sklep\\\/produkt\\\/eb-l720u-v11ha44040\\\/\",\"url\":\"https:\\\/\\\/avmax.pl\\\/sklep\\\/produkt\\\/eb-l720u-v11ha44040\\\/\",\"name\":\"EB-L720U - AVMAX - Sklep\",\"isPartOf\":{\"@id\":\"https:\\\/\\\/avmax.pl\\\/sklep\\\/#website\"},\"primaryImageOfPage\":{\"@id\":\"https:\\\/\\\/avmax.pl\\\/sklep\\\/produkt\\\/eb-l720u-v11ha44040\\\/#primaryimage\"},\"image\":{\"@id\":\"https:\\\/\\\/avmax.pl\\\/sklep\\\/produkt\\\/eb-l720u-v11ha44040\\\/#primaryimage\"},\"thumbnailUrl\":\"https:\\\/\\\/avmax.pl\\\/sklep\\\/wp-content\\\/uploads\\\/2025\\\/12\\\/EB-L720U-1.webp\",\"datePublished\":\"2025-12-01T20:44:49+00:00\",\"dateModified\":\"2026-01-12T13:44:26+00:00\",\"breadcrumb\":{\"@id\":\"https:\\\/\\\/avmax.pl\\\/sklep\\\/produkt\\\/eb-l720u-v11ha44040\\\/#breadcrumb\"},\"inLanguage\":\"pl-PL\",\"potentialAction\":[{\"@type\":\"ReadAction\",\"target\":[\"https:\\\/\\\/avmax.pl\\\/sklep\\\/produkt\\\/eb-l720u-v11ha44040\\\/\"]}]},{\"@type\":\"ImageObject\",\"inLanguage\":\"pl-PL\",\"@id\":\"https:\\\/\\\/avmax.pl\\\/sklep\\\/produkt\\\/eb-l720u-v11ha44040\\\/#primaryimage\",\"url\":\"https:\\\/\\\/avmax.pl\\\/sklep\\\/wp-content\\\/uploads\\\/2025\\\/12\\\/EB-L720U-1.webp\",\"contentUrl\":\"https:\\\/\\\/avmax.pl\\\/sklep\\\/wp-content\\\/uploads\\\/2025\\\/12\\\/EB-L720U-1.webp\",\"width\":1000,\"height\":1000},{\"@type\":\"BreadcrumbList\",\"@id\":\"https:\\\/\\\/avmax.pl\\\/sklep\\\/produkt\\\/eb-l720u-v11ha44040\\\/#breadcrumb\",\"itemListElement\":[{\"@type\":\"ListItem\",\"position\":1,\"name\":\"Strona g\u0142\u00f3wna\",\"item\":\"https:\\\/\\\/avmax.pl\\\/sklep\\\/\"},{\"@type\":\"ListItem\",\"position\":2,\"name\":\"Sklep\",\"item\":\"https:\\\/\\\/avmax.pl\\\/sklep\\\/shop\\\/\"},{\"@type\":\"ListItem\",\"position\":3,\"name\":\"EB-L720U\"}]},{\"@type\":\"WebSite\",\"@id\":\"https:\\\/\\\/avmax.pl\\\/sklep\\\/#website\",\"url\":\"https:\\\/\\\/avmax.pl\\\/sklep\\\/\",\"name\":\"AVMAX - Sklep\",\"description\":\"\",\"publisher\":{\"@id\":\"https:\\\/\\\/avmax.pl\\\/sklep\\\/#organization\"},\"potentialAction\":[{\"@type\":\"SearchAction\",\"target\":{\"@type\":\"EntryPoint\",\"urlTemplate\":\"https:\\\/\\\/avmax.pl\\\/sklep\\\/?s={search_term_string}\"},\"query-input\":{\"@type\":\"PropertyValueSpecification\",\"valueRequired\":true,\"valueName\":\"search_term_string\"}}],\"inLanguage\":\"pl-PL\"},{\"@type\":\"Organization\",\"@id\":\"https:\\\/\\\/avmax.pl\\\/sklep\\\/#organization\",\"name\":\"AVMAX - Sklep\",\"url\":\"https:\\\/\\\/avmax.pl\\\/sklep\\\/\",\"logo\":{\"@type\":\"ImageObject\",\"inLanguage\":\"pl-PL\",\"@id\":\"https:\\\/\\\/avmax.pl\\\/sklep\\\/#\\\/schema\\\/logo\\\/image\\\/\",\"url\":\"https:\\\/\\\/avmax.pl\\\/sklep\\\/wp-content\\\/uploads\\\/2025\\\/11\\\/cropped-logo-avmax-2-3.webp\",\"contentUrl\":\"https:\\\/\\\/avmax.pl\\\/sklep\\\/wp-content\\\/uploads\\\/2025\\\/11\\\/cropped-logo-avmax-2-3.webp\",\"width\":1500,\"height\":600,\"caption\":\"AVMAX - Sklep\"},\"image\":{\"@id\":\"https:\\\/\\\/avmax.pl\\\/sklep\\\/#\\\/schema\\\/logo\\\/image\\\/\"}}]}<\/script>\n<!-- \/ Yoast SEO plugin. -->","yoast_head_json":{"title":"EB-L720U - AVMAX - Sklep","robots":{"index":"index","follow":"follow","max-snippet":"max-snippet:-1","max-image-preview":"max-image-preview:large","max-video-preview":"max-video-preview:-1"},"canonical":"https:\/\/avmax.pl\/sklep\/produkt\/eb-l720u-v11ha44040\/","og_locale":"pl_PL","og_type":"article","og_title":"EB-L720U - AVMAX - Sklep","og_description":"Wydajny projektor laserowy o wysokiej jasno\u015bci z wszechstronnymi opcjami \u0142\u0105czno\u015bci \u2013 EB-L720U to idealne rozwi\u0105zanie umo\u017cliwiaj\u0105ce efektywn\u0105 wsp\u00f3\u0142prac\u0119.   Wysoka jasno\u015b\u0107, skalowalny rozmiar Zapewnia wyrazisty obraz o jasno\u015bci 7000 lumen\u00f3w i przek\u0105tnej do 500 cali  Funkcje projektor\u00f3w klasy premium Rozdzielczo\u015b\u0107 Full HD, obs\u0142uga 4K, edge blending (\u0142\u0105czenie projekcji) i korekcja geometryczna  Nieograniczona widoczno\u015b\u0107 Brak widocznych pikseli, odblask\u00f3w, odcisk\u00f3w palc\u00f3w oraz ramki w \u015brodku  Wsparcie zachowania dystansu spo\u0142ecznego Mo\u017cliwo\u015b\u0107 skalowania projektora pozwala spe\u0142ni\u0107 potrzeby dowolnej widowni  Pod\u0142\u0105czenie i wsp\u00f3\u0142praca jednym klikni\u0119ciem Wsp\u00f3\u0142praca z systemem do prezentacji bezprzewodowej ELPWP10","og_url":"https:\/\/avmax.pl\/sklep\/produkt\/eb-l720u-v11ha44040\/","og_site_name":"AVMAX - Sklep","article_modified_time":"2026-01-12T13:44:26+00:00","og_image":[{"width":1000,"height":1000,"url":"https:\/\/avmax.pl\/sklep\/wp-content\/uploads\/2025\/12\/EB-L720U-1.webp","type":"image\/webp"}],"twitter_card":"summary_large_image","twitter_misc":{"Szacowany czas czytania":"2 minuty"},"schema":{"@context":"https:\/\/schema.org","@graph":[{"@type":"WebPage","@id":"https:\/\/avmax.pl\/sklep\/produkt\/eb-l720u-v11ha44040\/","url":"https:\/\/avmax.pl\/sklep\/produkt\/eb-l720u-v11ha44040\/","name":"EB-L720U - AVMAX - Sklep","isPartOf":{"@id":"https:\/\/avmax.pl\/sklep\/#website"},"primaryImageOfPage":{"@id":"https:\/\/avmax.pl\/sklep\/produkt\/eb-l720u-v11ha44040\/#primaryimage"},"image":{"@id":"https:\/\/avmax.pl\/sklep\/produkt\/eb-l720u-v11ha44040\/#primaryimage"},"thumbnailUrl":"https:\/\/avmax.pl\/sklep\/wp-content\/uploads\/2025\/12\/EB-L720U-1.webp","datePublished":"2025-12-01T20:44:49+00:00","dateModified":"2026-01-12T13:44:26+00:00","breadcrumb":{"@id":"https:\/\/avmax.pl\/sklep\/produkt\/eb-l720u-v11ha44040\/#breadcrumb"},"inLanguage":"pl-PL","potentialAction":[{"@type":"ReadAction","target":["https:\/\/avmax.pl\/sklep\/produkt\/eb-l720u-v11ha44040\/"]}]},{"@type":"ImageObject","inLanguage":"pl-PL","@id":"https:\/\/avmax.pl\/sklep\/produkt\/eb-l720u-v11ha44040\/#primaryimage","url":"https:\/\/avmax.pl\/sklep\/wp-content\/uploads\/2025\/12\/EB-L720U-1.webp","contentUrl":"https:\/\/avmax.pl\/sklep\/wp-content\/uploads\/2025\/12\/EB-L720U-1.webp","width":1000,"height":1000},{"@type":"BreadcrumbList","@id":"https:\/\/avmax.pl\/sklep\/produkt\/eb-l720u-v11ha44040\/#breadcrumb","itemListElement":[{"@type":"ListItem","position":1,"name":"Strona g\u0142\u00f3wna","item":"https:\/\/avmax.pl\/sklep\/"},{"@type":"ListItem","position":2,"name":"Sklep","item":"https:\/\/avmax.pl\/sklep\/shop\/"},{"@type":"ListItem","position":3,"name":"EB-L720U"}]},{"@type":"WebSite","@id":"https:\/\/avmax.pl\/sklep\/#website","url":"https:\/\/avmax.pl\/sklep\/","name":"AVMAX - Sklep","description":"","publisher":{"@id":"https:\/\/avmax.pl\/sklep\/#organization"},"potentialAction":[{"@type":"SearchAction","target":{"@type":"EntryPoint","urlTemplate":"https:\/\/avmax.pl\/sklep\/?s={search_term_string}"},"query-input":{"@type":"PropertyValueSpecification","valueRequired":true,"valueName":"search_term_string"}}],"inLanguage":"pl-PL"},{"@type":"Organization","@id":"https:\/\/avmax.pl\/sklep\/#organization","name":"AVMAX - Sklep","url":"https:\/\/avmax.pl\/sklep\/","logo":{"@type":"ImageObject","inLanguage":"pl-PL","@id":"https:\/\/avmax.pl\/sklep\/#\/schema\/logo\/image\/","url":"https:\/\/avmax.pl\/sklep\/wp-content\/uploads\/2025\/11\/cropped-logo-avmax-2-3.webp","contentUrl":"https:\/\/avmax.pl\/sklep\/wp-content\/uploads\/2025\/11\/cropped-logo-avmax-2-3.webp","width":1500,"height":600,"caption":"AVMAX - Sklep"},"image":{"@id":"https:\/\/avmax.pl\/sklep\/#\/schema\/logo\/image\/"}}]}},"_links":{"self":[{"href":"https:\/\/avmax.pl\/sklep\/wp-json\/wp\/v2\/product\/2201","targetHints":{"allow":["GET"]}}],"collection":[{"href":"https:\/\/avmax.pl\/sklep\/wp-json\/wp\/v2\/product"}],"about":[{"href":"https:\/\/avmax.pl\/sklep\/wp-json\/wp\/v2\/types\/product"}],"replies":[{"embeddable":true,"href":"https:\/\/avmax.pl\/sklep\/wp-json\/wp\/v2\/comments?post=2201"}],"version-history":[{"count":4,"href":"https:\/\/avmax.pl\/sklep\/wp-json\/wp\/v2\/product\/2201\/revisions"}],"predecessor-version":[{"id":2453,"href":"https:\/\/avmax.pl\/sklep\/wp-json\/wp\/v2\/product\/2201\/revisions\/2453"}],"wp:featuredmedia":[{"embeddable":true,"href":"https:\/\/avmax.pl\/sklep\/wp-json\/wp\/v2\/media\/2762"}],"wp:attachment":[{"href":"https:\/\/avmax.pl\/sklep\/wp-json\/wp\/v2\/media?parent=2201"}],"wp:term":[{"taxonomy":"product_brand","embeddable":true,"href":"https:\/\/avmax.pl\/sklep\/wp-json\/wp\/v2\/product_brand?post=2201"},{"taxonomy":"product_cat","embeddable":true,"href":"https:\/\/avmax.pl\/sklep\/wp-json\/wp\/v2\/product_cat?post=2201"},{"taxonomy":"product_tag","embeddable":true,"href":"https:\/\/avmax.pl\/sklep\/wp-json\/wp\/v2\/product_tag?post=2201"},{"taxonomy":"product_brands","embeddable":true,"href":"https:\/\/avmax.pl\/sklep\/wp-json\/wp\/v2\/product_brands?post=2201"}],"curies":[{"name":"wp","href":"https:\/\/api.w.org\/{rel}","templated":true}]}}