{"id":2203,"date":"2025-12-01T20:46:13","date_gmt":"2025-12-01T20:46:13","guid":{"rendered":"https:\/\/avmax.pl\/sklep\/?post_type=product&#038;p=2203"},"modified":"2026-01-12T13:44:26","modified_gmt":"2026-01-12T13:44:26","slug":"eb-l790su-v11hb30040","status":"publish","type":"product","link":"https:\/\/avmax.pl\/sklep\/produkt\/eb-l790su-v11hb30040\/","title":{"rendered":"EB-L790SU"},"content":{"rendered":"<p><strong>Profesjonalny projektor o spektakularnym kr\u00f3tkim rzucie<\/strong><br \/>\nTw\u00f3rz osza\u0142amiaj\u0105ce, pozbawione cieni prezentacje w kompaktowych przestrzeniach o wsp\u00f3\u0142czynniku rzutu 0,79\u20131,36:1, z przesuni\u0119ciem obiektywu i rozdzielczo\u015bci\u0105 WUXGA. Ten wysokiej klasy wy\u015bwietlacz z 1,7-krotnym zoomem optycznym i regulacj\u0105 ostro\u015bci w naro\u017cnikach, o rozmiarze wy\u015bwietlacza do 400 cali jest idealny do symulator\u00f3w sportowych, atrakcji dla odwiedzaj\u0105cych, sklep\u00f3w i nie tylko. Jego kompaktowa konstrukcja, niski poziom ha\u0142asu i elegancka bia\u0142a obudowa zapewniaj\u0105 jasne, \u017cywe, krystalicznie czyste obrazy \u2013 nawet w dobrze o\u015bwietlonych pomieszczeniach.<\/p>\n<p><strong>Elastyczna instalacja dla profesjonalist\u00f3w<\/strong><br \/>\nZaprojektowany z my\u015bl\u0105 o \u0142atwej instalacji projektor EB-L790SU mo\u017cna szybko skonfigurowa\u0107 w celu uzyskania optymalnej wydajno\u015bci w ka\u017cdym uk\u0142adzie pomieszczenia. Takie funkcje jak przesuni\u0119cie obiektywu, pozioma i pionowa korekcja geometrii obrazu oraz projekcja 360\u00b0 zapewniaj\u0105 precyzyjne ustawienie obrazu. Takie funkcje, jak dzielenie ekranu, edge blending (\u0142\u0105czenie projekcji) i korekcja geometrii, wraz z opcjonaln\u0105 kamer\u0105 ELPEC01 i narz\u0119dziem Epson Projector Professional Tool, umo\u017cliwiaj\u0105 szybk\u0105 konfiguracj\u0119 i kalibracj\u0119, oferuj\u0105c elastyczno\u015b\u0107 w przypadku z\u0142o\u017conych instalacji.<\/p>\n<p><strong>Inteligentne sterowanie zapewniaj\u0105ce bezproblemow\u0105 obs\u0142ug\u0119<\/strong><br \/>\nZwi\u0119ksz mo\u017cliwo\u015bci wykorzystania dzi\u0119ki technologii NFC, aby u\u0142atwi\u0107 wdra\u017canie na du\u017c\u0105 skal\u0119, za pomoc\u0105 narz\u0119dzia Epson Projector Config Tool. Przyjazne dla u\u017cytkownika menu OSD upraszcza nawigacj\u0119, a rozwi\u0105zanie EPMC firmy Epson do monitorowania w chmurze umo\u017cliwia \u0142atwe zdalne zarz\u0105dzanie. To w pe\u0142ni kompatybilne z Crestron XiO Cloud narz\u0119dzie oferuje scentralizowan\u0105 kontrol\u0119, a aktualizacje oprogramowania sprz\u0119towego OTA zapewniaj\u0105 aktualno\u015b\u0107 wy\u015bwietlacza, a tym samym jego p\u0142ynne dzia\u0142anie.<\/p>\n<p><strong>Spokojny umys\u0142 dzi\u0119ki wysokiej wytrzyma\u0142o\u015bci i wsparciu<\/strong><br \/>\nProjektor EB-L790SU zosta\u0142 zaprojektowany z my\u015bl\u0105 o zapewnieniu d\u0142ugotrwa\u0142ej wydajno\u015bci i wyposa\u017cony w bezobs\u0142ugow\u0105 technologi\u0119 laserow\u0105, a ponadto obj\u0119ty jest 3-letni\u0105 gwarancj\u0105. Minimalizuje potrzeby zwi\u0105zane z konserwacj\u0105, skraca czas przestoj\u00f3w i zapewnia spok\u00f3j umys\u0142u dzi\u0119ki renomowanej obs\u0142udze posprzeda\u017cnej firmy Epson.<\/p>\n<p><strong>Z my\u015bl\u0105 o \u015brodowisku<\/strong><br \/>\nNasze projektory, stworzone z my\u015bl\u0105 o zr\u00f3wnowa\u017conym rozwoju, s\u0105 produkowane z wykorzystaniem energii elektrycznej w 100% odnawialnej2 i pakowane w kartony w 100% nadaj\u0105ce si\u0119 do recyklingu. Ponadto charakteryzuj\u0105 si\u0119 one niskim poziomem wymaga\u0144 konserwacyjnych i zu\u017cycia energii oraz zapewniaj\u0105 korzy\u015bci p\u0142yn\u0105ce z recyklingu i odzyskiwania energii po zako\u0144czeniu eksploatacji w ca\u0142ej Europie.<\/p>\n<p><strong>\u0141atwe przesy\u0142anie strumieniowe i udost\u0119pnianie<\/strong><br \/>\nDzi\u0119ki \u0142\u0105czno\u015bci Apple AirPlay 2 i Miracast1 udost\u0119pnianie tre\u015bci jest szybkie i proste \u2013 u\u017cytkownicy mog\u0105 bezprzewodowo kopiowa\u0107 ekrany swoich urz\u0105dze\u0144 na wy\u015bwietlacz w celu bezproblemowej wsp\u00f3\u0142pracy. Port USB-A umo\u017cliwia r\u00f3wnie\u017c strumieniowe przesy\u0142anie danych bez komputera \u2013 a dodatkowe opcje, takie jak HDBaseT i HDMI, jeszcze bardziej zwi\u0119kszaj\u0105 elastyczno\u015b\u0107.<\/p>\n","protected":false},"excerpt":{"rendered":"<p>Profesjonalny projektor o kr\u00f3tkim rzucie \u2013 najwy\u017csza niezawodno\u015b\u0107 i niewielkie wymagania konserwacyjne<\/p>\n<ul>\n<li><strong>Wyj\u0105tkowy projektor o jasno\u015bci 7000 lumen\u00f3w i kr\u00f3tkim rzucie<\/strong><br \/>\nIdealny do wy\u015bwietlania szerokiej gamy wci\u0105gaj\u0105cych prezentacji. Ten kompaktowy, niedrogi wy\u015bwietlacz laserowy zapewnia wysok\u0105 jako\u015b\u0107 w ka\u017cdym otoczeniu.<\/li>\n<li><strong>Idealny do wy\u015bwietlania wci\u0105gaj\u0105cych obraz\u00f3w w niewielkich pomieszczeniach i symulacji<\/strong><br \/>\nWy\u015bwietlaj skalowalne obrazy do 400 cali, tworz\u0105c wci\u0105gaj\u0105ce, pozbawione cieni i odblask\u00f3w wizualizacje w niewielkich przestrzeniach o kr\u00f3tkim wsp\u00f3\u0142czynniku rzutu 0,79\u20131,36:1 i 1,7-krotnym zoomie.<\/li>\n<li><strong>Wygodna, bezproblemowa instalacja<\/strong><br \/>\nObiektyw o sta\u0142ym \u015brodku z r\u0119cznym przesuni\u0119ciem obiektywu i zaawansowanymi funkcjami, takimi jak regulacja ostro\u015bci w naro\u017cnikach, zapewnia \u0142atw\u0105 konfiguracj\u0119 i mo\u017cliwo\u015b\u0107 dostosowania do ka\u017cdego \u015brodowiska.<\/li>\n<li><strong>Cicha praca<\/strong><br \/>\nProjektor o wysokiej wydajno\u015bci i niskim poziomie ha\u0142asu 26 dB w trybie ekonomicznym zapewnia cisz\u0119 i u\u0142atwia skupienie, oferuj\u0105c wci\u0105gaj\u0105ce wra\u017cenia wizualne.<\/li>\n<li><strong>Dokonywanie zr\u00f3wnowa\u017conych wybor\u00f3w dzi\u0119ki Epson<\/strong><br \/>\nWykonanie w 19% z tworzyw sztucznych pochodz\u0105cych z recyklingu, niski pob\u00f3r mocy, mniejsze opakowanie i \u017cywotno\u015b\u0107 do 30 000 godzin w trybie ekonomicznym (20 000 godzin w trybie normalnym).<\/li>\n<li><strong>Natychmiastowa \u0142\u0105czno\u015b\u0107 dzi\u0119ki obs\u0142udze protoko\u0142\u00f3w Apple AirPlay 2 i Miracast1<\/strong><br \/>\nBezproblemowo udost\u0119pniaj tre\u015bci z laptop\u00f3w, tablet\u00f3w i smartfon\u00f3w \u2013 w sam raz w przypadku konfiguracji urz\u0105dze\u0144 w ramach rozwi\u0105za\u0144 BYOD (ang. Bring Your Own Device) i miejsc wsp\u00f3\u0142pracy.<\/li>\n<\/ul>\n","protected":false},"featured_media":2766,"comment_status":"open","ping_status":"closed","template":"","meta":{"_bst_post_transparent":"default","_bst_post_title":"","_bst_post_layout":"default","_bst_post_sidebar_id":"","_bst_post_content_style":"default","_bst_post_vertical_padding":"default","_bst_post_feature":"","_bst_post_feature_position":"","_bst_post_header":false,"_bst_post_footer":false},"product_brand":[156],"product_cat":[177],"product_tag":[],"product_brands":[1010],"class_list":{"0":"post-2203","1":"product","2":"type-product","3":"status-publish","4":"has-post-thumbnail","6":"product_brand-epson","7":"product_cat-interaktywne-projektory","8":"product_brands-epson","10":"first","11":"instock","12":"taxable","13":"shipping-taxable","14":"purchasable","15":"product-type-simple","16":"entry","17":"content-bg","18":"loop-entry"},"yoast_head":"<!-- This site is optimized with the Yoast SEO plugin v27.3 - https:\/\/yoast.com\/product\/yoast-seo-wordpress\/ -->\n<title>EB-L790SU - AVMAX - Sklep<\/title>\n<meta name=\"robots\" content=\"index, follow, max-snippet:-1, max-image-preview:large, max-video-preview:-1\" \/>\n<link rel=\"canonical\" href=\"https:\/\/avmax.pl\/sklep\/produkt\/eb-l790su-v11hb30040\/\" \/>\n<meta property=\"og:locale\" content=\"pl_PL\" \/>\n<meta property=\"og:type\" content=\"article\" \/>\n<meta property=\"og:title\" content=\"EB-L790SU - AVMAX - Sklep\" \/>\n<meta property=\"og:description\" content=\"Profesjonalny projektor o kr\u00f3tkim rzucie \u2013 najwy\u017csza niezawodno\u015b\u0107 i niewielkie wymagania konserwacyjne   Wyj\u0105tkowy projektor o jasno\u015bci 7000 lumen\u00f3w i kr\u00f3tkim rzucie Idealny do wy\u015bwietlania szerokiej gamy wci\u0105gaj\u0105cych prezentacji. Ten kompaktowy, niedrogi wy\u015bwietlacz laserowy zapewnia wysok\u0105 jako\u015b\u0107 w ka\u017cdym otoczeniu.  Idealny do wy\u015bwietlania wci\u0105gaj\u0105cych obraz\u00f3w w niewielkich pomieszczeniach i symulacji Wy\u015bwietlaj skalowalne obrazy do 400 cali, tworz\u0105c wci\u0105gaj\u0105ce, pozbawione cieni i odblask\u00f3w wizualizacje w niewielkich przestrzeniach o kr\u00f3tkim wsp\u00f3\u0142czynniku rzutu 0,79\u20131,36:1 i 1,7-krotnym zoomie.  Wygodna, bezproblemowa instalacja Obiektyw o sta\u0142ym \u015brodku z r\u0119cznym przesuni\u0119ciem obiektywu i zaawansowanymi funkcjami, takimi jak regulacja ostro\u015bci w naro\u017cnikach, zapewnia \u0142atw\u0105 konfiguracj\u0119 i mo\u017cliwo\u015b\u0107 dostosowania do ka\u017cdego \u015brodowiska.  Cicha praca Projektor o wysokiej wydajno\u015bci i niskim poziomie ha\u0142asu 26 dB w trybie ekonomicznym zapewnia cisz\u0119 i u\u0142atwia skupienie, oferuj\u0105c wci\u0105gaj\u0105ce wra\u017cenia wizualne.  Dokonywanie zr\u00f3wnowa\u017conych wybor\u00f3w dzi\u0119ki Epson Wykonanie w 19% z tworzyw sztucznych pochodz\u0105cych z recyklingu, niski pob\u00f3r mocy, mniejsze opakowanie i \u017cywotno\u015b\u0107 do 30 000 godzin w trybie ekonomicznym (20 000 godzin w trybie normalnym).  Natychmiastowa \u0142\u0105czno\u015b\u0107 dzi\u0119ki obs\u0142udze protoko\u0142\u00f3w Apple AirPlay 2 i Miracast1 Bezproblemowo udost\u0119pniaj tre\u015bci z laptop\u00f3w, tablet\u00f3w i smartfon\u00f3w \u2013 w sam raz w przypadku konfiguracji urz\u0105dze\u0144 w ramach rozwi\u0105za\u0144 BYOD (ang. Bring Your Own Device) i miejsc wsp\u00f3\u0142pracy.\" \/>\n<meta property=\"og:url\" content=\"https:\/\/avmax.pl\/sklep\/produkt\/eb-l790su-v11hb30040\/\" \/>\n<meta property=\"og:site_name\" content=\"AVMAX - Sklep\" \/>\n<meta property=\"article:modified_time\" content=\"2026-01-12T13:44:26+00:00\" \/>\n<meta property=\"og:image\" content=\"https:\/\/avmax.pl\/sklep\/wp-content\/uploads\/2025\/12\/EB-L790SU-1.webp\" \/>\n\t<meta property=\"og:image:width\" content=\"1000\" \/>\n\t<meta property=\"og:image:height\" content=\"1000\" \/>\n\t<meta property=\"og:image:type\" content=\"image\/webp\" \/>\n<meta name=\"twitter:card\" content=\"summary_large_image\" \/>\n<meta name=\"twitter:label1\" content=\"Szacowany czas czytania\" \/>\n\t<meta name=\"twitter:data1\" content=\"3 minuty\" \/>\n<script type=\"application\/ld+json\" class=\"yoast-schema-graph\">{\"@context\":\"https:\\\/\\\/schema.org\",\"@graph\":[{\"@type\":\"WebPage\",\"@id\":\"https:\\\/\\\/avmax.pl\\\/sklep\\\/produkt\\\/eb-l790su-v11hb30040\\\/\",\"url\":\"https:\\\/\\\/avmax.pl\\\/sklep\\\/produkt\\\/eb-l790su-v11hb30040\\\/\",\"name\":\"EB-L790SU - AVMAX - Sklep\",\"isPartOf\":{\"@id\":\"https:\\\/\\\/avmax.pl\\\/sklep\\\/#website\"},\"primaryImageOfPage\":{\"@id\":\"https:\\\/\\\/avmax.pl\\\/sklep\\\/produkt\\\/eb-l790su-v11hb30040\\\/#primaryimage\"},\"image\":{\"@id\":\"https:\\\/\\\/avmax.pl\\\/sklep\\\/produkt\\\/eb-l790su-v11hb30040\\\/#primaryimage\"},\"thumbnailUrl\":\"https:\\\/\\\/avmax.pl\\\/sklep\\\/wp-content\\\/uploads\\\/2025\\\/12\\\/EB-L790SU-1.webp\",\"datePublished\":\"2025-12-01T20:46:13+00:00\",\"dateModified\":\"2026-01-12T13:44:26+00:00\",\"breadcrumb\":{\"@id\":\"https:\\\/\\\/avmax.pl\\\/sklep\\\/produkt\\\/eb-l790su-v11hb30040\\\/#breadcrumb\"},\"inLanguage\":\"pl-PL\",\"potentialAction\":[{\"@type\":\"ReadAction\",\"target\":[\"https:\\\/\\\/avmax.pl\\\/sklep\\\/produkt\\\/eb-l790su-v11hb30040\\\/\"]}]},{\"@type\":\"ImageObject\",\"inLanguage\":\"pl-PL\",\"@id\":\"https:\\\/\\\/avmax.pl\\\/sklep\\\/produkt\\\/eb-l790su-v11hb30040\\\/#primaryimage\",\"url\":\"https:\\\/\\\/avmax.pl\\\/sklep\\\/wp-content\\\/uploads\\\/2025\\\/12\\\/EB-L790SU-1.webp\",\"contentUrl\":\"https:\\\/\\\/avmax.pl\\\/sklep\\\/wp-content\\\/uploads\\\/2025\\\/12\\\/EB-L790SU-1.webp\",\"width\":1000,\"height\":1000},{\"@type\":\"BreadcrumbList\",\"@id\":\"https:\\\/\\\/avmax.pl\\\/sklep\\\/produkt\\\/eb-l790su-v11hb30040\\\/#breadcrumb\",\"itemListElement\":[{\"@type\":\"ListItem\",\"position\":1,\"name\":\"Strona g\u0142\u00f3wna\",\"item\":\"https:\\\/\\\/avmax.pl\\\/sklep\\\/\"},{\"@type\":\"ListItem\",\"position\":2,\"name\":\"Sklep\",\"item\":\"https:\\\/\\\/avmax.pl\\\/sklep\\\/shop\\\/\"},{\"@type\":\"ListItem\",\"position\":3,\"name\":\"EB-L790SU\"}]},{\"@type\":\"WebSite\",\"@id\":\"https:\\\/\\\/avmax.pl\\\/sklep\\\/#website\",\"url\":\"https:\\\/\\\/avmax.pl\\\/sklep\\\/\",\"name\":\"AVMAX - Sklep\",\"description\":\"\",\"publisher\":{\"@id\":\"https:\\\/\\\/avmax.pl\\\/sklep\\\/#organization\"},\"potentialAction\":[{\"@type\":\"SearchAction\",\"target\":{\"@type\":\"EntryPoint\",\"urlTemplate\":\"https:\\\/\\\/avmax.pl\\\/sklep\\\/?s={search_term_string}\"},\"query-input\":{\"@type\":\"PropertyValueSpecification\",\"valueRequired\":true,\"valueName\":\"search_term_string\"}}],\"inLanguage\":\"pl-PL\"},{\"@type\":\"Organization\",\"@id\":\"https:\\\/\\\/avmax.pl\\\/sklep\\\/#organization\",\"name\":\"AVMAX - Sklep\",\"url\":\"https:\\\/\\\/avmax.pl\\\/sklep\\\/\",\"logo\":{\"@type\":\"ImageObject\",\"inLanguage\":\"pl-PL\",\"@id\":\"https:\\\/\\\/avmax.pl\\\/sklep\\\/#\\\/schema\\\/logo\\\/image\\\/\",\"url\":\"https:\\\/\\\/avmax.pl\\\/sklep\\\/wp-content\\\/uploads\\\/2025\\\/11\\\/cropped-logo-avmax-2-3.webp\",\"contentUrl\":\"https:\\\/\\\/avmax.pl\\\/sklep\\\/wp-content\\\/uploads\\\/2025\\\/11\\\/cropped-logo-avmax-2-3.webp\",\"width\":1500,\"height\":600,\"caption\":\"AVMAX - Sklep\"},\"image\":{\"@id\":\"https:\\\/\\\/avmax.pl\\\/sklep\\\/#\\\/schema\\\/logo\\\/image\\\/\"}}]}<\/script>\n<!-- \/ Yoast SEO plugin. -->","yoast_head_json":{"title":"EB-L790SU - AVMAX - Sklep","robots":{"index":"index","follow":"follow","max-snippet":"max-snippet:-1","max-image-preview":"max-image-preview:large","max-video-preview":"max-video-preview:-1"},"canonical":"https:\/\/avmax.pl\/sklep\/produkt\/eb-l790su-v11hb30040\/","og_locale":"pl_PL","og_type":"article","og_title":"EB-L790SU - AVMAX - Sklep","og_description":"Profesjonalny projektor o kr\u00f3tkim rzucie \u2013 najwy\u017csza niezawodno\u015b\u0107 i niewielkie wymagania konserwacyjne   Wyj\u0105tkowy projektor o jasno\u015bci 7000 lumen\u00f3w i kr\u00f3tkim rzucie Idealny do wy\u015bwietlania szerokiej gamy wci\u0105gaj\u0105cych prezentacji. Ten kompaktowy, niedrogi wy\u015bwietlacz laserowy zapewnia wysok\u0105 jako\u015b\u0107 w ka\u017cdym otoczeniu.  Idealny do wy\u015bwietlania wci\u0105gaj\u0105cych obraz\u00f3w w niewielkich pomieszczeniach i symulacji Wy\u015bwietlaj skalowalne obrazy do 400 cali, tworz\u0105c wci\u0105gaj\u0105ce, pozbawione cieni i odblask\u00f3w wizualizacje w niewielkich przestrzeniach o kr\u00f3tkim wsp\u00f3\u0142czynniku rzutu 0,79\u20131,36:1 i 1,7-krotnym zoomie.  Wygodna, bezproblemowa instalacja Obiektyw o sta\u0142ym \u015brodku z r\u0119cznym przesuni\u0119ciem obiektywu i zaawansowanymi funkcjami, takimi jak regulacja ostro\u015bci w naro\u017cnikach, zapewnia \u0142atw\u0105 konfiguracj\u0119 i mo\u017cliwo\u015b\u0107 dostosowania do ka\u017cdego \u015brodowiska.  Cicha praca Projektor o wysokiej wydajno\u015bci i niskim poziomie ha\u0142asu 26 dB w trybie ekonomicznym zapewnia cisz\u0119 i u\u0142atwia skupienie, oferuj\u0105c wci\u0105gaj\u0105ce wra\u017cenia wizualne.  Dokonywanie zr\u00f3wnowa\u017conych wybor\u00f3w dzi\u0119ki Epson Wykonanie w 19% z tworzyw sztucznych pochodz\u0105cych z recyklingu, niski pob\u00f3r mocy, mniejsze opakowanie i \u017cywotno\u015b\u0107 do 30 000 godzin w trybie ekonomicznym (20 000 godzin w trybie normalnym).  Natychmiastowa \u0142\u0105czno\u015b\u0107 dzi\u0119ki obs\u0142udze protoko\u0142\u00f3w Apple AirPlay 2 i Miracast1 Bezproblemowo udost\u0119pniaj tre\u015bci z laptop\u00f3w, tablet\u00f3w i smartfon\u00f3w \u2013 w sam raz w przypadku konfiguracji urz\u0105dze\u0144 w ramach rozwi\u0105za\u0144 BYOD (ang. Bring Your Own Device) i miejsc wsp\u00f3\u0142pracy.","og_url":"https:\/\/avmax.pl\/sklep\/produkt\/eb-l790su-v11hb30040\/","og_site_name":"AVMAX - Sklep","article_modified_time":"2026-01-12T13:44:26+00:00","og_image":[{"width":1000,"height":1000,"url":"https:\/\/avmax.pl\/sklep\/wp-content\/uploads\/2025\/12\/EB-L790SU-1.webp","type":"image\/webp"}],"twitter_card":"summary_large_image","twitter_misc":{"Szacowany czas czytania":"3 minuty"},"schema":{"@context":"https:\/\/schema.org","@graph":[{"@type":"WebPage","@id":"https:\/\/avmax.pl\/sklep\/produkt\/eb-l790su-v11hb30040\/","url":"https:\/\/avmax.pl\/sklep\/produkt\/eb-l790su-v11hb30040\/","name":"EB-L790SU - AVMAX - Sklep","isPartOf":{"@id":"https:\/\/avmax.pl\/sklep\/#website"},"primaryImageOfPage":{"@id":"https:\/\/avmax.pl\/sklep\/produkt\/eb-l790su-v11hb30040\/#primaryimage"},"image":{"@id":"https:\/\/avmax.pl\/sklep\/produkt\/eb-l790su-v11hb30040\/#primaryimage"},"thumbnailUrl":"https:\/\/avmax.pl\/sklep\/wp-content\/uploads\/2025\/12\/EB-L790SU-1.webp","datePublished":"2025-12-01T20:46:13+00:00","dateModified":"2026-01-12T13:44:26+00:00","breadcrumb":{"@id":"https:\/\/avmax.pl\/sklep\/produkt\/eb-l790su-v11hb30040\/#breadcrumb"},"inLanguage":"pl-PL","potentialAction":[{"@type":"ReadAction","target":["https:\/\/avmax.pl\/sklep\/produkt\/eb-l790su-v11hb30040\/"]}]},{"@type":"ImageObject","inLanguage":"pl-PL","@id":"https:\/\/avmax.pl\/sklep\/produkt\/eb-l790su-v11hb30040\/#primaryimage","url":"https:\/\/avmax.pl\/sklep\/wp-content\/uploads\/2025\/12\/EB-L790SU-1.webp","contentUrl":"https:\/\/avmax.pl\/sklep\/wp-content\/uploads\/2025\/12\/EB-L790SU-1.webp","width":1000,"height":1000},{"@type":"BreadcrumbList","@id":"https:\/\/avmax.pl\/sklep\/produkt\/eb-l790su-v11hb30040\/#breadcrumb","itemListElement":[{"@type":"ListItem","position":1,"name":"Strona g\u0142\u00f3wna","item":"https:\/\/avmax.pl\/sklep\/"},{"@type":"ListItem","position":2,"name":"Sklep","item":"https:\/\/avmax.pl\/sklep\/shop\/"},{"@type":"ListItem","position":3,"name":"EB-L790SU"}]},{"@type":"WebSite","@id":"https:\/\/avmax.pl\/sklep\/#website","url":"https:\/\/avmax.pl\/sklep\/","name":"AVMAX - Sklep","description":"","publisher":{"@id":"https:\/\/avmax.pl\/sklep\/#organization"},"potentialAction":[{"@type":"SearchAction","target":{"@type":"EntryPoint","urlTemplate":"https:\/\/avmax.pl\/sklep\/?s={search_term_string}"},"query-input":{"@type":"PropertyValueSpecification","valueRequired":true,"valueName":"search_term_string"}}],"inLanguage":"pl-PL"},{"@type":"Organization","@id":"https:\/\/avmax.pl\/sklep\/#organization","name":"AVMAX - Sklep","url":"https:\/\/avmax.pl\/sklep\/","logo":{"@type":"ImageObject","inLanguage":"pl-PL","@id":"https:\/\/avmax.pl\/sklep\/#\/schema\/logo\/image\/","url":"https:\/\/avmax.pl\/sklep\/wp-content\/uploads\/2025\/11\/cropped-logo-avmax-2-3.webp","contentUrl":"https:\/\/avmax.pl\/sklep\/wp-content\/uploads\/2025\/11\/cropped-logo-avmax-2-3.webp","width":1500,"height":600,"caption":"AVMAX - Sklep"},"image":{"@id":"https:\/\/avmax.pl\/sklep\/#\/schema\/logo\/image\/"}}]}},"_links":{"self":[{"href":"https:\/\/avmax.pl\/sklep\/wp-json\/wp\/v2\/product\/2203","targetHints":{"allow":["GET"]}}],"collection":[{"href":"https:\/\/avmax.pl\/sklep\/wp-json\/wp\/v2\/product"}],"about":[{"href":"https:\/\/avmax.pl\/sklep\/wp-json\/wp\/v2\/types\/product"}],"replies":[{"embeddable":true,"href":"https:\/\/avmax.pl\/sklep\/wp-json\/wp\/v2\/comments?post=2203"}],"version-history":[{"count":4,"href":"https:\/\/avmax.pl\/sklep\/wp-json\/wp\/v2\/product\/2203\/revisions"}],"predecessor-version":[{"id":2456,"href":"https:\/\/avmax.pl\/sklep\/wp-json\/wp\/v2\/product\/2203\/revisions\/2456"}],"wp:featuredmedia":[{"embeddable":true,"href":"https:\/\/avmax.pl\/sklep\/wp-json\/wp\/v2\/media\/2766"}],"wp:attachment":[{"href":"https:\/\/avmax.pl\/sklep\/wp-json\/wp\/v2\/media?parent=2203"}],"wp:term":[{"taxonomy":"product_brand","embeddable":true,"href":"https:\/\/avmax.pl\/sklep\/wp-json\/wp\/v2\/product_brand?post=2203"},{"taxonomy":"product_cat","embeddable":true,"href":"https:\/\/avmax.pl\/sklep\/wp-json\/wp\/v2\/product_cat?post=2203"},{"taxonomy":"product_tag","embeddable":true,"href":"https:\/\/avmax.pl\/sklep\/wp-json\/wp\/v2\/product_tag?post=2203"},{"taxonomy":"product_brands","embeddable":true,"href":"https:\/\/avmax.pl\/sklep\/wp-json\/wp\/v2\/product_brands?post=2203"}],"curies":[{"name":"wp","href":"https:\/\/api.w.org\/{rel}","templated":true}]}}