{"id":2211,"date":"2025-12-01T20:54:53","date_gmt":"2025-12-01T20:54:53","guid":{"rendered":"https:\/\/avmax.pl\/sklep\/?post_type=product&#038;p=2211"},"modified":"2026-01-12T13:44:26","modified_gmt":"2026-01-12T13:44:26","slug":"eb-l895u-v11hb27140","status":"publish","type":"product","link":"https:\/\/avmax.pl\/sklep\/produkt\/eb-l895u-v11hb27140\/","title":{"rendered":"EB-L895U"},"content":{"rendered":"<p><strong>Wci\u0105gaj\u0105ce, realistyczne obrazy w ka\u017cdej przestrzeni<\/strong><br \/>\nProjektor EB-L895U o jasno\u015bci 8000 lumen\u00f3w i rozdzielczo\u015bci WUXGA z technologi\u0105 3LCD zapewnia wyrazisty i realistyczny obraz. Precyzyjne przesuni\u0119cie obiektywu i wbudowane g\u0142o\u015bniki o mocy 10 W zwi\u0119kszaj\u0105 wydajno\u015b\u0107, a kompaktowa czarna obudowa pozwala na \u0142atw\u0105 instalacj\u0119 i cich\u0105 prac\u0119. Idealny do sal wyk\u0142adowych, audytori\u00f3w, sal szkoleniowych i innych profesjonalnych zastosowa\u0144 \u2013 sprawdza si\u0119 doskonale nawet w jasno o\u015bwietlonych pomieszczeniach.<\/p>\n<p><strong>\u0141atwy w konfiguracji, mocny w jasno\u015bci<\/strong><br \/>\nDzi\u0119ki elastycznym opcjom instalacji, w tym standardowemu wsp\u00f3\u0142czynnikowi rzutu 1,35\u20132,2:1 i 1,6-krotnemu zoomowi optycznemu, projektor EB-L895U mo\u017ce wy\u015bwietla\u0107 obrazy o przek\u0105tnej do 500 cali. Zaawansowana korekcja geometrii i opcjonalna kamera ELPEC01 w po\u0142\u0105czeniu z oprogramowaniem Epson Projector Professional Tool umo\u017cliwiaj\u0105 szybk\u0105 konfiguracj\u0119 i kalibracj\u0119, co usprawnia instalacj\u0119 w ka\u017cdej przestrzeni.<\/p>\n<p><strong>Inteligentne sterowanie zapewniaj\u0105ce bezproblemow\u0105 obs\u0142ug\u0119<\/strong><br \/>\nProjektor EB-L895U rozszerza mo\u017cliwo\u015bci zastosowania dzi\u0119ki technologii NFC, u\u0142atwiaj\u0105c wdra\u017canie na du\u017c\u0105 skal\u0119 za pomoc\u0105 narz\u0119dzia Epson Projector Config Tool. Przyjazne dla u\u017cytkownika menu OSD upraszcza nawigacj\u0119, a rozwi\u0105zanie EPMC firmy Epson do monitorowania w chmurze, umo\u017cliwia \u0142atwe zdalne zarz\u0105dzanie. W pe\u0142ni kompatybilny z Crestron XiO Cloud oferuje kontrol\u0119 z jednego miejsca. Aktualizacje oprogramowania sprz\u0119towego OTA uruchamiaj\u0105 nowe mo\u017cliwo\u015bci projektora, zarazem zwi\u0119kszaj\u0105 wydajno\u015b\u0107 i zapewniaj\u0105 bezproblemowe dzia\u0142anie.<\/p>\n<p><strong>Potwierdzona niezawodno\u015b\u0107 marki<\/strong><br \/>\nProjektor EB-L895U zosta\u0142 zaprojektowany z my\u015bl\u0105 o zapewnieniu d\u0142ugotrwa\u0142ej wydajno\u015bci i wyposa\u017cony w bezobs\u0142ugow\u0105 technologi\u0119 laserow\u0105, a ponadto obj\u0119ty jest 3-letni\u0105 gwarancj\u0105. Minimalizuje potrzeby zwi\u0105zane z konserwacj\u0105, skraca czas przestoj\u00f3w i zapewnia spok\u00f3j umys\u0142u dzi\u0119ki renomowanej obs\u0142udze posprzeda\u017cnej firmy Epson.<\/p>\n<p><strong>Z my\u015bl\u0105 o \u015brodowisku<\/strong><br \/>\nNasze projektory, stworzone z my\u015bl\u0105 o zr\u00f3wnowa\u017conym rozwoju, s\u0105 produkowane z wykorzystaniem energii elektrycznej w 100% odnawialnej2 i pakowane w kartony w 100% nadaj\u0105ce si\u0119 do recyklingu. Ponadto charakteryzuj\u0105 si\u0119 one niskim poziomem wymaga\u0144 konserwacyjnych i zu\u017cycia energii oraz zapewniaj\u0105 korzy\u015bci p\u0142yn\u0105ce z recyklingu i odzyskiwania energii po zako\u0144czeniu eksploatacji w ca\u0142ej Europie.<\/p>\n<p><strong>\u0141atwe przesy\u0142anie strumieniowe i udost\u0119pnianie<\/strong><br \/>\nDzi\u0119ki \u0142\u0105czno\u015bci Apple AirPlay 2 i Miracast1 udost\u0119pnianie tre\u015bci jest szybkie i proste \u2013 u\u017cytkownicy mog\u0105 bezprzewodowo kopiowa\u0107 ekrany swoich urz\u0105dze\u0144 na wy\u015bwietlacz w celu bezproblemowej wsp\u00f3\u0142pracy. Port USB-A umo\u017cliwia r\u00f3wnie\u017c strumieniowe przesy\u0142anie danych bez komputera \u2013 a dodatkowe opcje, takie jak HDBaseT i HDMI, jeszcze bardziej zwi\u0119kszaj\u0105 elastyczno\u015b\u0107.<\/p>\n","protected":false},"excerpt":{"rendered":"<p>Kompaktowy, przyjazny dla \u015brodowiska projektor zapewniaj\u0105cy elastyczno\u015b\u0107 instalacji i u\u017cytkowania w przyst\u0119pnej cenie<\/p>\n<ul>\n<li><strong>Wyj\u0105tkowy wy\u015bwietlacz o jasno\u015bci 8000 lumen\u00f3w i rozdzielczo\u015bci WUXGA<\/strong><br \/>\nIdealny do pomieszcze\u0144 konferencyjnych, sal wyk\u0142adowych i nie tylko. Ten kompaktowy, niedrogi wy\u015bwietlacz laserowy zapewnia wysok\u0105 jako\u015b\u0107 w ka\u017cdym otoczeniu.<\/li>\n<li><strong>Kompaktowa konstrukcja ze skalowalnymi obrazami o przek\u0105tnej do 500 cali<\/strong><br \/>\nLekka konstrukcja upraszcza transportowanie i instalacj\u0119, zapewniaj\u0105c jednocze\u015bnie skalowalne obrazy do 500 cali, oraz daj\u0105c du\u017c\u0105 elastyczno\u015b\u0107 instalacji<\/li>\n<li><strong>Wygodna, bezproblemowa instalacja<\/strong><br \/>\nDzi\u0119ki centralnemu umieszczeniu obiektywu z szerokim zakresem lens shiftu i zaawansowanym funkcjom projektor mo\u017cna \u0142atwo skonfigurowa\u0107 i zainstalowa\u0107 w dowolnym miejscu.<\/li>\n<li><strong>Cicha praca<\/strong><br \/>\nKorzystaj z wysoce wydajnego wy\u015bwietlacza o niskim poziomie ha\u0142asu 26 dB w trybie ekonomicznym, kt\u00f3ry zapewnia cisz\u0119 i u\u0142atwia skupienie w trakcie prezentacji i na spotkaniu.<\/li>\n<li><strong>Dokonywanie zr\u00f3wnowa\u017conych wybor\u00f3w dzi\u0119ki Epson<\/strong><br \/>\nWykonanie w 19% z tworzyw sztucznych pochodz\u0105cych z recyklingu, niski pob\u00f3r mocy, mniejsze opakowanie i \u017cywotno\u015b\u0107 do 30 000 godzin w trybie ekonomicznym (20 000 godzin w trybie normalnym).<\/li>\n<li><strong>Natychmiastowa \u0142\u0105czno\u015b\u0107 dzi\u0119ki obs\u0142udze protoko\u0142\u00f3w Apple AirPlay 2 i Miracast1<\/strong><br \/>\nBezproblemowo udost\u0119pniaj tre\u015bci z laptop\u00f3w, tablet\u00f3w i smartfon\u00f3w \u2013 w sam raz w przypadku konfiguracji urz\u0105dze\u0144 w ramach rozwi\u0105za\u0144 BYOD (ang. Bring Your Own Device) i miejsc wsp\u00f3\u0142pracy.<\/li>\n<\/ul>\n","protected":false},"featured_media":2786,"comment_status":"open","ping_status":"closed","template":"","meta":{"_bst_post_transparent":"default","_bst_post_title":"","_bst_post_layout":"default","_bst_post_sidebar_id":"","_bst_post_content_style":"default","_bst_post_vertical_padding":"default","_bst_post_feature":"","_bst_post_feature_position":"","_bst_post_header":false,"_bst_post_footer":false},"product_brand":[156],"product_cat":[177],"product_tag":[],"product_brands":[1010],"class_list":{"0":"post-2211","1":"product","2":"type-product","3":"status-publish","4":"has-post-thumbnail","6":"product_brand-epson","7":"product_cat-interaktywne-projektory","8":"product_brands-epson","10":"first","11":"instock","12":"taxable","13":"shipping-taxable","14":"purchasable","15":"product-type-simple","16":"entry","17":"content-bg","18":"loop-entry"},"yoast_head":"<!-- This site is optimized with the Yoast SEO plugin v27.3 - https:\/\/yoast.com\/product\/yoast-seo-wordpress\/ -->\n<title>EB-L895U - AVMAX - Sklep<\/title>\n<meta name=\"robots\" content=\"index, follow, max-snippet:-1, max-image-preview:large, max-video-preview:-1\" \/>\n<link rel=\"canonical\" href=\"https:\/\/avmax.pl\/sklep\/produkt\/eb-l895u-v11hb27140\/\" \/>\n<meta property=\"og:locale\" content=\"pl_PL\" \/>\n<meta property=\"og:type\" content=\"article\" \/>\n<meta property=\"og:title\" content=\"EB-L895U - AVMAX - Sklep\" \/>\n<meta property=\"og:description\" content=\"Kompaktowy, przyjazny dla \u015brodowiska projektor zapewniaj\u0105cy elastyczno\u015b\u0107 instalacji i u\u017cytkowania w przyst\u0119pnej cenie   Wyj\u0105tkowy wy\u015bwietlacz o jasno\u015bci 8000 lumen\u00f3w i rozdzielczo\u015bci WUXGA Idealny do pomieszcze\u0144 konferencyjnych, sal wyk\u0142adowych i nie tylko. Ten kompaktowy, niedrogi wy\u015bwietlacz laserowy zapewnia wysok\u0105 jako\u015b\u0107 w ka\u017cdym otoczeniu.  Kompaktowa konstrukcja ze skalowalnymi obrazami o przek\u0105tnej do 500 cali Lekka konstrukcja upraszcza transportowanie i instalacj\u0119, zapewniaj\u0105c jednocze\u015bnie skalowalne obrazy do 500 cali, oraz daj\u0105c du\u017c\u0105 elastyczno\u015b\u0107 instalacji  Wygodna, bezproblemowa instalacja Dzi\u0119ki centralnemu umieszczeniu obiektywu z szerokim zakresem lens shiftu i zaawansowanym funkcjom projektor mo\u017cna \u0142atwo skonfigurowa\u0107 i zainstalowa\u0107 w dowolnym miejscu.  Cicha praca Korzystaj z wysoce wydajnego wy\u015bwietlacza o niskim poziomie ha\u0142asu 26 dB w trybie ekonomicznym, kt\u00f3ry zapewnia cisz\u0119 i u\u0142atwia skupienie w trakcie prezentacji i na spotkaniu.  Dokonywanie zr\u00f3wnowa\u017conych wybor\u00f3w dzi\u0119ki Epson Wykonanie w 19% z tworzyw sztucznych pochodz\u0105cych z recyklingu, niski pob\u00f3r mocy, mniejsze opakowanie i \u017cywotno\u015b\u0107 do 30 000 godzin w trybie ekonomicznym (20 000 godzin w trybie normalnym).  Natychmiastowa \u0142\u0105czno\u015b\u0107 dzi\u0119ki obs\u0142udze protoko\u0142\u00f3w Apple AirPlay 2 i Miracast1 Bezproblemowo udost\u0119pniaj tre\u015bci z laptop\u00f3w, tablet\u00f3w i smartfon\u00f3w \u2013 w sam raz w przypadku konfiguracji urz\u0105dze\u0144 w ramach rozwi\u0105za\u0144 BYOD (ang. Bring Your Own Device) i miejsc wsp\u00f3\u0142pracy.\" \/>\n<meta property=\"og:url\" content=\"https:\/\/avmax.pl\/sklep\/produkt\/eb-l895u-v11hb27140\/\" \/>\n<meta property=\"og:site_name\" content=\"AVMAX - Sklep\" \/>\n<meta property=\"article:modified_time\" content=\"2026-01-12T13:44:26+00:00\" \/>\n<meta property=\"og:image\" content=\"https:\/\/avmax.pl\/sklep\/wp-content\/uploads\/2025\/12\/EB-L895U-1.webp\" \/>\n\t<meta property=\"og:image:width\" content=\"1000\" \/>\n\t<meta property=\"og:image:height\" content=\"1000\" \/>\n\t<meta property=\"og:image:type\" content=\"image\/webp\" \/>\n<meta name=\"twitter:card\" content=\"summary_large_image\" \/>\n<meta name=\"twitter:label1\" content=\"Szacowany czas czytania\" \/>\n\t<meta name=\"twitter:data1\" content=\"3 minuty\" \/>\n<script type=\"application\/ld+json\" class=\"yoast-schema-graph\">{\"@context\":\"https:\\\/\\\/schema.org\",\"@graph\":[{\"@type\":\"WebPage\",\"@id\":\"https:\\\/\\\/avmax.pl\\\/sklep\\\/produkt\\\/eb-l895u-v11hb27140\\\/\",\"url\":\"https:\\\/\\\/avmax.pl\\\/sklep\\\/produkt\\\/eb-l895u-v11hb27140\\\/\",\"name\":\"EB-L895U - AVMAX - Sklep\",\"isPartOf\":{\"@id\":\"https:\\\/\\\/avmax.pl\\\/sklep\\\/#website\"},\"primaryImageOfPage\":{\"@id\":\"https:\\\/\\\/avmax.pl\\\/sklep\\\/produkt\\\/eb-l895u-v11hb27140\\\/#primaryimage\"},\"image\":{\"@id\":\"https:\\\/\\\/avmax.pl\\\/sklep\\\/produkt\\\/eb-l895u-v11hb27140\\\/#primaryimage\"},\"thumbnailUrl\":\"https:\\\/\\\/avmax.pl\\\/sklep\\\/wp-content\\\/uploads\\\/2025\\\/12\\\/EB-L895U-1.webp\",\"datePublished\":\"2025-12-01T20:54:53+00:00\",\"dateModified\":\"2026-01-12T13:44:26+00:00\",\"breadcrumb\":{\"@id\":\"https:\\\/\\\/avmax.pl\\\/sklep\\\/produkt\\\/eb-l895u-v11hb27140\\\/#breadcrumb\"},\"inLanguage\":\"pl-PL\",\"potentialAction\":[{\"@type\":\"ReadAction\",\"target\":[\"https:\\\/\\\/avmax.pl\\\/sklep\\\/produkt\\\/eb-l895u-v11hb27140\\\/\"]}]},{\"@type\":\"ImageObject\",\"inLanguage\":\"pl-PL\",\"@id\":\"https:\\\/\\\/avmax.pl\\\/sklep\\\/produkt\\\/eb-l895u-v11hb27140\\\/#primaryimage\",\"url\":\"https:\\\/\\\/avmax.pl\\\/sklep\\\/wp-content\\\/uploads\\\/2025\\\/12\\\/EB-L895U-1.webp\",\"contentUrl\":\"https:\\\/\\\/avmax.pl\\\/sklep\\\/wp-content\\\/uploads\\\/2025\\\/12\\\/EB-L895U-1.webp\",\"width\":1000,\"height\":1000},{\"@type\":\"BreadcrumbList\",\"@id\":\"https:\\\/\\\/avmax.pl\\\/sklep\\\/produkt\\\/eb-l895u-v11hb27140\\\/#breadcrumb\",\"itemListElement\":[{\"@type\":\"ListItem\",\"position\":1,\"name\":\"Strona g\u0142\u00f3wna\",\"item\":\"https:\\\/\\\/avmax.pl\\\/sklep\\\/\"},{\"@type\":\"ListItem\",\"position\":2,\"name\":\"Sklep\",\"item\":\"https:\\\/\\\/avmax.pl\\\/sklep\\\/shop\\\/\"},{\"@type\":\"ListItem\",\"position\":3,\"name\":\"EB-L895U\"}]},{\"@type\":\"WebSite\",\"@id\":\"https:\\\/\\\/avmax.pl\\\/sklep\\\/#website\",\"url\":\"https:\\\/\\\/avmax.pl\\\/sklep\\\/\",\"name\":\"AVMAX - Sklep\",\"description\":\"\",\"publisher\":{\"@id\":\"https:\\\/\\\/avmax.pl\\\/sklep\\\/#organization\"},\"potentialAction\":[{\"@type\":\"SearchAction\",\"target\":{\"@type\":\"EntryPoint\",\"urlTemplate\":\"https:\\\/\\\/avmax.pl\\\/sklep\\\/?s={search_term_string}\"},\"query-input\":{\"@type\":\"PropertyValueSpecification\",\"valueRequired\":true,\"valueName\":\"search_term_string\"}}],\"inLanguage\":\"pl-PL\"},{\"@type\":\"Organization\",\"@id\":\"https:\\\/\\\/avmax.pl\\\/sklep\\\/#organization\",\"name\":\"AVMAX - Sklep\",\"url\":\"https:\\\/\\\/avmax.pl\\\/sklep\\\/\",\"logo\":{\"@type\":\"ImageObject\",\"inLanguage\":\"pl-PL\",\"@id\":\"https:\\\/\\\/avmax.pl\\\/sklep\\\/#\\\/schema\\\/logo\\\/image\\\/\",\"url\":\"https:\\\/\\\/avmax.pl\\\/sklep\\\/wp-content\\\/uploads\\\/2025\\\/11\\\/cropped-logo-avmax-2-3.webp\",\"contentUrl\":\"https:\\\/\\\/avmax.pl\\\/sklep\\\/wp-content\\\/uploads\\\/2025\\\/11\\\/cropped-logo-avmax-2-3.webp\",\"width\":1500,\"height\":600,\"caption\":\"AVMAX - Sklep\"},\"image\":{\"@id\":\"https:\\\/\\\/avmax.pl\\\/sklep\\\/#\\\/schema\\\/logo\\\/image\\\/\"}}]}<\/script>\n<!-- \/ Yoast SEO plugin. -->","yoast_head_json":{"title":"EB-L895U - AVMAX - Sklep","robots":{"index":"index","follow":"follow","max-snippet":"max-snippet:-1","max-image-preview":"max-image-preview:large","max-video-preview":"max-video-preview:-1"},"canonical":"https:\/\/avmax.pl\/sklep\/produkt\/eb-l895u-v11hb27140\/","og_locale":"pl_PL","og_type":"article","og_title":"EB-L895U - AVMAX - Sklep","og_description":"Kompaktowy, przyjazny dla \u015brodowiska projektor zapewniaj\u0105cy elastyczno\u015b\u0107 instalacji i u\u017cytkowania w przyst\u0119pnej cenie   Wyj\u0105tkowy wy\u015bwietlacz o jasno\u015bci 8000 lumen\u00f3w i rozdzielczo\u015bci WUXGA Idealny do pomieszcze\u0144 konferencyjnych, sal wyk\u0142adowych i nie tylko. Ten kompaktowy, niedrogi wy\u015bwietlacz laserowy zapewnia wysok\u0105 jako\u015b\u0107 w ka\u017cdym otoczeniu.  Kompaktowa konstrukcja ze skalowalnymi obrazami o przek\u0105tnej do 500 cali Lekka konstrukcja upraszcza transportowanie i instalacj\u0119, zapewniaj\u0105c jednocze\u015bnie skalowalne obrazy do 500 cali, oraz daj\u0105c du\u017c\u0105 elastyczno\u015b\u0107 instalacji  Wygodna, bezproblemowa instalacja Dzi\u0119ki centralnemu umieszczeniu obiektywu z szerokim zakresem lens shiftu i zaawansowanym funkcjom projektor mo\u017cna \u0142atwo skonfigurowa\u0107 i zainstalowa\u0107 w dowolnym miejscu.  Cicha praca Korzystaj z wysoce wydajnego wy\u015bwietlacza o niskim poziomie ha\u0142asu 26 dB w trybie ekonomicznym, kt\u00f3ry zapewnia cisz\u0119 i u\u0142atwia skupienie w trakcie prezentacji i na spotkaniu.  Dokonywanie zr\u00f3wnowa\u017conych wybor\u00f3w dzi\u0119ki Epson Wykonanie w 19% z tworzyw sztucznych pochodz\u0105cych z recyklingu, niski pob\u00f3r mocy, mniejsze opakowanie i \u017cywotno\u015b\u0107 do 30 000 godzin w trybie ekonomicznym (20 000 godzin w trybie normalnym).  Natychmiastowa \u0142\u0105czno\u015b\u0107 dzi\u0119ki obs\u0142udze protoko\u0142\u00f3w Apple AirPlay 2 i Miracast1 Bezproblemowo udost\u0119pniaj tre\u015bci z laptop\u00f3w, tablet\u00f3w i smartfon\u00f3w \u2013 w sam raz w przypadku konfiguracji urz\u0105dze\u0144 w ramach rozwi\u0105za\u0144 BYOD (ang. Bring Your Own Device) i miejsc wsp\u00f3\u0142pracy.","og_url":"https:\/\/avmax.pl\/sklep\/produkt\/eb-l895u-v11hb27140\/","og_site_name":"AVMAX - Sklep","article_modified_time":"2026-01-12T13:44:26+00:00","og_image":[{"width":1000,"height":1000,"url":"https:\/\/avmax.pl\/sklep\/wp-content\/uploads\/2025\/12\/EB-L895U-1.webp","type":"image\/webp"}],"twitter_card":"summary_large_image","twitter_misc":{"Szacowany czas czytania":"3 minuty"},"schema":{"@context":"https:\/\/schema.org","@graph":[{"@type":"WebPage","@id":"https:\/\/avmax.pl\/sklep\/produkt\/eb-l895u-v11hb27140\/","url":"https:\/\/avmax.pl\/sklep\/produkt\/eb-l895u-v11hb27140\/","name":"EB-L895U - AVMAX - Sklep","isPartOf":{"@id":"https:\/\/avmax.pl\/sklep\/#website"},"primaryImageOfPage":{"@id":"https:\/\/avmax.pl\/sklep\/produkt\/eb-l895u-v11hb27140\/#primaryimage"},"image":{"@id":"https:\/\/avmax.pl\/sklep\/produkt\/eb-l895u-v11hb27140\/#primaryimage"},"thumbnailUrl":"https:\/\/avmax.pl\/sklep\/wp-content\/uploads\/2025\/12\/EB-L895U-1.webp","datePublished":"2025-12-01T20:54:53+00:00","dateModified":"2026-01-12T13:44:26+00:00","breadcrumb":{"@id":"https:\/\/avmax.pl\/sklep\/produkt\/eb-l895u-v11hb27140\/#breadcrumb"},"inLanguage":"pl-PL","potentialAction":[{"@type":"ReadAction","target":["https:\/\/avmax.pl\/sklep\/produkt\/eb-l895u-v11hb27140\/"]}]},{"@type":"ImageObject","inLanguage":"pl-PL","@id":"https:\/\/avmax.pl\/sklep\/produkt\/eb-l895u-v11hb27140\/#primaryimage","url":"https:\/\/avmax.pl\/sklep\/wp-content\/uploads\/2025\/12\/EB-L895U-1.webp","contentUrl":"https:\/\/avmax.pl\/sklep\/wp-content\/uploads\/2025\/12\/EB-L895U-1.webp","width":1000,"height":1000},{"@type":"BreadcrumbList","@id":"https:\/\/avmax.pl\/sklep\/produkt\/eb-l895u-v11hb27140\/#breadcrumb","itemListElement":[{"@type":"ListItem","position":1,"name":"Strona g\u0142\u00f3wna","item":"https:\/\/avmax.pl\/sklep\/"},{"@type":"ListItem","position":2,"name":"Sklep","item":"https:\/\/avmax.pl\/sklep\/shop\/"},{"@type":"ListItem","position":3,"name":"EB-L895U"}]},{"@type":"WebSite","@id":"https:\/\/avmax.pl\/sklep\/#website","url":"https:\/\/avmax.pl\/sklep\/","name":"AVMAX - Sklep","description":"","publisher":{"@id":"https:\/\/avmax.pl\/sklep\/#organization"},"potentialAction":[{"@type":"SearchAction","target":{"@type":"EntryPoint","urlTemplate":"https:\/\/avmax.pl\/sklep\/?s={search_term_string}"},"query-input":{"@type":"PropertyValueSpecification","valueRequired":true,"valueName":"search_term_string"}}],"inLanguage":"pl-PL"},{"@type":"Organization","@id":"https:\/\/avmax.pl\/sklep\/#organization","name":"AVMAX - Sklep","url":"https:\/\/avmax.pl\/sklep\/","logo":{"@type":"ImageObject","inLanguage":"pl-PL","@id":"https:\/\/avmax.pl\/sklep\/#\/schema\/logo\/image\/","url":"https:\/\/avmax.pl\/sklep\/wp-content\/uploads\/2025\/11\/cropped-logo-avmax-2-3.webp","contentUrl":"https:\/\/avmax.pl\/sklep\/wp-content\/uploads\/2025\/11\/cropped-logo-avmax-2-3.webp","width":1500,"height":600,"caption":"AVMAX - Sklep"},"image":{"@id":"https:\/\/avmax.pl\/sklep\/#\/schema\/logo\/image\/"}}]}},"_links":{"self":[{"href":"https:\/\/avmax.pl\/sklep\/wp-json\/wp\/v2\/product\/2211","targetHints":{"allow":["GET"]}}],"collection":[{"href":"https:\/\/avmax.pl\/sklep\/wp-json\/wp\/v2\/product"}],"about":[{"href":"https:\/\/avmax.pl\/sklep\/wp-json\/wp\/v2\/types\/product"}],"replies":[{"embeddable":true,"href":"https:\/\/avmax.pl\/sklep\/wp-json\/wp\/v2\/comments?post=2211"}],"version-history":[{"count":4,"href":"https:\/\/avmax.pl\/sklep\/wp-json\/wp\/v2\/product\/2211\/revisions"}],"predecessor-version":[{"id":2470,"href":"https:\/\/avmax.pl\/sklep\/wp-json\/wp\/v2\/product\/2211\/revisions\/2470"}],"wp:featuredmedia":[{"embeddable":true,"href":"https:\/\/avmax.pl\/sklep\/wp-json\/wp\/v2\/media\/2786"}],"wp:attachment":[{"href":"https:\/\/avmax.pl\/sklep\/wp-json\/wp\/v2\/media?parent=2211"}],"wp:term":[{"taxonomy":"product_brand","embeddable":true,"href":"https:\/\/avmax.pl\/sklep\/wp-json\/wp\/v2\/product_brand?post=2211"},{"taxonomy":"product_cat","embeddable":true,"href":"https:\/\/avmax.pl\/sklep\/wp-json\/wp\/v2\/product_cat?post=2211"},{"taxonomy":"product_tag","embeddable":true,"href":"https:\/\/avmax.pl\/sklep\/wp-json\/wp\/v2\/product_tag?post=2211"},{"taxonomy":"product_brands","embeddable":true,"href":"https:\/\/avmax.pl\/sklep\/wp-json\/wp\/v2\/product_brands?post=2211"}],"curies":[{"name":"wp","href":"https:\/\/api.w.org\/{rel}","templated":true}]}}