{"id":2213,"date":"2025-12-01T20:56:30","date_gmt":"2025-12-01T20:56:30","guid":{"rendered":"https:\/\/avmax.pl\/sklep\/?post_type=product&#038;p=2213"},"modified":"2026-01-12T13:44:25","modified_gmt":"2026-01-12T13:44:25","slug":"eb-w56s-v11hb62040","status":"publish","type":"product","link":"https:\/\/avmax.pl\/sklep\/produkt\/eb-w56s-v11hb62040\/","title":{"rendered":"EB-W56S"},"content":{"rendered":"<p><strong>Du\u017cy, jasny i wyra\u017any wy\u015bwietlacz<\/strong><br \/>\nProjektor EB-W56S wy\u015bwietla wci\u0105gaj\u0105ce obrazy w nawet najja\u015bniejszej klasie lub najja\u015bniejszym biurze. Jasno\u015b\u0107 3 700 lumen\u00f3w, rozdzielczo\u015b\u0107 HD-ready i rozmiar wy\u015bwietlacza do 300 cali zapewniaj\u0105, \u017ce ka\u017cdy szczeg\u00f3\u0142 \u2013 niezale\u017cnie od tego, czy jest to obraz, tekst czy film \u2013 jest wyra\u017any i \u017cywy.<\/p>\n<p><strong>Ulepszona technologia obrazu<\/strong><br \/>\nPo\u0142\u0105czenie technologii 3LCD i nat\u0119\u017cenia \u015bwiat\u0142a barwnego (CLO) pomaga zwi\u0119kszy\u0107 zaanga\u017cowanie, uatrakcyjniaj\u0105c lekcje i prezentacje. Zaanga\u017cowanie to dodatkowo pot\u0119guje technologia adaptacyjnej korekcji gamma sceny firmy Epson, kt\u00f3ra dynamicznie optymalizuje kontrast obrazu w zale\u017cno\u015bci od wy\u015bwietlanych tre\u015bci. Kombinacja tych technologii sprawia, \u017ce projektor EB-W56S idealnie nadaje si\u0119 do wy\u015bwietlania dowolnych tre\u015bci w krystalicznie wyrazistych detalach \u2013 niezale\u017cnie od tego, czy s\u0105 to filmy dokumentalne czy materia\u0142y multimedialne lub edukacyjne.<\/p>\n<p><strong>Lekki i \u0142atwy w transporcie<\/strong><br \/>\nWa\u017c\u0105cy zaledwie 3,1 kg model EB-W56S mo\u017cna \u0142atwo przenosi\u0107, dzi\u0119ki czemu doskonale nadaje si\u0119 do pracy w wielu miejscach, a opcjonalny futera\u0142 zapewnia zar\u00f3wno bezpiecze\u0144stwo projektora, jak i wygod\u0119 jego u\u017cytkowania, dzi\u0119ki czemu mo\u017cna go szybko zainstalowa\u0107 w dowolnym miejscu. Ta prostota transportu sprawia, \u017ce jest to doskona\u0142y wyb\u00f3r dla ka\u017cdego, kto szuka rozwi\u0105zania, kt\u00f3re mo\u017cna \u0142atwo dostosowa\u0107 do r\u00f3\u017cnych przestrzeni.<br \/>\nDu\u017cy wy\u015bwietlacz, nawet w ma\u0142ych przestrzeniach<br \/>\nProjektor EB-W56S o kr\u00f3tkim rzucie (wsp\u00f3\u0142czynnik rzutu 0,6:1), kt\u00f3ry umo\u017cliwia wy\u015bwietlanie du\u017cego obrazu (do 300 cali) z bliskiej odleg\u0142o\u015bci, jest idealny do \u015brodowisk o ograniczonej przestrzeni \u2013 minimalizuje cienie i rozpraszanie uwagi, dzi\u0119ki czemu mo\u017cna skupi\u0107 si\u0119 na przekazywaniu pot\u0119\u017cnych i anga\u017cuj\u0105cych tre\u015bci.<\/p>\n<p><strong>Zaawansowana \u0142\u0105czno\u015b\u0107 zapewniaj\u0105ca wyj\u0105tkow\u0105 wszechstronno\u015b\u0107<\/strong><br \/>\nUwolnij potencja\u0142 wielu mo\u017cliwo\u015bci po\u0142\u0105cze\u0144 \u2013 takich jak standardowy port sieciowy, opcjonalna komunikacja przez sie\u0107 Wi-Fi z ELPAP11 i podw\u00f3jne wej\u015bcia HDMI. Ten projektor u\u0142atwia pod\u0142\u0105czanie wielu urz\u0105dze\u0144, a bezp\u0142atna aplikacja iProjection firmy Epson zapewnia \u0142\u0105czno\u015b\u0107 z niemal ka\u017cdym urz\u0105dzeniem \u017ar\u00f3d\u0142owym. Funkcja dzielenia ekranu umo\u017cliwia wy\u015bwietlanie nawet z 4 wej\u015b\u0107 jednocze\u015bnie, zapewniaj\u0105c dynamiczne, interaktywne do\u015bwiadczenia edukacyjne.<\/p>\n<p><strong>Niedroga, trwa\u0142a jako\u015b\u0107<\/strong><br \/>\nTen projektor lampowy to niedrogie rozwi\u0105zanie, kt\u00f3rego cena nie wp\u0142ywa negatywnie na jako\u015b\u0107. Zapewnia wyj\u0105tkow\u0105 wydajno\u015b\u0107, elastyczno\u015b\u0107 i trwa\u0142o\u015b\u0107 \u2013 jest r\u00f3wnie\u017c obj\u0119ty 5-letni\u0105 gwarancj\u0105. D\u0142ugi czas eksploatacji lampy do 10 000 godzin (w trybie ekonomicznym) oznacza minimalne potrzeby konserwacji, dzi\u0119ki czemu model EB-W56S idealnie nadaje si\u0119 do nowoczesnych zastosowa\u0144 \u2013 zar\u00f3wno edukacyjnych, jak i biznesowych.<\/p>\n","protected":false},"excerpt":{"rendered":"<p>Kompaktowy, wszechstronny, oferuj\u0105cy du\u017cy, jasny obraz HD-ready projektor o kr\u00f3tkim rzucie, kt\u00f3ry mo\u017cna postawi\u0107 w dowolnym miejscu i po\u0142\u0105czy\u0107 z r\u00f3\u017cnymi sieciami.<\/p>\n<ul>\n<li><strong>Jasno\u015b\u0107 rz\u0119du 3 700 lumen\u00f3w zapewnia ostry i pe\u0142en wyrazistych kolor\u00f3w obraz<\/strong><br \/>\nZadbaj o to, aby ka\u017cdy szczeg\u00f3\u0142 by\u0142 krystalicznie wyra\u017any dzi\u0119ki wy\u015bwietlaczowi HD-ready o jasno\u015bci 3 700 lumen\u00f3w i przek\u0105tnej do 300 cali, kt\u00f3ry zapewnia ostre, \u017cywe obrazy nawet w dobrze o\u015bwietlonych pomieszczeniach.<\/li>\n<li><strong>Przeno\u015bny projektor o kr\u00f3tkim rzucie<\/strong><br \/>\nLekka konstrukcja w po\u0142\u0105czeniu ze wsp\u00f3\u0142czynnikiem kr\u00f3tkiego rzutu 0,6:1 zapewnia du\u017ce, wyra\u017ane obrazy z niewielkiej odleg\u0142o\u015bci i elastyczno\u015b\u0107, kt\u00f3r\u0105 mo\u017cna wykorzysta\u0107 w dowolnym miejscu.<\/li>\n<li><strong>Elastyczna \u0142\u0105czno\u015b\u0107 ze standardow\u0105 sieci\u0105 Ethernet i opcjonaln\u0105 sieci\u0105 bezprzewodow\u0105<\/strong><br \/>\nStandardowy port sieciowy, opcjonalna \u0142\u0105czno\u015b\u0107 bezprzewodowa z ELPAP11 i 2 porty HDMI \u2013 z aplikacj\u0105 iProjection firmy Epson, kt\u00f3ra umo\u017cliwia komunikacj\u0119 z niemal ka\u017cdym urz\u0105dzeniem.<\/li>\n<li><strong>Wy\u015bwietlacz z funkcj\u0105 dzielenia ekranu<\/strong><br \/>\nMo\u017cliwo\u015b\u0107 wy\u015bwietlania do 4 materia\u0142\u00f3w na jednym ekranie za pomoc\u0105 funkcji dzielenia ekranu projektora.<\/li>\n<li><strong>Minimalna konserwacja<\/strong><br \/>\nCzas eksploatacji lampy do 10 000 godzin w trybie ekonomicznym.<\/li>\n<li><strong>Pi\u0119cioletnia gwarancja<\/strong><br \/>\nWysoka niezawodno\u015b\u0107 i bezproblemowo\u015b\u0107.<\/li>\n<\/ul>\n","protected":false},"featured_media":2790,"comment_status":"open","ping_status":"closed","template":"","meta":{"_bst_post_transparent":"default","_bst_post_title":"","_bst_post_layout":"default","_bst_post_sidebar_id":"","_bst_post_content_style":"default","_bst_post_vertical_padding":"default","_bst_post_feature":"","_bst_post_feature_position":"","_bst_post_header":false,"_bst_post_footer":false},"product_brand":[156],"product_cat":[161],"product_tag":[],"product_brands":[1010],"class_list":{"0":"post-2213","1":"product","2":"type-product","3":"status-publish","4":"has-post-thumbnail","6":"product_brand-epson","7":"product_cat-projektory-przenosne","8":"product_brands-epson","10":"first","11":"instock","12":"taxable","13":"shipping-taxable","14":"purchasable","15":"product-type-simple","16":"entry","17":"content-bg","18":"loop-entry"},"yoast_head":"<!-- This site is optimized with the Yoast SEO plugin v27.3 - https:\/\/yoast.com\/product\/yoast-seo-wordpress\/ -->\n<title>EB-W56S - AVMAX - Sklep<\/title>\n<meta name=\"robots\" content=\"index, follow, max-snippet:-1, max-image-preview:large, max-video-preview:-1\" \/>\n<link rel=\"canonical\" href=\"https:\/\/avmax.pl\/sklep\/produkt\/eb-w56s-v11hb62040\/\" \/>\n<meta property=\"og:locale\" content=\"pl_PL\" \/>\n<meta property=\"og:type\" content=\"article\" \/>\n<meta property=\"og:title\" content=\"EB-W56S - AVMAX - Sklep\" \/>\n<meta property=\"og:description\" content=\"Kompaktowy, wszechstronny, oferuj\u0105cy du\u017cy, jasny obraz HD-ready projektor o kr\u00f3tkim rzucie, kt\u00f3ry mo\u017cna postawi\u0107 w dowolnym miejscu i po\u0142\u0105czy\u0107 z r\u00f3\u017cnymi sieciami.   Jasno\u015b\u0107 rz\u0119du 3 700 lumen\u00f3w zapewnia ostry i pe\u0142en wyrazistych kolor\u00f3w obraz Zadbaj o to, aby ka\u017cdy szczeg\u00f3\u0142 by\u0142 krystalicznie wyra\u017any dzi\u0119ki wy\u015bwietlaczowi HD-ready o jasno\u015bci 3 700 lumen\u00f3w i przek\u0105tnej do 300 cali, kt\u00f3ry zapewnia ostre, \u017cywe obrazy nawet w dobrze o\u015bwietlonych pomieszczeniach.  Przeno\u015bny projektor o kr\u00f3tkim rzucie Lekka konstrukcja w po\u0142\u0105czeniu ze wsp\u00f3\u0142czynnikiem kr\u00f3tkiego rzutu 0,6:1 zapewnia du\u017ce, wyra\u017ane obrazy z niewielkiej odleg\u0142o\u015bci i elastyczno\u015b\u0107, kt\u00f3r\u0105 mo\u017cna wykorzysta\u0107 w dowolnym miejscu.  Elastyczna \u0142\u0105czno\u015b\u0107 ze standardow\u0105 sieci\u0105 Ethernet i opcjonaln\u0105 sieci\u0105 bezprzewodow\u0105 Standardowy port sieciowy, opcjonalna \u0142\u0105czno\u015b\u0107 bezprzewodowa z ELPAP11 i 2 porty HDMI \u2013 z aplikacj\u0105 iProjection firmy Epson, kt\u00f3ra umo\u017cliwia komunikacj\u0119 z niemal ka\u017cdym urz\u0105dzeniem.  Wy\u015bwietlacz z funkcj\u0105 dzielenia ekranu Mo\u017cliwo\u015b\u0107 wy\u015bwietlania do 4 materia\u0142\u00f3w na jednym ekranie za pomoc\u0105 funkcji dzielenia ekranu projektora.  Minimalna konserwacja Czas eksploatacji lampy do 10 000 godzin w trybie ekonomicznym.  Pi\u0119cioletnia gwarancja Wysoka niezawodno\u015b\u0107 i bezproblemowo\u015b\u0107.\" \/>\n<meta property=\"og:url\" content=\"https:\/\/avmax.pl\/sklep\/produkt\/eb-w56s-v11hb62040\/\" \/>\n<meta property=\"og:site_name\" content=\"AVMAX - Sklep\" \/>\n<meta property=\"article:modified_time\" content=\"2026-01-12T13:44:25+00:00\" \/>\n<meta property=\"og:image\" content=\"https:\/\/avmax.pl\/sklep\/wp-content\/uploads\/2025\/12\/EB-W56S-1.webp\" \/>\n\t<meta property=\"og:image:width\" content=\"1000\" \/>\n\t<meta property=\"og:image:height\" content=\"1000\" \/>\n\t<meta property=\"og:image:type\" content=\"image\/webp\" \/>\n<meta name=\"twitter:card\" content=\"summary_large_image\" \/>\n<meta name=\"twitter:label1\" content=\"Szacowany czas czytania\" \/>\n\t<meta name=\"twitter:data1\" content=\"3 minuty\" \/>\n<script type=\"application\/ld+json\" class=\"yoast-schema-graph\">{\"@context\":\"https:\\\/\\\/schema.org\",\"@graph\":[{\"@type\":\"WebPage\",\"@id\":\"https:\\\/\\\/avmax.pl\\\/sklep\\\/produkt\\\/eb-w56s-v11hb62040\\\/\",\"url\":\"https:\\\/\\\/avmax.pl\\\/sklep\\\/produkt\\\/eb-w56s-v11hb62040\\\/\",\"name\":\"EB-W56S - AVMAX - Sklep\",\"isPartOf\":{\"@id\":\"https:\\\/\\\/avmax.pl\\\/sklep\\\/#website\"},\"primaryImageOfPage\":{\"@id\":\"https:\\\/\\\/avmax.pl\\\/sklep\\\/produkt\\\/eb-w56s-v11hb62040\\\/#primaryimage\"},\"image\":{\"@id\":\"https:\\\/\\\/avmax.pl\\\/sklep\\\/produkt\\\/eb-w56s-v11hb62040\\\/#primaryimage\"},\"thumbnailUrl\":\"https:\\\/\\\/avmax.pl\\\/sklep\\\/wp-content\\\/uploads\\\/2025\\\/12\\\/EB-W56S-1.webp\",\"datePublished\":\"2025-12-01T20:56:30+00:00\",\"dateModified\":\"2026-01-12T13:44:25+00:00\",\"breadcrumb\":{\"@id\":\"https:\\\/\\\/avmax.pl\\\/sklep\\\/produkt\\\/eb-w56s-v11hb62040\\\/#breadcrumb\"},\"inLanguage\":\"pl-PL\",\"potentialAction\":[{\"@type\":\"ReadAction\",\"target\":[\"https:\\\/\\\/avmax.pl\\\/sklep\\\/produkt\\\/eb-w56s-v11hb62040\\\/\"]}]},{\"@type\":\"ImageObject\",\"inLanguage\":\"pl-PL\",\"@id\":\"https:\\\/\\\/avmax.pl\\\/sklep\\\/produkt\\\/eb-w56s-v11hb62040\\\/#primaryimage\",\"url\":\"https:\\\/\\\/avmax.pl\\\/sklep\\\/wp-content\\\/uploads\\\/2025\\\/12\\\/EB-W56S-1.webp\",\"contentUrl\":\"https:\\\/\\\/avmax.pl\\\/sklep\\\/wp-content\\\/uploads\\\/2025\\\/12\\\/EB-W56S-1.webp\",\"width\":1000,\"height\":1000},{\"@type\":\"BreadcrumbList\",\"@id\":\"https:\\\/\\\/avmax.pl\\\/sklep\\\/produkt\\\/eb-w56s-v11hb62040\\\/#breadcrumb\",\"itemListElement\":[{\"@type\":\"ListItem\",\"position\":1,\"name\":\"Strona g\u0142\u00f3wna\",\"item\":\"https:\\\/\\\/avmax.pl\\\/sklep\\\/\"},{\"@type\":\"ListItem\",\"position\":2,\"name\":\"Sklep\",\"item\":\"https:\\\/\\\/avmax.pl\\\/sklep\\\/shop\\\/\"},{\"@type\":\"ListItem\",\"position\":3,\"name\":\"EB-W56S\"}]},{\"@type\":\"WebSite\",\"@id\":\"https:\\\/\\\/avmax.pl\\\/sklep\\\/#website\",\"url\":\"https:\\\/\\\/avmax.pl\\\/sklep\\\/\",\"name\":\"AVMAX - Sklep\",\"description\":\"\",\"publisher\":{\"@id\":\"https:\\\/\\\/avmax.pl\\\/sklep\\\/#organization\"},\"potentialAction\":[{\"@type\":\"SearchAction\",\"target\":{\"@type\":\"EntryPoint\",\"urlTemplate\":\"https:\\\/\\\/avmax.pl\\\/sklep\\\/?s={search_term_string}\"},\"query-input\":{\"@type\":\"PropertyValueSpecification\",\"valueRequired\":true,\"valueName\":\"search_term_string\"}}],\"inLanguage\":\"pl-PL\"},{\"@type\":\"Organization\",\"@id\":\"https:\\\/\\\/avmax.pl\\\/sklep\\\/#organization\",\"name\":\"AVMAX - Sklep\",\"url\":\"https:\\\/\\\/avmax.pl\\\/sklep\\\/\",\"logo\":{\"@type\":\"ImageObject\",\"inLanguage\":\"pl-PL\",\"@id\":\"https:\\\/\\\/avmax.pl\\\/sklep\\\/#\\\/schema\\\/logo\\\/image\\\/\",\"url\":\"https:\\\/\\\/avmax.pl\\\/sklep\\\/wp-content\\\/uploads\\\/2025\\\/11\\\/cropped-logo-avmax-2-3.webp\",\"contentUrl\":\"https:\\\/\\\/avmax.pl\\\/sklep\\\/wp-content\\\/uploads\\\/2025\\\/11\\\/cropped-logo-avmax-2-3.webp\",\"width\":1500,\"height\":600,\"caption\":\"AVMAX - Sklep\"},\"image\":{\"@id\":\"https:\\\/\\\/avmax.pl\\\/sklep\\\/#\\\/schema\\\/logo\\\/image\\\/\"}}]}<\/script>\n<!-- \/ Yoast SEO plugin. -->","yoast_head_json":{"title":"EB-W56S - AVMAX - Sklep","robots":{"index":"index","follow":"follow","max-snippet":"max-snippet:-1","max-image-preview":"max-image-preview:large","max-video-preview":"max-video-preview:-1"},"canonical":"https:\/\/avmax.pl\/sklep\/produkt\/eb-w56s-v11hb62040\/","og_locale":"pl_PL","og_type":"article","og_title":"EB-W56S - AVMAX - Sklep","og_description":"Kompaktowy, wszechstronny, oferuj\u0105cy du\u017cy, jasny obraz HD-ready projektor o kr\u00f3tkim rzucie, kt\u00f3ry mo\u017cna postawi\u0107 w dowolnym miejscu i po\u0142\u0105czy\u0107 z r\u00f3\u017cnymi sieciami.   Jasno\u015b\u0107 rz\u0119du 3 700 lumen\u00f3w zapewnia ostry i pe\u0142en wyrazistych kolor\u00f3w obraz Zadbaj o to, aby ka\u017cdy szczeg\u00f3\u0142 by\u0142 krystalicznie wyra\u017any dzi\u0119ki wy\u015bwietlaczowi HD-ready o jasno\u015bci 3 700 lumen\u00f3w i przek\u0105tnej do 300 cali, kt\u00f3ry zapewnia ostre, \u017cywe obrazy nawet w dobrze o\u015bwietlonych pomieszczeniach.  Przeno\u015bny projektor o kr\u00f3tkim rzucie Lekka konstrukcja w po\u0142\u0105czeniu ze wsp\u00f3\u0142czynnikiem kr\u00f3tkiego rzutu 0,6:1 zapewnia du\u017ce, wyra\u017ane obrazy z niewielkiej odleg\u0142o\u015bci i elastyczno\u015b\u0107, kt\u00f3r\u0105 mo\u017cna wykorzysta\u0107 w dowolnym miejscu.  Elastyczna \u0142\u0105czno\u015b\u0107 ze standardow\u0105 sieci\u0105 Ethernet i opcjonaln\u0105 sieci\u0105 bezprzewodow\u0105 Standardowy port sieciowy, opcjonalna \u0142\u0105czno\u015b\u0107 bezprzewodowa z ELPAP11 i 2 porty HDMI \u2013 z aplikacj\u0105 iProjection firmy Epson, kt\u00f3ra umo\u017cliwia komunikacj\u0119 z niemal ka\u017cdym urz\u0105dzeniem.  Wy\u015bwietlacz z funkcj\u0105 dzielenia ekranu Mo\u017cliwo\u015b\u0107 wy\u015bwietlania do 4 materia\u0142\u00f3w na jednym ekranie za pomoc\u0105 funkcji dzielenia ekranu projektora.  Minimalna konserwacja Czas eksploatacji lampy do 10 000 godzin w trybie ekonomicznym.  Pi\u0119cioletnia gwarancja Wysoka niezawodno\u015b\u0107 i bezproblemowo\u015b\u0107.","og_url":"https:\/\/avmax.pl\/sklep\/produkt\/eb-w56s-v11hb62040\/","og_site_name":"AVMAX - Sklep","article_modified_time":"2026-01-12T13:44:25+00:00","og_image":[{"width":1000,"height":1000,"url":"https:\/\/avmax.pl\/sklep\/wp-content\/uploads\/2025\/12\/EB-W56S-1.webp","type":"image\/webp"}],"twitter_card":"summary_large_image","twitter_misc":{"Szacowany czas czytania":"3 minuty"},"schema":{"@context":"https:\/\/schema.org","@graph":[{"@type":"WebPage","@id":"https:\/\/avmax.pl\/sklep\/produkt\/eb-w56s-v11hb62040\/","url":"https:\/\/avmax.pl\/sklep\/produkt\/eb-w56s-v11hb62040\/","name":"EB-W56S - AVMAX - Sklep","isPartOf":{"@id":"https:\/\/avmax.pl\/sklep\/#website"},"primaryImageOfPage":{"@id":"https:\/\/avmax.pl\/sklep\/produkt\/eb-w56s-v11hb62040\/#primaryimage"},"image":{"@id":"https:\/\/avmax.pl\/sklep\/produkt\/eb-w56s-v11hb62040\/#primaryimage"},"thumbnailUrl":"https:\/\/avmax.pl\/sklep\/wp-content\/uploads\/2025\/12\/EB-W56S-1.webp","datePublished":"2025-12-01T20:56:30+00:00","dateModified":"2026-01-12T13:44:25+00:00","breadcrumb":{"@id":"https:\/\/avmax.pl\/sklep\/produkt\/eb-w56s-v11hb62040\/#breadcrumb"},"inLanguage":"pl-PL","potentialAction":[{"@type":"ReadAction","target":["https:\/\/avmax.pl\/sklep\/produkt\/eb-w56s-v11hb62040\/"]}]},{"@type":"ImageObject","inLanguage":"pl-PL","@id":"https:\/\/avmax.pl\/sklep\/produkt\/eb-w56s-v11hb62040\/#primaryimage","url":"https:\/\/avmax.pl\/sklep\/wp-content\/uploads\/2025\/12\/EB-W56S-1.webp","contentUrl":"https:\/\/avmax.pl\/sklep\/wp-content\/uploads\/2025\/12\/EB-W56S-1.webp","width":1000,"height":1000},{"@type":"BreadcrumbList","@id":"https:\/\/avmax.pl\/sklep\/produkt\/eb-w56s-v11hb62040\/#breadcrumb","itemListElement":[{"@type":"ListItem","position":1,"name":"Strona g\u0142\u00f3wna","item":"https:\/\/avmax.pl\/sklep\/"},{"@type":"ListItem","position":2,"name":"Sklep","item":"https:\/\/avmax.pl\/sklep\/shop\/"},{"@type":"ListItem","position":3,"name":"EB-W56S"}]},{"@type":"WebSite","@id":"https:\/\/avmax.pl\/sklep\/#website","url":"https:\/\/avmax.pl\/sklep\/","name":"AVMAX - Sklep","description":"","publisher":{"@id":"https:\/\/avmax.pl\/sklep\/#organization"},"potentialAction":[{"@type":"SearchAction","target":{"@type":"EntryPoint","urlTemplate":"https:\/\/avmax.pl\/sklep\/?s={search_term_string}"},"query-input":{"@type":"PropertyValueSpecification","valueRequired":true,"valueName":"search_term_string"}}],"inLanguage":"pl-PL"},{"@type":"Organization","@id":"https:\/\/avmax.pl\/sklep\/#organization","name":"AVMAX - Sklep","url":"https:\/\/avmax.pl\/sklep\/","logo":{"@type":"ImageObject","inLanguage":"pl-PL","@id":"https:\/\/avmax.pl\/sklep\/#\/schema\/logo\/image\/","url":"https:\/\/avmax.pl\/sklep\/wp-content\/uploads\/2025\/11\/cropped-logo-avmax-2-3.webp","contentUrl":"https:\/\/avmax.pl\/sklep\/wp-content\/uploads\/2025\/11\/cropped-logo-avmax-2-3.webp","width":1500,"height":600,"caption":"AVMAX - Sklep"},"image":{"@id":"https:\/\/avmax.pl\/sklep\/#\/schema\/logo\/image\/"}}]}},"_links":{"self":[{"href":"https:\/\/avmax.pl\/sklep\/wp-json\/wp\/v2\/product\/2213","targetHints":{"allow":["GET"]}}],"collection":[{"href":"https:\/\/avmax.pl\/sklep\/wp-json\/wp\/v2\/product"}],"about":[{"href":"https:\/\/avmax.pl\/sklep\/wp-json\/wp\/v2\/types\/product"}],"replies":[{"embeddable":true,"href":"https:\/\/avmax.pl\/sklep\/wp-json\/wp\/v2\/comments?post=2213"}],"version-history":[{"count":4,"href":"https:\/\/avmax.pl\/sklep\/wp-json\/wp\/v2\/product\/2213\/revisions"}],"predecessor-version":[{"id":2473,"href":"https:\/\/avmax.pl\/sklep\/wp-json\/wp\/v2\/product\/2213\/revisions\/2473"}],"wp:featuredmedia":[{"embeddable":true,"href":"https:\/\/avmax.pl\/sklep\/wp-json\/wp\/v2\/media\/2790"}],"wp:attachment":[{"href":"https:\/\/avmax.pl\/sklep\/wp-json\/wp\/v2\/media?parent=2213"}],"wp:term":[{"taxonomy":"product_brand","embeddable":true,"href":"https:\/\/avmax.pl\/sklep\/wp-json\/wp\/v2\/product_brand?post=2213"},{"taxonomy":"product_cat","embeddable":true,"href":"https:\/\/avmax.pl\/sklep\/wp-json\/wp\/v2\/product_cat?post=2213"},{"taxonomy":"product_tag","embeddable":true,"href":"https:\/\/avmax.pl\/sklep\/wp-json\/wp\/v2\/product_tag?post=2213"},{"taxonomy":"product_brands","embeddable":true,"href":"https:\/\/avmax.pl\/sklep\/wp-json\/wp\/v2\/product_brands?post=2213"}],"curies":[{"name":"wp","href":"https:\/\/api.w.org\/{rel}","templated":true}]}}