{"id":2215,"date":"2025-12-01T21:42:45","date_gmt":"2025-12-01T21:42:45","guid":{"rendered":"https:\/\/avmax.pl\/sklep\/?post_type=product&#038;p=2215"},"modified":"2026-03-10T13:07:29","modified_gmt":"2026-03-10T13:07:29","slug":"hisense-100l9h-trichroma-laser-tv-100-%e2%80%b3","status":"publish","type":"product","link":"https:\/\/avmax.pl\/sklep\/produkt\/hisense-100l9h-trichroma-laser-tv-100-%e2%80%b3\/","title":{"rendered":"Hisense 100L9H \u2013 TriChroma Laser TV 100 \u2033"},"content":{"rendered":"<p>100L9H to flagowy telewizor laserowy Hisense wykorzystuj\u0105cy potr\u00f3jne \u017ar\u00f3d\u0142o \u015bwiat\u0142a TriChroma. Zestaw sk\u0142ada si\u0119 z konsoli projekcyjnej oraz ekranu ALR zapewniaj\u0105cego jasny, 4K obraz o przek\u0105tnej do 120 \u2033 nawet w nas\u0142onecznionych pomieszczeniach. Dzi\u0119ki 107 % BT.2020 kolorom, 3\u202f000 lm jasno\u015bci i 40\u2011watowym g\u0142o\u015bnikom Dolby Atmos urz\u0105dzenie tworzy kinow\u0105 atmosfer\u0119 w domowym salonie. Ultra\u2011kr\u00f3tki rzut pozwala ustawi\u0107 projektor blisko \u015bciany, a tryby Filmmaker Mode i ALLM zachwyc\u0105 zar\u00f3wno kinoman\u00f3w, jak i graczy. Wbudowana platforma Google TV zapewnia dost\u0119p do ulubionych aplikacji streamingowych<\/p>\n<p data-start=\"1545\" data-end=\"1555\"><strong data-start=\"1545\" data-end=\"1555\">Atuty:<\/strong><\/p>\n<ul data-start=\"1557\" data-end=\"2557\">\n<li data-start=\"1557\" data-end=\"1709\">\n<p data-start=\"1559\" data-end=\"1709\"><strong data-start=\"1559\" data-end=\"1572\">TriChroma<\/strong>\u00a0\u2013 potr\u00f3jny laser generuje szerok\u0105 palet\u0119 barw; projektor pokrywa 107\u00a0% przestrzeni kolor\u00f3w\u00a0BT.2020<\/p>\n<\/li>\n<li data-start=\"1710\" data-end=\"1865\">\n<p data-start=\"1712\" data-end=\"1865\"><strong data-start=\"1712\" data-end=\"1738\">3\u202f000\u00a0lm z ekranem\u00a0ALR<\/strong>\u00a0\u2013 wysoka jasno\u015b\u0107 i ambient\u2011light\u2011rejecting screen zapewniaj\u0105 wyra\u017any obraz nawet w dzie\u0144<\/p>\n<\/li>\n<li data-start=\"1866\" data-end=\"1996\">\n<p data-start=\"1868\" data-end=\"1996\"><strong data-start=\"1868\" data-end=\"1889\">Ultra\u2011kr\u00f3tki rzut<\/strong>\u00a0\u2013 obraz o przek\u0105tnej 100\u2013120\u00a0\u2033 uzyskuje si\u0119 z niewielkiej odleg\u0142o\u015bci<\/p>\n<\/li>\n<li data-start=\"1997\" data-end=\"2152\">\n<p data-start=\"1999\" data-end=\"2152\"><strong data-start=\"1999\" data-end=\"2027\">Ekran blokuj\u0105cy odblaski<\/strong>\u00a0\u2013 ekran ALR redukuje ponad 85\u00a0% \u015bwiat\u0142a otoczenia, dzi\u0119ki czemu obraz jest kontrastowy<\/p>\n<\/li>\n<li data-start=\"2153\" data-end=\"2270\">\n<p data-start=\"2155\" data-end=\"2270\"><strong data-start=\"2155\" data-end=\"2182\">D\u017awi\u0119k Dolby\u00a0Atmos 40\u00a0W<\/strong>\u00a0\u2013 przednie g\u0142o\u015bniki generuj\u0105 immersyjny d\u017awi\u0119k 3D<\/p>\n<\/li>\n<li data-start=\"2271\" data-end=\"2442\">\n<p data-start=\"2273\" data-end=\"2442\"><strong data-start=\"2273\" data-end=\"2298\">Filmmaker\u00a0Mode &amp;\u00a0ALLM<\/strong> \u2013 zachowuj\u0105 artystyczny zamiar re\u017cysera i minimalizuj\u0105 input log<\/p>\n<\/li>\n<li data-start=\"2443\" data-end=\"2557\">\n<p data-start=\"2445\" data-end=\"2557\"><strong data-start=\"2445\" data-end=\"2458\">Google\u00a0TV<\/strong> \u2013 wbudowany system Smart\u00a0TV z obs\u0142ug\u0105 asystent\u00f3w<\/p>\n<\/li>\n<\/ul>\n","protected":false},"excerpt":{"rendered":"<ul>\n<li>Jasno\u015b\u0107 3\u202f000 lm i potr\u00f3jny laser TriChroma (107 % BT.2020)<\/li>\n<li>Obraz 100\u2013120 \u2033 4K z ultra\u2011kr\u00f3tkiego rzutu<\/li>\n<li>Ekran ALR blokuje &gt;85 % \u015bwiat\u0142a otoczenia<\/li>\n<li>Wbudowane g\u0142o\u015bniki Dolby Atmos 40 W<\/li>\n<li>Tryb Filmmaker Mode i ALLM dla kinoman\u00f3w i graczy<\/li>\n<li>System Google TV z aplikacjami i Asystentem Google<\/li>\n<\/ul>\n","protected":false},"featured_media":3459,"comment_status":"open","ping_status":"closed","template":"","meta":{"_bst_post_transparent":"default","_bst_post_title":"","_bst_post_layout":"default","_bst_post_sidebar_id":"","_bst_post_content_style":"default","_bst_post_vertical_padding":"default","_bst_post_feature":"","_bst_post_feature_position":"","_bst_post_header":false,"_bst_post_footer":false},"product_brand":[221],"product_cat":[124],"product_tag":[],"product_brands":[1012],"class_list":{"0":"post-2215","1":"product","2":"type-product","3":"status-publish","4":"has-post-thumbnail","6":"product_brand-hisense","7":"product_cat-laser-tv","8":"product_brands-hisense","10":"first","11":"instock","12":"taxable","13":"shipping-taxable","14":"purchasable","15":"product-type-simple","16":"entry","17":"content-bg","18":"loop-entry"},"yoast_head":"<!-- This site is optimized with the Yoast SEO plugin v27.3 - https:\/\/yoast.com\/product\/yoast-seo-wordpress\/ -->\n<title>Hisense 100L9H \u2013 TriChroma Laser TV 100 \u2033 - AVMAX - Sklep<\/title>\n<meta name=\"robots\" content=\"index, follow, max-snippet:-1, max-image-preview:large, max-video-preview:-1\" \/>\n<link rel=\"canonical\" href=\"https:\/\/avmax.pl\/sklep\/produkt\/hisense-100l9h-trichroma-laser-tv-100-\u2033\/\" \/>\n<meta property=\"og:locale\" content=\"pl_PL\" \/>\n<meta property=\"og:type\" content=\"article\" \/>\n<meta property=\"og:title\" content=\"Hisense 100L9H \u2013 TriChroma Laser TV 100 \u2033 - AVMAX - Sklep\" \/>\n<meta property=\"og:description\" content=\"Jasno\u015b\u0107 3\u202f000 lm i potr\u00f3jny laser TriChroma (107 % BT.2020)  Obraz 100\u2013120 \u2033 4K z ultra\u2011kr\u00f3tkiego rzutu  Ekran ALR blokuje &gt;85 % \u015bwiat\u0142a otoczenia  Wbudowane g\u0142o\u015bniki Dolby Atmos 40 W  Tryb Filmmaker Mode i ALLM dla kinoman\u00f3w i graczy  System Google TV z aplikacjami i Asystentem Google\" \/>\n<meta property=\"og:url\" content=\"https:\/\/avmax.pl\/sklep\/produkt\/hisense-100l9h-trichroma-laser-tv-100-\u2033\/\" \/>\n<meta property=\"og:site_name\" content=\"AVMAX - Sklep\" \/>\n<meta property=\"article:modified_time\" content=\"2026-03-10T13:07:29+00:00\" \/>\n<meta property=\"og:image\" content=\"https:\/\/avmax.pl\/sklep\/wp-content\/uploads\/2025\/12\/ASSET_MMS_166958893.jpeg\" \/>\n\t<meta property=\"og:image:width\" content=\"1800\" \/>\n\t<meta property=\"og:image:height\" content=\"1800\" \/>\n\t<meta property=\"og:image:type\" content=\"image\/jpeg\" \/>\n<meta name=\"twitter:card\" content=\"summary_large_image\" \/>\n<meta name=\"twitter:label1\" content=\"Szacowany czas czytania\" \/>\n\t<meta name=\"twitter:data1\" content=\"2 minuty\" \/>\n<script type=\"application\/ld+json\" class=\"yoast-schema-graph\">{\"@context\":\"https:\\\/\\\/schema.org\",\"@graph\":[{\"@type\":\"WebPage\",\"@id\":\"https:\\\/\\\/avmax.pl\\\/sklep\\\/produkt\\\/hisense-100l9h-trichroma-laser-tv-100-%e2%80%b3\\\/\",\"url\":\"https:\\\/\\\/avmax.pl\\\/sklep\\\/produkt\\\/hisense-100l9h-trichroma-laser-tv-100-%e2%80%b3\\\/\",\"name\":\"Hisense 100L9H \u2013 TriChroma Laser TV 100 \u2033 - AVMAX - Sklep\",\"isPartOf\":{\"@id\":\"https:\\\/\\\/avmax.pl\\\/sklep\\\/#website\"},\"primaryImageOfPage\":{\"@id\":\"https:\\\/\\\/avmax.pl\\\/sklep\\\/produkt\\\/hisense-100l9h-trichroma-laser-tv-100-%e2%80%b3\\\/#primaryimage\"},\"image\":{\"@id\":\"https:\\\/\\\/avmax.pl\\\/sklep\\\/produkt\\\/hisense-100l9h-trichroma-laser-tv-100-%e2%80%b3\\\/#primaryimage\"},\"thumbnailUrl\":\"https:\\\/\\\/avmax.pl\\\/sklep\\\/wp-content\\\/uploads\\\/2025\\\/12\\\/ASSET_MMS_166958893.jpeg\",\"datePublished\":\"2025-12-01T21:42:45+00:00\",\"dateModified\":\"2026-03-10T13:07:29+00:00\",\"breadcrumb\":{\"@id\":\"https:\\\/\\\/avmax.pl\\\/sklep\\\/produkt\\\/hisense-100l9h-trichroma-laser-tv-100-%e2%80%b3\\\/#breadcrumb\"},\"inLanguage\":\"pl-PL\",\"potentialAction\":[{\"@type\":\"ReadAction\",\"target\":[\"https:\\\/\\\/avmax.pl\\\/sklep\\\/produkt\\\/hisense-100l9h-trichroma-laser-tv-100-%e2%80%b3\\\/\"]}]},{\"@type\":\"ImageObject\",\"inLanguage\":\"pl-PL\",\"@id\":\"https:\\\/\\\/avmax.pl\\\/sklep\\\/produkt\\\/hisense-100l9h-trichroma-laser-tv-100-%e2%80%b3\\\/#primaryimage\",\"url\":\"https:\\\/\\\/avmax.pl\\\/sklep\\\/wp-content\\\/uploads\\\/2025\\\/12\\\/ASSET_MMS_166958893.jpeg\",\"contentUrl\":\"https:\\\/\\\/avmax.pl\\\/sklep\\\/wp-content\\\/uploads\\\/2025\\\/12\\\/ASSET_MMS_166958893.jpeg\",\"width\":1800,\"height\":1800},{\"@type\":\"BreadcrumbList\",\"@id\":\"https:\\\/\\\/avmax.pl\\\/sklep\\\/produkt\\\/hisense-100l9h-trichroma-laser-tv-100-%e2%80%b3\\\/#breadcrumb\",\"itemListElement\":[{\"@type\":\"ListItem\",\"position\":1,\"name\":\"Strona g\u0142\u00f3wna\",\"item\":\"https:\\\/\\\/avmax.pl\\\/sklep\\\/\"},{\"@type\":\"ListItem\",\"position\":2,\"name\":\"Sklep\",\"item\":\"https:\\\/\\\/avmax.pl\\\/sklep\\\/shop\\\/\"},{\"@type\":\"ListItem\",\"position\":3,\"name\":\"Hisense 100L9H \u2013 TriChroma Laser TV 100 \u2033\"}]},{\"@type\":\"WebSite\",\"@id\":\"https:\\\/\\\/avmax.pl\\\/sklep\\\/#website\",\"url\":\"https:\\\/\\\/avmax.pl\\\/sklep\\\/\",\"name\":\"AVMAX - Sklep\",\"description\":\"\",\"publisher\":{\"@id\":\"https:\\\/\\\/avmax.pl\\\/sklep\\\/#organization\"},\"potentialAction\":[{\"@type\":\"SearchAction\",\"target\":{\"@type\":\"EntryPoint\",\"urlTemplate\":\"https:\\\/\\\/avmax.pl\\\/sklep\\\/?s={search_term_string}\"},\"query-input\":{\"@type\":\"PropertyValueSpecification\",\"valueRequired\":true,\"valueName\":\"search_term_string\"}}],\"inLanguage\":\"pl-PL\"},{\"@type\":\"Organization\",\"@id\":\"https:\\\/\\\/avmax.pl\\\/sklep\\\/#organization\",\"name\":\"AVMAX - Sklep\",\"url\":\"https:\\\/\\\/avmax.pl\\\/sklep\\\/\",\"logo\":{\"@type\":\"ImageObject\",\"inLanguage\":\"pl-PL\",\"@id\":\"https:\\\/\\\/avmax.pl\\\/sklep\\\/#\\\/schema\\\/logo\\\/image\\\/\",\"url\":\"https:\\\/\\\/avmax.pl\\\/sklep\\\/wp-content\\\/uploads\\\/2025\\\/11\\\/cropped-logo-avmax-2-3.webp\",\"contentUrl\":\"https:\\\/\\\/avmax.pl\\\/sklep\\\/wp-content\\\/uploads\\\/2025\\\/11\\\/cropped-logo-avmax-2-3.webp\",\"width\":1500,\"height\":600,\"caption\":\"AVMAX - Sklep\"},\"image\":{\"@id\":\"https:\\\/\\\/avmax.pl\\\/sklep\\\/#\\\/schema\\\/logo\\\/image\\\/\"}}]}<\/script>\n<!-- \/ Yoast SEO plugin. -->","yoast_head_json":{"title":"Hisense 100L9H \u2013 TriChroma Laser TV 100 \u2033 - AVMAX - Sklep","robots":{"index":"index","follow":"follow","max-snippet":"max-snippet:-1","max-image-preview":"max-image-preview:large","max-video-preview":"max-video-preview:-1"},"canonical":"https:\/\/avmax.pl\/sklep\/produkt\/hisense-100l9h-trichroma-laser-tv-100-\u2033\/","og_locale":"pl_PL","og_type":"article","og_title":"Hisense 100L9H \u2013 TriChroma Laser TV 100 \u2033 - AVMAX - Sklep","og_description":"Jasno\u015b\u0107 3\u202f000 lm i potr\u00f3jny laser TriChroma (107 % BT.2020)  Obraz 100\u2013120 \u2033 4K z ultra\u2011kr\u00f3tkiego rzutu  Ekran ALR blokuje &gt;85 % \u015bwiat\u0142a otoczenia  Wbudowane g\u0142o\u015bniki Dolby Atmos 40 W  Tryb Filmmaker Mode i ALLM dla kinoman\u00f3w i graczy  System Google TV z aplikacjami i Asystentem Google","og_url":"https:\/\/avmax.pl\/sklep\/produkt\/hisense-100l9h-trichroma-laser-tv-100-\u2033\/","og_site_name":"AVMAX - Sklep","article_modified_time":"2026-03-10T13:07:29+00:00","og_image":[{"width":1800,"height":1800,"url":"https:\/\/avmax.pl\/sklep\/wp-content\/uploads\/2025\/12\/ASSET_MMS_166958893.jpeg","type":"image\/jpeg"}],"twitter_card":"summary_large_image","twitter_misc":{"Szacowany czas czytania":"2 minuty"},"schema":{"@context":"https:\/\/schema.org","@graph":[{"@type":"WebPage","@id":"https:\/\/avmax.pl\/sklep\/produkt\/hisense-100l9h-trichroma-laser-tv-100-%e2%80%b3\/","url":"https:\/\/avmax.pl\/sklep\/produkt\/hisense-100l9h-trichroma-laser-tv-100-%e2%80%b3\/","name":"Hisense 100L9H \u2013 TriChroma Laser TV 100 \u2033 - AVMAX - Sklep","isPartOf":{"@id":"https:\/\/avmax.pl\/sklep\/#website"},"primaryImageOfPage":{"@id":"https:\/\/avmax.pl\/sklep\/produkt\/hisense-100l9h-trichroma-laser-tv-100-%e2%80%b3\/#primaryimage"},"image":{"@id":"https:\/\/avmax.pl\/sklep\/produkt\/hisense-100l9h-trichroma-laser-tv-100-%e2%80%b3\/#primaryimage"},"thumbnailUrl":"https:\/\/avmax.pl\/sklep\/wp-content\/uploads\/2025\/12\/ASSET_MMS_166958893.jpeg","datePublished":"2025-12-01T21:42:45+00:00","dateModified":"2026-03-10T13:07:29+00:00","breadcrumb":{"@id":"https:\/\/avmax.pl\/sklep\/produkt\/hisense-100l9h-trichroma-laser-tv-100-%e2%80%b3\/#breadcrumb"},"inLanguage":"pl-PL","potentialAction":[{"@type":"ReadAction","target":["https:\/\/avmax.pl\/sklep\/produkt\/hisense-100l9h-trichroma-laser-tv-100-%e2%80%b3\/"]}]},{"@type":"ImageObject","inLanguage":"pl-PL","@id":"https:\/\/avmax.pl\/sklep\/produkt\/hisense-100l9h-trichroma-laser-tv-100-%e2%80%b3\/#primaryimage","url":"https:\/\/avmax.pl\/sklep\/wp-content\/uploads\/2025\/12\/ASSET_MMS_166958893.jpeg","contentUrl":"https:\/\/avmax.pl\/sklep\/wp-content\/uploads\/2025\/12\/ASSET_MMS_166958893.jpeg","width":1800,"height":1800},{"@type":"BreadcrumbList","@id":"https:\/\/avmax.pl\/sklep\/produkt\/hisense-100l9h-trichroma-laser-tv-100-%e2%80%b3\/#breadcrumb","itemListElement":[{"@type":"ListItem","position":1,"name":"Strona g\u0142\u00f3wna","item":"https:\/\/avmax.pl\/sklep\/"},{"@type":"ListItem","position":2,"name":"Sklep","item":"https:\/\/avmax.pl\/sklep\/shop\/"},{"@type":"ListItem","position":3,"name":"Hisense 100L9H \u2013 TriChroma Laser TV 100 \u2033"}]},{"@type":"WebSite","@id":"https:\/\/avmax.pl\/sklep\/#website","url":"https:\/\/avmax.pl\/sklep\/","name":"AVMAX - Sklep","description":"","publisher":{"@id":"https:\/\/avmax.pl\/sklep\/#organization"},"potentialAction":[{"@type":"SearchAction","target":{"@type":"EntryPoint","urlTemplate":"https:\/\/avmax.pl\/sklep\/?s={search_term_string}"},"query-input":{"@type":"PropertyValueSpecification","valueRequired":true,"valueName":"search_term_string"}}],"inLanguage":"pl-PL"},{"@type":"Organization","@id":"https:\/\/avmax.pl\/sklep\/#organization","name":"AVMAX - Sklep","url":"https:\/\/avmax.pl\/sklep\/","logo":{"@type":"ImageObject","inLanguage":"pl-PL","@id":"https:\/\/avmax.pl\/sklep\/#\/schema\/logo\/image\/","url":"https:\/\/avmax.pl\/sklep\/wp-content\/uploads\/2025\/11\/cropped-logo-avmax-2-3.webp","contentUrl":"https:\/\/avmax.pl\/sklep\/wp-content\/uploads\/2025\/11\/cropped-logo-avmax-2-3.webp","width":1500,"height":600,"caption":"AVMAX - Sklep"},"image":{"@id":"https:\/\/avmax.pl\/sklep\/#\/schema\/logo\/image\/"}}]}},"_links":{"self":[{"href":"https:\/\/avmax.pl\/sklep\/wp-json\/wp\/v2\/product\/2215","targetHints":{"allow":["GET"]}}],"collection":[{"href":"https:\/\/avmax.pl\/sklep\/wp-json\/wp\/v2\/product"}],"about":[{"href":"https:\/\/avmax.pl\/sklep\/wp-json\/wp\/v2\/types\/product"}],"replies":[{"embeddable":true,"href":"https:\/\/avmax.pl\/sklep\/wp-json\/wp\/v2\/comments?post=2215"}],"version-history":[{"count":2,"href":"https:\/\/avmax.pl\/sklep\/wp-json\/wp\/v2\/product\/2215\/revisions"}],"predecessor-version":[{"id":2217,"href":"https:\/\/avmax.pl\/sklep\/wp-json\/wp\/v2\/product\/2215\/revisions\/2217"}],"wp:featuredmedia":[{"embeddable":true,"href":"https:\/\/avmax.pl\/sklep\/wp-json\/wp\/v2\/media\/3459"}],"wp:attachment":[{"href":"https:\/\/avmax.pl\/sklep\/wp-json\/wp\/v2\/media?parent=2215"}],"wp:term":[{"taxonomy":"product_brand","embeddable":true,"href":"https:\/\/avmax.pl\/sklep\/wp-json\/wp\/v2\/product_brand?post=2215"},{"taxonomy":"product_cat","embeddable":true,"href":"https:\/\/avmax.pl\/sklep\/wp-json\/wp\/v2\/product_cat?post=2215"},{"taxonomy":"product_tag","embeddable":true,"href":"https:\/\/avmax.pl\/sklep\/wp-json\/wp\/v2\/product_tag?post=2215"},{"taxonomy":"product_brands","embeddable":true,"href":"https:\/\/avmax.pl\/sklep\/wp-json\/wp\/v2\/product_brands?post=2215"}],"curies":[{"name":"wp","href":"https:\/\/api.w.org\/{rel}","templated":true}]}}