{"id":2222,"date":"2025-12-01T22:00:44","date_gmt":"2025-12-01T22:00:44","guid":{"rendered":"https:\/\/avmax.pl\/sklep\/?post_type=product&#038;p=2222"},"modified":"2026-03-10T13:06:01","modified_gmt":"2026-03-10T13:06:01","slug":"hisense-120l5nd-laser-tv-120%e2%80%b3","status":"publish","type":"product","link":"https:\/\/avmax.pl\/sklep\/produkt\/hisense-120l5nd-laser-tv-120%e2%80%b3\/","title":{"rendered":"Hisense 120L5ND \u2013 Laser TV 120\u2033"},"content":{"rendered":"<p>Model 120L5ND oferuje wszystkie funkcje 100L5ND, jednak dostarczany jest z wi\u0119kszym ekranem ALR o przek\u0105tnej 120 \u2033. 4K obraz w po\u0142\u0105czeniu z jasno\u015bci\u0105 2\u202f700 lm i HDR10 zapewnia niesamowity seans w du\u017cym salonie. 30\u2011watowe g\u0142o\u015bniki z Dolby Atmos oraz Android TV z Google Play dope\u0142niaj\u0105 ca\u0142o\u015bci. Laserowe \u017ar\u00f3d\u0142o \u015bwiat\u0142a pracuje ponad 25 000 godzin<\/p>\n<p><strong>Atuty:<\/strong><\/p>\n<ul>\n<li>Laserowy obraz 120 \u2033 z ultra\u2011kr\u00f3tkiego rzutu<\/li>\n<li>Jasno\u015b\u0107 2\u202f700 lm, HDR10 i szeroki zakres kolor\u00f3w<\/li>\n<li>Dolby Atmos 30 W i eARC<\/li>\n<li>Android TV z Google Play i Asystentem Google<\/li>\n<li>Game Mode, ALLM i obs\u0142uga Wi\u2011Fi\/Bluetooth<\/li>\n<li>Ponad 25 000 h \u017cywotno\u015bci lasera<\/li>\n<\/ul>\n","protected":false},"excerpt":{"rendered":"<ul>\n<li>Jasno\u015b\u0107 2\u202f700 lm i obs\u0142uga HDR10<\/li>\n<li>Obraz 120 \u2033 4K z ultra\u2011kr\u00f3tkiego rzutu<\/li>\n<li>Wbudowane g\u0142o\u015bniki Dolby Atmos 30 W z eARC<\/li>\n<li>System Android TV (Google Play, Asystent Google)<\/li>\n<li>Tryb Game Mode i ALLM, \u0142\u0105czno\u015b\u0107 Wi\u2011Fi\/Bluetooth<\/li>\n<li>Laser o \u017cywotno\u015bci &gt; 25 000 h<\/li>\n<\/ul>\n","protected":false},"featured_media":3451,"comment_status":"open","ping_status":"closed","template":"","meta":{"_bst_post_transparent":"default","_bst_post_title":"","_bst_post_layout":"default","_bst_post_sidebar_id":"","_bst_post_content_style":"default","_bst_post_vertical_padding":"default","_bst_post_feature":"","_bst_post_feature_position":"","_bst_post_header":false,"_bst_post_footer":false},"product_brand":[221],"product_cat":[124],"product_tag":[],"product_brands":[1012],"class_list":{"0":"post-2222","1":"product","2":"type-product","3":"status-publish","4":"has-post-thumbnail","6":"product_brand-hisense","7":"product_cat-laser-tv","8":"product_brands-hisense","10":"first","11":"instock","12":"taxable","13":"shipping-taxable","14":"purchasable","15":"product-type-simple","16":"entry","17":"content-bg","18":"loop-entry"},"yoast_head":"<!-- This site is optimized with the Yoast SEO plugin v27.3 - https:\/\/yoast.com\/product\/yoast-seo-wordpress\/ -->\n<title>Hisense 120L5ND \u2013 Laser TV 120\u2033 - AVMAX - Sklep<\/title>\n<meta name=\"robots\" content=\"index, follow, max-snippet:-1, max-image-preview:large, max-video-preview:-1\" \/>\n<link rel=\"canonical\" href=\"https:\/\/avmax.pl\/sklep\/produkt\/hisense-120l5nd-laser-tv-120\u2033\/\" \/>\n<meta property=\"og:locale\" content=\"pl_PL\" \/>\n<meta property=\"og:type\" content=\"article\" \/>\n<meta property=\"og:title\" content=\"Hisense 120L5ND \u2013 Laser TV 120\u2033 - AVMAX - Sklep\" \/>\n<meta property=\"og:description\" content=\"Jasno\u015b\u0107 2\u202f700 lm i obs\u0142uga HDR10  Obraz 120 \u2033 4K z ultra\u2011kr\u00f3tkiego rzutu  Wbudowane g\u0142o\u015bniki Dolby Atmos 30 W z eARC  System Android TV (Google Play, Asystent Google)  Tryb Game Mode i ALLM, \u0142\u0105czno\u015b\u0107 Wi\u2011Fi\/Bluetooth  Laser o \u017cywotno\u015bci &gt; 25 000 h\" \/>\n<meta property=\"og:url\" content=\"https:\/\/avmax.pl\/sklep\/produkt\/hisense-120l5nd-laser-tv-120\u2033\/\" \/>\n<meta property=\"og:site_name\" content=\"AVMAX - Sklep\" \/>\n<meta property=\"article:modified_time\" content=\"2026-03-10T13:06:01+00:00\" \/>\n<meta property=\"og:image\" content=\"https:\/\/avmax.pl\/sklep\/wp-content\/uploads\/2025\/12\/Laser-TV-HISENSE-120L5ND-002-1.jpg\" \/>\n\t<meta property=\"og:image:width\" content=\"748\" \/>\n\t<meta property=\"og:image:height\" content=\"592\" \/>\n\t<meta property=\"og:image:type\" content=\"image\/jpeg\" \/>\n<meta name=\"twitter:card\" content=\"summary_large_image\" \/>\n<meta name=\"twitter:label1\" content=\"Szacowany czas czytania\" \/>\n\t<meta name=\"twitter:data1\" content=\"1 minuta\" \/>\n<script type=\"application\/ld+json\" class=\"yoast-schema-graph\">{\"@context\":\"https:\\\/\\\/schema.org\",\"@graph\":[{\"@type\":\"WebPage\",\"@id\":\"https:\\\/\\\/avmax.pl\\\/sklep\\\/produkt\\\/hisense-120l5nd-laser-tv-120%e2%80%b3\\\/\",\"url\":\"https:\\\/\\\/avmax.pl\\\/sklep\\\/produkt\\\/hisense-120l5nd-laser-tv-120%e2%80%b3\\\/\",\"name\":\"Hisense 120L5ND \u2013 Laser TV 120\u2033 - AVMAX - Sklep\",\"isPartOf\":{\"@id\":\"https:\\\/\\\/avmax.pl\\\/sklep\\\/#website\"},\"primaryImageOfPage\":{\"@id\":\"https:\\\/\\\/avmax.pl\\\/sklep\\\/produkt\\\/hisense-120l5nd-laser-tv-120%e2%80%b3\\\/#primaryimage\"},\"image\":{\"@id\":\"https:\\\/\\\/avmax.pl\\\/sklep\\\/produkt\\\/hisense-120l5nd-laser-tv-120%e2%80%b3\\\/#primaryimage\"},\"thumbnailUrl\":\"https:\\\/\\\/avmax.pl\\\/sklep\\\/wp-content\\\/uploads\\\/2025\\\/12\\\/Laser-TV-HISENSE-120L5ND-002-1.jpg\",\"datePublished\":\"2025-12-01T22:00:44+00:00\",\"dateModified\":\"2026-03-10T13:06:01+00:00\",\"breadcrumb\":{\"@id\":\"https:\\\/\\\/avmax.pl\\\/sklep\\\/produkt\\\/hisense-120l5nd-laser-tv-120%e2%80%b3\\\/#breadcrumb\"},\"inLanguage\":\"pl-PL\",\"potentialAction\":[{\"@type\":\"ReadAction\",\"target\":[\"https:\\\/\\\/avmax.pl\\\/sklep\\\/produkt\\\/hisense-120l5nd-laser-tv-120%e2%80%b3\\\/\"]}]},{\"@type\":\"ImageObject\",\"inLanguage\":\"pl-PL\",\"@id\":\"https:\\\/\\\/avmax.pl\\\/sklep\\\/produkt\\\/hisense-120l5nd-laser-tv-120%e2%80%b3\\\/#primaryimage\",\"url\":\"https:\\\/\\\/avmax.pl\\\/sklep\\\/wp-content\\\/uploads\\\/2025\\\/12\\\/Laser-TV-HISENSE-120L5ND-002-1.jpg\",\"contentUrl\":\"https:\\\/\\\/avmax.pl\\\/sklep\\\/wp-content\\\/uploads\\\/2025\\\/12\\\/Laser-TV-HISENSE-120L5ND-002-1.jpg\",\"width\":748,\"height\":592},{\"@type\":\"BreadcrumbList\",\"@id\":\"https:\\\/\\\/avmax.pl\\\/sklep\\\/produkt\\\/hisense-120l5nd-laser-tv-120%e2%80%b3\\\/#breadcrumb\",\"itemListElement\":[{\"@type\":\"ListItem\",\"position\":1,\"name\":\"Strona g\u0142\u00f3wna\",\"item\":\"https:\\\/\\\/avmax.pl\\\/sklep\\\/\"},{\"@type\":\"ListItem\",\"position\":2,\"name\":\"Sklep\",\"item\":\"https:\\\/\\\/avmax.pl\\\/sklep\\\/shop\\\/\"},{\"@type\":\"ListItem\",\"position\":3,\"name\":\"Hisense 120L5ND \u2013 Laser TV 120\u2033\"}]},{\"@type\":\"WebSite\",\"@id\":\"https:\\\/\\\/avmax.pl\\\/sklep\\\/#website\",\"url\":\"https:\\\/\\\/avmax.pl\\\/sklep\\\/\",\"name\":\"AVMAX - Sklep\",\"description\":\"\",\"publisher\":{\"@id\":\"https:\\\/\\\/avmax.pl\\\/sklep\\\/#organization\"},\"potentialAction\":[{\"@type\":\"SearchAction\",\"target\":{\"@type\":\"EntryPoint\",\"urlTemplate\":\"https:\\\/\\\/avmax.pl\\\/sklep\\\/?s={search_term_string}\"},\"query-input\":{\"@type\":\"PropertyValueSpecification\",\"valueRequired\":true,\"valueName\":\"search_term_string\"}}],\"inLanguage\":\"pl-PL\"},{\"@type\":\"Organization\",\"@id\":\"https:\\\/\\\/avmax.pl\\\/sklep\\\/#organization\",\"name\":\"AVMAX - Sklep\",\"url\":\"https:\\\/\\\/avmax.pl\\\/sklep\\\/\",\"logo\":{\"@type\":\"ImageObject\",\"inLanguage\":\"pl-PL\",\"@id\":\"https:\\\/\\\/avmax.pl\\\/sklep\\\/#\\\/schema\\\/logo\\\/image\\\/\",\"url\":\"https:\\\/\\\/avmax.pl\\\/sklep\\\/wp-content\\\/uploads\\\/2025\\\/11\\\/cropped-logo-avmax-2-3.webp\",\"contentUrl\":\"https:\\\/\\\/avmax.pl\\\/sklep\\\/wp-content\\\/uploads\\\/2025\\\/11\\\/cropped-logo-avmax-2-3.webp\",\"width\":1500,\"height\":600,\"caption\":\"AVMAX - Sklep\"},\"image\":{\"@id\":\"https:\\\/\\\/avmax.pl\\\/sklep\\\/#\\\/schema\\\/logo\\\/image\\\/\"}}]}<\/script>\n<!-- \/ Yoast SEO plugin. -->","yoast_head_json":{"title":"Hisense 120L5ND \u2013 Laser TV 120\u2033 - AVMAX - Sklep","robots":{"index":"index","follow":"follow","max-snippet":"max-snippet:-1","max-image-preview":"max-image-preview:large","max-video-preview":"max-video-preview:-1"},"canonical":"https:\/\/avmax.pl\/sklep\/produkt\/hisense-120l5nd-laser-tv-120\u2033\/","og_locale":"pl_PL","og_type":"article","og_title":"Hisense 120L5ND \u2013 Laser TV 120\u2033 - AVMAX - Sklep","og_description":"Jasno\u015b\u0107 2\u202f700 lm i obs\u0142uga HDR10  Obraz 120 \u2033 4K z ultra\u2011kr\u00f3tkiego rzutu  Wbudowane g\u0142o\u015bniki Dolby Atmos 30 W z eARC  System Android TV (Google Play, Asystent Google)  Tryb Game Mode i ALLM, \u0142\u0105czno\u015b\u0107 Wi\u2011Fi\/Bluetooth  Laser o \u017cywotno\u015bci &gt; 25 000 h","og_url":"https:\/\/avmax.pl\/sklep\/produkt\/hisense-120l5nd-laser-tv-120\u2033\/","og_site_name":"AVMAX - Sklep","article_modified_time":"2026-03-10T13:06:01+00:00","og_image":[{"width":748,"height":592,"url":"https:\/\/avmax.pl\/sklep\/wp-content\/uploads\/2025\/12\/Laser-TV-HISENSE-120L5ND-002-1.jpg","type":"image\/jpeg"}],"twitter_card":"summary_large_image","twitter_misc":{"Szacowany czas czytania":"1 minuta"},"schema":{"@context":"https:\/\/schema.org","@graph":[{"@type":"WebPage","@id":"https:\/\/avmax.pl\/sklep\/produkt\/hisense-120l5nd-laser-tv-120%e2%80%b3\/","url":"https:\/\/avmax.pl\/sklep\/produkt\/hisense-120l5nd-laser-tv-120%e2%80%b3\/","name":"Hisense 120L5ND \u2013 Laser TV 120\u2033 - AVMAX - Sklep","isPartOf":{"@id":"https:\/\/avmax.pl\/sklep\/#website"},"primaryImageOfPage":{"@id":"https:\/\/avmax.pl\/sklep\/produkt\/hisense-120l5nd-laser-tv-120%e2%80%b3\/#primaryimage"},"image":{"@id":"https:\/\/avmax.pl\/sklep\/produkt\/hisense-120l5nd-laser-tv-120%e2%80%b3\/#primaryimage"},"thumbnailUrl":"https:\/\/avmax.pl\/sklep\/wp-content\/uploads\/2025\/12\/Laser-TV-HISENSE-120L5ND-002-1.jpg","datePublished":"2025-12-01T22:00:44+00:00","dateModified":"2026-03-10T13:06:01+00:00","breadcrumb":{"@id":"https:\/\/avmax.pl\/sklep\/produkt\/hisense-120l5nd-laser-tv-120%e2%80%b3\/#breadcrumb"},"inLanguage":"pl-PL","potentialAction":[{"@type":"ReadAction","target":["https:\/\/avmax.pl\/sklep\/produkt\/hisense-120l5nd-laser-tv-120%e2%80%b3\/"]}]},{"@type":"ImageObject","inLanguage":"pl-PL","@id":"https:\/\/avmax.pl\/sklep\/produkt\/hisense-120l5nd-laser-tv-120%e2%80%b3\/#primaryimage","url":"https:\/\/avmax.pl\/sklep\/wp-content\/uploads\/2025\/12\/Laser-TV-HISENSE-120L5ND-002-1.jpg","contentUrl":"https:\/\/avmax.pl\/sklep\/wp-content\/uploads\/2025\/12\/Laser-TV-HISENSE-120L5ND-002-1.jpg","width":748,"height":592},{"@type":"BreadcrumbList","@id":"https:\/\/avmax.pl\/sklep\/produkt\/hisense-120l5nd-laser-tv-120%e2%80%b3\/#breadcrumb","itemListElement":[{"@type":"ListItem","position":1,"name":"Strona g\u0142\u00f3wna","item":"https:\/\/avmax.pl\/sklep\/"},{"@type":"ListItem","position":2,"name":"Sklep","item":"https:\/\/avmax.pl\/sklep\/shop\/"},{"@type":"ListItem","position":3,"name":"Hisense 120L5ND \u2013 Laser TV 120\u2033"}]},{"@type":"WebSite","@id":"https:\/\/avmax.pl\/sklep\/#website","url":"https:\/\/avmax.pl\/sklep\/","name":"AVMAX - Sklep","description":"","publisher":{"@id":"https:\/\/avmax.pl\/sklep\/#organization"},"potentialAction":[{"@type":"SearchAction","target":{"@type":"EntryPoint","urlTemplate":"https:\/\/avmax.pl\/sklep\/?s={search_term_string}"},"query-input":{"@type":"PropertyValueSpecification","valueRequired":true,"valueName":"search_term_string"}}],"inLanguage":"pl-PL"},{"@type":"Organization","@id":"https:\/\/avmax.pl\/sklep\/#organization","name":"AVMAX - Sklep","url":"https:\/\/avmax.pl\/sklep\/","logo":{"@type":"ImageObject","inLanguage":"pl-PL","@id":"https:\/\/avmax.pl\/sklep\/#\/schema\/logo\/image\/","url":"https:\/\/avmax.pl\/sklep\/wp-content\/uploads\/2025\/11\/cropped-logo-avmax-2-3.webp","contentUrl":"https:\/\/avmax.pl\/sklep\/wp-content\/uploads\/2025\/11\/cropped-logo-avmax-2-3.webp","width":1500,"height":600,"caption":"AVMAX - Sklep"},"image":{"@id":"https:\/\/avmax.pl\/sklep\/#\/schema\/logo\/image\/"}}]}},"_links":{"self":[{"href":"https:\/\/avmax.pl\/sklep\/wp-json\/wp\/v2\/product\/2222","targetHints":{"allow":["GET"]}}],"collection":[{"href":"https:\/\/avmax.pl\/sklep\/wp-json\/wp\/v2\/product"}],"about":[{"href":"https:\/\/avmax.pl\/sklep\/wp-json\/wp\/v2\/types\/product"}],"replies":[{"embeddable":true,"href":"https:\/\/avmax.pl\/sklep\/wp-json\/wp\/v2\/comments?post=2222"}],"version-history":[{"count":1,"href":"https:\/\/avmax.pl\/sklep\/wp-json\/wp\/v2\/product\/2222\/revisions"}],"predecessor-version":[{"id":2223,"href":"https:\/\/avmax.pl\/sklep\/wp-json\/wp\/v2\/product\/2222\/revisions\/2223"}],"wp:featuredmedia":[{"embeddable":true,"href":"https:\/\/avmax.pl\/sklep\/wp-json\/wp\/v2\/media\/3451"}],"wp:attachment":[{"href":"https:\/\/avmax.pl\/sklep\/wp-json\/wp\/v2\/media?parent=2222"}],"wp:term":[{"taxonomy":"product_brand","embeddable":true,"href":"https:\/\/avmax.pl\/sklep\/wp-json\/wp\/v2\/product_brand?post=2222"},{"taxonomy":"product_cat","embeddable":true,"href":"https:\/\/avmax.pl\/sklep\/wp-json\/wp\/v2\/product_cat?post=2222"},{"taxonomy":"product_tag","embeddable":true,"href":"https:\/\/avmax.pl\/sklep\/wp-json\/wp\/v2\/product_tag?post=2222"},{"taxonomy":"product_brands","embeddable":true,"href":"https:\/\/avmax.pl\/sklep\/wp-json\/wp\/v2\/product_brands?post=2222"}],"curies":[{"name":"wp","href":"https:\/\/api.w.org\/{rel}","templated":true}]}}