{"id":2288,"date":"2025-12-02T15:19:54","date_gmt":"2025-12-02T15:19:54","guid":{"rendered":"https:\/\/avmax.pl\/sklep\/?post_type=product&#038;p=2288"},"modified":"2026-03-20T12:55:38","modified_gmt":"2026-03-20T12:55:38","slug":"hisense-sg8h-statyw-floor-stand-dla-projektorow-c-series","status":"publish","type":"product","link":"https:\/\/avmax.pl\/sklep\/produkt\/hisense-sg8h-statyw-floor-stand-dla-projektorow-c-series\/","title":{"rendered":"Hisense SG8H \u2013 Statyw\/floor stand dla projektor\u00f3w C\u2011series"},"content":{"rendered":"<p>SG8H to metalowy statyw zaprojektowany dla projektor\u00f3w Hisense z serii C (C2 Ultra, C2 Pro, C2, C1) oraz M2 Pro. Jego konstrukcja umo\u017cliwia regulacj\u0119 wysoko\u015bci i nachylenia, dzi\u0119ki czemu \u0142atwo dopasowa\u0107 projektor do wybranej powierzchni projekcyjnej. Statyw obraca si\u0119 o 360 \u00b0 i pochyla do 90 \u00b0, posiada uniwersalny gwint \u00bc \u2033 i solidn\u0105, stabiln\u0105 podstaw\u0119. Producent udziela 90\u2011dniowej gwarancji na akcesorium.<\/p>\n<p><strong>Atuty:<\/strong><\/p>\n<ul>\n<li>Kompatybilny z projektorami C\u2011series i M2 Pro.<\/li>\n<li>Regulowana wysoko\u015b\u0107 oraz pe\u0142na rotacja 360 \u00b0 i nachylenie 90 \u00b0.<\/li>\n<li>Stabilna, metalowa konstrukcja z uniwersalnym gwintem \u00bc \u2033.<\/li>\n<li>90\u2011dniowa gwarancja.<\/li>\n<\/ul>\n","protected":false},"excerpt":{"rendered":"<ul>\n<li>Dedykowany statyw do projektor\u00f3w C\u2011series i M2 Pro.<\/li>\n<li>Regulowana wysoko\u015b\u0107, obr\u00f3t 360\u00b0 i nachylenie do 90\u00b0.<\/li>\n<li>Uniwersalny gwint \u00bc \u2033 i stabilna metalowa podstawa.<\/li>\n<li>90\u2011dniowa gwarancja \u2013 pewno\u015b\u0107 solidno\u015bci.<\/li>\n<\/ul>\n","protected":false},"featured_media":3336,"comment_status":"open","ping_status":"closed","template":"","meta":{"_bst_post_transparent":"default","_bst_post_title":"","_bst_post_layout":"default","_bst_post_sidebar_id":"","_bst_post_content_style":"default","_bst_post_vertical_padding":"default","_bst_post_feature":"","_bst_post_feature_position":"","_bst_post_header":false,"_bst_post_footer":false},"product_brand":[221],"product_cat":[336],"product_tag":[],"product_brands":[1012],"class_list":{"0":"post-2288","1":"product","2":"type-product","3":"status-publish","4":"has-post-thumbnail","6":"product_brand-hisense","7":"product_cat-statyw-podlogowy","8":"product_brands-hisense","10":"first","11":"instock","12":"taxable","13":"shipping-taxable","14":"purchasable","15":"product-type-simple","16":"entry","17":"content-bg","18":"loop-entry"},"yoast_head":"<!-- This site is optimized with the Yoast SEO plugin v27.3 - https:\/\/yoast.com\/product\/yoast-seo-wordpress\/ -->\n<title>Hisense SG8H \u2013 Statyw\/floor stand dla projektor\u00f3w C\u2011series - AVMAX - Sklep<\/title>\n<meta name=\"robots\" content=\"index, follow, max-snippet:-1, max-image-preview:large, max-video-preview:-1\" \/>\n<link rel=\"canonical\" href=\"https:\/\/avmax.pl\/sklep\/produkt\/hisense-sg8h-statyw-floor-stand-dla-projektorow-c-series\/\" \/>\n<meta property=\"og:locale\" content=\"pl_PL\" \/>\n<meta property=\"og:type\" content=\"article\" \/>\n<meta property=\"og:title\" content=\"Hisense SG8H \u2013 Statyw\/floor stand dla projektor\u00f3w C\u2011series - AVMAX - Sklep\" \/>\n<meta property=\"og:description\" content=\"Dedykowany statyw do projektor\u00f3w C\u2011series i M2 Pro.  Regulowana wysoko\u015b\u0107, obr\u00f3t 360\u00b0 i nachylenie do 90\u00b0.  Uniwersalny gwint \u00bc \u2033 i stabilna metalowa podstawa.  90\u2011dniowa gwarancja \u2013 pewno\u015b\u0107 solidno\u015bci.\" \/>\n<meta property=\"og:url\" content=\"https:\/\/avmax.pl\/sklep\/produkt\/hisense-sg8h-statyw-floor-stand-dla-projektorow-c-series\/\" \/>\n<meta property=\"og:site_name\" content=\"AVMAX - Sklep\" \/>\n<meta property=\"article:modified_time\" content=\"2026-03-20T12:55:38+00:00\" \/>\n<meta property=\"og:image\" content=\"https:\/\/avmax.pl\/sklep\/wp-content\/uploads\/2025\/12\/Statyw-HISENSE-SG8H-przod-scaled.jpg\" \/>\n\t<meta property=\"og:image:width\" content=\"801\" \/>\n\t<meta property=\"og:image:height\" content=\"2560\" \/>\n\t<meta property=\"og:image:type\" content=\"image\/jpeg\" \/>\n<meta name=\"twitter:card\" content=\"summary_large_image\" \/>\n<meta name=\"twitter:label1\" content=\"Szacowany czas czytania\" \/>\n\t<meta name=\"twitter:data1\" content=\"1 minuta\" \/>\n<script type=\"application\/ld+json\" class=\"yoast-schema-graph\">{\"@context\":\"https:\\\/\\\/schema.org\",\"@graph\":[{\"@type\":\"WebPage\",\"@id\":\"https:\\\/\\\/avmax.pl\\\/sklep\\\/produkt\\\/hisense-sg8h-statyw-floor-stand-dla-projektorow-c-series\\\/\",\"url\":\"https:\\\/\\\/avmax.pl\\\/sklep\\\/produkt\\\/hisense-sg8h-statyw-floor-stand-dla-projektorow-c-series\\\/\",\"name\":\"Hisense SG8H \u2013 Statyw\\\/floor stand dla projektor\u00f3w C\u2011series - AVMAX - Sklep\",\"isPartOf\":{\"@id\":\"https:\\\/\\\/avmax.pl\\\/sklep\\\/#website\"},\"primaryImageOfPage\":{\"@id\":\"https:\\\/\\\/avmax.pl\\\/sklep\\\/produkt\\\/hisense-sg8h-statyw-floor-stand-dla-projektorow-c-series\\\/#primaryimage\"},\"image\":{\"@id\":\"https:\\\/\\\/avmax.pl\\\/sklep\\\/produkt\\\/hisense-sg8h-statyw-floor-stand-dla-projektorow-c-series\\\/#primaryimage\"},\"thumbnailUrl\":\"https:\\\/\\\/avmax.pl\\\/sklep\\\/wp-content\\\/uploads\\\/2025\\\/12\\\/Statyw-HISENSE-SG8H-przod-scaled.jpg\",\"datePublished\":\"2025-12-02T15:19:54+00:00\",\"dateModified\":\"2026-03-20T12:55:38+00:00\",\"breadcrumb\":{\"@id\":\"https:\\\/\\\/avmax.pl\\\/sklep\\\/produkt\\\/hisense-sg8h-statyw-floor-stand-dla-projektorow-c-series\\\/#breadcrumb\"},\"inLanguage\":\"pl-PL\",\"potentialAction\":[{\"@type\":\"ReadAction\",\"target\":[\"https:\\\/\\\/avmax.pl\\\/sklep\\\/produkt\\\/hisense-sg8h-statyw-floor-stand-dla-projektorow-c-series\\\/\"]}]},{\"@type\":\"ImageObject\",\"inLanguage\":\"pl-PL\",\"@id\":\"https:\\\/\\\/avmax.pl\\\/sklep\\\/produkt\\\/hisense-sg8h-statyw-floor-stand-dla-projektorow-c-series\\\/#primaryimage\",\"url\":\"https:\\\/\\\/avmax.pl\\\/sklep\\\/wp-content\\\/uploads\\\/2025\\\/12\\\/Statyw-HISENSE-SG8H-przod-scaled.jpg\",\"contentUrl\":\"https:\\\/\\\/avmax.pl\\\/sklep\\\/wp-content\\\/uploads\\\/2025\\\/12\\\/Statyw-HISENSE-SG8H-przod-scaled.jpg\",\"width\":801,\"height\":2560},{\"@type\":\"BreadcrumbList\",\"@id\":\"https:\\\/\\\/avmax.pl\\\/sklep\\\/produkt\\\/hisense-sg8h-statyw-floor-stand-dla-projektorow-c-series\\\/#breadcrumb\",\"itemListElement\":[{\"@type\":\"ListItem\",\"position\":1,\"name\":\"Strona g\u0142\u00f3wna\",\"item\":\"https:\\\/\\\/avmax.pl\\\/sklep\\\/\"},{\"@type\":\"ListItem\",\"position\":2,\"name\":\"Sklep\",\"item\":\"https:\\\/\\\/avmax.pl\\\/sklep\\\/shop\\\/\"},{\"@type\":\"ListItem\",\"position\":3,\"name\":\"Hisense SG8H \u2013 Statyw\\\/floor stand dla projektor\u00f3w C\u2011series\"}]},{\"@type\":\"WebSite\",\"@id\":\"https:\\\/\\\/avmax.pl\\\/sklep\\\/#website\",\"url\":\"https:\\\/\\\/avmax.pl\\\/sklep\\\/\",\"name\":\"AVMAX - Sklep\",\"description\":\"\",\"publisher\":{\"@id\":\"https:\\\/\\\/avmax.pl\\\/sklep\\\/#organization\"},\"potentialAction\":[{\"@type\":\"SearchAction\",\"target\":{\"@type\":\"EntryPoint\",\"urlTemplate\":\"https:\\\/\\\/avmax.pl\\\/sklep\\\/?s={search_term_string}\"},\"query-input\":{\"@type\":\"PropertyValueSpecification\",\"valueRequired\":true,\"valueName\":\"search_term_string\"}}],\"inLanguage\":\"pl-PL\"},{\"@type\":\"Organization\",\"@id\":\"https:\\\/\\\/avmax.pl\\\/sklep\\\/#organization\",\"name\":\"AVMAX - Sklep\",\"url\":\"https:\\\/\\\/avmax.pl\\\/sklep\\\/\",\"logo\":{\"@type\":\"ImageObject\",\"inLanguage\":\"pl-PL\",\"@id\":\"https:\\\/\\\/avmax.pl\\\/sklep\\\/#\\\/schema\\\/logo\\\/image\\\/\",\"url\":\"https:\\\/\\\/avmax.pl\\\/sklep\\\/wp-content\\\/uploads\\\/2025\\\/11\\\/cropped-logo-avmax-2-3.webp\",\"contentUrl\":\"https:\\\/\\\/avmax.pl\\\/sklep\\\/wp-content\\\/uploads\\\/2025\\\/11\\\/cropped-logo-avmax-2-3.webp\",\"width\":1500,\"height\":600,\"caption\":\"AVMAX - Sklep\"},\"image\":{\"@id\":\"https:\\\/\\\/avmax.pl\\\/sklep\\\/#\\\/schema\\\/logo\\\/image\\\/\"}}]}<\/script>\n<!-- \/ Yoast SEO plugin. -->","yoast_head_json":{"title":"Hisense SG8H \u2013 Statyw\/floor stand dla projektor\u00f3w C\u2011series - AVMAX - Sklep","robots":{"index":"index","follow":"follow","max-snippet":"max-snippet:-1","max-image-preview":"max-image-preview:large","max-video-preview":"max-video-preview:-1"},"canonical":"https:\/\/avmax.pl\/sklep\/produkt\/hisense-sg8h-statyw-floor-stand-dla-projektorow-c-series\/","og_locale":"pl_PL","og_type":"article","og_title":"Hisense SG8H \u2013 Statyw\/floor stand dla projektor\u00f3w C\u2011series - AVMAX - Sklep","og_description":"Dedykowany statyw do projektor\u00f3w C\u2011series i M2 Pro.  Regulowana wysoko\u015b\u0107, obr\u00f3t 360\u00b0 i nachylenie do 90\u00b0.  Uniwersalny gwint \u00bc \u2033 i stabilna metalowa podstawa.  90\u2011dniowa gwarancja \u2013 pewno\u015b\u0107 solidno\u015bci.","og_url":"https:\/\/avmax.pl\/sklep\/produkt\/hisense-sg8h-statyw-floor-stand-dla-projektorow-c-series\/","og_site_name":"AVMAX - Sklep","article_modified_time":"2026-03-20T12:55:38+00:00","og_image":[{"width":801,"height":2560,"url":"https:\/\/avmax.pl\/sklep\/wp-content\/uploads\/2025\/12\/Statyw-HISENSE-SG8H-przod-scaled.jpg","type":"image\/jpeg"}],"twitter_card":"summary_large_image","twitter_misc":{"Szacowany czas czytania":"1 minuta"},"schema":{"@context":"https:\/\/schema.org","@graph":[{"@type":"WebPage","@id":"https:\/\/avmax.pl\/sklep\/produkt\/hisense-sg8h-statyw-floor-stand-dla-projektorow-c-series\/","url":"https:\/\/avmax.pl\/sklep\/produkt\/hisense-sg8h-statyw-floor-stand-dla-projektorow-c-series\/","name":"Hisense SG8H \u2013 Statyw\/floor stand dla projektor\u00f3w C\u2011series - AVMAX - Sklep","isPartOf":{"@id":"https:\/\/avmax.pl\/sklep\/#website"},"primaryImageOfPage":{"@id":"https:\/\/avmax.pl\/sklep\/produkt\/hisense-sg8h-statyw-floor-stand-dla-projektorow-c-series\/#primaryimage"},"image":{"@id":"https:\/\/avmax.pl\/sklep\/produkt\/hisense-sg8h-statyw-floor-stand-dla-projektorow-c-series\/#primaryimage"},"thumbnailUrl":"https:\/\/avmax.pl\/sklep\/wp-content\/uploads\/2025\/12\/Statyw-HISENSE-SG8H-przod-scaled.jpg","datePublished":"2025-12-02T15:19:54+00:00","dateModified":"2026-03-20T12:55:38+00:00","breadcrumb":{"@id":"https:\/\/avmax.pl\/sklep\/produkt\/hisense-sg8h-statyw-floor-stand-dla-projektorow-c-series\/#breadcrumb"},"inLanguage":"pl-PL","potentialAction":[{"@type":"ReadAction","target":["https:\/\/avmax.pl\/sklep\/produkt\/hisense-sg8h-statyw-floor-stand-dla-projektorow-c-series\/"]}]},{"@type":"ImageObject","inLanguage":"pl-PL","@id":"https:\/\/avmax.pl\/sklep\/produkt\/hisense-sg8h-statyw-floor-stand-dla-projektorow-c-series\/#primaryimage","url":"https:\/\/avmax.pl\/sklep\/wp-content\/uploads\/2025\/12\/Statyw-HISENSE-SG8H-przod-scaled.jpg","contentUrl":"https:\/\/avmax.pl\/sklep\/wp-content\/uploads\/2025\/12\/Statyw-HISENSE-SG8H-przod-scaled.jpg","width":801,"height":2560},{"@type":"BreadcrumbList","@id":"https:\/\/avmax.pl\/sklep\/produkt\/hisense-sg8h-statyw-floor-stand-dla-projektorow-c-series\/#breadcrumb","itemListElement":[{"@type":"ListItem","position":1,"name":"Strona g\u0142\u00f3wna","item":"https:\/\/avmax.pl\/sklep\/"},{"@type":"ListItem","position":2,"name":"Sklep","item":"https:\/\/avmax.pl\/sklep\/shop\/"},{"@type":"ListItem","position":3,"name":"Hisense SG8H \u2013 Statyw\/floor stand dla projektor\u00f3w C\u2011series"}]},{"@type":"WebSite","@id":"https:\/\/avmax.pl\/sklep\/#website","url":"https:\/\/avmax.pl\/sklep\/","name":"AVMAX - Sklep","description":"","publisher":{"@id":"https:\/\/avmax.pl\/sklep\/#organization"},"potentialAction":[{"@type":"SearchAction","target":{"@type":"EntryPoint","urlTemplate":"https:\/\/avmax.pl\/sklep\/?s={search_term_string}"},"query-input":{"@type":"PropertyValueSpecification","valueRequired":true,"valueName":"search_term_string"}}],"inLanguage":"pl-PL"},{"@type":"Organization","@id":"https:\/\/avmax.pl\/sklep\/#organization","name":"AVMAX - Sklep","url":"https:\/\/avmax.pl\/sklep\/","logo":{"@type":"ImageObject","inLanguage":"pl-PL","@id":"https:\/\/avmax.pl\/sklep\/#\/schema\/logo\/image\/","url":"https:\/\/avmax.pl\/sklep\/wp-content\/uploads\/2025\/11\/cropped-logo-avmax-2-3.webp","contentUrl":"https:\/\/avmax.pl\/sklep\/wp-content\/uploads\/2025\/11\/cropped-logo-avmax-2-3.webp","width":1500,"height":600,"caption":"AVMAX - Sklep"},"image":{"@id":"https:\/\/avmax.pl\/sklep\/#\/schema\/logo\/image\/"}}]}},"_links":{"self":[{"href":"https:\/\/avmax.pl\/sklep\/wp-json\/wp\/v2\/product\/2288","targetHints":{"allow":["GET"]}}],"collection":[{"href":"https:\/\/avmax.pl\/sklep\/wp-json\/wp\/v2\/product"}],"about":[{"href":"https:\/\/avmax.pl\/sklep\/wp-json\/wp\/v2\/types\/product"}],"replies":[{"embeddable":true,"href":"https:\/\/avmax.pl\/sklep\/wp-json\/wp\/v2\/comments?post=2288"}],"version-history":[{"count":1,"href":"https:\/\/avmax.pl\/sklep\/wp-json\/wp\/v2\/product\/2288\/revisions"}],"predecessor-version":[{"id":2289,"href":"https:\/\/avmax.pl\/sklep\/wp-json\/wp\/v2\/product\/2288\/revisions\/2289"}],"wp:featuredmedia":[{"embeddable":true,"href":"https:\/\/avmax.pl\/sklep\/wp-json\/wp\/v2\/media\/3336"}],"wp:attachment":[{"href":"https:\/\/avmax.pl\/sklep\/wp-json\/wp\/v2\/media?parent=2288"}],"wp:term":[{"taxonomy":"product_brand","embeddable":true,"href":"https:\/\/avmax.pl\/sklep\/wp-json\/wp\/v2\/product_brand?post=2288"},{"taxonomy":"product_cat","embeddable":true,"href":"https:\/\/avmax.pl\/sklep\/wp-json\/wp\/v2\/product_cat?post=2288"},{"taxonomy":"product_tag","embeddable":true,"href":"https:\/\/avmax.pl\/sklep\/wp-json\/wp\/v2\/product_tag?post=2288"},{"taxonomy":"product_brands","embeddable":true,"href":"https:\/\/avmax.pl\/sklep\/wp-json\/wp\/v2\/product_brands?post=2288"}],"curies":[{"name":"wp","href":"https:\/\/api.w.org\/{rel}","templated":true}]}}