{"id":2507,"date":"2025-12-11T17:20:36","date_gmt":"2025-12-11T17:20:36","guid":{"rendered":"https:\/\/avmax.pl\/sklep\/?post_type=product&#038;p=2507"},"modified":"2026-01-12T13:44:25","modified_gmt":"2026-01-12T13:44:25","slug":"eb-pu2010b","status":"publish","type":"product","link":"https:\/\/avmax.pl\/sklep\/produkt\/eb-pu2010b\/","title":{"rendered":"EB-PU2010B"},"content":{"rendered":"<p><strong>Generuj \u017cywe, przykuwaj\u0105ce uwag\u0119 obrazy<\/strong><br \/>\nZachwy\u0107 klient\u00f3w i odbiorc\u00f3w projekcjami, kt\u00f3re d\u0142ugo pozostan\u0105 w pami\u0119ci. Projektor EB-PU2010B o jasno\u015bci 10 000 lumen\u00f3w wy\u015bwietla doskona\u0142\u0105 biel, \u017cywe kolory, g\u0142\u0119bok\u0105 czer\u0144, wyra\u017ane cienie i obrazy o wysokim kontra\u015bcie \u2014 dzi\u0119ki technologiom HDR i 3LCD. Dzi\u0119ki optymalizacji 4K mo\u017cna uzyska\u0107 wyj\u0105tkow\u0105 szczeg\u00f3\u0142owo\u015b\u0107 i wyrazisto\u015b\u0107 obrazu.<\/p>\n<p><strong>Zbuduj idealne rozwi\u0105zanie do projekcji<\/strong><br \/>\nEB-PU2010B obs\u0142uguje r\u00f3\u017cne obiektywy przeznaczone do ka\u017cdych warunk\u00f3w projekcji, w tym obiektyw o ultrakr\u00f3tkim rzucie z zerowym offsetem. Epson dostarcza projektor bez obiektywu. Dzi\u0119ki temu u\u017cytkownik dobieraj\u0105c odpowiedni\u0105 optyk\u0119, mo\u017ce stworzy\u0107 odpowiedni zestaw do danego zastosowania.<\/p>\n<p><strong>\u0141atwo transportuj i przechowuj urz\u0105dzenie<\/strong><br \/>\nTen projektor instalacyjny jest lekki i kompaktowy, dzi\u0119ki czemu mo\u017cna go \u0142atwo transportowa\u0107 i zaoszcz\u0119dzi\u0107 cenne miejsce w miejscu przechowywania. Dyskretny design projektora pozwala mu bezproblemowo wtopi\u0107 si\u0119 w wi\u0119kszo\u015b\u0107 warunk\u00f3w instalacyjnych.<\/p>\n<p><strong>Odkryj model zaprojektowany z my\u015bl\u0105 o \u0142atwo\u015bci instalacji<\/strong><br \/>\nTw\u00f3rz wielkoformatowe, wyj\u0105tkowo jasne obrazy nawet w ramach instalacji wieloprojektorowych, w kt\u00f3rych kluczowe znaczenie ma \u0142\u0105czenie kraw\u0119dzi, uk\u0142adanie i swobodne ustawienie obiektyw\u00f3w. Epson Projector Professional Tool sprawia, \u017ce zaawansowane techniki instalacji, takie jak mapowanie projekcji, staje si\u0119 proste. Opcjonalny modu\u0142 kamery zewn\u0119trznej (ELPEC01) wykorzystuje wbudowane narz\u0119dzie do korekcji geometrii bez u\u017cycia komputera na potrzeby stackingu. Projektor EB-PU2010B posiada funkcj\u0119 NFC do konfiguracji wieloprojektorowej oraz u\u0142atwia diagnostyk\u0119 i instalacj\u0119 za pomoc\u0105 narz\u0119dzia Epson Projector Config Tool. Zawiera tak\u017ce z\u0142\u0105cza wej\u015bcia i wyj\u015bcia SDI.<\/p>\n<p><strong>Korzystaj ze stackowania bez u\u017cycia komputera<\/strong><br \/>\nELPEC01 to opcjonalny modu\u0142 kamery zewn\u0119trznej, kt\u00f3ry mo\u017cna \u0142atwo zintegrowa\u0107 z projektorami z serii EB-PU i obiektywami z serii ELPLX. Umo\u017cliwia on korzystanie z wbudowanego przetwarzania obrazu w przypadku stackowania projektor\u00f3w bez u\u017cycia komputera. Oznacza to, \u017ce mo\u017cna po\u0142\u0105czy\u0107 dwa projektory, praktycznie podwajaj\u0105c jasno\u015b\u0107 bez u\u017cywania dodatkowego sprz\u0119tu. Dzi\u0119ki temu potrzeba mniej dodatkowego wyposa\u017cenia, wi\u0119c koszty s\u0105 ni\u017csze.<\/p>\n<p><strong>Przejmij kontrol\u0119 nad wy\u015bwietlanymi obrazami<\/strong><br \/>\nOprogramowanie Epson Projector Professional Tool zapewnia wy\u017cszy poziom obr\u00f3bki i kontroli obrazu. To bezp\u0142atne i intuicyjne narz\u0119dzie upraszcza korzystanie z zaawansowanych funkcji, takich jak \u0142\u0105czenie projekcji, stackowanie, mapowanie projekcji i sterowanie wieloma projektorami.<\/p>\n<p><strong>Tw\u00f3rz spersonalizowane tre\u015bci<\/strong><br \/>\nProjektor EB-PU2010B jest wyposa\u017cony we wbudowany odtwarzacz multimedialny z obs\u0142ug\u0105 funkcji sieciowych. Pozwala to na za\u0142adowanie list odtwarzania na no\u015bnik USB i odtwarzanie ich bezpo\u015brednio z projektora\u00b2. Mo\u017cesz tworzy\u0107 spersonalizowane tre\u015bci za pomoc\u0105 aplikacji Epson Creative Projection na smartfonie lub tablecie lub tworzy\u0107 i planowa\u0107 listy odtwarzania za pomoc\u0105 oprogramowania Epson Projector Content Manager.<\/p>\n<p><strong>Godny zaufania \u015bwiatowy lider w\u015br\u00f3d producent\u00f3w projektor\u00f3w<\/strong><br \/>\nFirma Epson jest \u015bwiatowym liderem w produkcji projektor\u00f3w1 od 2001 roku. Nasz wk\u0142ad w jako\u015b\u0107, technologi\u0119 i powi\u0105zania produkt\u00f3w wspierany jest us\u0142ugami najwy\u017cszej jako\u015bci i asyst\u0105 techniczn\u0105.<\/p>\n","protected":false},"excerpt":{"rendered":"<p>EB-PU2010B \u2014 kompaktowy i wszechstronny projektor o du\u017cej jasno\u015bci z wymiennymi obiektywami i zaawansowanymi funkcjami instalacyjnymi.<\/p>\n<ul>\n<li><strong>Niewielki rozmiar i waga<\/strong><br \/>\nDyskretny i \u0142atwiejszy w transporcie<\/li>\n<li><strong>Obs\u0142uga obiektyw\u00f3w<\/strong><br \/>\nWsp\u00f3\u0142praca z szerokim wyborem obiektyw\u00f3w wymiennych firmy Epson<\/li>\n<li><strong>Udoskonalona konstrukcja<\/strong><br \/>\nProsta konstrukcja i dyskretny design Wersja w kolorze czarnym.<\/li>\n<li><strong>Jako\u015b\u0107 obrazu<\/strong><br \/>\n10\u00a0000 lumen\u00f3w, 3LCD, rozdzielczo\u015b\u0107 WUXGA i optymalizacja 4K<\/li>\n<li><strong>Zaawansowane narz\u0119dzia instalacyjne<\/strong><br \/>\nSzeroki wyb\u00f3r bezp\u0142atnego oprogramowania i opcjonalny modu\u0142 kamery zewn\u0119trznej<\/li>\n<\/ul>\n","protected":false},"featured_media":2857,"comment_status":"open","ping_status":"closed","template":"","meta":{"_bst_post_transparent":"default","_bst_post_title":"","_bst_post_layout":"default","_bst_post_sidebar_id":"","_bst_post_content_style":"default","_bst_post_vertical_padding":"default","_bst_post_feature":"","_bst_post_feature_position":"","_bst_post_header":false,"_bst_post_footer":false},"product_brand":[156],"product_cat":[137],"product_tag":[],"product_brands":[1010],"class_list":{"0":"post-2507","1":"product","2":"type-product","3":"status-publish","4":"has-post-thumbnail","6":"product_brand-epson","7":"product_cat-projektory","8":"product_brands-epson","10":"first","11":"instock","12":"taxable","13":"shipping-taxable","14":"purchasable","15":"product-type-simple","16":"entry","17":"content-bg","18":"loop-entry"},"yoast_head":"<!-- This site is optimized with the Yoast SEO plugin v27.3 - https:\/\/yoast.com\/product\/yoast-seo-wordpress\/ -->\n<title>EB-PU2010B - AVMAX - Sklep<\/title>\n<meta name=\"robots\" content=\"index, follow, max-snippet:-1, max-image-preview:large, max-video-preview:-1\" \/>\n<link rel=\"canonical\" href=\"https:\/\/avmax.pl\/sklep\/produkt\/eb-pu2010b\/\" \/>\n<meta property=\"og:locale\" content=\"pl_PL\" \/>\n<meta property=\"og:type\" content=\"article\" \/>\n<meta property=\"og:title\" content=\"EB-PU2010B - AVMAX - Sklep\" \/>\n<meta property=\"og:description\" content=\"EB-PU2010B \u2014 kompaktowy i wszechstronny projektor o du\u017cej jasno\u015bci z wymiennymi obiektywami i zaawansowanymi funkcjami instalacyjnymi.   Niewielki rozmiar i waga Dyskretny i \u0142atwiejszy w transporcie  Obs\u0142uga obiektyw\u00f3w Wsp\u00f3\u0142praca z szerokim wyborem obiektyw\u00f3w wymiennych firmy Epson  Udoskonalona konstrukcja Prosta konstrukcja i dyskretny design Wersja w kolorze czarnym.  Jako\u015b\u0107 obrazu 10\u00a0000 lumen\u00f3w, 3LCD, rozdzielczo\u015b\u0107 WUXGA i optymalizacja 4K  Zaawansowane narz\u0119dzia instalacyjne Szeroki wyb\u00f3r bezp\u0142atnego oprogramowania i opcjonalny modu\u0142 kamery zewn\u0119trznej\" \/>\n<meta property=\"og:url\" content=\"https:\/\/avmax.pl\/sklep\/produkt\/eb-pu2010b\/\" \/>\n<meta property=\"og:site_name\" content=\"AVMAX - Sklep\" \/>\n<meta property=\"article:modified_time\" content=\"2026-01-12T13:44:25+00:00\" \/>\n<meta property=\"og:image\" content=\"https:\/\/avmax.pl\/sklep\/wp-content\/uploads\/2025\/12\/EB-PU2010B-1.webp\" \/>\n\t<meta property=\"og:image:width\" content=\"1000\" \/>\n\t<meta property=\"og:image:height\" content=\"1000\" \/>\n\t<meta property=\"og:image:type\" content=\"image\/webp\" \/>\n<meta name=\"twitter:card\" content=\"summary_large_image\" \/>\n<meta name=\"twitter:label1\" content=\"Szacowany czas czytania\" \/>\n\t<meta name=\"twitter:data1\" content=\"3 minuty\" \/>\n<script type=\"application\/ld+json\" class=\"yoast-schema-graph\">{\"@context\":\"https:\\\/\\\/schema.org\",\"@graph\":[{\"@type\":\"WebPage\",\"@id\":\"https:\\\/\\\/avmax.pl\\\/sklep\\\/produkt\\\/eb-pu2010b\\\/\",\"url\":\"https:\\\/\\\/avmax.pl\\\/sklep\\\/produkt\\\/eb-pu2010b\\\/\",\"name\":\"EB-PU2010B - AVMAX - Sklep\",\"isPartOf\":{\"@id\":\"https:\\\/\\\/avmax.pl\\\/sklep\\\/#website\"},\"primaryImageOfPage\":{\"@id\":\"https:\\\/\\\/avmax.pl\\\/sklep\\\/produkt\\\/eb-pu2010b\\\/#primaryimage\"},\"image\":{\"@id\":\"https:\\\/\\\/avmax.pl\\\/sklep\\\/produkt\\\/eb-pu2010b\\\/#primaryimage\"},\"thumbnailUrl\":\"https:\\\/\\\/avmax.pl\\\/sklep\\\/wp-content\\\/uploads\\\/2025\\\/12\\\/EB-PU2010B-1.webp\",\"datePublished\":\"2025-12-11T17:20:36+00:00\",\"dateModified\":\"2026-01-12T13:44:25+00:00\",\"breadcrumb\":{\"@id\":\"https:\\\/\\\/avmax.pl\\\/sklep\\\/produkt\\\/eb-pu2010b\\\/#breadcrumb\"},\"inLanguage\":\"pl-PL\",\"potentialAction\":[{\"@type\":\"ReadAction\",\"target\":[\"https:\\\/\\\/avmax.pl\\\/sklep\\\/produkt\\\/eb-pu2010b\\\/\"]}]},{\"@type\":\"ImageObject\",\"inLanguage\":\"pl-PL\",\"@id\":\"https:\\\/\\\/avmax.pl\\\/sklep\\\/produkt\\\/eb-pu2010b\\\/#primaryimage\",\"url\":\"https:\\\/\\\/avmax.pl\\\/sklep\\\/wp-content\\\/uploads\\\/2025\\\/12\\\/EB-PU2010B-1.webp\",\"contentUrl\":\"https:\\\/\\\/avmax.pl\\\/sklep\\\/wp-content\\\/uploads\\\/2025\\\/12\\\/EB-PU2010B-1.webp\",\"width\":1000,\"height\":1000},{\"@type\":\"BreadcrumbList\",\"@id\":\"https:\\\/\\\/avmax.pl\\\/sklep\\\/produkt\\\/eb-pu2010b\\\/#breadcrumb\",\"itemListElement\":[{\"@type\":\"ListItem\",\"position\":1,\"name\":\"Strona g\u0142\u00f3wna\",\"item\":\"https:\\\/\\\/avmax.pl\\\/sklep\\\/\"},{\"@type\":\"ListItem\",\"position\":2,\"name\":\"Sklep\",\"item\":\"https:\\\/\\\/avmax.pl\\\/sklep\\\/shop\\\/\"},{\"@type\":\"ListItem\",\"position\":3,\"name\":\"EB-PU2010B\"}]},{\"@type\":\"WebSite\",\"@id\":\"https:\\\/\\\/avmax.pl\\\/sklep\\\/#website\",\"url\":\"https:\\\/\\\/avmax.pl\\\/sklep\\\/\",\"name\":\"AVMAX - Sklep\",\"description\":\"\",\"publisher\":{\"@id\":\"https:\\\/\\\/avmax.pl\\\/sklep\\\/#organization\"},\"potentialAction\":[{\"@type\":\"SearchAction\",\"target\":{\"@type\":\"EntryPoint\",\"urlTemplate\":\"https:\\\/\\\/avmax.pl\\\/sklep\\\/?s={search_term_string}\"},\"query-input\":{\"@type\":\"PropertyValueSpecification\",\"valueRequired\":true,\"valueName\":\"search_term_string\"}}],\"inLanguage\":\"pl-PL\"},{\"@type\":\"Organization\",\"@id\":\"https:\\\/\\\/avmax.pl\\\/sklep\\\/#organization\",\"name\":\"AVMAX - Sklep\",\"url\":\"https:\\\/\\\/avmax.pl\\\/sklep\\\/\",\"logo\":{\"@type\":\"ImageObject\",\"inLanguage\":\"pl-PL\",\"@id\":\"https:\\\/\\\/avmax.pl\\\/sklep\\\/#\\\/schema\\\/logo\\\/image\\\/\",\"url\":\"https:\\\/\\\/avmax.pl\\\/sklep\\\/wp-content\\\/uploads\\\/2025\\\/11\\\/cropped-logo-avmax-2-3.webp\",\"contentUrl\":\"https:\\\/\\\/avmax.pl\\\/sklep\\\/wp-content\\\/uploads\\\/2025\\\/11\\\/cropped-logo-avmax-2-3.webp\",\"width\":1500,\"height\":600,\"caption\":\"AVMAX - Sklep\"},\"image\":{\"@id\":\"https:\\\/\\\/avmax.pl\\\/sklep\\\/#\\\/schema\\\/logo\\\/image\\\/\"}}]}<\/script>\n<!-- \/ Yoast SEO plugin. -->","yoast_head_json":{"title":"EB-PU2010B - AVMAX - Sklep","robots":{"index":"index","follow":"follow","max-snippet":"max-snippet:-1","max-image-preview":"max-image-preview:large","max-video-preview":"max-video-preview:-1"},"canonical":"https:\/\/avmax.pl\/sklep\/produkt\/eb-pu2010b\/","og_locale":"pl_PL","og_type":"article","og_title":"EB-PU2010B - AVMAX - Sklep","og_description":"EB-PU2010B \u2014 kompaktowy i wszechstronny projektor o du\u017cej jasno\u015bci z wymiennymi obiektywami i zaawansowanymi funkcjami instalacyjnymi.   Niewielki rozmiar i waga Dyskretny i \u0142atwiejszy w transporcie  Obs\u0142uga obiektyw\u00f3w Wsp\u00f3\u0142praca z szerokim wyborem obiektyw\u00f3w wymiennych firmy Epson  Udoskonalona konstrukcja Prosta konstrukcja i dyskretny design Wersja w kolorze czarnym.  Jako\u015b\u0107 obrazu 10\u00a0000 lumen\u00f3w, 3LCD, rozdzielczo\u015b\u0107 WUXGA i optymalizacja 4K  Zaawansowane narz\u0119dzia instalacyjne Szeroki wyb\u00f3r bezp\u0142atnego oprogramowania i opcjonalny modu\u0142 kamery zewn\u0119trznej","og_url":"https:\/\/avmax.pl\/sklep\/produkt\/eb-pu2010b\/","og_site_name":"AVMAX - Sklep","article_modified_time":"2026-01-12T13:44:25+00:00","og_image":[{"width":1000,"height":1000,"url":"https:\/\/avmax.pl\/sklep\/wp-content\/uploads\/2025\/12\/EB-PU2010B-1.webp","type":"image\/webp"}],"twitter_card":"summary_large_image","twitter_misc":{"Szacowany czas czytania":"3 minuty"},"schema":{"@context":"https:\/\/schema.org","@graph":[{"@type":"WebPage","@id":"https:\/\/avmax.pl\/sklep\/produkt\/eb-pu2010b\/","url":"https:\/\/avmax.pl\/sklep\/produkt\/eb-pu2010b\/","name":"EB-PU2010B - AVMAX - Sklep","isPartOf":{"@id":"https:\/\/avmax.pl\/sklep\/#website"},"primaryImageOfPage":{"@id":"https:\/\/avmax.pl\/sklep\/produkt\/eb-pu2010b\/#primaryimage"},"image":{"@id":"https:\/\/avmax.pl\/sklep\/produkt\/eb-pu2010b\/#primaryimage"},"thumbnailUrl":"https:\/\/avmax.pl\/sklep\/wp-content\/uploads\/2025\/12\/EB-PU2010B-1.webp","datePublished":"2025-12-11T17:20:36+00:00","dateModified":"2026-01-12T13:44:25+00:00","breadcrumb":{"@id":"https:\/\/avmax.pl\/sklep\/produkt\/eb-pu2010b\/#breadcrumb"},"inLanguage":"pl-PL","potentialAction":[{"@type":"ReadAction","target":["https:\/\/avmax.pl\/sklep\/produkt\/eb-pu2010b\/"]}]},{"@type":"ImageObject","inLanguage":"pl-PL","@id":"https:\/\/avmax.pl\/sklep\/produkt\/eb-pu2010b\/#primaryimage","url":"https:\/\/avmax.pl\/sklep\/wp-content\/uploads\/2025\/12\/EB-PU2010B-1.webp","contentUrl":"https:\/\/avmax.pl\/sklep\/wp-content\/uploads\/2025\/12\/EB-PU2010B-1.webp","width":1000,"height":1000},{"@type":"BreadcrumbList","@id":"https:\/\/avmax.pl\/sklep\/produkt\/eb-pu2010b\/#breadcrumb","itemListElement":[{"@type":"ListItem","position":1,"name":"Strona g\u0142\u00f3wna","item":"https:\/\/avmax.pl\/sklep\/"},{"@type":"ListItem","position":2,"name":"Sklep","item":"https:\/\/avmax.pl\/sklep\/shop\/"},{"@type":"ListItem","position":3,"name":"EB-PU2010B"}]},{"@type":"WebSite","@id":"https:\/\/avmax.pl\/sklep\/#website","url":"https:\/\/avmax.pl\/sklep\/","name":"AVMAX - Sklep","description":"","publisher":{"@id":"https:\/\/avmax.pl\/sklep\/#organization"},"potentialAction":[{"@type":"SearchAction","target":{"@type":"EntryPoint","urlTemplate":"https:\/\/avmax.pl\/sklep\/?s={search_term_string}"},"query-input":{"@type":"PropertyValueSpecification","valueRequired":true,"valueName":"search_term_string"}}],"inLanguage":"pl-PL"},{"@type":"Organization","@id":"https:\/\/avmax.pl\/sklep\/#organization","name":"AVMAX - Sklep","url":"https:\/\/avmax.pl\/sklep\/","logo":{"@type":"ImageObject","inLanguage":"pl-PL","@id":"https:\/\/avmax.pl\/sklep\/#\/schema\/logo\/image\/","url":"https:\/\/avmax.pl\/sklep\/wp-content\/uploads\/2025\/11\/cropped-logo-avmax-2-3.webp","contentUrl":"https:\/\/avmax.pl\/sklep\/wp-content\/uploads\/2025\/11\/cropped-logo-avmax-2-3.webp","width":1500,"height":600,"caption":"AVMAX - Sklep"},"image":{"@id":"https:\/\/avmax.pl\/sklep\/#\/schema\/logo\/image\/"}}]}},"_links":{"self":[{"href":"https:\/\/avmax.pl\/sklep\/wp-json\/wp\/v2\/product\/2507","targetHints":{"allow":["GET"]}}],"collection":[{"href":"https:\/\/avmax.pl\/sklep\/wp-json\/wp\/v2\/product"}],"about":[{"href":"https:\/\/avmax.pl\/sklep\/wp-json\/wp\/v2\/types\/product"}],"replies":[{"embeddable":true,"href":"https:\/\/avmax.pl\/sklep\/wp-json\/wp\/v2\/comments?post=2507"}],"version-history":[{"count":1,"href":"https:\/\/avmax.pl\/sklep\/wp-json\/wp\/v2\/product\/2507\/revisions"}],"predecessor-version":[{"id":2508,"href":"https:\/\/avmax.pl\/sklep\/wp-json\/wp\/v2\/product\/2507\/revisions\/2508"}],"wp:featuredmedia":[{"embeddable":true,"href":"https:\/\/avmax.pl\/sklep\/wp-json\/wp\/v2\/media\/2857"}],"wp:attachment":[{"href":"https:\/\/avmax.pl\/sklep\/wp-json\/wp\/v2\/media?parent=2507"}],"wp:term":[{"taxonomy":"product_brand","embeddable":true,"href":"https:\/\/avmax.pl\/sklep\/wp-json\/wp\/v2\/product_brand?post=2507"},{"taxonomy":"product_cat","embeddable":true,"href":"https:\/\/avmax.pl\/sklep\/wp-json\/wp\/v2\/product_cat?post=2507"},{"taxonomy":"product_tag","embeddable":true,"href":"https:\/\/avmax.pl\/sklep\/wp-json\/wp\/v2\/product_tag?post=2507"},{"taxonomy":"product_brands","embeddable":true,"href":"https:\/\/avmax.pl\/sklep\/wp-json\/wp\/v2\/product_brands?post=2507"}],"curies":[{"name":"wp","href":"https:\/\/api.w.org\/{rel}","templated":true}]}}