{"id":2521,"date":"2025-12-11T18:11:45","date_gmt":"2025-12-11T18:11:45","guid":{"rendered":"https:\/\/avmax.pl\/sklep\/?post_type=product&#038;p=2521"},"modified":"2026-01-12T13:44:25","modified_gmt":"2026-01-12T13:44:25","slug":"eb-pu2220b","status":"publish","type":"product","link":"https:\/\/avmax.pl\/sklep\/produkt\/eb-pu2220b\/","title":{"rendered":"EB-PU2220B"},"content":{"rendered":"<p><strong>Kompaktowa oraz lekka<\/strong><br \/>\nModel EB-PU2220B jest o oko\u0142o 60% mniejszy i o 50% l\u017cejszy ni\u017c jego poprzednik, EB-L20000U. Mniejsza waga i rozmiar sprawiaj\u0105, \u017ce projektor jest \u0142atwiejszy w przechowywaniu, transporcie i instalacji, co pozwala zaoszcz\u0119dzi\u0107 miejsce w magazynie oraz koszty pracy technik\u00f3w i transportu.<\/p>\n<p><strong>Znakomita jako\u015b\u0107 obrazu<\/strong><br \/>\nTen projektor 3LCD wysokiej jasno\u015bci oferuje rozdzielczo\u015b\u0107 WUXGA z optymalizacj\u0105 4K i HDR, zapewniaj\u0105c bogactwo szczeg\u00f3\u0142\u00f3w i doskonale ostre obrazy.<\/p>\n<p><strong>Wszechstronno\u015b\u0107<\/strong><br \/>\nModel EB-PU2220B jest wyposa\u017cony w funkcje umo\u017cliwiaj\u0105ce prost\u0105 instalacj\u0119, stacking, szerok\u0105 gam\u0119 obiektyw\u00f3w z mo\u017cliwo\u015bci\u0105 zdalnego ich sterowania. Wbudowane przetwarzanie obrazu, pozwalaj\u0105ce na stackowanie projektor\u00f3w bez u\u017cycia komputera. Oznacza to, \u017ce mo\u017cna po\u0142\u0105czy\u0107 moc dw\u00f3ch projektor\u00f3w, praktycznie podwajaj\u0105c jasno\u015b\u0107 obrazu, bez u\u017cywania dodatkowego sprz\u0119tu.<\/p>\n<p><strong>Niezawodno\u015b\u0107<\/strong><br \/>\nOferuje wyj\u0105tkow\u0105 odporno\u015b\u0107 na py\u0142, poniewa\u017c hermetycznie uszczelniony tor optyczny i laserowe \u017ar\u00f3d\u0142o \u015bwiat\u0142a zapewniaj\u0105 stabiln\u0105 jasno\u015b\u0107 przez d\u0142ugi czas, nawet w \u015brodowiskach o wysokim zapyleniu.<\/p>\n","protected":false},"excerpt":{"rendered":"<p>Model EB-PU2220B to najmniejszy na \u015bwiecie projektor o jasno\u015bci 20\u00a0000\u00a0lumen\u00f3w1.<\/p>\n<ul>\n<li><strong>Ultralekki i kompaktowy<\/strong><br \/>\nNajmniejszy na \u015bwiecie projektor o jasno\u015bci 20\u00a0000\u00a0lumen\u00f3w1<\/li>\n<li><strong>Wy\u015bwietlanie doskona\u0142ej jako\u015bci obraz\u00f3w<\/strong><br \/>\n20\u00a0000\u00a0lm, technologia optymalizacji 4K, rozdzielczo\u015b\u0107 WUXGA<\/li>\n<li><strong>Prosta obs\u0142uga<\/strong><br \/>\nProsta instalacja, stacking, dowolno\u015b\u0107 doboru i sterowanie obiektyw\u00f3w<\/li>\n<li><strong>Bezobs\u0142ugowa niezawodno\u015b\u0107 w\u00a0dzia\u0142aniu<\/strong><br \/>\nUdoskonalona py\u0142oodporna konstrukcja z certyfikatem IP5X<\/li>\n<li><strong>Korzy\u015bci dla \u015brodowiska<\/strong><br \/>\nNi\u017cszy pob\u00f3r mocy, mniejsze opakowanie, mniejsza waga<\/li>\n<\/ul>\n","protected":false},"featured_media":2882,"comment_status":"open","ping_status":"closed","template":"","meta":{"_bst_post_transparent":"default","_bst_post_title":"","_bst_post_layout":"default","_bst_post_sidebar_id":"","_bst_post_content_style":"default","_bst_post_vertical_padding":"default","_bst_post_feature":"","_bst_post_feature_position":"","_bst_post_header":false,"_bst_post_footer":false},"product_brand":[156],"product_cat":[137],"product_tag":[],"product_brands":[1010],"class_list":{"0":"post-2521","1":"product","2":"type-product","3":"status-publish","4":"has-post-thumbnail","6":"product_brand-epson","7":"product_cat-projektory","8":"product_brands-epson","10":"first","11":"instock","12":"taxable","13":"shipping-taxable","14":"purchasable","15":"product-type-simple","16":"entry","17":"content-bg","18":"loop-entry"},"yoast_head":"<!-- This site is optimized with the Yoast SEO plugin v27.3 - https:\/\/yoast.com\/product\/yoast-seo-wordpress\/ -->\n<title>EB-PU2220B - AVMAX - Sklep<\/title>\n<meta name=\"robots\" content=\"index, follow, max-snippet:-1, max-image-preview:large, max-video-preview:-1\" \/>\n<link rel=\"canonical\" href=\"https:\/\/avmax.pl\/sklep\/produkt\/eb-pu2220b\/\" \/>\n<meta property=\"og:locale\" content=\"pl_PL\" \/>\n<meta property=\"og:type\" content=\"article\" \/>\n<meta property=\"og:title\" content=\"EB-PU2220B - AVMAX - Sklep\" \/>\n<meta property=\"og:description\" content=\"Model EB-PU2220B to najmniejszy na \u015bwiecie projektor o jasno\u015bci 20\u00a0000\u00a0lumen\u00f3w1.   Ultralekki i kompaktowy Najmniejszy na \u015bwiecie projektor o jasno\u015bci 20\u00a0000\u00a0lumen\u00f3w1  Wy\u015bwietlanie doskona\u0142ej jako\u015bci obraz\u00f3w 20\u00a0000\u00a0lm, technologia optymalizacji 4K, rozdzielczo\u015b\u0107 WUXGA  Prosta obs\u0142uga Prosta instalacja, stacking, dowolno\u015b\u0107 doboru i sterowanie obiektyw\u00f3w  Bezobs\u0142ugowa niezawodno\u015b\u0107 w\u00a0dzia\u0142aniu Udoskonalona py\u0142oodporna konstrukcja z certyfikatem IP5X  Korzy\u015bci dla \u015brodowiska Ni\u017cszy pob\u00f3r mocy, mniejsze opakowanie, mniejsza waga\" \/>\n<meta property=\"og:url\" content=\"https:\/\/avmax.pl\/sklep\/produkt\/eb-pu2220b\/\" \/>\n<meta property=\"og:site_name\" content=\"AVMAX - Sklep\" \/>\n<meta property=\"article:modified_time\" content=\"2026-01-12T13:44:25+00:00\" \/>\n<meta property=\"og:image\" content=\"https:\/\/avmax.pl\/sklep\/wp-content\/uploads\/2025\/12\/EB-PU2220B-1.webp\" \/>\n\t<meta property=\"og:image:width\" content=\"1000\" \/>\n\t<meta property=\"og:image:height\" content=\"1000\" \/>\n\t<meta property=\"og:image:type\" content=\"image\/webp\" \/>\n<meta name=\"twitter:card\" content=\"summary_large_image\" \/>\n<meta name=\"twitter:label1\" content=\"Szacowany czas czytania\" \/>\n\t<meta name=\"twitter:data1\" content=\"2 minuty\" \/>\n<script type=\"application\/ld+json\" class=\"yoast-schema-graph\">{\"@context\":\"https:\\\/\\\/schema.org\",\"@graph\":[{\"@type\":\"WebPage\",\"@id\":\"https:\\\/\\\/avmax.pl\\\/sklep\\\/produkt\\\/eb-pu2220b\\\/\",\"url\":\"https:\\\/\\\/avmax.pl\\\/sklep\\\/produkt\\\/eb-pu2220b\\\/\",\"name\":\"EB-PU2220B - AVMAX - Sklep\",\"isPartOf\":{\"@id\":\"https:\\\/\\\/avmax.pl\\\/sklep\\\/#website\"},\"primaryImageOfPage\":{\"@id\":\"https:\\\/\\\/avmax.pl\\\/sklep\\\/produkt\\\/eb-pu2220b\\\/#primaryimage\"},\"image\":{\"@id\":\"https:\\\/\\\/avmax.pl\\\/sklep\\\/produkt\\\/eb-pu2220b\\\/#primaryimage\"},\"thumbnailUrl\":\"https:\\\/\\\/avmax.pl\\\/sklep\\\/wp-content\\\/uploads\\\/2025\\\/12\\\/EB-PU2220B-1.webp\",\"datePublished\":\"2025-12-11T18:11:45+00:00\",\"dateModified\":\"2026-01-12T13:44:25+00:00\",\"breadcrumb\":{\"@id\":\"https:\\\/\\\/avmax.pl\\\/sklep\\\/produkt\\\/eb-pu2220b\\\/#breadcrumb\"},\"inLanguage\":\"pl-PL\",\"potentialAction\":[{\"@type\":\"ReadAction\",\"target\":[\"https:\\\/\\\/avmax.pl\\\/sklep\\\/produkt\\\/eb-pu2220b\\\/\"]}]},{\"@type\":\"ImageObject\",\"inLanguage\":\"pl-PL\",\"@id\":\"https:\\\/\\\/avmax.pl\\\/sklep\\\/produkt\\\/eb-pu2220b\\\/#primaryimage\",\"url\":\"https:\\\/\\\/avmax.pl\\\/sklep\\\/wp-content\\\/uploads\\\/2025\\\/12\\\/EB-PU2220B-1.webp\",\"contentUrl\":\"https:\\\/\\\/avmax.pl\\\/sklep\\\/wp-content\\\/uploads\\\/2025\\\/12\\\/EB-PU2220B-1.webp\",\"width\":1000,\"height\":1000},{\"@type\":\"BreadcrumbList\",\"@id\":\"https:\\\/\\\/avmax.pl\\\/sklep\\\/produkt\\\/eb-pu2220b\\\/#breadcrumb\",\"itemListElement\":[{\"@type\":\"ListItem\",\"position\":1,\"name\":\"Strona g\u0142\u00f3wna\",\"item\":\"https:\\\/\\\/avmax.pl\\\/sklep\\\/\"},{\"@type\":\"ListItem\",\"position\":2,\"name\":\"Sklep\",\"item\":\"https:\\\/\\\/avmax.pl\\\/sklep\\\/shop\\\/\"},{\"@type\":\"ListItem\",\"position\":3,\"name\":\"EB-PU2220B\"}]},{\"@type\":\"WebSite\",\"@id\":\"https:\\\/\\\/avmax.pl\\\/sklep\\\/#website\",\"url\":\"https:\\\/\\\/avmax.pl\\\/sklep\\\/\",\"name\":\"AVMAX - Sklep\",\"description\":\"\",\"publisher\":{\"@id\":\"https:\\\/\\\/avmax.pl\\\/sklep\\\/#organization\"},\"potentialAction\":[{\"@type\":\"SearchAction\",\"target\":{\"@type\":\"EntryPoint\",\"urlTemplate\":\"https:\\\/\\\/avmax.pl\\\/sklep\\\/?s={search_term_string}\"},\"query-input\":{\"@type\":\"PropertyValueSpecification\",\"valueRequired\":true,\"valueName\":\"search_term_string\"}}],\"inLanguage\":\"pl-PL\"},{\"@type\":\"Organization\",\"@id\":\"https:\\\/\\\/avmax.pl\\\/sklep\\\/#organization\",\"name\":\"AVMAX - Sklep\",\"url\":\"https:\\\/\\\/avmax.pl\\\/sklep\\\/\",\"logo\":{\"@type\":\"ImageObject\",\"inLanguage\":\"pl-PL\",\"@id\":\"https:\\\/\\\/avmax.pl\\\/sklep\\\/#\\\/schema\\\/logo\\\/image\\\/\",\"url\":\"https:\\\/\\\/avmax.pl\\\/sklep\\\/wp-content\\\/uploads\\\/2025\\\/11\\\/cropped-logo-avmax-2-3.webp\",\"contentUrl\":\"https:\\\/\\\/avmax.pl\\\/sklep\\\/wp-content\\\/uploads\\\/2025\\\/11\\\/cropped-logo-avmax-2-3.webp\",\"width\":1500,\"height\":600,\"caption\":\"AVMAX - Sklep\"},\"image\":{\"@id\":\"https:\\\/\\\/avmax.pl\\\/sklep\\\/#\\\/schema\\\/logo\\\/image\\\/\"}}]}<\/script>\n<!-- \/ Yoast SEO plugin. -->","yoast_head_json":{"title":"EB-PU2220B - AVMAX - Sklep","robots":{"index":"index","follow":"follow","max-snippet":"max-snippet:-1","max-image-preview":"max-image-preview:large","max-video-preview":"max-video-preview:-1"},"canonical":"https:\/\/avmax.pl\/sklep\/produkt\/eb-pu2220b\/","og_locale":"pl_PL","og_type":"article","og_title":"EB-PU2220B - AVMAX - Sklep","og_description":"Model EB-PU2220B to najmniejszy na \u015bwiecie projektor o jasno\u015bci 20\u00a0000\u00a0lumen\u00f3w1.   Ultralekki i kompaktowy Najmniejszy na \u015bwiecie projektor o jasno\u015bci 20\u00a0000\u00a0lumen\u00f3w1  Wy\u015bwietlanie doskona\u0142ej jako\u015bci obraz\u00f3w 20\u00a0000\u00a0lm, technologia optymalizacji 4K, rozdzielczo\u015b\u0107 WUXGA  Prosta obs\u0142uga Prosta instalacja, stacking, dowolno\u015b\u0107 doboru i sterowanie obiektyw\u00f3w  Bezobs\u0142ugowa niezawodno\u015b\u0107 w\u00a0dzia\u0142aniu Udoskonalona py\u0142oodporna konstrukcja z certyfikatem IP5X  Korzy\u015bci dla \u015brodowiska Ni\u017cszy pob\u00f3r mocy, mniejsze opakowanie, mniejsza waga","og_url":"https:\/\/avmax.pl\/sklep\/produkt\/eb-pu2220b\/","og_site_name":"AVMAX - Sklep","article_modified_time":"2026-01-12T13:44:25+00:00","og_image":[{"width":1000,"height":1000,"url":"https:\/\/avmax.pl\/sklep\/wp-content\/uploads\/2025\/12\/EB-PU2220B-1.webp","type":"image\/webp"}],"twitter_card":"summary_large_image","twitter_misc":{"Szacowany czas czytania":"2 minuty"},"schema":{"@context":"https:\/\/schema.org","@graph":[{"@type":"WebPage","@id":"https:\/\/avmax.pl\/sklep\/produkt\/eb-pu2220b\/","url":"https:\/\/avmax.pl\/sklep\/produkt\/eb-pu2220b\/","name":"EB-PU2220B - AVMAX - Sklep","isPartOf":{"@id":"https:\/\/avmax.pl\/sklep\/#website"},"primaryImageOfPage":{"@id":"https:\/\/avmax.pl\/sklep\/produkt\/eb-pu2220b\/#primaryimage"},"image":{"@id":"https:\/\/avmax.pl\/sklep\/produkt\/eb-pu2220b\/#primaryimage"},"thumbnailUrl":"https:\/\/avmax.pl\/sklep\/wp-content\/uploads\/2025\/12\/EB-PU2220B-1.webp","datePublished":"2025-12-11T18:11:45+00:00","dateModified":"2026-01-12T13:44:25+00:00","breadcrumb":{"@id":"https:\/\/avmax.pl\/sklep\/produkt\/eb-pu2220b\/#breadcrumb"},"inLanguage":"pl-PL","potentialAction":[{"@type":"ReadAction","target":["https:\/\/avmax.pl\/sklep\/produkt\/eb-pu2220b\/"]}]},{"@type":"ImageObject","inLanguage":"pl-PL","@id":"https:\/\/avmax.pl\/sklep\/produkt\/eb-pu2220b\/#primaryimage","url":"https:\/\/avmax.pl\/sklep\/wp-content\/uploads\/2025\/12\/EB-PU2220B-1.webp","contentUrl":"https:\/\/avmax.pl\/sklep\/wp-content\/uploads\/2025\/12\/EB-PU2220B-1.webp","width":1000,"height":1000},{"@type":"BreadcrumbList","@id":"https:\/\/avmax.pl\/sklep\/produkt\/eb-pu2220b\/#breadcrumb","itemListElement":[{"@type":"ListItem","position":1,"name":"Strona g\u0142\u00f3wna","item":"https:\/\/avmax.pl\/sklep\/"},{"@type":"ListItem","position":2,"name":"Sklep","item":"https:\/\/avmax.pl\/sklep\/shop\/"},{"@type":"ListItem","position":3,"name":"EB-PU2220B"}]},{"@type":"WebSite","@id":"https:\/\/avmax.pl\/sklep\/#website","url":"https:\/\/avmax.pl\/sklep\/","name":"AVMAX - Sklep","description":"","publisher":{"@id":"https:\/\/avmax.pl\/sklep\/#organization"},"potentialAction":[{"@type":"SearchAction","target":{"@type":"EntryPoint","urlTemplate":"https:\/\/avmax.pl\/sklep\/?s={search_term_string}"},"query-input":{"@type":"PropertyValueSpecification","valueRequired":true,"valueName":"search_term_string"}}],"inLanguage":"pl-PL"},{"@type":"Organization","@id":"https:\/\/avmax.pl\/sklep\/#organization","name":"AVMAX - Sklep","url":"https:\/\/avmax.pl\/sklep\/","logo":{"@type":"ImageObject","inLanguage":"pl-PL","@id":"https:\/\/avmax.pl\/sklep\/#\/schema\/logo\/image\/","url":"https:\/\/avmax.pl\/sklep\/wp-content\/uploads\/2025\/11\/cropped-logo-avmax-2-3.webp","contentUrl":"https:\/\/avmax.pl\/sklep\/wp-content\/uploads\/2025\/11\/cropped-logo-avmax-2-3.webp","width":1500,"height":600,"caption":"AVMAX - Sklep"},"image":{"@id":"https:\/\/avmax.pl\/sklep\/#\/schema\/logo\/image\/"}}]}},"_links":{"self":[{"href":"https:\/\/avmax.pl\/sklep\/wp-json\/wp\/v2\/product\/2521","targetHints":{"allow":["GET"]}}],"collection":[{"href":"https:\/\/avmax.pl\/sklep\/wp-json\/wp\/v2\/product"}],"about":[{"href":"https:\/\/avmax.pl\/sklep\/wp-json\/wp\/v2\/types\/product"}],"replies":[{"embeddable":true,"href":"https:\/\/avmax.pl\/sklep\/wp-json\/wp\/v2\/comments?post=2521"}],"version-history":[{"count":1,"href":"https:\/\/avmax.pl\/sklep\/wp-json\/wp\/v2\/product\/2521\/revisions"}],"predecessor-version":[{"id":2522,"href":"https:\/\/avmax.pl\/sklep\/wp-json\/wp\/v2\/product\/2521\/revisions\/2522"}],"wp:featuredmedia":[{"embeddable":true,"href":"https:\/\/avmax.pl\/sklep\/wp-json\/wp\/v2\/media\/2882"}],"wp:attachment":[{"href":"https:\/\/avmax.pl\/sklep\/wp-json\/wp\/v2\/media?parent=2521"}],"wp:term":[{"taxonomy":"product_brand","embeddable":true,"href":"https:\/\/avmax.pl\/sklep\/wp-json\/wp\/v2\/product_brand?post=2521"},{"taxonomy":"product_cat","embeddable":true,"href":"https:\/\/avmax.pl\/sklep\/wp-json\/wp\/v2\/product_cat?post=2521"},{"taxonomy":"product_tag","embeddable":true,"href":"https:\/\/avmax.pl\/sklep\/wp-json\/wp\/v2\/product_tag?post=2521"},{"taxonomy":"product_brands","embeddable":true,"href":"https:\/\/avmax.pl\/sklep\/wp-json\/wp\/v2\/product_brands?post=2521"}],"curies":[{"name":"wp","href":"https:\/\/api.w.org\/{rel}","templated":true}]}}