{"id":2564,"date":"2025-12-12T20:23:55","date_gmt":"2025-12-12T20:23:55","guid":{"rendered":"https:\/\/avmax.pl\/sklep\/?post_type=product&#038;p=2564"},"modified":"2026-03-20T12:48:51","modified_gmt":"2026-03-20T12:48:51","slug":"elpmb76-eb-pu1000-series-rama-do-stackingu-kopia","status":"publish","type":"product","link":"https:\/\/avmax.pl\/sklep\/produkt\/elpmb76-eb-pu1000-series-rama-do-stackingu-kopia\/","title":{"rendered":"ELPMB76 \u2013 EB-PU1000 Series &#8211; rama do stackingu"},"content":{"rendered":"<p>Epson ELPMB76 to spawana rama do stackingu i riggingu projektor\u00f3w, dedykowana serii EB-PU1000 oraz wybranym modelom EB-PU2010 i EB-PQ2008\/2010.<br \/>\nZosta\u0142a opracowana z my\u015bl\u0105 o instalacjach, w kt\u00f3rych projektory pracuj\u0105 w konfiguracjach wielourz\u0105dzeniowych \u2013 np. przy projekcjach o bardzo wysokiej jasno\u015bci, na du\u017cych ekranach, fasadach budynk\u00f3w czy w przestrzeniach eventowych.<\/p>\n<p>Rama ELPMB76 ma stalow\u0105, spawan\u0105 konstrukcj\u0119, kt\u00f3ra zapewnia sztywno\u015b\u0107 i ochron\u0119 projektora, a jednocze\u015bnie umo\u017cliwia stacking horyzontalny i wertykalny. Mo\u017ce by\u0107 montowana na suficie, \u015bcianie lub ustawiona na pod\u0142odze, co daje du\u017c\u0105 elastyczno\u015b\u0107 przy projektowaniu instalacji.<\/p>\n<p>Zgodnie z instrukcj\u0105 producenta, w konfiguracjach podwieszanych mo\u017cna zestackowa\u0107 dwie ramy jedna nad drug\u0105, natomiast w instalacjach pod\u0142ogowych \u2013 do trzech ram w stosie.<br \/>\nPozwala to budowa\u0107 bardzo jasne uk\u0142ady wieloprojektorowe oraz zapewnia redundancj\u0119 (w razie awarii jednego projektora instalacja nadal dzia\u0142a). Rama wspiera r\u00f3wnie\u017c projekcj\u0119 portretow\u0105 \u2013 po odpowiednim ustawieniu na pod\u0142odze z wykorzystaniem gwintowanych n\u00f3\u017cek oraz opcjonalnych akcesori\u00f3w Euromet \/ adaptera portretowego ELPMB78.<\/p>\n<p>Produkt ma wymiary 635 \u00d7 542 \u00d7 281 mm, mas\u0119 8,9 kg i certyfikowany maksymalny ud\u017awig 35 kg.<br \/>\nW po\u0142\u0105czeniu z projektorami laserowymi Epson EB-PU1006W, EB-PU1007B\/W, EB-PU1008B\/W oraz EB-PU2010B\/W pozwala tworzy\u0107 niezwykle wydajne, a jednocze\u015bnie bezpieczne i powtarzalne instalacje.<\/p>\n","protected":false},"excerpt":{"rendered":"<p>Epson ELPMB76 to profesjonalna, stalowa rama do stackingu projektor\u00f3w EB-PU1000 oraz wybranych modeli EB-PU2010 i EB-PQ2008\/2010. Umo\u017cliwia stacking horyzontalny i wertykalny, monta\u017c na suficie, \u015bcianie lub pod\u0142odze oraz konfiguracje z\u0142o\u017cone z kilku projektor\u00f3w. Certyfikowany ud\u017awig 35 kg i spawana konstrukcja gwarantuj\u0105 bezpiecze\u0144stwo oraz wysok\u0105 stabilno\u015b\u0107 w najbardziej wymagaj\u0105cych instalacjach.<\/p>\n<ul>\n<li>Kompatybilna z projektorami serii EB-PU1000, EB-PU2010 oraz EB-PQ2008\/2010<\/li>\n<li>Spawana, stalowa konstrukcja zapewniaj\u0105ca wysok\u0105 sztywno\u015b\u0107 i ochron\u0119 projektora<\/li>\n<li>Stacking horyzontalny i wertykalny, monta\u017c na suficie, \u015bcianie lub pod\u0142odze<\/li>\n<li>Mo\u017cliwo\u015b\u0107 zestackowania do 2 ram w konfiguracjach podwieszanych i do 3 na pod\u0142odze<\/li>\n<li>Certyfikowany ud\u017awig 35 kg, wymiary 635 \u00d7 542 \u00d7 281 mm, masa 8,9 kg<\/li>\n<\/ul>\n","protected":false},"featured_media":2912,"comment_status":"open","ping_status":"closed","template":"","meta":{"_bst_post_transparent":"default","_bst_post_title":"","_bst_post_layout":"default","_bst_post_sidebar_id":"","_bst_post_content_style":"default","_bst_post_vertical_padding":"default","_bst_post_feature":"","_bst_post_feature_position":"","_bst_post_header":false,"_bst_post_footer":false},"product_brand":[156],"product_cat":[143,144],"product_tag":[],"product_brands":[1010],"class_list":{"0":"post-2564","1":"product","2":"type-product","3":"status-publish","4":"has-post-thumbnail","6":"product_brand-epson","7":"product_cat-akcesoria-do-projektorow","8":"product_cat-uchwyt-sufitowy-scienny","9":"product_brands-epson","11":"first","12":"instock","13":"taxable","14":"shipping-taxable","15":"purchasable","16":"product-type-simple","17":"entry","18":"content-bg","19":"loop-entry"},"yoast_head":"<!-- This site is optimized with the Yoast SEO plugin v27.3 - https:\/\/yoast.com\/product\/yoast-seo-wordpress\/ -->\n<title>ELPMB76 \u2013 EB-PU1000 Series - rama do stackingu - AVMAX - Sklep<\/title>\n<meta name=\"robots\" content=\"index, follow, max-snippet:-1, max-image-preview:large, max-video-preview:-1\" \/>\n<link rel=\"canonical\" href=\"https:\/\/avmax.pl\/sklep\/produkt\/elpmb76-eb-pu1000-series-rama-do-stackingu-kopia\/\" \/>\n<meta property=\"og:locale\" content=\"pl_PL\" \/>\n<meta property=\"og:type\" content=\"article\" \/>\n<meta property=\"og:title\" content=\"ELPMB76 \u2013 EB-PU1000 Series - rama do stackingu - AVMAX - Sklep\" \/>\n<meta property=\"og:description\" content=\"Epson ELPMB76 to profesjonalna, stalowa rama do stackingu projektor\u00f3w EB-PU1000 oraz wybranych modeli EB-PU2010 i EB-PQ2008\/2010. Umo\u017cliwia stacking horyzontalny i wertykalny, monta\u017c na suficie, \u015bcianie lub pod\u0142odze oraz konfiguracje z\u0142o\u017cone z kilku projektor\u00f3w. Certyfikowany ud\u017awig 35 kg i spawana konstrukcja gwarantuj\u0105 bezpiecze\u0144stwo oraz wysok\u0105 stabilno\u015b\u0107 w najbardziej wymagaj\u0105cych instalacjach.   Kompatybilna z projektorami serii EB-PU1000, EB-PU2010 oraz EB-PQ2008\/2010  Spawana, stalowa konstrukcja zapewniaj\u0105ca wysok\u0105 sztywno\u015b\u0107 i ochron\u0119 projektora  Stacking horyzontalny i wertykalny, monta\u017c na suficie, \u015bcianie lub pod\u0142odze  Mo\u017cliwo\u015b\u0107 zestackowania do 2 ram w konfiguracjach podwieszanych i do 3 na pod\u0142odze  Certyfikowany ud\u017awig 35 kg, wymiary 635 \u00d7 542 \u00d7 281 mm, masa 8,9 kg\" \/>\n<meta property=\"og:url\" content=\"https:\/\/avmax.pl\/sklep\/produkt\/elpmb76-eb-pu1000-series-rama-do-stackingu-kopia\/\" \/>\n<meta property=\"og:site_name\" content=\"AVMAX - Sklep\" \/>\n<meta property=\"article:modified_time\" content=\"2026-03-20T12:48:51+00:00\" \/>\n<meta property=\"og:image\" content=\"https:\/\/avmax.pl\/sklep\/wp-content\/uploads\/2025\/12\/ELPMB76-1.webp\" \/>\n\t<meta property=\"og:image:width\" content=\"1000\" \/>\n\t<meta property=\"og:image:height\" content=\"1000\" \/>\n\t<meta property=\"og:image:type\" content=\"image\/webp\" \/>\n<meta name=\"twitter:card\" content=\"summary_large_image\" \/>\n<meta name=\"twitter:label1\" content=\"Szacowany czas czytania\" \/>\n\t<meta name=\"twitter:data1\" content=\"2 minuty\" \/>\n<script type=\"application\/ld+json\" class=\"yoast-schema-graph\">{\"@context\":\"https:\\\/\\\/schema.org\",\"@graph\":[{\"@type\":\"WebPage\",\"@id\":\"https:\\\/\\\/avmax.pl\\\/sklep\\\/produkt\\\/elpmb76-eb-pu1000-series-rama-do-stackingu-kopia\\\/\",\"url\":\"https:\\\/\\\/avmax.pl\\\/sklep\\\/produkt\\\/elpmb76-eb-pu1000-series-rama-do-stackingu-kopia\\\/\",\"name\":\"ELPMB76 \u2013 EB-PU1000 Series - rama do stackingu - AVMAX - Sklep\",\"isPartOf\":{\"@id\":\"https:\\\/\\\/avmax.pl\\\/sklep\\\/#website\"},\"primaryImageOfPage\":{\"@id\":\"https:\\\/\\\/avmax.pl\\\/sklep\\\/produkt\\\/elpmb76-eb-pu1000-series-rama-do-stackingu-kopia\\\/#primaryimage\"},\"image\":{\"@id\":\"https:\\\/\\\/avmax.pl\\\/sklep\\\/produkt\\\/elpmb76-eb-pu1000-series-rama-do-stackingu-kopia\\\/#primaryimage\"},\"thumbnailUrl\":\"https:\\\/\\\/avmax.pl\\\/sklep\\\/wp-content\\\/uploads\\\/2025\\\/12\\\/ELPMB76-1.webp\",\"datePublished\":\"2025-12-12T20:23:55+00:00\",\"dateModified\":\"2026-03-20T12:48:51+00:00\",\"breadcrumb\":{\"@id\":\"https:\\\/\\\/avmax.pl\\\/sklep\\\/produkt\\\/elpmb76-eb-pu1000-series-rama-do-stackingu-kopia\\\/#breadcrumb\"},\"inLanguage\":\"pl-PL\",\"potentialAction\":[{\"@type\":\"ReadAction\",\"target\":[\"https:\\\/\\\/avmax.pl\\\/sklep\\\/produkt\\\/elpmb76-eb-pu1000-series-rama-do-stackingu-kopia\\\/\"]}]},{\"@type\":\"ImageObject\",\"inLanguage\":\"pl-PL\",\"@id\":\"https:\\\/\\\/avmax.pl\\\/sklep\\\/produkt\\\/elpmb76-eb-pu1000-series-rama-do-stackingu-kopia\\\/#primaryimage\",\"url\":\"https:\\\/\\\/avmax.pl\\\/sklep\\\/wp-content\\\/uploads\\\/2025\\\/12\\\/ELPMB76-1.webp\",\"contentUrl\":\"https:\\\/\\\/avmax.pl\\\/sklep\\\/wp-content\\\/uploads\\\/2025\\\/12\\\/ELPMB76-1.webp\",\"width\":1000,\"height\":1000},{\"@type\":\"BreadcrumbList\",\"@id\":\"https:\\\/\\\/avmax.pl\\\/sklep\\\/produkt\\\/elpmb76-eb-pu1000-series-rama-do-stackingu-kopia\\\/#breadcrumb\",\"itemListElement\":[{\"@type\":\"ListItem\",\"position\":1,\"name\":\"Strona g\u0142\u00f3wna\",\"item\":\"https:\\\/\\\/avmax.pl\\\/sklep\\\/\"},{\"@type\":\"ListItem\",\"position\":2,\"name\":\"Sklep\",\"item\":\"https:\\\/\\\/avmax.pl\\\/sklep\\\/shop\\\/\"},{\"@type\":\"ListItem\",\"position\":3,\"name\":\"ELPMB76 \u2013 EB-PU1000 Series &#8211; rama do stackingu\"}]},{\"@type\":\"WebSite\",\"@id\":\"https:\\\/\\\/avmax.pl\\\/sklep\\\/#website\",\"url\":\"https:\\\/\\\/avmax.pl\\\/sklep\\\/\",\"name\":\"AVMAX - Sklep\",\"description\":\"\",\"publisher\":{\"@id\":\"https:\\\/\\\/avmax.pl\\\/sklep\\\/#organization\"},\"potentialAction\":[{\"@type\":\"SearchAction\",\"target\":{\"@type\":\"EntryPoint\",\"urlTemplate\":\"https:\\\/\\\/avmax.pl\\\/sklep\\\/?s={search_term_string}\"},\"query-input\":{\"@type\":\"PropertyValueSpecification\",\"valueRequired\":true,\"valueName\":\"search_term_string\"}}],\"inLanguage\":\"pl-PL\"},{\"@type\":\"Organization\",\"@id\":\"https:\\\/\\\/avmax.pl\\\/sklep\\\/#organization\",\"name\":\"AVMAX - Sklep\",\"url\":\"https:\\\/\\\/avmax.pl\\\/sklep\\\/\",\"logo\":{\"@type\":\"ImageObject\",\"inLanguage\":\"pl-PL\",\"@id\":\"https:\\\/\\\/avmax.pl\\\/sklep\\\/#\\\/schema\\\/logo\\\/image\\\/\",\"url\":\"https:\\\/\\\/avmax.pl\\\/sklep\\\/wp-content\\\/uploads\\\/2025\\\/11\\\/cropped-logo-avmax-2-3.webp\",\"contentUrl\":\"https:\\\/\\\/avmax.pl\\\/sklep\\\/wp-content\\\/uploads\\\/2025\\\/11\\\/cropped-logo-avmax-2-3.webp\",\"width\":1500,\"height\":600,\"caption\":\"AVMAX - Sklep\"},\"image\":{\"@id\":\"https:\\\/\\\/avmax.pl\\\/sklep\\\/#\\\/schema\\\/logo\\\/image\\\/\"}}]}<\/script>\n<!-- \/ Yoast SEO plugin. -->","yoast_head_json":{"title":"ELPMB76 \u2013 EB-PU1000 Series - rama do stackingu - AVMAX - Sklep","robots":{"index":"index","follow":"follow","max-snippet":"max-snippet:-1","max-image-preview":"max-image-preview:large","max-video-preview":"max-video-preview:-1"},"canonical":"https:\/\/avmax.pl\/sklep\/produkt\/elpmb76-eb-pu1000-series-rama-do-stackingu-kopia\/","og_locale":"pl_PL","og_type":"article","og_title":"ELPMB76 \u2013 EB-PU1000 Series - rama do stackingu - AVMAX - Sklep","og_description":"Epson ELPMB76 to profesjonalna, stalowa rama do stackingu projektor\u00f3w EB-PU1000 oraz wybranych modeli EB-PU2010 i EB-PQ2008\/2010. Umo\u017cliwia stacking horyzontalny i wertykalny, monta\u017c na suficie, \u015bcianie lub pod\u0142odze oraz konfiguracje z\u0142o\u017cone z kilku projektor\u00f3w. Certyfikowany ud\u017awig 35 kg i spawana konstrukcja gwarantuj\u0105 bezpiecze\u0144stwo oraz wysok\u0105 stabilno\u015b\u0107 w najbardziej wymagaj\u0105cych instalacjach.   Kompatybilna z projektorami serii EB-PU1000, EB-PU2010 oraz EB-PQ2008\/2010  Spawana, stalowa konstrukcja zapewniaj\u0105ca wysok\u0105 sztywno\u015b\u0107 i ochron\u0119 projektora  Stacking horyzontalny i wertykalny, monta\u017c na suficie, \u015bcianie lub pod\u0142odze  Mo\u017cliwo\u015b\u0107 zestackowania do 2 ram w konfiguracjach podwieszanych i do 3 na pod\u0142odze  Certyfikowany ud\u017awig 35 kg, wymiary 635 \u00d7 542 \u00d7 281 mm, masa 8,9 kg","og_url":"https:\/\/avmax.pl\/sklep\/produkt\/elpmb76-eb-pu1000-series-rama-do-stackingu-kopia\/","og_site_name":"AVMAX - Sklep","article_modified_time":"2026-03-20T12:48:51+00:00","og_image":[{"width":1000,"height":1000,"url":"https:\/\/avmax.pl\/sklep\/wp-content\/uploads\/2025\/12\/ELPMB76-1.webp","type":"image\/webp"}],"twitter_card":"summary_large_image","twitter_misc":{"Szacowany czas czytania":"2 minuty"},"schema":{"@context":"https:\/\/schema.org","@graph":[{"@type":"WebPage","@id":"https:\/\/avmax.pl\/sklep\/produkt\/elpmb76-eb-pu1000-series-rama-do-stackingu-kopia\/","url":"https:\/\/avmax.pl\/sklep\/produkt\/elpmb76-eb-pu1000-series-rama-do-stackingu-kopia\/","name":"ELPMB76 \u2013 EB-PU1000 Series - rama do stackingu - AVMAX - Sklep","isPartOf":{"@id":"https:\/\/avmax.pl\/sklep\/#website"},"primaryImageOfPage":{"@id":"https:\/\/avmax.pl\/sklep\/produkt\/elpmb76-eb-pu1000-series-rama-do-stackingu-kopia\/#primaryimage"},"image":{"@id":"https:\/\/avmax.pl\/sklep\/produkt\/elpmb76-eb-pu1000-series-rama-do-stackingu-kopia\/#primaryimage"},"thumbnailUrl":"https:\/\/avmax.pl\/sklep\/wp-content\/uploads\/2025\/12\/ELPMB76-1.webp","datePublished":"2025-12-12T20:23:55+00:00","dateModified":"2026-03-20T12:48:51+00:00","breadcrumb":{"@id":"https:\/\/avmax.pl\/sklep\/produkt\/elpmb76-eb-pu1000-series-rama-do-stackingu-kopia\/#breadcrumb"},"inLanguage":"pl-PL","potentialAction":[{"@type":"ReadAction","target":["https:\/\/avmax.pl\/sklep\/produkt\/elpmb76-eb-pu1000-series-rama-do-stackingu-kopia\/"]}]},{"@type":"ImageObject","inLanguage":"pl-PL","@id":"https:\/\/avmax.pl\/sklep\/produkt\/elpmb76-eb-pu1000-series-rama-do-stackingu-kopia\/#primaryimage","url":"https:\/\/avmax.pl\/sklep\/wp-content\/uploads\/2025\/12\/ELPMB76-1.webp","contentUrl":"https:\/\/avmax.pl\/sklep\/wp-content\/uploads\/2025\/12\/ELPMB76-1.webp","width":1000,"height":1000},{"@type":"BreadcrumbList","@id":"https:\/\/avmax.pl\/sklep\/produkt\/elpmb76-eb-pu1000-series-rama-do-stackingu-kopia\/#breadcrumb","itemListElement":[{"@type":"ListItem","position":1,"name":"Strona g\u0142\u00f3wna","item":"https:\/\/avmax.pl\/sklep\/"},{"@type":"ListItem","position":2,"name":"Sklep","item":"https:\/\/avmax.pl\/sklep\/shop\/"},{"@type":"ListItem","position":3,"name":"ELPMB76 \u2013 EB-PU1000 Series &#8211; rama do stackingu"}]},{"@type":"WebSite","@id":"https:\/\/avmax.pl\/sklep\/#website","url":"https:\/\/avmax.pl\/sklep\/","name":"AVMAX - Sklep","description":"","publisher":{"@id":"https:\/\/avmax.pl\/sklep\/#organization"},"potentialAction":[{"@type":"SearchAction","target":{"@type":"EntryPoint","urlTemplate":"https:\/\/avmax.pl\/sklep\/?s={search_term_string}"},"query-input":{"@type":"PropertyValueSpecification","valueRequired":true,"valueName":"search_term_string"}}],"inLanguage":"pl-PL"},{"@type":"Organization","@id":"https:\/\/avmax.pl\/sklep\/#organization","name":"AVMAX - Sklep","url":"https:\/\/avmax.pl\/sklep\/","logo":{"@type":"ImageObject","inLanguage":"pl-PL","@id":"https:\/\/avmax.pl\/sklep\/#\/schema\/logo\/image\/","url":"https:\/\/avmax.pl\/sklep\/wp-content\/uploads\/2025\/11\/cropped-logo-avmax-2-3.webp","contentUrl":"https:\/\/avmax.pl\/sklep\/wp-content\/uploads\/2025\/11\/cropped-logo-avmax-2-3.webp","width":1500,"height":600,"caption":"AVMAX - Sklep"},"image":{"@id":"https:\/\/avmax.pl\/sklep\/#\/schema\/logo\/image\/"}}]}},"_links":{"self":[{"href":"https:\/\/avmax.pl\/sklep\/wp-json\/wp\/v2\/product\/2564","targetHints":{"allow":["GET"]}}],"collection":[{"href":"https:\/\/avmax.pl\/sklep\/wp-json\/wp\/v2\/product"}],"about":[{"href":"https:\/\/avmax.pl\/sklep\/wp-json\/wp\/v2\/types\/product"}],"replies":[{"embeddable":true,"href":"https:\/\/avmax.pl\/sklep\/wp-json\/wp\/v2\/comments?post=2564"}],"version-history":[{"count":3,"href":"https:\/\/avmax.pl\/sklep\/wp-json\/wp\/v2\/product\/2564\/revisions"}],"predecessor-version":[{"id":2905,"href":"https:\/\/avmax.pl\/sklep\/wp-json\/wp\/v2\/product\/2564\/revisions\/2905"}],"wp:featuredmedia":[{"embeddable":true,"href":"https:\/\/avmax.pl\/sklep\/wp-json\/wp\/v2\/media\/2912"}],"wp:attachment":[{"href":"https:\/\/avmax.pl\/sklep\/wp-json\/wp\/v2\/media?parent=2564"}],"wp:term":[{"taxonomy":"product_brand","embeddable":true,"href":"https:\/\/avmax.pl\/sklep\/wp-json\/wp\/v2\/product_brand?post=2564"},{"taxonomy":"product_cat","embeddable":true,"href":"https:\/\/avmax.pl\/sklep\/wp-json\/wp\/v2\/product_cat?post=2564"},{"taxonomy":"product_tag","embeddable":true,"href":"https:\/\/avmax.pl\/sklep\/wp-json\/wp\/v2\/product_tag?post=2564"},{"taxonomy":"product_brands","embeddable":true,"href":"https:\/\/avmax.pl\/sklep\/wp-json\/wp\/v2\/product_brands?post=2564"}],"curies":[{"name":"wp","href":"https:\/\/api.w.org\/{rel}","templated":true}]}}