{"id":2638,"date":"2025-12-13T12:39:25","date_gmt":"2025-12-13T12:39:25","guid":{"rendered":"https:\/\/avmax.pl\/sklep\/?post_type=product&#038;p=2638"},"modified":"2026-04-13T12:36:23","modified_gmt":"2026-04-13T12:36:23","slug":"eh-qb1000w","status":"publish","type":"product","link":"https:\/\/avmax.pl\/sklep\/produkt\/eh-qb1000w\/","title":{"rendered":"EH-QB1000W"},"content":{"rendered":"<p><strong>Doskona\u0142a domowa rozrywka w ka\u017cdej przestrzeni<\/strong><br \/>\nZanurz si\u0119 we wra\u017ceniach z du\u017cego ekranu, kt\u00f3re przenosz\u0105 domow\u0105 rozrywk\u0119 na wy\u017cszy poziom. Ten najnowocze\u015bniejszy projektor firmy Epson \u0142\u0105czy w sobie szereg unikalnych technologii, zapewniaj\u0105c nowy standard w zakresie jasno\u015bci i jako\u015bci obrazu o jasno\u015bci do 3 300 lumen\u00f3w, i zapewnia wyj\u0105tkow\u0105 jako\u015b\u0107 w ka\u017cdym pomieszczeniu \u2013 niezale\u017cnie od tego, czy jest to dedykowana przestrze\u0144 multimedialna, czy dobrze o\u015bwietlona przestrze\u0144 mieszkalna. Niezale\u017cnie od tego, czy interesuj\u0105 Ci\u0119 filmy, sport czy gry \u2013 EH-QB1000W zapewnia zupe\u0142nie nowy wymiar przyjemno\u015bci.<\/p>\n<p><strong>Technologia 3LCD zapewniaj\u0105ca ultrawysok\u0105 jako\u015b\u0107 obrazu<\/strong><br \/>\nZbudowany na bazie zaawansowanej technologii laserowej 3LCD firmy Epson model EH-QB1000W zapewnia osza\u0142amiaj\u0105c\u0105 przejrzysto\u015b\u0107 i ostro\u015b\u0107 ekranu o przek\u0105tnej do 300 cali z obrazami w superrozdzielczo\u015bci 4K (3840 \u00d7 2160). Dzi\u0119ki dynamicznemu wsp\u00f3\u0142czynnikowi kontrastu wynosz\u0105cemu 5 000 000:1, kt\u00f3ry zapewnia dobrze zdefiniowane cienie i jeszcze g\u0142\u0119bsz\u0105 czer\u0144, ten profesjonalny projektor do domu oferuje r\u00f3wnie\u017c ulepszon\u0105 interpolacj\u0119 klatek, co zapewnia p\u0142ynny obraz, i cztery tryby kolor\u00f3w, umo\u017cliwiaj\u0105c \u0142atw\u0105 optymalizacj\u0119 w r\u00f3\u017cnych \u015brodowiskach wy\u015bwietlania.<\/p>\n<p><strong>Zaawansowane funkcje zapewniaj\u0105ce doskona\u0142\u0105 wszechstronno\u015b\u0107<\/strong><br \/>\nDzi\u0119ki zaawansowanym funkcjom, takim jak dynamiczne mapowanie tonu, kt\u00f3re poprawia jako\u015b\u0107 obrazu klatka po klatce, oraz standardowi HDR10+, kt\u00f3ry zapewnia \u017cywsze i realistyczne kolory, EH-QB1000W gwarantuje doskona\u0142e wra\u017cenia zar\u00f3wno w przypadku film\u00f3w, jak i rozgrywek sportowych. Ale niesamowita wszechstronno\u015b\u0107 tego prze\u0142omowego projektora na tym si\u0119 nie ko\u0144czy. Dzi\u0119ki \u0142\u0105czno\u015bci HDMI 2.1, od\u015bwie\u017caniu 4K\/120 Hz i trybowi automatycznego niskiego op\u00f3\u017anienia oferuje r\u00f3wnie\u017c niezwykle p\u0142ynn\u0105 gr\u0119 dla wielbicieli gamingu.<\/p>\n<p><strong>Doskona\u0142a elastyczno\u015b\u0107 pozycjonowania i \u0142atwe zarz\u0105dzanie<\/strong><br \/>\nModel EH-QB1000W wyposa\u017cony jest w mechanizm przesuni\u0119cia obiektywu o du\u017cym zasi\u0119gu, a tak\u017ce w funkcj\u0119 zmotoryzowanego zoomu i fokusa, co zapewnia wyj\u0105tkow\u0105 elastyczno\u015b\u0107 pozycjonowania \u2013 dzi\u0119ki czemu nie musisz si\u0119 martwi\u0107 o instalacj\u0119 w salonie. Ponadto dzi\u0119ki zintegrowanej obs\u0142udze Crestron, Control4 i RS232C \/ przewodowej sieci LAN mo\u017cna go \u0142atwo zintegrowa\u0107 z sieci\u0105 inteligentnego domu, co zapewnia jeszcze wi\u0119kszy komfort ogl\u0105dania.<\/p>\n","protected":false},"excerpt":{"rendered":"<p>Wyposa\u017cony w laserowe \u017ar\u00f3d\u0142o \u015bwiat\u0142a 3LCD firmy Epson model EH-QB1000W to ekscytuj\u0105cy dodatek do profesjonalnych projektor\u00f3w domowych.<\/p>\n<ul>\n<li><strong>Doskona\u0142a domowa rozrywka<\/strong><br \/>\nNajnowocze\u015bniejsza technologia wielkoekranowa, idealna do film\u00f3w, sportu i gier w jasnym \u015brodowisku<\/li>\n<li><strong>Jasne obrazy do 300 cali<\/strong><br \/>\n\u0179r\u00f3d\u0142o lasera 3LCD, 3 300 lm, 4K (piksele 8,3 m), idealne do pracy w ka\u017cdej jasnej przestrzeni<\/li>\n<li><strong>Funkcje zaawansowane<\/strong><br \/>\nInterpolacja klatek 4K, HDR10+, 4K\/120 Hz i automatyczny tryb niskiego op\u00f3\u017anienia<\/li>\n<li><strong>\u0141atwe instalacja i obs\u0142uga<\/strong><br \/>\nElastyczne pozycjonowanie, zoom i fokus z nap\u0119dem<\/li>\n<li><strong>Wygodne zarz\u0105dzanie<\/strong><br \/>\nPe\u0142na kontrola IP dzi\u0119ki Crestron, Control4 i \u0142\u0105czno\u015bci przewodowej LAN<\/li>\n<\/ul>\n","protected":false},"featured_media":2951,"comment_status":"open","ping_status":"closed","template":"","meta":{"_bst_post_transparent":"default","_bst_post_title":"","_bst_post_layout":"default","_bst_post_sidebar_id":"","_bst_post_content_style":"default","_bst_post_vertical_padding":"default","_bst_post_feature":"","_bst_post_feature_position":"","_bst_post_header":false,"_bst_post_footer":false},"product_brand":[156],"product_cat":[137],"product_tag":[],"product_brands":[1010],"class_list":{"0":"post-2638","1":"product","2":"type-product","3":"status-publish","4":"has-post-thumbnail","6":"product_brand-epson","7":"product_cat-projektory","8":"product_brands-epson","10":"first","11":"instock","12":"taxable","13":"shipping-taxable","14":"purchasable","15":"product-type-simple","16":"entry","17":"content-bg","18":"loop-entry"},"yoast_head":"<!-- This site is optimized with the Yoast SEO plugin v27.3 - https:\/\/yoast.com\/product\/yoast-seo-wordpress\/ -->\n<title>EH-QB1000W - AVMAX - Sklep<\/title>\n<meta name=\"robots\" content=\"index, follow, max-snippet:-1, max-image-preview:large, max-video-preview:-1\" \/>\n<link rel=\"canonical\" href=\"https:\/\/avmax.pl\/sklep\/produkt\/eh-qb1000w\/\" \/>\n<meta property=\"og:locale\" content=\"pl_PL\" \/>\n<meta property=\"og:type\" content=\"article\" \/>\n<meta property=\"og:title\" content=\"EH-QB1000W - AVMAX - Sklep\" \/>\n<meta property=\"og:description\" content=\"Wyposa\u017cony w laserowe \u017ar\u00f3d\u0142o \u015bwiat\u0142a 3LCD firmy Epson model EH-QB1000W to ekscytuj\u0105cy dodatek do profesjonalnych projektor\u00f3w domowych.   Doskona\u0142a domowa rozrywka Najnowocze\u015bniejsza technologia wielkoekranowa, idealna do film\u00f3w, sportu i gier w jasnym \u015brodowisku  Jasne obrazy do 300 cali \u0179r\u00f3d\u0142o lasera 3LCD, 3 300 lm, 4K (piksele 8,3 m), idealne do pracy w ka\u017cdej jasnej przestrzeni  Funkcje zaawansowane Interpolacja klatek 4K, HDR10+, 4K\/120 Hz i automatyczny tryb niskiego op\u00f3\u017anienia  \u0141atwe instalacja i obs\u0142uga Elastyczne pozycjonowanie, zoom i fokus z nap\u0119dem  Wygodne zarz\u0105dzanie Pe\u0142na kontrola IP dzi\u0119ki Crestron, Control4 i \u0142\u0105czno\u015bci przewodowej LAN\" \/>\n<meta property=\"og:url\" content=\"https:\/\/avmax.pl\/sklep\/produkt\/eh-qb1000w\/\" \/>\n<meta property=\"og:site_name\" content=\"AVMAX - Sklep\" \/>\n<meta property=\"article:modified_time\" content=\"2026-04-13T12:36:23+00:00\" \/>\n<meta property=\"og:image\" content=\"https:\/\/avmax.pl\/sklep\/wp-content\/uploads\/2025\/12\/EH-QB1000B-1-1.webp\" \/>\n\t<meta property=\"og:image:width\" content=\"1000\" \/>\n\t<meta property=\"og:image:height\" content=\"1000\" \/>\n\t<meta property=\"og:image:type\" content=\"image\/webp\" \/>\n<meta name=\"twitter:card\" content=\"summary_large_image\" \/>\n<meta name=\"twitter:label1\" content=\"Szacowany czas czytania\" \/>\n\t<meta name=\"twitter:data1\" content=\"2 minuty\" \/>\n<script type=\"application\/ld+json\" class=\"yoast-schema-graph\">{\"@context\":\"https:\\\/\\\/schema.org\",\"@graph\":[{\"@type\":\"WebPage\",\"@id\":\"https:\\\/\\\/avmax.pl\\\/sklep\\\/produkt\\\/eh-qb1000w\\\/\",\"url\":\"https:\\\/\\\/avmax.pl\\\/sklep\\\/produkt\\\/eh-qb1000w\\\/\",\"name\":\"EH-QB1000W - AVMAX - Sklep\",\"isPartOf\":{\"@id\":\"https:\\\/\\\/avmax.pl\\\/sklep\\\/#website\"},\"primaryImageOfPage\":{\"@id\":\"https:\\\/\\\/avmax.pl\\\/sklep\\\/produkt\\\/eh-qb1000w\\\/#primaryimage\"},\"image\":{\"@id\":\"https:\\\/\\\/avmax.pl\\\/sklep\\\/produkt\\\/eh-qb1000w\\\/#primaryimage\"},\"thumbnailUrl\":\"https:\\\/\\\/avmax.pl\\\/sklep\\\/wp-content\\\/uploads\\\/2025\\\/12\\\/EH-QB1000B-1-1.webp\",\"datePublished\":\"2025-12-13T12:39:25+00:00\",\"dateModified\":\"2026-04-13T12:36:23+00:00\",\"breadcrumb\":{\"@id\":\"https:\\\/\\\/avmax.pl\\\/sklep\\\/produkt\\\/eh-qb1000w\\\/#breadcrumb\"},\"inLanguage\":\"pl-PL\",\"potentialAction\":[{\"@type\":\"ReadAction\",\"target\":[\"https:\\\/\\\/avmax.pl\\\/sklep\\\/produkt\\\/eh-qb1000w\\\/\"]}]},{\"@type\":\"ImageObject\",\"inLanguage\":\"pl-PL\",\"@id\":\"https:\\\/\\\/avmax.pl\\\/sklep\\\/produkt\\\/eh-qb1000w\\\/#primaryimage\",\"url\":\"https:\\\/\\\/avmax.pl\\\/sklep\\\/wp-content\\\/uploads\\\/2025\\\/12\\\/EH-QB1000B-1-1.webp\",\"contentUrl\":\"https:\\\/\\\/avmax.pl\\\/sklep\\\/wp-content\\\/uploads\\\/2025\\\/12\\\/EH-QB1000B-1-1.webp\",\"width\":1000,\"height\":1000},{\"@type\":\"BreadcrumbList\",\"@id\":\"https:\\\/\\\/avmax.pl\\\/sklep\\\/produkt\\\/eh-qb1000w\\\/#breadcrumb\",\"itemListElement\":[{\"@type\":\"ListItem\",\"position\":1,\"name\":\"Strona g\u0142\u00f3wna\",\"item\":\"https:\\\/\\\/avmax.pl\\\/sklep\\\/\"},{\"@type\":\"ListItem\",\"position\":2,\"name\":\"Sklep\",\"item\":\"https:\\\/\\\/avmax.pl\\\/sklep\\\/shop\\\/\"},{\"@type\":\"ListItem\",\"position\":3,\"name\":\"EH-QB1000W\"}]},{\"@type\":\"WebSite\",\"@id\":\"https:\\\/\\\/avmax.pl\\\/sklep\\\/#website\",\"url\":\"https:\\\/\\\/avmax.pl\\\/sklep\\\/\",\"name\":\"AVMAX - Sklep\",\"description\":\"\",\"publisher\":{\"@id\":\"https:\\\/\\\/avmax.pl\\\/sklep\\\/#organization\"},\"potentialAction\":[{\"@type\":\"SearchAction\",\"target\":{\"@type\":\"EntryPoint\",\"urlTemplate\":\"https:\\\/\\\/avmax.pl\\\/sklep\\\/?s={search_term_string}\"},\"query-input\":{\"@type\":\"PropertyValueSpecification\",\"valueRequired\":true,\"valueName\":\"search_term_string\"}}],\"inLanguage\":\"pl-PL\"},{\"@type\":\"Organization\",\"@id\":\"https:\\\/\\\/avmax.pl\\\/sklep\\\/#organization\",\"name\":\"AVMAX - Sklep\",\"url\":\"https:\\\/\\\/avmax.pl\\\/sklep\\\/\",\"logo\":{\"@type\":\"ImageObject\",\"inLanguage\":\"pl-PL\",\"@id\":\"https:\\\/\\\/avmax.pl\\\/sklep\\\/#\\\/schema\\\/logo\\\/image\\\/\",\"url\":\"https:\\\/\\\/avmax.pl\\\/sklep\\\/wp-content\\\/uploads\\\/2025\\\/11\\\/cropped-logo-avmax-2-3.webp\",\"contentUrl\":\"https:\\\/\\\/avmax.pl\\\/sklep\\\/wp-content\\\/uploads\\\/2025\\\/11\\\/cropped-logo-avmax-2-3.webp\",\"width\":1500,\"height\":600,\"caption\":\"AVMAX - Sklep\"},\"image\":{\"@id\":\"https:\\\/\\\/avmax.pl\\\/sklep\\\/#\\\/schema\\\/logo\\\/image\\\/\"}}]}<\/script>\n<!-- \/ Yoast SEO plugin. -->","yoast_head_json":{"title":"EH-QB1000W - AVMAX - Sklep","robots":{"index":"index","follow":"follow","max-snippet":"max-snippet:-1","max-image-preview":"max-image-preview:large","max-video-preview":"max-video-preview:-1"},"canonical":"https:\/\/avmax.pl\/sklep\/produkt\/eh-qb1000w\/","og_locale":"pl_PL","og_type":"article","og_title":"EH-QB1000W - AVMAX - Sklep","og_description":"Wyposa\u017cony w laserowe \u017ar\u00f3d\u0142o \u015bwiat\u0142a 3LCD firmy Epson model EH-QB1000W to ekscytuj\u0105cy dodatek do profesjonalnych projektor\u00f3w domowych.   Doskona\u0142a domowa rozrywka Najnowocze\u015bniejsza technologia wielkoekranowa, idealna do film\u00f3w, sportu i gier w jasnym \u015brodowisku  Jasne obrazy do 300 cali \u0179r\u00f3d\u0142o lasera 3LCD, 3 300 lm, 4K (piksele 8,3 m), idealne do pracy w ka\u017cdej jasnej przestrzeni  Funkcje zaawansowane Interpolacja klatek 4K, HDR10+, 4K\/120 Hz i automatyczny tryb niskiego op\u00f3\u017anienia  \u0141atwe instalacja i obs\u0142uga Elastyczne pozycjonowanie, zoom i fokus z nap\u0119dem  Wygodne zarz\u0105dzanie Pe\u0142na kontrola IP dzi\u0119ki Crestron, Control4 i \u0142\u0105czno\u015bci przewodowej LAN","og_url":"https:\/\/avmax.pl\/sklep\/produkt\/eh-qb1000w\/","og_site_name":"AVMAX - Sklep","article_modified_time":"2026-04-13T12:36:23+00:00","og_image":[{"width":1000,"height":1000,"url":"https:\/\/avmax.pl\/sklep\/wp-content\/uploads\/2025\/12\/EH-QB1000B-1-1.webp","type":"image\/webp"}],"twitter_card":"summary_large_image","twitter_misc":{"Szacowany czas czytania":"2 minuty"},"schema":{"@context":"https:\/\/schema.org","@graph":[{"@type":"WebPage","@id":"https:\/\/avmax.pl\/sklep\/produkt\/eh-qb1000w\/","url":"https:\/\/avmax.pl\/sklep\/produkt\/eh-qb1000w\/","name":"EH-QB1000W - AVMAX - Sklep","isPartOf":{"@id":"https:\/\/avmax.pl\/sklep\/#website"},"primaryImageOfPage":{"@id":"https:\/\/avmax.pl\/sklep\/produkt\/eh-qb1000w\/#primaryimage"},"image":{"@id":"https:\/\/avmax.pl\/sklep\/produkt\/eh-qb1000w\/#primaryimage"},"thumbnailUrl":"https:\/\/avmax.pl\/sklep\/wp-content\/uploads\/2025\/12\/EH-QB1000B-1-1.webp","datePublished":"2025-12-13T12:39:25+00:00","dateModified":"2026-04-13T12:36:23+00:00","breadcrumb":{"@id":"https:\/\/avmax.pl\/sklep\/produkt\/eh-qb1000w\/#breadcrumb"},"inLanguage":"pl-PL","potentialAction":[{"@type":"ReadAction","target":["https:\/\/avmax.pl\/sklep\/produkt\/eh-qb1000w\/"]}]},{"@type":"ImageObject","inLanguage":"pl-PL","@id":"https:\/\/avmax.pl\/sklep\/produkt\/eh-qb1000w\/#primaryimage","url":"https:\/\/avmax.pl\/sklep\/wp-content\/uploads\/2025\/12\/EH-QB1000B-1-1.webp","contentUrl":"https:\/\/avmax.pl\/sklep\/wp-content\/uploads\/2025\/12\/EH-QB1000B-1-1.webp","width":1000,"height":1000},{"@type":"BreadcrumbList","@id":"https:\/\/avmax.pl\/sklep\/produkt\/eh-qb1000w\/#breadcrumb","itemListElement":[{"@type":"ListItem","position":1,"name":"Strona g\u0142\u00f3wna","item":"https:\/\/avmax.pl\/sklep\/"},{"@type":"ListItem","position":2,"name":"Sklep","item":"https:\/\/avmax.pl\/sklep\/shop\/"},{"@type":"ListItem","position":3,"name":"EH-QB1000W"}]},{"@type":"WebSite","@id":"https:\/\/avmax.pl\/sklep\/#website","url":"https:\/\/avmax.pl\/sklep\/","name":"AVMAX - Sklep","description":"","publisher":{"@id":"https:\/\/avmax.pl\/sklep\/#organization"},"potentialAction":[{"@type":"SearchAction","target":{"@type":"EntryPoint","urlTemplate":"https:\/\/avmax.pl\/sklep\/?s={search_term_string}"},"query-input":{"@type":"PropertyValueSpecification","valueRequired":true,"valueName":"search_term_string"}}],"inLanguage":"pl-PL"},{"@type":"Organization","@id":"https:\/\/avmax.pl\/sklep\/#organization","name":"AVMAX - Sklep","url":"https:\/\/avmax.pl\/sklep\/","logo":{"@type":"ImageObject","inLanguage":"pl-PL","@id":"https:\/\/avmax.pl\/sklep\/#\/schema\/logo\/image\/","url":"https:\/\/avmax.pl\/sklep\/wp-content\/uploads\/2025\/11\/cropped-logo-avmax-2-3.webp","contentUrl":"https:\/\/avmax.pl\/sklep\/wp-content\/uploads\/2025\/11\/cropped-logo-avmax-2-3.webp","width":1500,"height":600,"caption":"AVMAX - Sklep"},"image":{"@id":"https:\/\/avmax.pl\/sklep\/#\/schema\/logo\/image\/"}}]}},"_links":{"self":[{"href":"https:\/\/avmax.pl\/sklep\/wp-json\/wp\/v2\/product\/2638","targetHints":{"allow":["GET"]}}],"collection":[{"href":"https:\/\/avmax.pl\/sklep\/wp-json\/wp\/v2\/product"}],"about":[{"href":"https:\/\/avmax.pl\/sklep\/wp-json\/wp\/v2\/types\/product"}],"replies":[{"embeddable":true,"href":"https:\/\/avmax.pl\/sklep\/wp-json\/wp\/v2\/comments?post=2638"}],"version-history":[{"count":2,"href":"https:\/\/avmax.pl\/sklep\/wp-json\/wp\/v2\/product\/2638\/revisions"}],"predecessor-version":[{"id":2950,"href":"https:\/\/avmax.pl\/sklep\/wp-json\/wp\/v2\/product\/2638\/revisions\/2950"}],"wp:featuredmedia":[{"embeddable":true,"href":"https:\/\/avmax.pl\/sklep\/wp-json\/wp\/v2\/media\/2951"}],"wp:attachment":[{"href":"https:\/\/avmax.pl\/sklep\/wp-json\/wp\/v2\/media?parent=2638"}],"wp:term":[{"taxonomy":"product_brand","embeddable":true,"href":"https:\/\/avmax.pl\/sklep\/wp-json\/wp\/v2\/product_brand?post=2638"},{"taxonomy":"product_cat","embeddable":true,"href":"https:\/\/avmax.pl\/sklep\/wp-json\/wp\/v2\/product_cat?post=2638"},{"taxonomy":"product_tag","embeddable":true,"href":"https:\/\/avmax.pl\/sklep\/wp-json\/wp\/v2\/product_tag?post=2638"},{"taxonomy":"product_brands","embeddable":true,"href":"https:\/\/avmax.pl\/sklep\/wp-json\/wp\/v2\/product_brands?post=2638"}],"curies":[{"name":"wp","href":"https:\/\/api.w.org\/{rel}","templated":true}]}}