{"id":2642,"date":"2025-12-13T12:49:13","date_gmt":"2025-12-13T12:49:13","guid":{"rendered":"https:\/\/avmax.pl\/sklep\/?post_type=product&#038;p=2642"},"modified":"2026-03-20T12:45:41","modified_gmt":"2026-03-20T12:45:41","slug":"eh-qs100w","status":"publish","type":"product","link":"https:\/\/avmax.pl\/sklep\/produkt\/eh-qs100w\/","title":{"rendered":"EH-QS100W"},"content":{"rendered":"<p><strong>Superkr\u00f3tki rzut zapewnia wyj\u0105tkow\u0105 wszechstronno\u015b\u0107<\/strong><br \/>\nProjektor EH-QS100W o superkr\u00f3tkim rzucie pozwala wy\u015bwietla\u0107 obrazy do 160 cali przy minimalnym zapotrzebowaniu na przestrze\u0144, a jego wsp\u00f3\u0142czynnik rzutu 0,16 umo\u017cliwia elastyczn\u0105 instalacj\u0119 w salonach i innych pomieszczeniach multimedialnych bez skomplikowanego monta\u017cu lub konieczno\u015bci uzyskania odpowiednio du\u017cej odleg\u0142o\u015bci od powierzchni wy\u015bwietlania, dlatego spokojnie mo\u017ce zast\u0105pi\u0107 telewizor. Superkr\u00f3tki rzut projektora eliminuje r\u00f3wnie\u017c cienie, dzi\u0119ki czemu doskonale sprawdza si\u0119 w ma\u0142ych lub wielofunkcyjnych przestrzeniach.<\/p>\n<p><strong>Bardziej wci\u0105gaj\u0105cy obraz dzi\u0119ki rozdzielczo\u015bci 4K PRO-UHD<\/strong><br \/>\nCiesz si\u0119 osza\u0142amiaj\u0105cymi detalami i wyrazisto\u015bci\u0105 w rozdzielczo\u015bci 4K PRO-UHD, w po\u0142\u0105czeniu z interpolacj\u0105 klatek i technologiami superrozdzielczo\u015bci zapewniaj\u0105cymi wyj\u0105tkow\u0105 ostro\u015b\u0107, realistyczne obrazy i niezwyk\u0142\u0105 p\u0142ynno\u015b\u0107 akcji. Niezale\u017cnie od tego, czy ogl\u0105dasz dynamiczne rozgrywki sportowe, czy te\u017c wci\u0105gaj\u0105ce filmy, b\u0119dziesz cieszy\u0107 si\u0119 krystalicznie czystymi, jeszcze ostrzejszymi i p\u0142ynniejszymi obrazami.<\/p>\n<p><strong>\u017bywe obrazy i minimalna konserwacja dzi\u0119ki technologii laserowej 3LCD<\/strong><br \/>\nZbudowany na bazie zaawansowanej technologii laserowej 3LCD firmy model EH-QS100W zapewnia osza\u0142amiaj\u0105c\u0105 przejrzysto\u015b\u0107 i ostro\u015b\u0107 ekranu o przek\u0105tnej do 160 cali z obrazami w superrozdzielczo\u015bci 4K PRO-UHD. Laserowe \u017ar\u00f3d\u0142o \u015bwiat\u0142a zapewnia r\u00f3wnie\u017c sta\u0142\u0105 i niezawodn\u0105 wydajno\u015b\u0107, co minimalizuje konserwacj\u0119 i zapewnia wci\u0105gaj\u0105c\u0105 rozrywk\u0119 wysokiej jako\u015bci przez lata, bez koszt\u00f3w i problem\u00f3w zwi\u0105zanych z cz\u0119st\u0105 wymian\u0105 element\u00f3w.<\/p>\n<p><strong>Wi\u0119ksza jasno\u015b\u0107 zapewnia doskona\u0142\u0105 ostro\u015b\u0107 we wszystkich warunkach o\u015bwietleniowych<\/strong><br \/>\nDzi\u0119ki jasno\u015bci wynosz\u0105cej 4500 lumen\u00f3w i dynamicznemu wsp\u00f3\u0142czynnikowi kontrastu 5 000 000:1 projektor EH-QS100W doskonale nadaje si\u0119 zar\u00f3wno do jasnych, jak i ciemnych pomieszcze\u0144, dzi\u0119ki czemu mo\u017cna go u\u017cywa\u0107 i za dnia, i w nocy. Niezale\u017cnie od tego, czy ogl\u0105dasz film w s\u0142abo o\u015bwietlonym pokoju, czy te\u017c rozgrywki sportowe w ci\u0105gu dnia, wysoka jasno\u015b\u0107 projektora zapewnia wyra\u017ane i \u017cywe obrazy, kt\u00f3re nie blakn\u0105 przy ja\u015bniejszym o\u015bwietleniu. Wszechstronny i \u0142atwy w u\u017cyciu \u2013 idealny do domowej rozrywki w ka\u017cdej konfiguracji.<\/p>\n<p><strong>Obs\u0142uga standardu HDR10 zapewniaj\u0105ca osza\u0142amiaj\u0105c\u0105 g\u0142\u0119bi\u0119 kolor\u00f3w i wyj\u0105tkowy kontrast<\/strong><br \/>\nDzi\u0119ki obs\u0142udze standardu HDR10 i dynamicznemu mapowaniu ton\u00f3w EH-QS100W zapewnia doskona\u0142y kontrast i szerszy zakres kolor\u00f3w, dostosowuj\u0105c sceny wy\u015bwietlane w trybie HDR w celu uzyskania optymalnej jasno\u015bci i przejrzysto\u015bci. Niezale\u017cnie od tego, czy ogl\u0105dasz ciemne, mgliste sceny, czy jasne krajobrazy \u2013 ka\u017cdy szczeg\u00f3\u0142 jest wyj\u0105tkowo wyra\u017any i ostry, zapewniaj\u0105c dynamiczne wra\u017cenia z ogl\u0105dania, kt\u00f3re o\u017cywiaj\u0105 obrazy z osza\u0142amiaj\u0105cym realizmem.<\/p>\n<p><strong>\u0141atwa konfiguracja i zarz\u0105dzanie dzi\u0119ki kompleksowym opcjom sterowania w sieci<\/strong><br \/>\nBezproblemowa integracja z sieci\u0105 inteligentnego domu sprawia, \u017ce EH-projektor QS100W obs\u0142uguje szerok\u0105 gam\u0119 platform sterowania w sieci, umo\u017cliwiaj\u0105c sterowanie projektorem wraz z innymi systemami, takimi jak o\u015bwietlenie i d\u017awi\u0119k. Centralizuj\u0105c sterowanie, projektor zwi\u0119ksza wygod\u0119 i oferuje pe\u0142n\u0105 automatyzacj\u0119 domu, umo\u017cliwiaj\u0105c stworzenie idealnej atmosfery kina domowego przy minimalnym wysi\u0142ku.<\/p>\n","protected":false},"excerpt":{"rendered":"<p>EH-QS100W to wysokiej jako\u015bci projektor o rozdzielczo\u015bci 4K PRO-UHD o superkr\u00f3tkim rzucie zapewniaj\u0105cy doskona\u0142\u0105 jako\u015b\u0107 obrazu dzi\u0119ki jasno\u015bci rz\u0119du 4500 lumen\u00f3w i opcjom sterowania w sieci.<\/p>\n<ul>\n<li><strong>Superkr\u00f3tki rzut<\/strong><br \/>\nDzi\u0119ki zdolno\u015bci wy\u015bwietlania obraz\u00f3w si\u0119gaj\u0105cych 160 cali, nawet gdy s\u0105 umieszczone blisko powierzchni projekcji, projektor EH-QS100W jest idealny do wszystkich przestrzeni: ma\u0142ych i du\u017cych.<\/li>\n<li><strong>Rozdzielczo\u015b\u0107 4K PRO-UHD<\/strong><br \/>\nOdkrywaj wyra\u017ane, realistyczne detale w jako\u015bci 4K PRO-UHD \u2013 rozdzielczo\u015bci idealnej do domowej rozrywki, film\u00f3w i sportu.<\/li>\n<li><strong>Laserowe \u017ar\u00f3d\u0142o \u015bwiat\u0142a 3LCD<\/strong><br \/>\nSuperjasne i trwa\u0142e laserowe \u017ar\u00f3d\u0142o \u015bwiat\u0142a EH-QS100W dzia\u0142a nawet przez 20 000 godzin, zapewniaj\u0105c d\u0142ugotrwa\u0142\u0105 wydajno\u015b\u0107 w \u017cywych, sp\u00f3jnych kolorach.<\/li>\n<li><strong>Wysoki poziom jasno\u015bci<\/strong><br \/>\nEH-QS100W o jasno\u015bci 4500 lumen\u00f3w zapewnia ostre, \u017cywe obrazy nawet w jasnych pomieszczeniach, dzi\u0119ki czemu doskonale nadaje si\u0119 do wy\u015bwietlania w ci\u0105gu dnia w dobrze o\u015bwietlonych przestrzeniach.<\/li>\n<li><strong>Obs\u0142uga standardu HDR10<\/strong><br \/>\nDzi\u0119ki obs\u0142udze standardu HDR10, kt\u00f3ry poprawia kontrast i kolor, projektor EH-QS100W zapewnia g\u0142\u0119bsz\u0105 czer\u0144 i wspania\u0142e pod\u015bwietlenie, oferuj\u0105c odbiorcom wci\u0105gaj\u0105ce wra\u017cenia z ogl\u0105dania.<\/li>\n<li><strong>Integracja opcji sterowania w sieci<\/strong><br \/>\nDzi\u0119ki zgodno\u015bci z r\u00f3\u017cnymi platformami inteligentnego domu opcje sterowania w sieci umo\u017cliwiaj\u0105 pod\u0142\u0105czenie projektora do sieci inteligentnego domu.<\/li>\n<\/ul>\n","protected":false},"featured_media":2959,"comment_status":"open","ping_status":"closed","template":"","meta":{"_bst_post_transparent":"default","_bst_post_title":"","_bst_post_layout":"default","_bst_post_sidebar_id":"","_bst_post_content_style":"default","_bst_post_vertical_padding":"default","_bst_post_feature":"","_bst_post_feature_position":"","_bst_post_header":false,"_bst_post_footer":false},"product_brand":[156],"product_cat":[137],"product_tag":[],"product_brands":[1010],"class_list":{"0":"post-2642","1":"product","2":"type-product","3":"status-publish","4":"has-post-thumbnail","6":"product_brand-epson","7":"product_cat-projektory","8":"product_brands-epson","10":"first","11":"instock","12":"taxable","13":"shipping-taxable","14":"purchasable","15":"product-type-simple","16":"entry","17":"content-bg","18":"loop-entry"},"yoast_head":"<!-- This site is optimized with the Yoast SEO plugin v27.3 - https:\/\/yoast.com\/product\/yoast-seo-wordpress\/ -->\n<title>EH-QS100W - AVMAX - Sklep<\/title>\n<meta name=\"robots\" content=\"index, follow, max-snippet:-1, max-image-preview:large, max-video-preview:-1\" \/>\n<link rel=\"canonical\" href=\"https:\/\/avmax.pl\/sklep\/produkt\/eh-qs100w\/\" \/>\n<meta property=\"og:locale\" content=\"pl_PL\" \/>\n<meta property=\"og:type\" content=\"article\" \/>\n<meta property=\"og:title\" content=\"EH-QS100W - AVMAX - Sklep\" \/>\n<meta property=\"og:description\" content=\"EH-QS100W to wysokiej jako\u015bci projektor o rozdzielczo\u015bci 4K PRO-UHD o superkr\u00f3tkim rzucie zapewniaj\u0105cy doskona\u0142\u0105 jako\u015b\u0107 obrazu dzi\u0119ki jasno\u015bci rz\u0119du 4500 lumen\u00f3w i opcjom sterowania w sieci.   Superkr\u00f3tki rzut Dzi\u0119ki zdolno\u015bci wy\u015bwietlania obraz\u00f3w si\u0119gaj\u0105cych 160 cali, nawet gdy s\u0105 umieszczone blisko powierzchni projekcji, projektor EH-QS100W jest idealny do wszystkich przestrzeni: ma\u0142ych i du\u017cych.  Rozdzielczo\u015b\u0107 4K PRO-UHD Odkrywaj wyra\u017ane, realistyczne detale w jako\u015bci 4K PRO-UHD \u2013 rozdzielczo\u015bci idealnej do domowej rozrywki, film\u00f3w i sportu.  Laserowe \u017ar\u00f3d\u0142o \u015bwiat\u0142a 3LCD Superjasne i trwa\u0142e laserowe \u017ar\u00f3d\u0142o \u015bwiat\u0142a EH-QS100W dzia\u0142a nawet przez 20 000 godzin, zapewniaj\u0105c d\u0142ugotrwa\u0142\u0105 wydajno\u015b\u0107 w \u017cywych, sp\u00f3jnych kolorach.  Wysoki poziom jasno\u015bci EH-QS100W o jasno\u015bci 4500 lumen\u00f3w zapewnia ostre, \u017cywe obrazy nawet w jasnych pomieszczeniach, dzi\u0119ki czemu doskonale nadaje si\u0119 do wy\u015bwietlania w ci\u0105gu dnia w dobrze o\u015bwietlonych przestrzeniach.  Obs\u0142uga standardu HDR10 Dzi\u0119ki obs\u0142udze standardu HDR10, kt\u00f3ry poprawia kontrast i kolor, projektor EH-QS100W zapewnia g\u0142\u0119bsz\u0105 czer\u0144 i wspania\u0142e pod\u015bwietlenie, oferuj\u0105c odbiorcom wci\u0105gaj\u0105ce wra\u017cenia z ogl\u0105dania.  Integracja opcji sterowania w sieci Dzi\u0119ki zgodno\u015bci z r\u00f3\u017cnymi platformami inteligentnego domu opcje sterowania w sieci umo\u017cliwiaj\u0105 pod\u0142\u0105czenie projektora do sieci inteligentnego domu.\" \/>\n<meta property=\"og:url\" content=\"https:\/\/avmax.pl\/sklep\/produkt\/eh-qs100w\/\" \/>\n<meta property=\"og:site_name\" content=\"AVMAX - Sklep\" \/>\n<meta property=\"article:modified_time\" content=\"2026-03-20T12:45:41+00:00\" \/>\n<meta property=\"og:image\" content=\"https:\/\/avmax.pl\/sklep\/wp-content\/uploads\/2025\/12\/EH-QS100W-1.webp\" \/>\n\t<meta property=\"og:image:width\" content=\"1000\" \/>\n\t<meta property=\"og:image:height\" content=\"1000\" \/>\n\t<meta property=\"og:image:type\" content=\"image\/webp\" \/>\n<meta name=\"twitter:card\" content=\"summary_large_image\" \/>\n<meta name=\"twitter:label1\" content=\"Szacowany czas czytania\" \/>\n\t<meta name=\"twitter:data1\" content=\"3 minuty\" \/>\n<script type=\"application\/ld+json\" class=\"yoast-schema-graph\">{\"@context\":\"https:\\\/\\\/schema.org\",\"@graph\":[{\"@type\":\"WebPage\",\"@id\":\"https:\\\/\\\/avmax.pl\\\/sklep\\\/produkt\\\/eh-qs100w\\\/\",\"url\":\"https:\\\/\\\/avmax.pl\\\/sklep\\\/produkt\\\/eh-qs100w\\\/\",\"name\":\"EH-QS100W - AVMAX - Sklep\",\"isPartOf\":{\"@id\":\"https:\\\/\\\/avmax.pl\\\/sklep\\\/#website\"},\"primaryImageOfPage\":{\"@id\":\"https:\\\/\\\/avmax.pl\\\/sklep\\\/produkt\\\/eh-qs100w\\\/#primaryimage\"},\"image\":{\"@id\":\"https:\\\/\\\/avmax.pl\\\/sklep\\\/produkt\\\/eh-qs100w\\\/#primaryimage\"},\"thumbnailUrl\":\"https:\\\/\\\/avmax.pl\\\/sklep\\\/wp-content\\\/uploads\\\/2025\\\/12\\\/EH-QS100W-1.webp\",\"datePublished\":\"2025-12-13T12:49:13+00:00\",\"dateModified\":\"2026-03-20T12:45:41+00:00\",\"breadcrumb\":{\"@id\":\"https:\\\/\\\/avmax.pl\\\/sklep\\\/produkt\\\/eh-qs100w\\\/#breadcrumb\"},\"inLanguage\":\"pl-PL\",\"potentialAction\":[{\"@type\":\"ReadAction\",\"target\":[\"https:\\\/\\\/avmax.pl\\\/sklep\\\/produkt\\\/eh-qs100w\\\/\"]}]},{\"@type\":\"ImageObject\",\"inLanguage\":\"pl-PL\",\"@id\":\"https:\\\/\\\/avmax.pl\\\/sklep\\\/produkt\\\/eh-qs100w\\\/#primaryimage\",\"url\":\"https:\\\/\\\/avmax.pl\\\/sklep\\\/wp-content\\\/uploads\\\/2025\\\/12\\\/EH-QS100W-1.webp\",\"contentUrl\":\"https:\\\/\\\/avmax.pl\\\/sklep\\\/wp-content\\\/uploads\\\/2025\\\/12\\\/EH-QS100W-1.webp\",\"width\":1000,\"height\":1000},{\"@type\":\"BreadcrumbList\",\"@id\":\"https:\\\/\\\/avmax.pl\\\/sklep\\\/produkt\\\/eh-qs100w\\\/#breadcrumb\",\"itemListElement\":[{\"@type\":\"ListItem\",\"position\":1,\"name\":\"Strona g\u0142\u00f3wna\",\"item\":\"https:\\\/\\\/avmax.pl\\\/sklep\\\/\"},{\"@type\":\"ListItem\",\"position\":2,\"name\":\"Sklep\",\"item\":\"https:\\\/\\\/avmax.pl\\\/sklep\\\/shop\\\/\"},{\"@type\":\"ListItem\",\"position\":3,\"name\":\"EH-QS100W\"}]},{\"@type\":\"WebSite\",\"@id\":\"https:\\\/\\\/avmax.pl\\\/sklep\\\/#website\",\"url\":\"https:\\\/\\\/avmax.pl\\\/sklep\\\/\",\"name\":\"AVMAX - Sklep\",\"description\":\"\",\"publisher\":{\"@id\":\"https:\\\/\\\/avmax.pl\\\/sklep\\\/#organization\"},\"potentialAction\":[{\"@type\":\"SearchAction\",\"target\":{\"@type\":\"EntryPoint\",\"urlTemplate\":\"https:\\\/\\\/avmax.pl\\\/sklep\\\/?s={search_term_string}\"},\"query-input\":{\"@type\":\"PropertyValueSpecification\",\"valueRequired\":true,\"valueName\":\"search_term_string\"}}],\"inLanguage\":\"pl-PL\"},{\"@type\":\"Organization\",\"@id\":\"https:\\\/\\\/avmax.pl\\\/sklep\\\/#organization\",\"name\":\"AVMAX - Sklep\",\"url\":\"https:\\\/\\\/avmax.pl\\\/sklep\\\/\",\"logo\":{\"@type\":\"ImageObject\",\"inLanguage\":\"pl-PL\",\"@id\":\"https:\\\/\\\/avmax.pl\\\/sklep\\\/#\\\/schema\\\/logo\\\/image\\\/\",\"url\":\"https:\\\/\\\/avmax.pl\\\/sklep\\\/wp-content\\\/uploads\\\/2025\\\/11\\\/cropped-logo-avmax-2-3.webp\",\"contentUrl\":\"https:\\\/\\\/avmax.pl\\\/sklep\\\/wp-content\\\/uploads\\\/2025\\\/11\\\/cropped-logo-avmax-2-3.webp\",\"width\":1500,\"height\":600,\"caption\":\"AVMAX - Sklep\"},\"image\":{\"@id\":\"https:\\\/\\\/avmax.pl\\\/sklep\\\/#\\\/schema\\\/logo\\\/image\\\/\"}}]}<\/script>\n<!-- \/ Yoast SEO plugin. -->","yoast_head_json":{"title":"EH-QS100W - AVMAX - Sklep","robots":{"index":"index","follow":"follow","max-snippet":"max-snippet:-1","max-image-preview":"max-image-preview:large","max-video-preview":"max-video-preview:-1"},"canonical":"https:\/\/avmax.pl\/sklep\/produkt\/eh-qs100w\/","og_locale":"pl_PL","og_type":"article","og_title":"EH-QS100W - AVMAX - Sklep","og_description":"EH-QS100W to wysokiej jako\u015bci projektor o rozdzielczo\u015bci 4K PRO-UHD o superkr\u00f3tkim rzucie zapewniaj\u0105cy doskona\u0142\u0105 jako\u015b\u0107 obrazu dzi\u0119ki jasno\u015bci rz\u0119du 4500 lumen\u00f3w i opcjom sterowania w sieci.   Superkr\u00f3tki rzut Dzi\u0119ki zdolno\u015bci wy\u015bwietlania obraz\u00f3w si\u0119gaj\u0105cych 160 cali, nawet gdy s\u0105 umieszczone blisko powierzchni projekcji, projektor EH-QS100W jest idealny do wszystkich przestrzeni: ma\u0142ych i du\u017cych.  Rozdzielczo\u015b\u0107 4K PRO-UHD Odkrywaj wyra\u017ane, realistyczne detale w jako\u015bci 4K PRO-UHD \u2013 rozdzielczo\u015bci idealnej do domowej rozrywki, film\u00f3w i sportu.  Laserowe \u017ar\u00f3d\u0142o \u015bwiat\u0142a 3LCD Superjasne i trwa\u0142e laserowe \u017ar\u00f3d\u0142o \u015bwiat\u0142a EH-QS100W dzia\u0142a nawet przez 20 000 godzin, zapewniaj\u0105c d\u0142ugotrwa\u0142\u0105 wydajno\u015b\u0107 w \u017cywych, sp\u00f3jnych kolorach.  Wysoki poziom jasno\u015bci EH-QS100W o jasno\u015bci 4500 lumen\u00f3w zapewnia ostre, \u017cywe obrazy nawet w jasnych pomieszczeniach, dzi\u0119ki czemu doskonale nadaje si\u0119 do wy\u015bwietlania w ci\u0105gu dnia w dobrze o\u015bwietlonych przestrzeniach.  Obs\u0142uga standardu HDR10 Dzi\u0119ki obs\u0142udze standardu HDR10, kt\u00f3ry poprawia kontrast i kolor, projektor EH-QS100W zapewnia g\u0142\u0119bsz\u0105 czer\u0144 i wspania\u0142e pod\u015bwietlenie, oferuj\u0105c odbiorcom wci\u0105gaj\u0105ce wra\u017cenia z ogl\u0105dania.  Integracja opcji sterowania w sieci Dzi\u0119ki zgodno\u015bci z r\u00f3\u017cnymi platformami inteligentnego domu opcje sterowania w sieci umo\u017cliwiaj\u0105 pod\u0142\u0105czenie projektora do sieci inteligentnego domu.","og_url":"https:\/\/avmax.pl\/sklep\/produkt\/eh-qs100w\/","og_site_name":"AVMAX - Sklep","article_modified_time":"2026-03-20T12:45:41+00:00","og_image":[{"width":1000,"height":1000,"url":"https:\/\/avmax.pl\/sklep\/wp-content\/uploads\/2025\/12\/EH-QS100W-1.webp","type":"image\/webp"}],"twitter_card":"summary_large_image","twitter_misc":{"Szacowany czas czytania":"3 minuty"},"schema":{"@context":"https:\/\/schema.org","@graph":[{"@type":"WebPage","@id":"https:\/\/avmax.pl\/sklep\/produkt\/eh-qs100w\/","url":"https:\/\/avmax.pl\/sklep\/produkt\/eh-qs100w\/","name":"EH-QS100W - AVMAX - Sklep","isPartOf":{"@id":"https:\/\/avmax.pl\/sklep\/#website"},"primaryImageOfPage":{"@id":"https:\/\/avmax.pl\/sklep\/produkt\/eh-qs100w\/#primaryimage"},"image":{"@id":"https:\/\/avmax.pl\/sklep\/produkt\/eh-qs100w\/#primaryimage"},"thumbnailUrl":"https:\/\/avmax.pl\/sklep\/wp-content\/uploads\/2025\/12\/EH-QS100W-1.webp","datePublished":"2025-12-13T12:49:13+00:00","dateModified":"2026-03-20T12:45:41+00:00","breadcrumb":{"@id":"https:\/\/avmax.pl\/sklep\/produkt\/eh-qs100w\/#breadcrumb"},"inLanguage":"pl-PL","potentialAction":[{"@type":"ReadAction","target":["https:\/\/avmax.pl\/sklep\/produkt\/eh-qs100w\/"]}]},{"@type":"ImageObject","inLanguage":"pl-PL","@id":"https:\/\/avmax.pl\/sklep\/produkt\/eh-qs100w\/#primaryimage","url":"https:\/\/avmax.pl\/sklep\/wp-content\/uploads\/2025\/12\/EH-QS100W-1.webp","contentUrl":"https:\/\/avmax.pl\/sklep\/wp-content\/uploads\/2025\/12\/EH-QS100W-1.webp","width":1000,"height":1000},{"@type":"BreadcrumbList","@id":"https:\/\/avmax.pl\/sklep\/produkt\/eh-qs100w\/#breadcrumb","itemListElement":[{"@type":"ListItem","position":1,"name":"Strona g\u0142\u00f3wna","item":"https:\/\/avmax.pl\/sklep\/"},{"@type":"ListItem","position":2,"name":"Sklep","item":"https:\/\/avmax.pl\/sklep\/shop\/"},{"@type":"ListItem","position":3,"name":"EH-QS100W"}]},{"@type":"WebSite","@id":"https:\/\/avmax.pl\/sklep\/#website","url":"https:\/\/avmax.pl\/sklep\/","name":"AVMAX - Sklep","description":"","publisher":{"@id":"https:\/\/avmax.pl\/sklep\/#organization"},"potentialAction":[{"@type":"SearchAction","target":{"@type":"EntryPoint","urlTemplate":"https:\/\/avmax.pl\/sklep\/?s={search_term_string}"},"query-input":{"@type":"PropertyValueSpecification","valueRequired":true,"valueName":"search_term_string"}}],"inLanguage":"pl-PL"},{"@type":"Organization","@id":"https:\/\/avmax.pl\/sklep\/#organization","name":"AVMAX - Sklep","url":"https:\/\/avmax.pl\/sklep\/","logo":{"@type":"ImageObject","inLanguage":"pl-PL","@id":"https:\/\/avmax.pl\/sklep\/#\/schema\/logo\/image\/","url":"https:\/\/avmax.pl\/sklep\/wp-content\/uploads\/2025\/11\/cropped-logo-avmax-2-3.webp","contentUrl":"https:\/\/avmax.pl\/sklep\/wp-content\/uploads\/2025\/11\/cropped-logo-avmax-2-3.webp","width":1500,"height":600,"caption":"AVMAX - Sklep"},"image":{"@id":"https:\/\/avmax.pl\/sklep\/#\/schema\/logo\/image\/"}}]}},"_links":{"self":[{"href":"https:\/\/avmax.pl\/sklep\/wp-json\/wp\/v2\/product\/2642","targetHints":{"allow":["GET"]}}],"collection":[{"href":"https:\/\/avmax.pl\/sklep\/wp-json\/wp\/v2\/product"}],"about":[{"href":"https:\/\/avmax.pl\/sklep\/wp-json\/wp\/v2\/types\/product"}],"replies":[{"embeddable":true,"href":"https:\/\/avmax.pl\/sklep\/wp-json\/wp\/v2\/comments?post=2642"}],"version-history":[{"count":1,"href":"https:\/\/avmax.pl\/sklep\/wp-json\/wp\/v2\/product\/2642\/revisions"}],"predecessor-version":[{"id":2643,"href":"https:\/\/avmax.pl\/sklep\/wp-json\/wp\/v2\/product\/2642\/revisions\/2643"}],"wp:featuredmedia":[{"embeddable":true,"href":"https:\/\/avmax.pl\/sklep\/wp-json\/wp\/v2\/media\/2959"}],"wp:attachment":[{"href":"https:\/\/avmax.pl\/sklep\/wp-json\/wp\/v2\/media?parent=2642"}],"wp:term":[{"taxonomy":"product_brand","embeddable":true,"href":"https:\/\/avmax.pl\/sklep\/wp-json\/wp\/v2\/product_brand?post=2642"},{"taxonomy":"product_cat","embeddable":true,"href":"https:\/\/avmax.pl\/sklep\/wp-json\/wp\/v2\/product_cat?post=2642"},{"taxonomy":"product_tag","embeddable":true,"href":"https:\/\/avmax.pl\/sklep\/wp-json\/wp\/v2\/product_tag?post=2642"},{"taxonomy":"product_brands","embeddable":true,"href":"https:\/\/avmax.pl\/sklep\/wp-json\/wp\/v2\/product_brands?post=2642"}],"curies":[{"name":"wp","href":"https:\/\/api.w.org\/{rel}","templated":true}]}}