{"id":2648,"date":"2025-12-13T13:15:41","date_gmt":"2025-12-13T13:15:41","guid":{"rendered":"https:\/\/avmax.pl\/sklep\/?post_type=product&#038;p=2648"},"modified":"2026-03-20T12:40:44","modified_gmt":"2026-03-20T12:40:44","slug":"eh-ql7000b","status":"publish","type":"product","link":"https:\/\/avmax.pl\/sklep\/produkt\/eh-ql7000b\/","title":{"rendered":"EH-QL7000B"},"content":{"rendered":"<p><strong>Projekcja profesjonalnej jako\u015bci w ka\u017cdym domu<\/strong><br \/>\nTen niesamowity nowy projektor firmy Epson przypadnie do gustu ka\u017cdemu \u2013 zar\u00f3wno mi\u0142o\u015bnikom film\u00f3w, gier, jak i symulacji sportowych. Szereg zaawansowanych technologii gwarantuje niesamowit\u0105 jako\u015b\u0107 obrazu o wysokiej jasno\u015bci i przek\u0105tnej do 1000 cali, kt\u00f3ry zapewnia immersyjne wra\u017cenia w ka\u017cdym pomieszczeniu \u2013 od specjalnych przestrzeni multimedialnych po dobrze o\u015bwietlone obszary.<\/p>\n<p><strong>Technologia 3LCD i zaawansowane ulepszanie obrazu<\/strong><br \/>\nProjektor EH-QL7000B zapewnia doskona\u0142\u0105 jako\u015b\u0107 obrazu w superrozdzielczo\u015bci 4K (3840 x 2160) dzi\u0119ki zaawansowanej technologii lasera 3LCD. Ten projektor domowy o profesjonalnej jako\u015bci obrazu wyr\u00f3\u017cnia si\u0119 wsp\u00f3\u0142czynnikiem kontrastu dynamicznego 5 000 000:1, dzi\u0119ki czemu zapewnia wyra\u017ane cienie i jeszcze g\u0142\u0119bsze odcienie czerni. Jest r\u00f3wnie\u017c wyposa\u017cony w szereg zaawansowanych technologii poprawy obrazu, takich jak interpolacja klatek 4K, aby zapewni\u0107 p\u0142ynny obraz, natomiast superrozdzielczo\u015b\u0107 pozwala zachowa\u0107 detale w ka\u017cdej scenie.<\/p>\n<p><strong>Wyj\u0105tkowa jako\u015b\u0107 \u2013 od film\u00f3w i gier po symulacje sportowe<\/strong><br \/>\nDzi\u0119ki zaawansowanym funkcjom, takim jak dynamiczne mapowanie ton\u00f3w, kt\u00f3re poprawia jako\u015b\u0107 obrazu klatka po klatce, oraz zgodno\u015bci ze standardem HDR10, kt\u00f3ry zapewnia \u017cywsze i realistyczne kolory, projektor EH-QL7000B oferuje doskona\u0142e wra\u017cenia, zar\u00f3wno podczas ogl\u0105dania film\u00f3w, jak i transmisji sportowych. \u0141\u0105czno\u015b\u0107 HDMI 2.1, od\u015bwie\u017canie 4K\/120 Hz i automatyczny tryb niskiego op\u00f3\u017anienia zapewniaj\u0105 niezwykle p\u0142ynn\u0105 rozgrywk\u0119, a wyj\u0105tkowa jako\u015b\u0107 obrazu na ekranach o przek\u0105tnej do 1000 cali sprawia, \u017ce jest to idealny wyb\u00f3r do symulacji sportowych.<\/p>\n<p><strong>Wymienne obiektywy zapewniaj\u0105 doskona\u0142\u0105 elastyczno\u015b\u0107 i wszechstronno\u015b\u0107<\/strong><br \/>\nProjektor EH-QL7000B jest nie tylko kompatybilny z szerok\u0105 gam\u0105 wymiennych obiektyw\u00f3w, lecz tak\u017ce umo\u017cliwia \u0142atw\u0105 konfiguracj\u0119 \u017c\u0105danego rozmiaru obrazu i optymalnej jako\u015bci w dowolnej przestrzeni multimedialnej. Opcje takie jak projekcja o ultrakr\u00f3tkim rzucie oraz obiektyw o zerowym przesuni\u0119ciu umo\u017cliwiaj\u0105 dyskretn\u0105 instalacj\u0119 na powierzchniach takich jak sufity. Natomiast wymienne obiektywy projektora EH-QL7000B pozwalaj\u0105 \u0142atwo dostosowa\u0107 odleg\u0142o\u015b\u0107 rzutu, aby wy\u015bwietla\u0107 obrazy z r\u00f3\u017cnych odleg\u0142o\u015bci bez konieczno\u015bci przenoszenia go.<\/p>\n<p><strong>\u0141atwa instalacja, u\u017cytkowanie i zarz\u0105dzanie<\/strong><br \/>\nProjektor EH-QL7000B jest kompatybilny z szerok\u0105 gam\u0105 system\u00f3w kontroli IP i. Umo\u017cliwia nie tylko bezproblemow\u0105 integracj\u0119 z istniej\u0105cymi instalacjami, lecz tak\u017ce oferuje wiele innych korzy\u015bci, takich jak \u0142atwa personalizacja. Ponadto funkcja mechanicznego przesuni\u0119cia obiektywu o du\u017cym zakresie w po\u0142\u0105czeniu z automatycznym ustawianiem powi\u0119kszenia i ostro\u015bci sprawiaj\u0105, \u017ce projektor jest szybki i \u0142atwy w konfiguracji oraz wygodny w u\u017cyciu dzi\u0119ki praktycznie natychmiastowemu nagrzewaniu i och\u0142adzaniu. Natomiast laser o d\u0142ugiej \u017cywotno\u015bci (20 000 godzin) czyni z niego trwa\u0142e i energooszcz\u0119dne urz\u0105dzenie.<\/p>\n","protected":false},"excerpt":{"rendered":"<p>Laserowe \u017ar\u00f3d\u0142o \u015bwiat\u0142a 3LCD sprawia, \u017ce projektor the EH-QL7000B nadaje domowej rozrywce zupe\u0142nie nowy wymiar.<\/p>\n<ul>\n<li><strong>Doskona\u0142a rozrywka dzi\u0119ki profesjonalnej jako\u015bci obrazu \u2013 bez wchodzenia z domu<\/strong><br \/>\nTechnologia powi\u0119kszania obrazu jest doskona\u0142a do ogl\u0105dania film\u00f3w, streamingu, gier, transmisji sportowych, symulator\u00f3w domowych i nie tylko<\/li>\n<li><strong>Bardzo jasny obraz o przek\u0105tnej do 1000\u201d \u2013 idealny do ka\u017cdej przestrzeni multimedialnej<\/strong><br \/>\n\u0179r\u00f3d\u0142o \u015bwiat\u0142a z laserem 3LCD; 6000 lm; wysoka rozdzielczo\u015b\u0107 4K (8,3 mln pikseli); du\u017ce, wyraziste obrazy wysokiej jako\u015bci<\/li>\n<li><strong>Zaawansowane funkcje optymalizacji wydajno\u015b\u0107 ka\u017cdego rodzaju rozrywki, niezale\u017cnie od \u015brodowiska<\/strong><br \/>\nObs\u0142uguje interpolacj\u0119 klatek 4K, standard HDR10, adaptacyjn\u0105 korekcj\u0119 gamma i dynamiczne mapowanie ton\u00f3w, a tak\u017ce rozdzielczo\u015b\u0107 4K\/120 Hz z automatycznym trybem niskiego op\u00f3\u017anienia<\/li>\n<li><strong>Wymienne obiektywy pozwalaj\u0105 uzyska\u0107 optymaln\u0105 jako\u015b\u0107 obrazu w ka\u017cdej przestrzeni<\/strong><br \/>\nKompatybilno\u015b\u0107 z szerok\u0105 gam\u0105 obiektyw\u00f3w o d\u0142ugim i kr\u00f3tkim rzucie pozwala skonfigurowa\u0107 optymalny rozmiar i jako\u015b\u0107 obrazu w niemal ka\u017cdej przestrzeni medialnej<\/li>\n<li><strong>\u0141atwa instalacja i konfiguracja oraz pe\u0142na kontrola IP<\/strong><br \/>\nLekka, kompaktowa i elastyczna konstrukcja oraz p\u0142ynna integracja z wiod\u0105cymi systemami sterowania audio-wideo u\u0142atwiaj\u0105 konserwacj\u0119 i regulacj\u0119 oraz zapewniaj\u0105 skalowalno\u015b\u0107<\/li>\n<\/ul>\n","protected":false},"featured_media":2974,"comment_status":"open","ping_status":"closed","template":"","meta":{"_bst_post_transparent":"default","_bst_post_title":"","_bst_post_layout":"default","_bst_post_sidebar_id":"","_bst_post_content_style":"default","_bst_post_vertical_padding":"default","_bst_post_feature":"","_bst_post_feature_position":"","_bst_post_header":false,"_bst_post_footer":false},"product_brand":[156],"product_cat":[137],"product_tag":[],"product_brands":[1010],"class_list":{"0":"post-2648","1":"product","2":"type-product","3":"status-publish","4":"has-post-thumbnail","6":"product_brand-epson","7":"product_cat-projektory","8":"product_brands-epson","10":"first","11":"instock","12":"taxable","13":"shipping-taxable","14":"purchasable","15":"product-type-simple","16":"entry","17":"content-bg","18":"loop-entry"},"yoast_head":"<!-- This site is optimized with the Yoast SEO plugin v27.3 - https:\/\/yoast.com\/product\/yoast-seo-wordpress\/ -->\n<title>EH-QL7000B - AVMAX - Sklep<\/title>\n<meta name=\"robots\" content=\"index, follow, max-snippet:-1, max-image-preview:large, max-video-preview:-1\" \/>\n<link rel=\"canonical\" href=\"https:\/\/avmax.pl\/sklep\/produkt\/eh-ql7000b\/\" \/>\n<meta property=\"og:locale\" content=\"pl_PL\" \/>\n<meta property=\"og:type\" content=\"article\" \/>\n<meta property=\"og:title\" content=\"EH-QL7000B - AVMAX - Sklep\" \/>\n<meta property=\"og:description\" content=\"Laserowe \u017ar\u00f3d\u0142o \u015bwiat\u0142a 3LCD sprawia, \u017ce projektor the EH-QL7000B nadaje domowej rozrywce zupe\u0142nie nowy wymiar.   Doskona\u0142a rozrywka dzi\u0119ki profesjonalnej jako\u015bci obrazu \u2013 bez wchodzenia z domu Technologia powi\u0119kszania obrazu jest doskona\u0142a do ogl\u0105dania film\u00f3w, streamingu, gier, transmisji sportowych, symulator\u00f3w domowych i nie tylko  Bardzo jasny obraz o przek\u0105tnej do 1000\u201d \u2013 idealny do ka\u017cdej przestrzeni multimedialnej \u0179r\u00f3d\u0142o \u015bwiat\u0142a z laserem 3LCD; 6000 lm; wysoka rozdzielczo\u015b\u0107 4K (8,3 mln pikseli); du\u017ce, wyraziste obrazy wysokiej jako\u015bci  Zaawansowane funkcje optymalizacji wydajno\u015b\u0107 ka\u017cdego rodzaju rozrywki, niezale\u017cnie od \u015brodowiska Obs\u0142uguje interpolacj\u0119 klatek 4K, standard HDR10, adaptacyjn\u0105 korekcj\u0119 gamma i dynamiczne mapowanie ton\u00f3w, a tak\u017ce rozdzielczo\u015b\u0107 4K\/120 Hz z automatycznym trybem niskiego op\u00f3\u017anienia  Wymienne obiektywy pozwalaj\u0105 uzyska\u0107 optymaln\u0105 jako\u015b\u0107 obrazu w ka\u017cdej przestrzeni Kompatybilno\u015b\u0107 z szerok\u0105 gam\u0105 obiektyw\u00f3w o d\u0142ugim i kr\u00f3tkim rzucie pozwala skonfigurowa\u0107 optymalny rozmiar i jako\u015b\u0107 obrazu w niemal ka\u017cdej przestrzeni medialnej  \u0141atwa instalacja i konfiguracja oraz pe\u0142na kontrola IP Lekka, kompaktowa i elastyczna konstrukcja oraz p\u0142ynna integracja z wiod\u0105cymi systemami sterowania audio-wideo u\u0142atwiaj\u0105 konserwacj\u0119 i regulacj\u0119 oraz zapewniaj\u0105 skalowalno\u015b\u0107\" \/>\n<meta property=\"og:url\" content=\"https:\/\/avmax.pl\/sklep\/produkt\/eh-ql7000b\/\" \/>\n<meta property=\"og:site_name\" content=\"AVMAX - Sklep\" \/>\n<meta property=\"article:modified_time\" content=\"2026-03-20T12:40:44+00:00\" \/>\n<meta property=\"og:image\" content=\"https:\/\/avmax.pl\/sklep\/wp-content\/uploads\/2025\/12\/EH-QL7000B-1.webp\" \/>\n\t<meta property=\"og:image:width\" content=\"1000\" \/>\n\t<meta property=\"og:image:height\" content=\"1000\" \/>\n\t<meta property=\"og:image:type\" content=\"image\/webp\" \/>\n<meta name=\"twitter:card\" content=\"summary_large_image\" \/>\n<meta name=\"twitter:label1\" content=\"Szacowany czas czytania\" \/>\n\t<meta name=\"twitter:data1\" content=\"3 minuty\" \/>\n<script type=\"application\/ld+json\" class=\"yoast-schema-graph\">{\"@context\":\"https:\\\/\\\/schema.org\",\"@graph\":[{\"@type\":\"WebPage\",\"@id\":\"https:\\\/\\\/avmax.pl\\\/sklep\\\/produkt\\\/eh-ql7000b\\\/\",\"url\":\"https:\\\/\\\/avmax.pl\\\/sklep\\\/produkt\\\/eh-ql7000b\\\/\",\"name\":\"EH-QL7000B - AVMAX - Sklep\",\"isPartOf\":{\"@id\":\"https:\\\/\\\/avmax.pl\\\/sklep\\\/#website\"},\"primaryImageOfPage\":{\"@id\":\"https:\\\/\\\/avmax.pl\\\/sklep\\\/produkt\\\/eh-ql7000b\\\/#primaryimage\"},\"image\":{\"@id\":\"https:\\\/\\\/avmax.pl\\\/sklep\\\/produkt\\\/eh-ql7000b\\\/#primaryimage\"},\"thumbnailUrl\":\"https:\\\/\\\/avmax.pl\\\/sklep\\\/wp-content\\\/uploads\\\/2025\\\/12\\\/EH-QL7000B-1.webp\",\"datePublished\":\"2025-12-13T13:15:41+00:00\",\"dateModified\":\"2026-03-20T12:40:44+00:00\",\"breadcrumb\":{\"@id\":\"https:\\\/\\\/avmax.pl\\\/sklep\\\/produkt\\\/eh-ql7000b\\\/#breadcrumb\"},\"inLanguage\":\"pl-PL\",\"potentialAction\":[{\"@type\":\"ReadAction\",\"target\":[\"https:\\\/\\\/avmax.pl\\\/sklep\\\/produkt\\\/eh-ql7000b\\\/\"]}]},{\"@type\":\"ImageObject\",\"inLanguage\":\"pl-PL\",\"@id\":\"https:\\\/\\\/avmax.pl\\\/sklep\\\/produkt\\\/eh-ql7000b\\\/#primaryimage\",\"url\":\"https:\\\/\\\/avmax.pl\\\/sklep\\\/wp-content\\\/uploads\\\/2025\\\/12\\\/EH-QL7000B-1.webp\",\"contentUrl\":\"https:\\\/\\\/avmax.pl\\\/sklep\\\/wp-content\\\/uploads\\\/2025\\\/12\\\/EH-QL7000B-1.webp\",\"width\":1000,\"height\":1000},{\"@type\":\"BreadcrumbList\",\"@id\":\"https:\\\/\\\/avmax.pl\\\/sklep\\\/produkt\\\/eh-ql7000b\\\/#breadcrumb\",\"itemListElement\":[{\"@type\":\"ListItem\",\"position\":1,\"name\":\"Strona g\u0142\u00f3wna\",\"item\":\"https:\\\/\\\/avmax.pl\\\/sklep\\\/\"},{\"@type\":\"ListItem\",\"position\":2,\"name\":\"Sklep\",\"item\":\"https:\\\/\\\/avmax.pl\\\/sklep\\\/shop\\\/\"},{\"@type\":\"ListItem\",\"position\":3,\"name\":\"EH-QL7000B\"}]},{\"@type\":\"WebSite\",\"@id\":\"https:\\\/\\\/avmax.pl\\\/sklep\\\/#website\",\"url\":\"https:\\\/\\\/avmax.pl\\\/sklep\\\/\",\"name\":\"AVMAX - Sklep\",\"description\":\"\",\"publisher\":{\"@id\":\"https:\\\/\\\/avmax.pl\\\/sklep\\\/#organization\"},\"potentialAction\":[{\"@type\":\"SearchAction\",\"target\":{\"@type\":\"EntryPoint\",\"urlTemplate\":\"https:\\\/\\\/avmax.pl\\\/sklep\\\/?s={search_term_string}\"},\"query-input\":{\"@type\":\"PropertyValueSpecification\",\"valueRequired\":true,\"valueName\":\"search_term_string\"}}],\"inLanguage\":\"pl-PL\"},{\"@type\":\"Organization\",\"@id\":\"https:\\\/\\\/avmax.pl\\\/sklep\\\/#organization\",\"name\":\"AVMAX - Sklep\",\"url\":\"https:\\\/\\\/avmax.pl\\\/sklep\\\/\",\"logo\":{\"@type\":\"ImageObject\",\"inLanguage\":\"pl-PL\",\"@id\":\"https:\\\/\\\/avmax.pl\\\/sklep\\\/#\\\/schema\\\/logo\\\/image\\\/\",\"url\":\"https:\\\/\\\/avmax.pl\\\/sklep\\\/wp-content\\\/uploads\\\/2025\\\/11\\\/cropped-logo-avmax-2-3.webp\",\"contentUrl\":\"https:\\\/\\\/avmax.pl\\\/sklep\\\/wp-content\\\/uploads\\\/2025\\\/11\\\/cropped-logo-avmax-2-3.webp\",\"width\":1500,\"height\":600,\"caption\":\"AVMAX - Sklep\"},\"image\":{\"@id\":\"https:\\\/\\\/avmax.pl\\\/sklep\\\/#\\\/schema\\\/logo\\\/image\\\/\"}}]}<\/script>\n<!-- \/ Yoast SEO plugin. -->","yoast_head_json":{"title":"EH-QL7000B - AVMAX - Sklep","robots":{"index":"index","follow":"follow","max-snippet":"max-snippet:-1","max-image-preview":"max-image-preview:large","max-video-preview":"max-video-preview:-1"},"canonical":"https:\/\/avmax.pl\/sklep\/produkt\/eh-ql7000b\/","og_locale":"pl_PL","og_type":"article","og_title":"EH-QL7000B - AVMAX - Sklep","og_description":"Laserowe \u017ar\u00f3d\u0142o \u015bwiat\u0142a 3LCD sprawia, \u017ce projektor the EH-QL7000B nadaje domowej rozrywce zupe\u0142nie nowy wymiar.   Doskona\u0142a rozrywka dzi\u0119ki profesjonalnej jako\u015bci obrazu \u2013 bez wchodzenia z domu Technologia powi\u0119kszania obrazu jest doskona\u0142a do ogl\u0105dania film\u00f3w, streamingu, gier, transmisji sportowych, symulator\u00f3w domowych i nie tylko  Bardzo jasny obraz o przek\u0105tnej do 1000\u201d \u2013 idealny do ka\u017cdej przestrzeni multimedialnej \u0179r\u00f3d\u0142o \u015bwiat\u0142a z laserem 3LCD; 6000 lm; wysoka rozdzielczo\u015b\u0107 4K (8,3 mln pikseli); du\u017ce, wyraziste obrazy wysokiej jako\u015bci  Zaawansowane funkcje optymalizacji wydajno\u015b\u0107 ka\u017cdego rodzaju rozrywki, niezale\u017cnie od \u015brodowiska Obs\u0142uguje interpolacj\u0119 klatek 4K, standard HDR10, adaptacyjn\u0105 korekcj\u0119 gamma i dynamiczne mapowanie ton\u00f3w, a tak\u017ce rozdzielczo\u015b\u0107 4K\/120 Hz z automatycznym trybem niskiego op\u00f3\u017anienia  Wymienne obiektywy pozwalaj\u0105 uzyska\u0107 optymaln\u0105 jako\u015b\u0107 obrazu w ka\u017cdej przestrzeni Kompatybilno\u015b\u0107 z szerok\u0105 gam\u0105 obiektyw\u00f3w o d\u0142ugim i kr\u00f3tkim rzucie pozwala skonfigurowa\u0107 optymalny rozmiar i jako\u015b\u0107 obrazu w niemal ka\u017cdej przestrzeni medialnej  \u0141atwa instalacja i konfiguracja oraz pe\u0142na kontrola IP Lekka, kompaktowa i elastyczna konstrukcja oraz p\u0142ynna integracja z wiod\u0105cymi systemami sterowania audio-wideo u\u0142atwiaj\u0105 konserwacj\u0119 i regulacj\u0119 oraz zapewniaj\u0105 skalowalno\u015b\u0107","og_url":"https:\/\/avmax.pl\/sklep\/produkt\/eh-ql7000b\/","og_site_name":"AVMAX - Sklep","article_modified_time":"2026-03-20T12:40:44+00:00","og_image":[{"width":1000,"height":1000,"url":"https:\/\/avmax.pl\/sklep\/wp-content\/uploads\/2025\/12\/EH-QL7000B-1.webp","type":"image\/webp"}],"twitter_card":"summary_large_image","twitter_misc":{"Szacowany czas czytania":"3 minuty"},"schema":{"@context":"https:\/\/schema.org","@graph":[{"@type":"WebPage","@id":"https:\/\/avmax.pl\/sklep\/produkt\/eh-ql7000b\/","url":"https:\/\/avmax.pl\/sklep\/produkt\/eh-ql7000b\/","name":"EH-QL7000B - AVMAX - Sklep","isPartOf":{"@id":"https:\/\/avmax.pl\/sklep\/#website"},"primaryImageOfPage":{"@id":"https:\/\/avmax.pl\/sklep\/produkt\/eh-ql7000b\/#primaryimage"},"image":{"@id":"https:\/\/avmax.pl\/sklep\/produkt\/eh-ql7000b\/#primaryimage"},"thumbnailUrl":"https:\/\/avmax.pl\/sklep\/wp-content\/uploads\/2025\/12\/EH-QL7000B-1.webp","datePublished":"2025-12-13T13:15:41+00:00","dateModified":"2026-03-20T12:40:44+00:00","breadcrumb":{"@id":"https:\/\/avmax.pl\/sklep\/produkt\/eh-ql7000b\/#breadcrumb"},"inLanguage":"pl-PL","potentialAction":[{"@type":"ReadAction","target":["https:\/\/avmax.pl\/sklep\/produkt\/eh-ql7000b\/"]}]},{"@type":"ImageObject","inLanguage":"pl-PL","@id":"https:\/\/avmax.pl\/sklep\/produkt\/eh-ql7000b\/#primaryimage","url":"https:\/\/avmax.pl\/sklep\/wp-content\/uploads\/2025\/12\/EH-QL7000B-1.webp","contentUrl":"https:\/\/avmax.pl\/sklep\/wp-content\/uploads\/2025\/12\/EH-QL7000B-1.webp","width":1000,"height":1000},{"@type":"BreadcrumbList","@id":"https:\/\/avmax.pl\/sklep\/produkt\/eh-ql7000b\/#breadcrumb","itemListElement":[{"@type":"ListItem","position":1,"name":"Strona g\u0142\u00f3wna","item":"https:\/\/avmax.pl\/sklep\/"},{"@type":"ListItem","position":2,"name":"Sklep","item":"https:\/\/avmax.pl\/sklep\/shop\/"},{"@type":"ListItem","position":3,"name":"EH-QL7000B"}]},{"@type":"WebSite","@id":"https:\/\/avmax.pl\/sklep\/#website","url":"https:\/\/avmax.pl\/sklep\/","name":"AVMAX - Sklep","description":"","publisher":{"@id":"https:\/\/avmax.pl\/sklep\/#organization"},"potentialAction":[{"@type":"SearchAction","target":{"@type":"EntryPoint","urlTemplate":"https:\/\/avmax.pl\/sklep\/?s={search_term_string}"},"query-input":{"@type":"PropertyValueSpecification","valueRequired":true,"valueName":"search_term_string"}}],"inLanguage":"pl-PL"},{"@type":"Organization","@id":"https:\/\/avmax.pl\/sklep\/#organization","name":"AVMAX - Sklep","url":"https:\/\/avmax.pl\/sklep\/","logo":{"@type":"ImageObject","inLanguage":"pl-PL","@id":"https:\/\/avmax.pl\/sklep\/#\/schema\/logo\/image\/","url":"https:\/\/avmax.pl\/sklep\/wp-content\/uploads\/2025\/11\/cropped-logo-avmax-2-3.webp","contentUrl":"https:\/\/avmax.pl\/sklep\/wp-content\/uploads\/2025\/11\/cropped-logo-avmax-2-3.webp","width":1500,"height":600,"caption":"AVMAX - Sklep"},"image":{"@id":"https:\/\/avmax.pl\/sklep\/#\/schema\/logo\/image\/"}}]}},"_links":{"self":[{"href":"https:\/\/avmax.pl\/sklep\/wp-json\/wp\/v2\/product\/2648","targetHints":{"allow":["GET"]}}],"collection":[{"href":"https:\/\/avmax.pl\/sklep\/wp-json\/wp\/v2\/product"}],"about":[{"href":"https:\/\/avmax.pl\/sklep\/wp-json\/wp\/v2\/types\/product"}],"replies":[{"embeddable":true,"href":"https:\/\/avmax.pl\/sklep\/wp-json\/wp\/v2\/comments?post=2648"}],"version-history":[{"count":1,"href":"https:\/\/avmax.pl\/sklep\/wp-json\/wp\/v2\/product\/2648\/revisions"}],"predecessor-version":[{"id":2649,"href":"https:\/\/avmax.pl\/sklep\/wp-json\/wp\/v2\/product\/2648\/revisions\/2649"}],"wp:featuredmedia":[{"embeddable":true,"href":"https:\/\/avmax.pl\/sklep\/wp-json\/wp\/v2\/media\/2974"}],"wp:attachment":[{"href":"https:\/\/avmax.pl\/sklep\/wp-json\/wp\/v2\/media?parent=2648"}],"wp:term":[{"taxonomy":"product_brand","embeddable":true,"href":"https:\/\/avmax.pl\/sklep\/wp-json\/wp\/v2\/product_brand?post=2648"},{"taxonomy":"product_cat","embeddable":true,"href":"https:\/\/avmax.pl\/sklep\/wp-json\/wp\/v2\/product_cat?post=2648"},{"taxonomy":"product_tag","embeddable":true,"href":"https:\/\/avmax.pl\/sklep\/wp-json\/wp\/v2\/product_tag?post=2648"},{"taxonomy":"product_brands","embeddable":true,"href":"https:\/\/avmax.pl\/sklep\/wp-json\/wp\/v2\/product_brands?post=2648"}],"curies":[{"name":"wp","href":"https:\/\/api.w.org\/{rel}","templated":true}]}}