{"id":2940,"date":"2025-12-14T17:00:50","date_gmt":"2025-12-14T17:00:50","guid":{"rendered":"https:\/\/avmax.pl\/sklep\/?post_type=product&#038;p=2940"},"modified":"2026-01-12T13:44:23","modified_gmt":"2026-01-12T13:44:23","slug":"eh-ls12000b-2","status":"publish","type":"product","link":"https:\/\/avmax.pl\/sklep\/produkt\/eh-ls12000b-2\/","title":{"rendered":"EH-LS12000B"},"content":{"rendered":"<p><strong>Projekcja laserowa w Twoim domu<\/strong><br \/>\nW ramach filozofii przy\u015bwiecaj\u0105cej naszej produkcji, w ramach kt\u00f3rej nie idziemy na \u017cadne kompromisy w sferze jasno\u015bci, kontrastu, koloru i najwy\u017cszej jako\u015bci wideo,<\/p>\n<p>Model EH-LS12000B jest wyposa\u017cony w niepowtarzalnie zaprojektowany optyczny mechanizm laserowy. Dzi\u0119ki wyj\u0105tkowemu szk\u0142u o niskiej dyspersji (LD), opracowanemu na nowo panelowi oraz optymalizacji element\u00f3w optycznych,<br \/>\nkt\u00f3re zapewnia tylko firma Epson, jasno\u015b\u0107 to nawet 2700 lm, a wysoki kontrast<br \/>\ni idealne odwzorowanie kolor\u00f3w nie maj\u0105 sobie r\u00f3wnych\u00b9. D\u0142uga \u017cywotno\u015b\u0107 silnika laserowego, wynosz\u0105ca nawet 20 000 godzin\u00b2, gwarantuje ci\u0105g\u0142e i bezproblemowe dzia\u0142anie. Koniec te\u017c z czekaniem na nagrzanie si\u0119 lub sch\u0142odzenie projektora \u2014<br \/>\nosi\u0105ga on maksymaln\u0105 jasno\u015b\u0107 i wy\u0142\u0105cza si\u0119 niemal natychmiast.<\/p>\n<p><strong>Do\u015bwiadcz pe\u0142ni wra\u017ce\u0144 dzi\u0119ki rozdzielczo\u015b\u0107 4K<\/strong><br \/>\nDzi\u0119ki zaawansowanej technologii przesuwania pikseli, kt\u00f3ra dzia\u0142a r\u00f3wnolegle z trzema pojedynczymi chipami LCD o jako\u015bci HD, Tw\u00f3j dom stanie si\u0119 centrum rozrywki, zapewniaj\u0105c wyj\u0105tkowo ostry obraz 4K (8,3 mln pikseli) bez utraty jasno\u015bci obrazu.<br \/>\nOptymalna wydajno\u015b\u0107 dzi\u0119ki wsp\u00f3\u0142czynnikowi kontrastu dynamicznego do 2 500 000:1, technologii optymalizacji 4K, technologii 3LCD, interpolacji klatek 4K, superrozdzielczo\u015bci 4K i obs\u0142udze HDR10+.<br \/>\nDzi\u0119ki technologii Epson ZX Picture Processor funkcja Scene Adaptive Gamma umo\u017cliwia u\u017cytkownikowi automatyczn\u0105 regulacj\u0119 jako\u015bci obrazu na podstawie informacji o scenie. To prosty spos\u00f3b na uzyskanie imponuj\u0105cych kolor\u00f3w i kontrastu niezale\u017cnie od wy\u015bwietlanej przez projektor zawarto\u015bci.<\/p>\n<p><strong>Ewolucja w przestrzeni tonalnej HDR<\/strong><br \/>\nHDR to kluczowa technologia podkre\u015blana przez filmowc\u00f3w, kt\u00f3ra pomaga w bardziej wiernym przekazywaniu intencji wizualnych film\u00f3w. Ewolucja w technologii HDR oznacza, \u017ce teraz nawet subtelne cienie mog\u0105 by\u0107 wy\u015bwietlane z du\u017c\u0105 szczeg\u00f3\u0142owo\u015bci\u0105 i precyzj\u0105.<br \/>\n\u017bywe obrazy Superrozdzielczo\u015b\u0107 uwydatnia i wyostrza rozmyte obrazy dla tre\u015bci w jako\u015bci standardowej i 4K, zapewniaj\u0105c szczeg\u00f3\u0142owe i realistyczne obrazy.<\/p>\n<p><strong>Wyra\u017any i p\u0142ynny film w jako\u015bci 4K<\/strong><br \/>\nOpr\u00f3cz zastosowania aktualnej technologii interpolacji klatek ulepszona zosta\u0142a tak\u017ce redukcja rozmycia. Nawet w trakcie ogl\u0105dania dynamicznych dyscyplin sportowych lub podczas gamingu, kontury obrazu pozostaj\u0105 wyra\u017ane, a ruch jest p\u0142ynny, dzi\u0119ki czemu obraz w jako\u015bci 4K jest bardziej realistyczny i dynamiczny ni\u017c kiedykolwiek wcze\u015bniej.<\/p>\n<p><strong>Zaprojektowany z uwzgl\u0119dnieniem instalacji w dowolnym miejscu<\/strong><br \/>\nSzeroki zakres przesuni\u0119cia obiektywu (pionowy \u00b1 96,3%, poziomy \u00b1 47,1%) i zoom (x2,1), kt\u00f3ry jest dost\u0119pny tylko w przypadku zaawansowanego modelu domowego, umo\u017cliwia instalacj\u0119 projektora EH-LS12000B w salonie jak r\u00f3wnie\u017c w kinach domowych.<br \/>\nU\u017cytkownicy mog\u0105 obs\u0142ugiwa\u0107 funkcje przesuni\u0119cia obiektywu za pomoc\u0105 pilota, panelu sterowania projektora lub polece\u0144 sterowania.<br \/>\nOpr\u00f3cz tego samego poziomu wyciszenia (25 dB\/wydajno\u015b\u0107 \u015bwiat\u0142a 75%) co w poprzednich modelach, redukcja poziomu szum\u00f3w wysokiej cz\u0119stotliwo\u015bci ogranicza rozpraszanie uwagi, zapewniaj\u0105c bardziej wci\u0105gaj\u0105ce wra\u017cenia.<\/p>\n<p><strong>Praktyczna funkcjonalno\u015b\u0107 i bezproblemowa \u0142\u0105czno\u015b\u0107<\/strong><br \/>\nWsparcie zwrotnych kana\u0142\u00f3w przesy\u0142ania d\u017awi\u0119ku eARC\/ARC<br \/>\nDzi\u0119ki systemowi ARC d\u017awi\u0119k mo\u017cna przesy\u0142a\u0107 za po\u015brednictwem za pomoc\u0105 kabla HDMI. Ponadto eARC obs\u0142uguje wysokiej jako\u015bci d\u017awi\u0119k3, dzi\u0119ki czemu mo\u017cna cieszy\u0107 si\u0119 w spos\u00f3b absolutnie zr\u00f3wnowa\u017cony i bezproblemowy obrazowymi i d\u017awi\u0119kowymi wra\u017ceniami.<\/p>\n<p><strong>Obs\u0142uga 4K\/120 fps<\/strong><br \/>\nZoptymalizowana obs\u0142uga dynamicznych gier<\/p>\n<p><strong>Obs\u0142uga CalMAN<\/strong><br \/>\nNiezawodna kalibracja kolor\u00f3w, kt\u00f3rej zaufali profesjonali\u015bci w dziedzinie kolor\u00f3w i filmowcy.<\/p>\n","protected":false},"excerpt":{"rendered":"<p>Ciesz si\u0119 wra\u017ceniami z ogl\u0105dania na du\u017cym ekranie we w\u0142asnym domu dzi\u0119ki laserowemu projektorowi 4K (8,3 MP), HDR10+ z technologi\u0105 3LCD firmy Epson.<\/p>\n<ul>\n<li><strong>Imponuj\u0105co ostry obraz<\/strong><br \/>\nRozdzielczo\u015b\u0107 4K (8,3 mln pikseli) i obs\u0142uga HDR10+<\/li>\n<li><strong>P\u0142ynne, dynamiczne obrazy<\/strong><br \/>\nInterpolacja klatek 4K i superrozdzielczo\u015b\u0107 4K<\/li>\n<li><strong>Wyj\u0105tkowo trwa\u0142e rozwi\u0105zanie<\/strong><br \/>\nLaserowe \u017ar\u00f3d\u0142o \u015bwiat\u0142a zapewnia rozrywk\u0119 nawet przez 10 lat1<\/li>\n<li><strong>Uk\u0142ad optyczny z silnikami<\/strong><br \/>\nZmotoryzowany zoom, regulacja ostro\u015bci i przesuni\u0119cia obiektywu<\/li>\n<li><strong>Szeroki zakres przesuni\u0119cia obiektywu<\/strong><br \/>\n\u00b196,3% w pionie i \u00b147,1% w poziomie<\/li>\n<\/ul>\n","protected":false},"featured_media":2942,"comment_status":"open","ping_status":"closed","template":"","meta":{"_bst_post_transparent":"default","_bst_post_title":"","_bst_post_layout":"default","_bst_post_sidebar_id":"","_bst_post_content_style":"default","_bst_post_vertical_padding":"default","_bst_post_feature":"","_bst_post_feature_position":"","_bst_post_header":false,"_bst_post_footer":false},"product_brand":[156],"product_cat":[137],"product_tag":[],"product_brands":[1010],"class_list":{"0":"post-2940","1":"product","2":"type-product","3":"status-publish","4":"has-post-thumbnail","6":"product_brand-epson","7":"product_cat-projektory","8":"product_brands-epson","10":"first","11":"instock","12":"taxable","13":"shipping-taxable","14":"purchasable","15":"product-type-simple","16":"entry","17":"content-bg","18":"loop-entry"},"yoast_head":"<!-- This site is optimized with the Yoast SEO plugin v27.3 - https:\/\/yoast.com\/product\/yoast-seo-wordpress\/ -->\n<title>EH-LS12000B - AVMAX - Sklep<\/title>\n<meta name=\"robots\" content=\"index, follow, max-snippet:-1, max-image-preview:large, max-video-preview:-1\" \/>\n<link rel=\"canonical\" href=\"https:\/\/avmax.pl\/sklep\/produkt\/eh-ls12000b-2\/\" \/>\n<meta property=\"og:locale\" content=\"pl_PL\" \/>\n<meta property=\"og:type\" content=\"article\" \/>\n<meta property=\"og:title\" content=\"EH-LS12000B - AVMAX - Sklep\" \/>\n<meta property=\"og:description\" content=\"Ciesz si\u0119 wra\u017ceniami z ogl\u0105dania na du\u017cym ekranie we w\u0142asnym domu dzi\u0119ki laserowemu projektorowi 4K (8,3 MP), HDR10+ z technologi\u0105 3LCD firmy Epson.   Imponuj\u0105co ostry obraz Rozdzielczo\u015b\u0107 4K (8,3 mln pikseli) i obs\u0142uga HDR10+  P\u0142ynne, dynamiczne obrazy Interpolacja klatek 4K i superrozdzielczo\u015b\u0107 4K  Wyj\u0105tkowo trwa\u0142e rozwi\u0105zanie Laserowe \u017ar\u00f3d\u0142o \u015bwiat\u0142a zapewnia rozrywk\u0119 nawet przez 10 lat1  Uk\u0142ad optyczny z silnikami Zmotoryzowany zoom, regulacja ostro\u015bci i przesuni\u0119cia obiektywu  Szeroki zakres przesuni\u0119cia obiektywu \u00b196,3% w pionie i \u00b147,1% w poziomie\" \/>\n<meta property=\"og:url\" content=\"https:\/\/avmax.pl\/sklep\/produkt\/eh-ls12000b-2\/\" \/>\n<meta property=\"og:site_name\" content=\"AVMAX - Sklep\" \/>\n<meta property=\"article:modified_time\" content=\"2026-01-12T13:44:23+00:00\" \/>\n<meta property=\"og:image\" content=\"https:\/\/avmax.pl\/sklep\/wp-content\/uploads\/2025\/12\/EH-LS12000B-1.webp\" \/>\n\t<meta property=\"og:image:width\" content=\"1000\" \/>\n\t<meta property=\"og:image:height\" content=\"1000\" \/>\n\t<meta property=\"og:image:type\" content=\"image\/webp\" \/>\n<meta name=\"twitter:card\" content=\"summary_large_image\" \/>\n<meta name=\"twitter:label1\" content=\"Szacowany czas czytania\" \/>\n\t<meta name=\"twitter:data1\" content=\"3 minuty\" \/>\n<script type=\"application\/ld+json\" class=\"yoast-schema-graph\">{\"@context\":\"https:\\\/\\\/schema.org\",\"@graph\":[{\"@type\":\"WebPage\",\"@id\":\"https:\\\/\\\/avmax.pl\\\/sklep\\\/produkt\\\/eh-ls12000b-2\\\/\",\"url\":\"https:\\\/\\\/avmax.pl\\\/sklep\\\/produkt\\\/eh-ls12000b-2\\\/\",\"name\":\"EH-LS12000B - AVMAX - Sklep\",\"isPartOf\":{\"@id\":\"https:\\\/\\\/avmax.pl\\\/sklep\\\/#website\"},\"primaryImageOfPage\":{\"@id\":\"https:\\\/\\\/avmax.pl\\\/sklep\\\/produkt\\\/eh-ls12000b-2\\\/#primaryimage\"},\"image\":{\"@id\":\"https:\\\/\\\/avmax.pl\\\/sklep\\\/produkt\\\/eh-ls12000b-2\\\/#primaryimage\"},\"thumbnailUrl\":\"https:\\\/\\\/avmax.pl\\\/sklep\\\/wp-content\\\/uploads\\\/2025\\\/12\\\/EH-LS12000B-1.webp\",\"datePublished\":\"2025-12-14T17:00:50+00:00\",\"dateModified\":\"2026-01-12T13:44:23+00:00\",\"breadcrumb\":{\"@id\":\"https:\\\/\\\/avmax.pl\\\/sklep\\\/produkt\\\/eh-ls12000b-2\\\/#breadcrumb\"},\"inLanguage\":\"pl-PL\",\"potentialAction\":[{\"@type\":\"ReadAction\",\"target\":[\"https:\\\/\\\/avmax.pl\\\/sklep\\\/produkt\\\/eh-ls12000b-2\\\/\"]}]},{\"@type\":\"ImageObject\",\"inLanguage\":\"pl-PL\",\"@id\":\"https:\\\/\\\/avmax.pl\\\/sklep\\\/produkt\\\/eh-ls12000b-2\\\/#primaryimage\",\"url\":\"https:\\\/\\\/avmax.pl\\\/sklep\\\/wp-content\\\/uploads\\\/2025\\\/12\\\/EH-LS12000B-1.webp\",\"contentUrl\":\"https:\\\/\\\/avmax.pl\\\/sklep\\\/wp-content\\\/uploads\\\/2025\\\/12\\\/EH-LS12000B-1.webp\",\"width\":1000,\"height\":1000},{\"@type\":\"BreadcrumbList\",\"@id\":\"https:\\\/\\\/avmax.pl\\\/sklep\\\/produkt\\\/eh-ls12000b-2\\\/#breadcrumb\",\"itemListElement\":[{\"@type\":\"ListItem\",\"position\":1,\"name\":\"Strona g\u0142\u00f3wna\",\"item\":\"https:\\\/\\\/avmax.pl\\\/sklep\\\/\"},{\"@type\":\"ListItem\",\"position\":2,\"name\":\"Sklep\",\"item\":\"https:\\\/\\\/avmax.pl\\\/sklep\\\/shop\\\/\"},{\"@type\":\"ListItem\",\"position\":3,\"name\":\"EH-LS12000B\"}]},{\"@type\":\"WebSite\",\"@id\":\"https:\\\/\\\/avmax.pl\\\/sklep\\\/#website\",\"url\":\"https:\\\/\\\/avmax.pl\\\/sklep\\\/\",\"name\":\"AVMAX - Sklep\",\"description\":\"\",\"publisher\":{\"@id\":\"https:\\\/\\\/avmax.pl\\\/sklep\\\/#organization\"},\"potentialAction\":[{\"@type\":\"SearchAction\",\"target\":{\"@type\":\"EntryPoint\",\"urlTemplate\":\"https:\\\/\\\/avmax.pl\\\/sklep\\\/?s={search_term_string}\"},\"query-input\":{\"@type\":\"PropertyValueSpecification\",\"valueRequired\":true,\"valueName\":\"search_term_string\"}}],\"inLanguage\":\"pl-PL\"},{\"@type\":\"Organization\",\"@id\":\"https:\\\/\\\/avmax.pl\\\/sklep\\\/#organization\",\"name\":\"AVMAX - Sklep\",\"url\":\"https:\\\/\\\/avmax.pl\\\/sklep\\\/\",\"logo\":{\"@type\":\"ImageObject\",\"inLanguage\":\"pl-PL\",\"@id\":\"https:\\\/\\\/avmax.pl\\\/sklep\\\/#\\\/schema\\\/logo\\\/image\\\/\",\"url\":\"https:\\\/\\\/avmax.pl\\\/sklep\\\/wp-content\\\/uploads\\\/2025\\\/11\\\/cropped-logo-avmax-2-3.webp\",\"contentUrl\":\"https:\\\/\\\/avmax.pl\\\/sklep\\\/wp-content\\\/uploads\\\/2025\\\/11\\\/cropped-logo-avmax-2-3.webp\",\"width\":1500,\"height\":600,\"caption\":\"AVMAX - Sklep\"},\"image\":{\"@id\":\"https:\\\/\\\/avmax.pl\\\/sklep\\\/#\\\/schema\\\/logo\\\/image\\\/\"}}]}<\/script>\n<!-- \/ Yoast SEO plugin. -->","yoast_head_json":{"title":"EH-LS12000B - AVMAX - Sklep","robots":{"index":"index","follow":"follow","max-snippet":"max-snippet:-1","max-image-preview":"max-image-preview:large","max-video-preview":"max-video-preview:-1"},"canonical":"https:\/\/avmax.pl\/sklep\/produkt\/eh-ls12000b-2\/","og_locale":"pl_PL","og_type":"article","og_title":"EH-LS12000B - AVMAX - Sklep","og_description":"Ciesz si\u0119 wra\u017ceniami z ogl\u0105dania na du\u017cym ekranie we w\u0142asnym domu dzi\u0119ki laserowemu projektorowi 4K (8,3 MP), HDR10+ z technologi\u0105 3LCD firmy Epson.   Imponuj\u0105co ostry obraz Rozdzielczo\u015b\u0107 4K (8,3 mln pikseli) i obs\u0142uga HDR10+  P\u0142ynne, dynamiczne obrazy Interpolacja klatek 4K i superrozdzielczo\u015b\u0107 4K  Wyj\u0105tkowo trwa\u0142e rozwi\u0105zanie Laserowe \u017ar\u00f3d\u0142o \u015bwiat\u0142a zapewnia rozrywk\u0119 nawet przez 10 lat1  Uk\u0142ad optyczny z silnikami Zmotoryzowany zoom, regulacja ostro\u015bci i przesuni\u0119cia obiektywu  Szeroki zakres przesuni\u0119cia obiektywu \u00b196,3% w pionie i \u00b147,1% w poziomie","og_url":"https:\/\/avmax.pl\/sklep\/produkt\/eh-ls12000b-2\/","og_site_name":"AVMAX - Sklep","article_modified_time":"2026-01-12T13:44:23+00:00","og_image":[{"width":1000,"height":1000,"url":"https:\/\/avmax.pl\/sklep\/wp-content\/uploads\/2025\/12\/EH-LS12000B-1.webp","type":"image\/webp"}],"twitter_card":"summary_large_image","twitter_misc":{"Szacowany czas czytania":"3 minuty"},"schema":{"@context":"https:\/\/schema.org","@graph":[{"@type":"WebPage","@id":"https:\/\/avmax.pl\/sklep\/produkt\/eh-ls12000b-2\/","url":"https:\/\/avmax.pl\/sklep\/produkt\/eh-ls12000b-2\/","name":"EH-LS12000B - AVMAX - Sklep","isPartOf":{"@id":"https:\/\/avmax.pl\/sklep\/#website"},"primaryImageOfPage":{"@id":"https:\/\/avmax.pl\/sklep\/produkt\/eh-ls12000b-2\/#primaryimage"},"image":{"@id":"https:\/\/avmax.pl\/sklep\/produkt\/eh-ls12000b-2\/#primaryimage"},"thumbnailUrl":"https:\/\/avmax.pl\/sklep\/wp-content\/uploads\/2025\/12\/EH-LS12000B-1.webp","datePublished":"2025-12-14T17:00:50+00:00","dateModified":"2026-01-12T13:44:23+00:00","breadcrumb":{"@id":"https:\/\/avmax.pl\/sklep\/produkt\/eh-ls12000b-2\/#breadcrumb"},"inLanguage":"pl-PL","potentialAction":[{"@type":"ReadAction","target":["https:\/\/avmax.pl\/sklep\/produkt\/eh-ls12000b-2\/"]}]},{"@type":"ImageObject","inLanguage":"pl-PL","@id":"https:\/\/avmax.pl\/sklep\/produkt\/eh-ls12000b-2\/#primaryimage","url":"https:\/\/avmax.pl\/sklep\/wp-content\/uploads\/2025\/12\/EH-LS12000B-1.webp","contentUrl":"https:\/\/avmax.pl\/sklep\/wp-content\/uploads\/2025\/12\/EH-LS12000B-1.webp","width":1000,"height":1000},{"@type":"BreadcrumbList","@id":"https:\/\/avmax.pl\/sklep\/produkt\/eh-ls12000b-2\/#breadcrumb","itemListElement":[{"@type":"ListItem","position":1,"name":"Strona g\u0142\u00f3wna","item":"https:\/\/avmax.pl\/sklep\/"},{"@type":"ListItem","position":2,"name":"Sklep","item":"https:\/\/avmax.pl\/sklep\/shop\/"},{"@type":"ListItem","position":3,"name":"EH-LS12000B"}]},{"@type":"WebSite","@id":"https:\/\/avmax.pl\/sklep\/#website","url":"https:\/\/avmax.pl\/sklep\/","name":"AVMAX - Sklep","description":"","publisher":{"@id":"https:\/\/avmax.pl\/sklep\/#organization"},"potentialAction":[{"@type":"SearchAction","target":{"@type":"EntryPoint","urlTemplate":"https:\/\/avmax.pl\/sklep\/?s={search_term_string}"},"query-input":{"@type":"PropertyValueSpecification","valueRequired":true,"valueName":"search_term_string"}}],"inLanguage":"pl-PL"},{"@type":"Organization","@id":"https:\/\/avmax.pl\/sklep\/#organization","name":"AVMAX - Sklep","url":"https:\/\/avmax.pl\/sklep\/","logo":{"@type":"ImageObject","inLanguage":"pl-PL","@id":"https:\/\/avmax.pl\/sklep\/#\/schema\/logo\/image\/","url":"https:\/\/avmax.pl\/sklep\/wp-content\/uploads\/2025\/11\/cropped-logo-avmax-2-3.webp","contentUrl":"https:\/\/avmax.pl\/sklep\/wp-content\/uploads\/2025\/11\/cropped-logo-avmax-2-3.webp","width":1500,"height":600,"caption":"AVMAX - Sklep"},"image":{"@id":"https:\/\/avmax.pl\/sklep\/#\/schema\/logo\/image\/"}}]}},"_links":{"self":[{"href":"https:\/\/avmax.pl\/sklep\/wp-json\/wp\/v2\/product\/2940","targetHints":{"allow":["GET"]}}],"collection":[{"href":"https:\/\/avmax.pl\/sklep\/wp-json\/wp\/v2\/product"}],"about":[{"href":"https:\/\/avmax.pl\/sklep\/wp-json\/wp\/v2\/types\/product"}],"replies":[{"embeddable":true,"href":"https:\/\/avmax.pl\/sklep\/wp-json\/wp\/v2\/comments?post=2940"}],"version-history":[{"count":1,"href":"https:\/\/avmax.pl\/sklep\/wp-json\/wp\/v2\/product\/2940\/revisions"}],"predecessor-version":[{"id":2941,"href":"https:\/\/avmax.pl\/sklep\/wp-json\/wp\/v2\/product\/2940\/revisions\/2941"}],"wp:featuredmedia":[{"embeddable":true,"href":"https:\/\/avmax.pl\/sklep\/wp-json\/wp\/v2\/media\/2942"}],"wp:attachment":[{"href":"https:\/\/avmax.pl\/sklep\/wp-json\/wp\/v2\/media?parent=2940"}],"wp:term":[{"taxonomy":"product_brand","embeddable":true,"href":"https:\/\/avmax.pl\/sklep\/wp-json\/wp\/v2\/product_brand?post=2940"},{"taxonomy":"product_cat","embeddable":true,"href":"https:\/\/avmax.pl\/sklep\/wp-json\/wp\/v2\/product_cat?post=2940"},{"taxonomy":"product_tag","embeddable":true,"href":"https:\/\/avmax.pl\/sklep\/wp-json\/wp\/v2\/product_tag?post=2940"},{"taxonomy":"product_brands","embeddable":true,"href":"https:\/\/avmax.pl\/sklep\/wp-json\/wp\/v2\/product_brands?post=2940"}],"curies":[{"name":"wp","href":"https:\/\/api.w.org\/{rel}","templated":true}]}}